{"id":3515773,"date":"2025-04-24T09:02:59","date_gmt":"2025-04-24T09:02:59","guid":{"rendered":"https:\/\/www.coolheadeurope.com\/prodotto\/sin%20categor\u00eda\/cfp-309\/"},"modified":"2026-04-28T08:26:05","modified_gmt":"2026-04-28T08:26:05","slug":"cfp-309","status":"publish","type":"product","link":"https:\/\/www.coolheadeurope.com\/es\/prodotto\/congeladores\/refrigeradores-horizontales-congeladores\/cfp-309\/","title":{"rendered":"CFP 309"},"content":{"rendered":"<p>Refrigerador de 300 Lt con puerta de serie<br \/>\nAcero pintado en blanco para exterior, aluminio para interior<br \/>\nRefrigeraci\u00f3n est\u00e1tica<br \/>\nDescongelaci\u00f3n manual<br \/>\nDescongelaci\u00f3n con goteo<br \/>\nEspuma en ciclopentano (70 mm de espesor en cada lado)<br \/>\nJunta extra\u00edble<br \/>\nLuz LED interior<br \/>\nTirador con cierre<br \/>\nTermostato digital<br \/>\nCestas incluidas (2 piezas)<br \/>\n4 pies ajustables<br \/>\nClase de energ\u00eda: E<\/p>\n","protected":false},"excerpt":{"rendered":"<p>Pr\u00e1ctica, fiable y duradera, esta nevera port\u00e1til de 300L de capacidad con tapa est\u00e1ndar ha sido fabricada para almacenar perfectamente botellas y latas. Equipado con sistema de refrigeraci\u00f3n est\u00e1tico, luz LED interior, termostato digital, asa con cerradura y 2 cestas, el modelo CFP 309 tambi\u00e9n est\u00e1 fabricado con gas R600a y espuma aislante de 70 mm en cada lado para garantizar un ahorro de energ\u00eda \u00f3ptimo y un rendimiento de eficiencia energ\u00e9tica de clase E.<\/p>\n","protected":false},"featured_media":3881469,"template":"","meta":[],"product_brand":[],"product_cat":[8076,7764],"product_tag":[],"class_list":{"0":"post-3515773","1":"product","2":"type-product","3":"status-publish","4":"has-post-thumbnail","6":"product_cat-refrigeradores-horizontales-congeladores","7":"product_cat-congeladores","8":"pa_capacite-commerciale-304-l","9":"pa_consommation-denergie-0-783-kw-24h","10":"pa_hauteur-exterieure-850-mm","11":"pa_hauteur-interieure-665-mm","12":"pa_largeur-exterieure-1035-mm","13":"pa_largeur-interne-890-mm","14":"pa_niveau-sonore-48-dba","15":"pa_poids-brut-48-kg","16":"pa_poids-net-44-kg","17":"pa_profondeur-externe-750-mm","18":"pa_profondeur-interne-530-mm","19":"pa_puissance-84-w","21":"first","22":"instock","23":"product-type-simple"},"acf":[],"yoast_head":"<!-- This site is optimized with the Yoast SEO plugin v27.2 - https:\/\/yoast.com\/product\/yoast-seo-wordpress\/ -->\n<title>CFP 309 - Cool Head Europe<\/title>\n<meta name=\"robots\" content=\"index, follow, max-snippet:-1, max-image-preview:large, max-video-preview:-1\" \/>\n<link rel=\"canonical\" href=\"https:\/\/www.coolheadeurope.com\/prodotto\/freezer\/frigoriferi-a-pozzetto\/cfp-309\/\" \/>\n<meta property=\"og:locale\" content=\"es_ES\" \/>\n<meta property=\"og:type\" content=\"article\" \/>\n<meta property=\"og:title\" content=\"CFP 309 - Cool Head Europe\" \/>\n<meta property=\"og:description\" content=\"Pr\u00e1ctica, fiable y duradera, esta nevera port\u00e1til de 300L de capacidad con tapa est\u00e1ndar ha sido fabricada para almacenar perfectamente botellas y latas. Equipado con sistema de refrigeraci\u00f3n est\u00e1tico, luz LED interior, termostato digital, asa con cerradura y 2 cestas, el modelo CFP 309 tambi\u00e9n est\u00e1 fabricado con gas R600a y espuma aislante de 70 mm en cada lado para garantizar un ahorro de energ\u00eda \u00f3ptimo y un rendimiento de eficiencia energ\u00e9tica de clase E.\" \/>\n<meta property=\"og:url\" content=\"https:\/\/www.coolheadeurope.com\/prodotto\/freezer\/frigoriferi-a-pozzetto\/cfp-309\/\" \/>\n<meta property=\"og:site_name\" content=\"Cool Head Europe\" \/>\n<meta property=\"article:modified_time\" content=\"2026-04-28T08:26:05+00:00\" \/>\n<meta property=\"og:image\" content=\"https:\/\/www.coolheadeurope.com\/wp-content\/uploads\/2026\/04\/CFP-309-CORPO_CH_LOW.png\" \/>\n\t<meta property=\"og:image:width\" content=\"567\" \/>\n\t<meta property=\"og:image:height\" content=\"481\" \/>\n\t<meta property=\"og:image:type\" content=\"image\/png\" \/>\n<meta name=\"twitter:card\" content=\"summary_large_image\" \/>\n<!-- \/ Yoast SEO plugin. -->","yoast_head_json":{"title":"CFP 309 - Cool Head Europe","robots":{"index":"index","follow":"follow","max-snippet":"max-snippet:-1","max-image-preview":"max-image-preview:large","max-video-preview":"max-video-preview:-1"},"canonical":"https:\/\/www.coolheadeurope.com\/prodotto\/freezer\/frigoriferi-a-pozzetto\/cfp-309\/","og_locale":"es_ES","og_type":"article","og_title":"CFP 309 - Cool Head Europe","og_description":"Pr\u00e1ctica, fiable y duradera, esta nevera port\u00e1til de 300L de capacidad con tapa est\u00e1ndar ha sido fabricada para almacenar perfectamente botellas y latas. Equipado con sistema de refrigeraci\u00f3n est\u00e1tico, luz LED interior, termostato digital, asa con cerradura y 2 cestas, el modelo CFP 309 tambi\u00e9n est\u00e1 fabricado con gas R600a y espuma aislante de 70 mm en cada lado para garantizar un ahorro de energ\u00eda \u00f3ptimo y un rendimiento de eficiencia energ\u00e9tica de clase E.","og_url":"https:\/\/www.coolheadeurope.com\/prodotto\/freezer\/frigoriferi-a-pozzetto\/cfp-309\/","og_site_name":"Cool Head Europe","article_modified_time":"2026-04-28T08:26:05+00:00","og_image":[{"width":567,"height":481,"url":"https:\/\/www.coolheadeurope.com\/wp-content\/uploads\/2026\/04\/CFP-309-CORPO_CH_LOW.png","type":"image\/png"}],"twitter_card":"summary_large_image","schema":{"@context":"https:\/\/schema.org","@graph":[{"@type":"WebPage","@id":"https:\/\/www.coolheadeurope.com\/prodotto\/freezer\/frigoriferi-a-pozzetto\/cfp-309\/","url":"https:\/\/www.coolheadeurope.com\/prodotto\/freezer\/frigoriferi-a-pozzetto\/cfp-309\/","name":"CFP 309 - Cool Head Europe","isPartOf":{"@id":"https:\/\/www.coolheadeurope.com\/#website"},"primaryImageOfPage":{"@id":"https:\/\/www.coolheadeurope.com\/prodotto\/freezer\/frigoriferi-a-pozzetto\/cfp-309\/#primaryimage"},"image":{"@id":"https:\/\/www.coolheadeurope.com\/prodotto\/freezer\/frigoriferi-a-pozzetto\/cfp-309\/#primaryimage"},"thumbnailUrl":"https:\/\/www.coolheadeurope.com\/wp-content\/uploads\/2026\/04\/CFP-309-CORPO_CH_LOW.png","datePublished":"2025-04-24T09:02:59+00:00","dateModified":"2026-04-28T08:26:05+00:00","breadcrumb":{"@id":"https:\/\/www.coolheadeurope.com\/prodotto\/freezer\/frigoriferi-a-pozzetto\/cfp-309\/#breadcrumb"},"inLanguage":"es","potentialAction":[{"@type":"ReadAction","target":["https:\/\/www.coolheadeurope.com\/prodotto\/freezer\/frigoriferi-a-pozzetto\/cfp-309\/"]}]},{"@type":"ImageObject","inLanguage":"es","@id":"https:\/\/www.coolheadeurope.com\/prodotto\/freezer\/frigoriferi-a-pozzetto\/cfp-309\/#primaryimage","url":"https:\/\/www.coolheadeurope.com\/wp-content\/uploads\/2026\/04\/CFP-309-CORPO_CH_LOW.png","contentUrl":"https:\/\/www.coolheadeurope.com\/wp-content\/uploads\/2026\/04\/CFP-309-CORPO_CH_LOW.png","width":567,"height":481,"caption":"Immagine di CFP 309"},{"@type":"BreadcrumbList","@id":"https:\/\/www.coolheadeurope.com\/prodotto\/freezer\/frigoriferi-a-pozzetto\/cfp-309\/#breadcrumb","itemListElement":[{"@type":"ListItem","position":1,"name":"Home","item":"https:\/\/www.coolheadeurope.com\/es\/"},{"@type":"ListItem","position":2,"name":"Buscar","item":"https:\/\/www.coolheadeurope.com\/es\/buscar\/"},{"@type":"ListItem","position":3,"name":"CFP 309"}]},{"@type":"WebSite","@id":"https:\/\/www.coolheadeurope.com\/#website","url":"https:\/\/www.coolheadeurope.com\/","name":"Cool Head Europe","description":"We make the world a cooler place","potentialAction":[{"@type":"SearchAction","target":{"@type":"EntryPoint","urlTemplate":"https:\/\/www.coolheadeurope.com\/?s={search_term_string}"},"query-input":{"@type":"PropertyValueSpecification","valueRequired":true,"valueName":"search_term_string"}}],"inLanguage":"es"}]}},"_links":{"self":[{"href":"https:\/\/www.coolheadeurope.com\/es\/wp-json\/wp\/v2\/product\/3515773","targetHints":{"allow":["GET"]}}],"collection":[{"href":"https:\/\/www.coolheadeurope.com\/es\/wp-json\/wp\/v2\/product"}],"about":[{"href":"https:\/\/www.coolheadeurope.com\/es\/wp-json\/wp\/v2\/types\/product"}],"wp:featuredmedia":[{"embeddable":true,"href":"https:\/\/www.coolheadeurope.com\/es\/wp-json\/wp\/v2\/media\/3881469"}],"wp:attachment":[{"href":"https:\/\/www.coolheadeurope.com\/es\/wp-json\/wp\/v2\/media?parent=3515773"}],"wp:term":[{"taxonomy":"product_brand","embeddable":true,"href":"https:\/\/www.coolheadeurope.com\/es\/wp-json\/wp\/v2\/product_brand?post=3515773"},{"taxonomy":"product_cat","embeddable":true,"href":"https:\/\/www.coolheadeurope.com\/es\/wp-json\/wp\/v2\/product_cat?post=3515773"},{"taxonomy":"product_tag","embeddable":true,"href":"https:\/\/www.coolheadeurope.com\/es\/wp-json\/wp\/v2\/product_tag?post=3515773"}],"curies":[{"name":"wp","href":"https:\/\/api.w.org\/{rel}","templated":true}]}}