{"id":3515781,"date":"2025-04-24T09:19:25","date_gmt":"2025-04-24T09:19:25","guid":{"rendered":"https:\/\/www.coolheadeurope.com\/prodotto\/sin%20categor\u00eda\/vf-2600vb\/"},"modified":"2026-02-08T04:07:49","modified_gmt":"2026-02-08T04:07:49","slug":"vf-2600vb","status":"publish","type":"product","link":"https:\/\/www.coolheadeurope.com\/es\/prodotto\/congeladores\/congeladores-horizontales\/vf-2600vb\/","title":{"rendered":"VF 2600VB"},"content":{"rendered":"<p>Modelo de doble temperatura (F\u00e1cilmente conmutable entre enfriador y congelador)<\/p>\n<p>Refrigeraci\u00f3n est\u00e1tica con ventilador de asistencia<br \/>\nSistema de descarche por gas caliente<\/p>\n<p>Compresor controlado por el inversor<br \/>\nTerm\u00f3metro digital<br \/>\nEspuma en ciclopentano (65 mm de espesor en cada lado)<br \/>\nLuz LED interior<\/p>\n<p>Parachoques gris antracita<\/p>\n<p>N.6 ruedas pivotantes est\u00e1ndar<br \/>\nClase de energ\u00eda: C<\/p>\n","protected":false},"excerpt":{"rendered":"<p>Modelo de doble temperatura (F\u00e1cilmente conmutable entre enfriador y congelador) Refrigeraci\u00f3n est\u00e1tica con ventilador de asistencia Sistema de descarche por gas caliente Compresor controlado por el inversor Term\u00f3metro digital Espuma en ciclopentano (65 mm de espesor en cada lado) Luz LED interior Parachoques gris antracita N.6 ruedas pivotantes est\u00e1ndar Clase de energ\u00eda: C<\/p>\n","protected":false},"featured_media":3708978,"template":"","meta":[],"product_brand":[],"product_cat":[7764,7766],"product_tag":[],"class_list":{"0":"post-3515781","1":"product","2":"type-product","3":"status-publish","4":"has-post-thumbnail","6":"product_cat-congeladores","7":"product_cat-congeladores-horizontales","8":"pa_capacite-commerciale-1100-l","9":"pa_consommation-denergie-5-51-kw-24h","10":"pa_hauteur-exterieure-892-mm","11":"pa_hauteur-interieure-627-mm","12":"pa_largeur-exterieure-2506-mm","13":"pa_largeur-interne-2370-mm","14":"pa_niveau-sonore-57-dba","15":"pa_poids-brut-220-kg","16":"pa_poids-net-201-kg","17":"pa_profondeur-externe-858-mm","18":"pa_profondeur-interne-720-mm","19":"pa_puissance-323-w","21":"first","22":"instock","23":"product-type-simple"},"acf":[],"yoast_head":"<!-- This site is optimized with the Yoast SEO plugin v27.2 - https:\/\/yoast.com\/product\/yoast-seo-wordpress\/ -->\n<title>VF 2600VB - Cool Head Europe<\/title>\n<meta name=\"robots\" content=\"index, follow, max-snippet:-1, max-image-preview:large, max-video-preview:-1\" \/>\n<link rel=\"canonical\" href=\"https:\/\/www.coolheadeurope.com\/es\/prodotto\/congeladores\/congeladores-horizontales\/vf-2600vb\/\" \/>\n<meta property=\"og:locale\" content=\"es_ES\" \/>\n<meta property=\"og:type\" content=\"article\" \/>\n<meta property=\"og:title\" content=\"VF 2600VB - Cool Head Europe\" \/>\n<meta property=\"og:description\" content=\"Modelo de doble temperatura (F\u00e1cilmente conmutable entre enfriador y congelador) Refrigeraci\u00f3n est\u00e1tica con ventilador de asistencia Sistema de descarche por gas caliente Compresor controlado por el inversor Term\u00f3metro digital Espuma en ciclopentano (65 mm de espesor en cada lado) Luz LED interior Parachoques gris antracita N.6 ruedas pivotantes est\u00e1ndar Clase de energ\u00eda: C\" \/>\n<meta property=\"og:url\" content=\"https:\/\/www.coolheadeurope.com\/es\/prodotto\/congeladores\/congeladores-horizontales\/vf-2600vb\/\" \/>\n<meta property=\"og:site_name\" content=\"Cool Head Europe\" \/>\n<meta property=\"article:modified_time\" content=\"2026-02-08T04:07:49+00:00\" \/>\n<meta property=\"og:image\" content=\"https:\/\/www.coolheadeurope.com\/wp-content\/uploads\/2026\/04\/VF-2600VB-CORPO_CH_LOW-16.png\" \/>\n\t<meta property=\"og:image:width\" content=\"567\" \/>\n\t<meta property=\"og:image:height\" content=\"301\" \/>\n\t<meta property=\"og:image:type\" content=\"image\/png\" \/>\n<meta name=\"twitter:card\" content=\"summary_large_image\" \/>\n<!-- \/ Yoast SEO plugin. -->","yoast_head_json":{"title":"VF 2600VB - Cool Head Europe","robots":{"index":"index","follow":"follow","max-snippet":"max-snippet:-1","max-image-preview":"max-image-preview:large","max-video-preview":"max-video-preview:-1"},"canonical":"https:\/\/www.coolheadeurope.com\/es\/prodotto\/congeladores\/congeladores-horizontales\/vf-2600vb\/","og_locale":"es_ES","og_type":"article","og_title":"VF 2600VB - Cool Head Europe","og_description":"Modelo de doble temperatura (F\u00e1cilmente conmutable entre enfriador y congelador) Refrigeraci\u00f3n est\u00e1tica con ventilador de asistencia Sistema de descarche por gas caliente Compresor controlado por el inversor Term\u00f3metro digital Espuma en ciclopentano (65 mm de espesor en cada lado) Luz LED interior Parachoques gris antracita N.6 ruedas pivotantes est\u00e1ndar Clase de energ\u00eda: C","og_url":"https:\/\/www.coolheadeurope.com\/es\/prodotto\/congeladores\/congeladores-horizontales\/vf-2600vb\/","og_site_name":"Cool Head Europe","article_modified_time":"2026-02-08T04:07:49+00:00","og_image":[{"width":567,"height":301,"url":"https:\/\/www.coolheadeurope.com\/wp-content\/uploads\/2026\/04\/VF-2600VB-CORPO_CH_LOW-16.png","type":"image\/png"}],"twitter_card":"summary_large_image","schema":{"@context":"https:\/\/schema.org","@graph":[{"@type":"WebPage","@id":"https:\/\/www.coolheadeurope.com\/es\/prodotto\/congeladores\/congeladores-horizontales\/vf-2600vb\/","url":"https:\/\/www.coolheadeurope.com\/es\/prodotto\/congeladores\/congeladores-horizontales\/vf-2600vb\/","name":"VF 2600VB - Cool Head Europe","isPartOf":{"@id":"https:\/\/www.coolheadeurope.com\/#website"},"primaryImageOfPage":{"@id":"https:\/\/www.coolheadeurope.com\/es\/prodotto\/congeladores\/congeladores-horizontales\/vf-2600vb\/#primaryimage"},"image":{"@id":"https:\/\/www.coolheadeurope.com\/es\/prodotto\/congeladores\/congeladores-horizontales\/vf-2600vb\/#primaryimage"},"thumbnailUrl":"https:\/\/www.coolheadeurope.com\/wp-content\/uploads\/2026\/04\/VF-2600VB-CORPO_CH_LOW-16.png","datePublished":"2025-04-24T09:19:25+00:00","dateModified":"2026-02-08T04:07:49+00:00","breadcrumb":{"@id":"https:\/\/www.coolheadeurope.com\/es\/prodotto\/congeladores\/congeladores-horizontales\/vf-2600vb\/#breadcrumb"},"inLanguage":"es","potentialAction":[{"@type":"ReadAction","target":["https:\/\/www.coolheadeurope.com\/es\/prodotto\/congeladores\/congeladores-horizontales\/vf-2600vb\/"]}]},{"@type":"ImageObject","inLanguage":"es","@id":"https:\/\/www.coolheadeurope.com\/es\/prodotto\/congeladores\/congeladores-horizontales\/vf-2600vb\/#primaryimage","url":"https:\/\/www.coolheadeurope.com\/wp-content\/uploads\/2026\/04\/VF-2600VB-CORPO_CH_LOW-16.png","contentUrl":"https:\/\/www.coolheadeurope.com\/wp-content\/uploads\/2026\/04\/VF-2600VB-CORPO_CH_LOW-16.png","width":567,"height":301,"caption":"Immagine di VF 2600VB"},{"@type":"BreadcrumbList","@id":"https:\/\/www.coolheadeurope.com\/es\/prodotto\/congeladores\/congeladores-horizontales\/vf-2600vb\/#breadcrumb","itemListElement":[{"@type":"ListItem","position":1,"name":"Home","item":"https:\/\/www.coolheadeurope.com\/es\/"},{"@type":"ListItem","position":2,"name":"Buscar","item":"https:\/\/www.coolheadeurope.com\/es\/buscar\/"},{"@type":"ListItem","position":3,"name":"VF 2600VB"}]},{"@type":"WebSite","@id":"https:\/\/www.coolheadeurope.com\/#website","url":"https:\/\/www.coolheadeurope.com\/","name":"Cool Head Europe","description":"We make the world a cooler place","potentialAction":[{"@type":"SearchAction","target":{"@type":"EntryPoint","urlTemplate":"https:\/\/www.coolheadeurope.com\/?s={search_term_string}"},"query-input":{"@type":"PropertyValueSpecification","valueRequired":true,"valueName":"search_term_string"}}],"inLanguage":"es"}]}},"_links":{"self":[{"href":"https:\/\/www.coolheadeurope.com\/es\/wp-json\/wp\/v2\/product\/3515781","targetHints":{"allow":["GET"]}}],"collection":[{"href":"https:\/\/www.coolheadeurope.com\/es\/wp-json\/wp\/v2\/product"}],"about":[{"href":"https:\/\/www.coolheadeurope.com\/es\/wp-json\/wp\/v2\/types\/product"}],"wp:featuredmedia":[{"embeddable":true,"href":"https:\/\/www.coolheadeurope.com\/es\/wp-json\/wp\/v2\/media\/3708978"}],"wp:attachment":[{"href":"https:\/\/www.coolheadeurope.com\/es\/wp-json\/wp\/v2\/media?parent=3515781"}],"wp:term":[{"taxonomy":"product_brand","embeddable":true,"href":"https:\/\/www.coolheadeurope.com\/es\/wp-json\/wp\/v2\/product_brand?post=3515781"},{"taxonomy":"product_cat","embeddable":true,"href":"https:\/\/www.coolheadeurope.com\/es\/wp-json\/wp\/v2\/product_cat?post=3515781"},{"taxonomy":"product_tag","embeddable":true,"href":"https:\/\/www.coolheadeurope.com\/es\/wp-json\/wp\/v2\/product_tag?post=3515781"}],"curies":[{"name":"wp","href":"https:\/\/api.w.org\/{rel}","templated":true}]}}