{"id":3515787,"date":"2025-04-24T09:33:19","date_gmt":"2025-04-24T09:33:19","guid":{"rendered":"https:\/\/www.coolheadeurope.com\/prodotto\/sin%20categor\u00eda\/mv-804b\/"},"modified":"2026-04-28T08:40:09","modified_gmt":"2026-04-28T08:40:09","slug":"mv-804b","status":"publish","type":"product","link":"https:\/\/www.coolheadeurope.com\/es\/prodotto\/vitrinas\/carne-es\/mv-804b\/","title":{"rendered":"MV 804B"},"content":{"rendered":"<p>A\u00f1ejamiento de carne panor\u00e1mico 800 Lt. (Color Negro)<br \/>\nVidrio recto con marco negro<br \/>\nPanel frontal en acero pintado de negro<br \/>\nRefrigeraci\u00f3n ventilada<br \/>\nVidrio templado de triple seguridad con Low-e (vidrio de baja emisividad)<br \/>\nSistema de descarche por gas caliente<br \/>\nSistema de evaporaci\u00f3n de agua condensada a traves de gas caliente<br \/>\nEvaporador con tratamiento anticorrosi\u00f3n<br \/>\nTermostato digital con alarma de \u00abtemperatura alta\u00bb<br \/>\nTermostato digital con funci\u00f3n Wi-Fi<br \/>\nHumedad regulable en el punto porcentual (ajustable de 50%-80%)<br \/>\nL\u00e1mpara germicida UVC<br \/>\nPuerta reversible solo bajo pedido (sin cierre autom\u00e1tico)<br \/>\nLED luz interior (Color rosa)<br \/>\nEstanter\u00edas ajustables hechas  en acero inoxidable pulido (N.2 Pcs) + N.1 barra para ganchos<br \/>\nN.6 ruedas pivotantes est\u00e1ndar<br \/>\nClase de energ\u00eda: A<\/p>\n","protected":false},"excerpt":{"rendered":"<p>A\u00f1ejamiento de carne panor\u00e1mico 800 Lt. (Color Negro) Vidrio recto con marco negro Panel frontal en acero pintado de negro Refrigeraci\u00f3n ventilada Vidrio templado de triple seguridad con Low-e (vidrio de baja emisividad) Sistema de descarche por gas caliente Sistema de evaporaci\u00f3n de agua condensada a traves de gas caliente Evaporador con tratamiento anticorrosi\u00f3n Termostato [&hellip;]<\/p>\n","protected":false},"featured_media":3881641,"template":"","meta":[],"product_brand":[],"product_cat":[7768,7772],"product_tag":[],"class_list":{"0":"post-3515787","1":"product","2":"type-product","3":"status-publish","4":"has-post-thumbnail","6":"product_cat-vitrinas","7":"product_cat-carne-es","8":"pa_capacite-commerciale-800-l","9":"pa_consommation-denergie-0-kw-24h","10":"pa_hauteur-exterieure-0-mm","11":"pa_hauteur-interieure-0-mm","12":"pa_largeur-exterieure-0-mm","13":"pa_largeur-interne-0-mm","14":"pa_niveau-sonore-55-dba","15":"pa_poids-brut-206-kg","16":"pa_poids-net-171-kg","17":"pa_profondeur-externe-0-mm","18":"pa_profondeur-interne-0-mm","19":"pa_puissance-0-w","21":"first","22":"instock","23":"product-type-simple"},"acf":[],"yoast_head":"<!-- This site is optimized with the Yoast SEO plugin v27.2 - https:\/\/yoast.com\/product\/yoast-seo-wordpress\/ -->\n<title>MV 804B - Cool Head Europe<\/title>\n<meta name=\"robots\" content=\"index, follow, max-snippet:-1, max-image-preview:large, max-video-preview:-1\" \/>\n<link rel=\"canonical\" href=\"https:\/\/www.coolheadeurope.com\/es\/prodotto\/vitrinas\/carne-es\/mv-804b\/\" \/>\n<meta property=\"og:locale\" content=\"es_ES\" \/>\n<meta property=\"og:type\" content=\"article\" \/>\n<meta property=\"og:title\" content=\"MV 804B - Cool Head Europe\" \/>\n<meta property=\"og:description\" content=\"A\u00f1ejamiento de carne panor\u00e1mico 800 Lt. (Color Negro) Vidrio recto con marco negro Panel frontal en acero pintado de negro Refrigeraci\u00f3n ventilada Vidrio templado de triple seguridad con Low-e (vidrio de baja emisividad) Sistema de descarche por gas caliente Sistema de evaporaci\u00f3n de agua condensada a traves de gas caliente Evaporador con tratamiento anticorrosi\u00f3n Termostato [&hellip;]\" \/>\n<meta property=\"og:url\" content=\"https:\/\/www.coolheadeurope.com\/es\/prodotto\/vitrinas\/carne-es\/mv-804b\/\" \/>\n<meta property=\"og:site_name\" content=\"Cool Head Europe\" \/>\n<meta property=\"article:modified_time\" content=\"2026-04-28T08:40:09+00:00\" \/>\n<meta property=\"og:image\" content=\"https:\/\/www.coolheadeurope.com\/wp-content\/uploads\/2026\/04\/MV-804B-CORPO_VS_LOW-22.png\" \/>\n\t<meta property=\"og:image:width\" content=\"446\" \/>\n\t<meta property=\"og:image:height\" content=\"567\" \/>\n\t<meta property=\"og:image:type\" content=\"image\/png\" \/>\n<meta name=\"twitter:card\" content=\"summary_large_image\" \/>\n<meta name=\"twitter:label1\" content=\"Tiempo de lectura\" \/>\n\t<meta name=\"twitter:data1\" content=\"1 minuto\" \/>\n<!-- \/ Yoast SEO plugin. -->","yoast_head_json":{"title":"MV 804B - Cool Head Europe","robots":{"index":"index","follow":"follow","max-snippet":"max-snippet:-1","max-image-preview":"max-image-preview:large","max-video-preview":"max-video-preview:-1"},"canonical":"https:\/\/www.coolheadeurope.com\/es\/prodotto\/vitrinas\/carne-es\/mv-804b\/","og_locale":"es_ES","og_type":"article","og_title":"MV 804B - Cool Head Europe","og_description":"A\u00f1ejamiento de carne panor\u00e1mico 800 Lt. (Color Negro) Vidrio recto con marco negro Panel frontal en acero pintado de negro Refrigeraci\u00f3n ventilada Vidrio templado de triple seguridad con Low-e (vidrio de baja emisividad) Sistema de descarche por gas caliente Sistema de evaporaci\u00f3n de agua condensada a traves de gas caliente Evaporador con tratamiento anticorrosi\u00f3n Termostato [&hellip;]","og_url":"https:\/\/www.coolheadeurope.com\/es\/prodotto\/vitrinas\/carne-es\/mv-804b\/","og_site_name":"Cool Head Europe","article_modified_time":"2026-04-28T08:40:09+00:00","og_image":[{"width":446,"height":567,"url":"https:\/\/www.coolheadeurope.com\/wp-content\/uploads\/2026\/04\/MV-804B-CORPO_VS_LOW-22.png","type":"image\/png"}],"twitter_card":"summary_large_image","twitter_misc":{"Tiempo de lectura":"1 minuto"},"schema":{"@context":"https:\/\/schema.org","@graph":[{"@type":"WebPage","@id":"https:\/\/www.coolheadeurope.com\/es\/prodotto\/vitrinas\/carne-es\/mv-804b\/","url":"https:\/\/www.coolheadeurope.com\/es\/prodotto\/vitrinas\/carne-es\/mv-804b\/","name":"MV 804B - Cool Head Europe","isPartOf":{"@id":"https:\/\/www.coolheadeurope.com\/#website"},"primaryImageOfPage":{"@id":"https:\/\/www.coolheadeurope.com\/es\/prodotto\/vitrinas\/carne-es\/mv-804b\/#primaryimage"},"image":{"@id":"https:\/\/www.coolheadeurope.com\/es\/prodotto\/vitrinas\/carne-es\/mv-804b\/#primaryimage"},"thumbnailUrl":"https:\/\/www.coolheadeurope.com\/wp-content\/uploads\/2026\/04\/MV-804B-CORPO_VS_LOW.png","datePublished":"2025-04-24T09:33:19+00:00","dateModified":"2026-04-28T08:40:09+00:00","breadcrumb":{"@id":"https:\/\/www.coolheadeurope.com\/es\/prodotto\/vitrinas\/carne-es\/mv-804b\/#breadcrumb"},"inLanguage":"es","potentialAction":[{"@type":"ReadAction","target":["https:\/\/www.coolheadeurope.com\/es\/prodotto\/vitrinas\/carne-es\/mv-804b\/"]}]},{"@type":"ImageObject","inLanguage":"es","@id":"https:\/\/www.coolheadeurope.com\/es\/prodotto\/vitrinas\/carne-es\/mv-804b\/#primaryimage","url":"https:\/\/www.coolheadeurope.com\/wp-content\/uploads\/2026\/04\/MV-804B-CORPO_VS_LOW.png","contentUrl":"https:\/\/www.coolheadeurope.com\/wp-content\/uploads\/2026\/04\/MV-804B-CORPO_VS_LOW.png","width":446,"height":567,"caption":"Immagine di MV 804B"},{"@type":"BreadcrumbList","@id":"https:\/\/www.coolheadeurope.com\/es\/prodotto\/vitrinas\/carne-es\/mv-804b\/#breadcrumb","itemListElement":[{"@type":"ListItem","position":1,"name":"Home","item":"https:\/\/www.coolheadeurope.com\/es\/"},{"@type":"ListItem","position":2,"name":"Buscar","item":"https:\/\/www.coolheadeurope.com\/es\/buscar\/"},{"@type":"ListItem","position":3,"name":"MV 804B"}]},{"@type":"WebSite","@id":"https:\/\/www.coolheadeurope.com\/#website","url":"https:\/\/www.coolheadeurope.com\/","name":"Cool Head Europe","description":"We make the world a cooler place","potentialAction":[{"@type":"SearchAction","target":{"@type":"EntryPoint","urlTemplate":"https:\/\/www.coolheadeurope.com\/?s={search_term_string}"},"query-input":{"@type":"PropertyValueSpecification","valueRequired":true,"valueName":"search_term_string"}}],"inLanguage":"es"}]}},"_links":{"self":[{"href":"https:\/\/www.coolheadeurope.com\/es\/wp-json\/wp\/v2\/product\/3515787","targetHints":{"allow":["GET"]}}],"collection":[{"href":"https:\/\/www.coolheadeurope.com\/es\/wp-json\/wp\/v2\/product"}],"about":[{"href":"https:\/\/www.coolheadeurope.com\/es\/wp-json\/wp\/v2\/types\/product"}],"wp:featuredmedia":[{"embeddable":true,"href":"https:\/\/www.coolheadeurope.com\/es\/wp-json\/wp\/v2\/media\/3881641"}],"wp:attachment":[{"href":"https:\/\/www.coolheadeurope.com\/es\/wp-json\/wp\/v2\/media?parent=3515787"}],"wp:term":[{"taxonomy":"product_brand","embeddable":true,"href":"https:\/\/www.coolheadeurope.com\/es\/wp-json\/wp\/v2\/product_brand?post=3515787"},{"taxonomy":"product_cat","embeddable":true,"href":"https:\/\/www.coolheadeurope.com\/es\/wp-json\/wp\/v2\/product_cat?post=3515787"},{"taxonomy":"product_tag","embeddable":true,"href":"https:\/\/www.coolheadeurope.com\/es\/wp-json\/wp\/v2\/product_tag?post=3515787"}],"curies":[{"name":"wp","href":"https:\/\/api.w.org\/{rel}","templated":true}]}}