{"id":3688589,"date":"2026-04-04T18:25:56","date_gmt":"2026-04-04T18:25:56","guid":{"rendered":"https:\/\/www.coolheadeurope.com\/prodotto\/sin%20categor\u00eda\/qr-58\/"},"modified":"2026-05-09T17:42:52","modified_gmt":"2026-05-09T17:42:52","slug":"qr-58-2","status":"publish","type":"product","link":"https:\/\/www.coolheadeurope.com\/es\/prodotto\/inox-es\/armarios-verticales\/qr-58-2\/","title":{"rendered":"QR 58"},"content":{"rendered":"<p>Armario vertical refrigerado GN1\/1 de doble puerta<br \/>\nCuerpo externo e interno en acero inoxidable<br \/>\nC\u00e1mara con marco de pl\u00e1stico aislante anticondensaci\u00f3n<br \/>\nRefrigeraci\u00f3n ventilada<br \/>\nEvaporador con tratamiento anticorrosi\u00f3n<br \/>\nSistema de descarche por gas caliente<br \/>\nEspuma en ciclopentano (70 mm de espesor )<br \/>\nPerfil curvado para limpieza f\u00e1cil<br \/>\nTermostato digital<br \/>\nInterruptor principal retroiluminado (color blanco)<br \/>\nLuz LED y cerradura de serie<br \/>\nJunta extra\u00edble<br \/>\nPuerta de cierre autom\u00e1tico y reversible<br \/>\nTirador de puerta acolchado<br \/>\nEstantes regulables GN1\/1: 6 Piezas + 2 Estante INFERIOR<br \/>\n4 pies de acero ajustables &#8211; (Ruedas con freno opcional)<br \/>\nClase de energ\u00eda: D<\/p>\n","protected":false},"excerpt":{"rendered":"<p>Armario vertical refrigerado GN1\/1 de doble puerta Cuerpo externo e interno en acero inoxidable C\u00e1mara con marco de pl\u00e1stico aislante anticondensaci\u00f3n Refrigeraci\u00f3n ventilada Evaporador con tratamiento anticorrosi\u00f3n Sistema de descarche por gas caliente Espuma en ciclopentano (70 mm de espesor ) Perfil curvado para limpieza f\u00e1cil Termostato digital Interruptor principal retroiluminado (color blanco) Luz LED [&hellip;]<\/p>\n","protected":false},"featured_media":3918751,"template":"","meta":[],"product_brand":[],"product_cat":[7757,7759],"product_tag":[],"class_list":{"0":"post-3688589","1":"product","2":"type-product","3":"status-publish","4":"has-post-thumbnail","6":"product_cat-inox-es","7":"product_cat-armarios-verticales","8":"pa_capacite-commerciale-500-l","9":"pa_consommation-denergie-1-6-kw-24h","10":"pa_hauteur-exterieure-1990-mm","11":"pa_hauteur-interieure-1476-mm","12":"pa_largeur-exterieure-940-mm","13":"pa_largeur-interne-800-mm","14":"pa_niveau-sonore-58-dba","15":"pa_poids-brut-133-00-kg","16":"pa_poids-net-121-00-kg","17":"pa_profondeur-externe-730-mm","18":"pa_profondeur-interne-561-mm","19":"pa_puissance-182-w","21":"first","22":"instock","23":"product-type-simple"},"acf":[],"yoast_head":"<!-- This site is optimized with the Yoast SEO plugin v27.2 - https:\/\/yoast.com\/product\/yoast-seo-wordpress\/ -->\n<title>QR 58 - Cool Head Europe<\/title>\n<meta name=\"robots\" content=\"index, follow, max-snippet:-1, max-image-preview:large, max-video-preview:-1\" \/>\n<link rel=\"canonical\" href=\"https:\/\/www.coolheadeurope.com\/es\/prodotto\/inox-es\/armarios-verticales\/qr-58-2\/\" \/>\n<meta property=\"og:locale\" content=\"es_ES\" \/>\n<meta property=\"og:type\" content=\"article\" \/>\n<meta property=\"og:title\" content=\"QR 58 - Cool Head Europe\" \/>\n<meta property=\"og:description\" content=\"Armario vertical refrigerado GN1\/1 de doble puerta Cuerpo externo e interno en acero inoxidable C\u00e1mara con marco de pl\u00e1stico aislante anticondensaci\u00f3n Refrigeraci\u00f3n ventilada Evaporador con tratamiento anticorrosi\u00f3n Sistema de descarche por gas caliente Espuma en ciclopentano (70 mm de espesor ) Perfil curvado para limpieza f\u00e1cil Termostato digital Interruptor principal retroiluminado (color blanco) Luz LED [&hellip;]\" \/>\n<meta property=\"og:url\" content=\"https:\/\/www.coolheadeurope.com\/es\/prodotto\/inox-es\/armarios-verticales\/qr-58-2\/\" \/>\n<meta property=\"og:site_name\" content=\"Cool Head Europe\" \/>\n<meta property=\"article:modified_time\" content=\"2026-05-09T17:42:52+00:00\" \/>\n<meta property=\"og:image\" content=\"https:\/\/www.coolheadeurope.com\/wp-content\/uploads\/2026\/04\/QR-58-CORPO_CH_LOW.png\" \/>\n\t<meta property=\"og:image:width\" content=\"377\" \/>\n\t<meta property=\"og:image:height\" content=\"567\" \/>\n\t<meta property=\"og:image:type\" content=\"image\/png\" \/>\n<meta name=\"twitter:card\" content=\"summary_large_image\" \/>\n<!-- \/ Yoast SEO plugin. -->","yoast_head_json":{"title":"QR 58 - Cool Head Europe","robots":{"index":"index","follow":"follow","max-snippet":"max-snippet:-1","max-image-preview":"max-image-preview:large","max-video-preview":"max-video-preview:-1"},"canonical":"https:\/\/www.coolheadeurope.com\/es\/prodotto\/inox-es\/armarios-verticales\/qr-58-2\/","og_locale":"es_ES","og_type":"article","og_title":"QR 58 - Cool Head Europe","og_description":"Armario vertical refrigerado GN1\/1 de doble puerta Cuerpo externo e interno en acero inoxidable C\u00e1mara con marco de pl\u00e1stico aislante anticondensaci\u00f3n Refrigeraci\u00f3n ventilada Evaporador con tratamiento anticorrosi\u00f3n Sistema de descarche por gas caliente Espuma en ciclopentano (70 mm de espesor ) Perfil curvado para limpieza f\u00e1cil Termostato digital Interruptor principal retroiluminado (color blanco) Luz LED [&hellip;]","og_url":"https:\/\/www.coolheadeurope.com\/es\/prodotto\/inox-es\/armarios-verticales\/qr-58-2\/","og_site_name":"Cool Head Europe","article_modified_time":"2026-05-09T17:42:52+00:00","og_image":[{"width":377,"height":567,"url":"https:\/\/www.coolheadeurope.com\/wp-content\/uploads\/2026\/04\/QR-58-CORPO_CH_LOW.png","type":"image\/png"}],"twitter_card":"summary_large_image","schema":{"@context":"https:\/\/schema.org","@graph":[{"@type":"WebPage","@id":"https:\/\/www.coolheadeurope.com\/es\/prodotto\/inox-es\/armarios-verticales\/qr-58-2\/","url":"https:\/\/www.coolheadeurope.com\/es\/prodotto\/inox-es\/armarios-verticales\/qr-58-2\/","name":"QR 58 - Cool Head Europe","isPartOf":{"@id":"https:\/\/www.coolheadeurope.com\/#website"},"primaryImageOfPage":{"@id":"https:\/\/www.coolheadeurope.com\/es\/prodotto\/inox-es\/armarios-verticales\/qr-58-2\/#primaryimage"},"image":{"@id":"https:\/\/www.coolheadeurope.com\/es\/prodotto\/inox-es\/armarios-verticales\/qr-58-2\/#primaryimage"},"thumbnailUrl":"https:\/\/www.coolheadeurope.com\/wp-content\/uploads\/2026\/05\/QR-58-CORPO_CH_LOW.png","datePublished":"2026-04-04T18:25:56+00:00","dateModified":"2026-05-09T17:42:52+00:00","breadcrumb":{"@id":"https:\/\/www.coolheadeurope.com\/es\/prodotto\/inox-es\/armarios-verticales\/qr-58-2\/#breadcrumb"},"inLanguage":"es","potentialAction":[{"@type":"ReadAction","target":["https:\/\/www.coolheadeurope.com\/es\/prodotto\/inox-es\/armarios-verticales\/qr-58-2\/"]}]},{"@type":"ImageObject","inLanguage":"es","@id":"https:\/\/www.coolheadeurope.com\/es\/prodotto\/inox-es\/armarios-verticales\/qr-58-2\/#primaryimage","url":"https:\/\/www.coolheadeurope.com\/wp-content\/uploads\/2026\/05\/QR-58-CORPO_CH_LOW.png","contentUrl":"https:\/\/www.coolheadeurope.com\/wp-content\/uploads\/2026\/05\/QR-58-CORPO_CH_LOW.png","width":377,"height":567,"caption":"Immagine di QR 58"},{"@type":"BreadcrumbList","@id":"https:\/\/www.coolheadeurope.com\/es\/prodotto\/inox-es\/armarios-verticales\/qr-58-2\/#breadcrumb","itemListElement":[{"@type":"ListItem","position":1,"name":"Home","item":"https:\/\/www.coolheadeurope.com\/es\/"},{"@type":"ListItem","position":2,"name":"Buscar","item":"https:\/\/www.coolheadeurope.com\/es\/buscar\/"},{"@type":"ListItem","position":3,"name":"QR 58"}]},{"@type":"WebSite","@id":"https:\/\/www.coolheadeurope.com\/#website","url":"https:\/\/www.coolheadeurope.com\/","name":"Cool Head Europe","description":"We make the world a cooler place","potentialAction":[{"@type":"SearchAction","target":{"@type":"EntryPoint","urlTemplate":"https:\/\/www.coolheadeurope.com\/?s={search_term_string}"},"query-input":{"@type":"PropertyValueSpecification","valueRequired":true,"valueName":"search_term_string"}}],"inLanguage":"es"}]}},"_links":{"self":[{"href":"https:\/\/www.coolheadeurope.com\/es\/wp-json\/wp\/v2\/product\/3688589","targetHints":{"allow":["GET"]}}],"collection":[{"href":"https:\/\/www.coolheadeurope.com\/es\/wp-json\/wp\/v2\/product"}],"about":[{"href":"https:\/\/www.coolheadeurope.com\/es\/wp-json\/wp\/v2\/types\/product"}],"wp:featuredmedia":[{"embeddable":true,"href":"https:\/\/www.coolheadeurope.com\/es\/wp-json\/wp\/v2\/media\/3918751"}],"wp:attachment":[{"href":"https:\/\/www.coolheadeurope.com\/es\/wp-json\/wp\/v2\/media?parent=3688589"}],"wp:term":[{"taxonomy":"product_brand","embeddable":true,"href":"https:\/\/www.coolheadeurope.com\/es\/wp-json\/wp\/v2\/product_brand?post=3688589"},{"taxonomy":"product_cat","embeddable":true,"href":"https:\/\/www.coolheadeurope.com\/es\/wp-json\/wp\/v2\/product_cat?post=3688589"},{"taxonomy":"product_tag","embeddable":true,"href":"https:\/\/www.coolheadeurope.com\/es\/wp-json\/wp\/v2\/product_tag?post=3688589"}],"curies":[{"name":"wp","href":"https:\/\/api.w.org\/{rel}","templated":true}]}}