{"id":3688593,"date":"2026-04-04T19:49:57","date_gmt":"2026-04-04T19:49:57","guid":{"rendered":"https:\/\/www.coolheadeurope.com\/prodotto\/sin%20categor\u00eda\/ge-800bt\/"},"modified":"2026-04-04T19:50:05","modified_gmt":"2026-04-04T19:50:05","slug":"ge-800bt","status":"publish","type":"product","link":"https:\/\/www.coolheadeurope.com\/es\/prodotto\/inox-es\/armarios-verticales\/ge-800bt\/","title":{"rendered":"GE 800BT"},"content":{"rendered":"<p>Armario congelador EURONORM<br \/>\nCuerpo externo e interno en acero inoxidable<br \/>\nRefrigeraci\u00f3n ventilada<br \/>\nEvaporador con tratamiento anticorrosi\u00f3n<br \/>\nDescongelamiento autom\u00e1tico con resistencia el\u00e9ctrica<br \/>\nEspuma en ciclopentano (60 mm de espesor en cada lado)<br \/>\nTermostato digital<br \/>\nJunta extra\u00edble<br \/>\nLuz LED y cerradura de serie<br \/>\nPuerta de cierre autom\u00e1tico y reversible<br \/>\nEstantes ajustables EURONORM 600&#215;800: 10 pcs<br \/>\nCantidad de bandejas de pasteler\u00eda: N.20 600x400mm \/ N.10 600x800mm<br \/>\nCantidad de bandejas de helado GN 1\/3 (150 mm de profundidad): 42 piezas<br \/>\nCantidad de bandejas de helado 360x165x120mm (5 Litros): 54 piezas<br \/>\n4 pies de acero ajustables &#8211; (Ruedas con freno opcional)<br \/>\nClase de energ\u00eda: E<\/p>\n","protected":false},"excerpt":{"rendered":"<p>Con un dise\u00f1o pulcro, este modelo ha sido desarrollado a partir de la necesidad de conservar y almacenar productos de panader\u00eda, pasteler\u00eda y helados. El GE 800BT est\u00e1 equipada con un controlador digital, un interruptor principal independiente, con puerta de cierre autom\u00e1tico y reversible, luces LED internas y cerradura de serie. Este modelo se suministra con 10 estantes ajustables 600&#215;800, para almacenar 42 cubetas de helado GN1\/3 (150mm &#8211; Profundidad) o 54 cubetas de helado 5L (360x165X120mm) no incluidas, y pies ajustables de altura (desde 125mm a 185mm). El alto rendimiento de este producto se consigue mediante el uso del gas ecol\u00f3gico R290, un sistema de refrigeraci\u00f3n ventilado, un evaporador con tratamiento anti-corrosi\u00f3n y una espuma aislante de 60 mm por cada lado.<\/p>\n","protected":false},"featured_media":3706293,"template":"","meta":[],"product_brand":[],"product_cat":[7759,7757],"product_tag":[],"class_list":{"0":"post-3688593","1":"product","2":"type-product","3":"status-publish","4":"has-post-thumbnail","6":"product_cat-armarios-verticales","7":"product_cat-inox-es","8":"pa_capacite-commerciale-800-l","9":"pa_consommation-denergie-11-2-kw-24h","10":"pa_hauteur-exterieure-2010-mm","11":"pa_hauteur-interieure-1396-mm","12":"pa_largeur-exterieure-740-mm","13":"pa_largeur-interne-624-mm","14":"pa_niveau-sonore-40-dba","15":"pa_poids-brut-146-kg","16":"pa_poids-net-134-kg","17":"pa_profondeur-externe-990-mm","18":"pa_profondeur-interne-860-mm","19":"pa_puissance-500-w","21":"first","22":"instock","23":"product-type-simple"},"acf":[],"yoast_head":"<!-- This site is optimized with the Yoast SEO plugin v27.2 - https:\/\/yoast.com\/product\/yoast-seo-wordpress\/ -->\n<title>GE 800BT - Cool Head Europe<\/title>\n<meta name=\"robots\" content=\"index, follow, max-snippet:-1, max-image-preview:large, max-video-preview:-1\" \/>\n<link rel=\"canonical\" href=\"http:\/\/www.coolheadeurope.com\/es\/prodotto\/inox-es\/armarios-verticales\/ge-800bt\/\" \/>\n<meta property=\"og:locale\" content=\"es_ES\" \/>\n<meta property=\"og:type\" content=\"article\" \/>\n<meta property=\"og:title\" content=\"GE 800BT - Cool Head Europe\" \/>\n<meta property=\"og:description\" content=\"Con un dise\u00f1o pulcro, este modelo ha sido desarrollado a partir de la necesidad de conservar y almacenar productos de panader\u00eda, pasteler\u00eda y helados. El GE 800BT est\u00e1 equipada con un controlador digital, un interruptor principal independiente, con puerta de cierre autom\u00e1tico y reversible, luces LED internas y cerradura de serie. Este modelo se suministra con 10 estantes ajustables 600x800, para almacenar 42 cubetas de helado GN1\/3 (150mm - Profundidad) o 54 cubetas de helado 5L (360x165X120mm) no incluidas, y pies ajustables de altura (desde 125mm a 185mm). El alto rendimiento de este producto se consigue mediante el uso del gas ecol\u00f3gico R290, un sistema de refrigeraci\u00f3n ventilado, un evaporador con tratamiento anti-corrosi\u00f3n y una espuma aislante de 60 mm por cada lado.\" \/>\n<meta property=\"og:url\" content=\"http:\/\/www.coolheadeurope.com\/es\/prodotto\/inox-es\/armarios-verticales\/ge-800bt\/\" \/>\n<meta property=\"og:site_name\" content=\"Cool Head Europe\" \/>\n<meta property=\"article:modified_time\" content=\"2026-04-04T19:50:05+00:00\" \/>\n<meta property=\"og:image\" content=\"http:\/\/www.coolheadeurope.com\/wp-content\/uploads\/2026\/04\/GE-800BT-CORPO_CH_LOW-8.png\" \/>\n\t<meta property=\"og:image:width\" content=\"326\" \/>\n\t<meta property=\"og:image:height\" content=\"567\" \/>\n\t<meta property=\"og:image:type\" content=\"image\/png\" \/>\n<meta name=\"twitter:card\" content=\"summary_large_image\" \/>\n<meta name=\"twitter:label1\" content=\"Tiempo de lectura\" \/>\n\t<meta name=\"twitter:data1\" content=\"1 minuto\" \/>\n<!-- \/ Yoast SEO plugin. -->","yoast_head_json":{"title":"GE 800BT - Cool Head Europe","robots":{"index":"index","follow":"follow","max-snippet":"max-snippet:-1","max-image-preview":"max-image-preview:large","max-video-preview":"max-video-preview:-1"},"canonical":"http:\/\/www.coolheadeurope.com\/es\/prodotto\/inox-es\/armarios-verticales\/ge-800bt\/","og_locale":"es_ES","og_type":"article","og_title":"GE 800BT - Cool Head Europe","og_description":"Con un dise\u00f1o pulcro, este modelo ha sido desarrollado a partir de la necesidad de conservar y almacenar productos de panader\u00eda, pasteler\u00eda y helados. El GE 800BT est\u00e1 equipada con un controlador digital, un interruptor principal independiente, con puerta de cierre autom\u00e1tico y reversible, luces LED internas y cerradura de serie. Este modelo se suministra con 10 estantes ajustables 600x800, para almacenar 42 cubetas de helado GN1\/3 (150mm - Profundidad) o 54 cubetas de helado 5L (360x165X120mm) no incluidas, y pies ajustables de altura (desde 125mm a 185mm). El alto rendimiento de este producto se consigue mediante el uso del gas ecol\u00f3gico R290, un sistema de refrigeraci\u00f3n ventilado, un evaporador con tratamiento anti-corrosi\u00f3n y una espuma aislante de 60 mm por cada lado.","og_url":"http:\/\/www.coolheadeurope.com\/es\/prodotto\/inox-es\/armarios-verticales\/ge-800bt\/","og_site_name":"Cool Head Europe","article_modified_time":"2026-04-04T19:50:05+00:00","og_image":[{"width":326,"height":567,"url":"http:\/\/www.coolheadeurope.com\/wp-content\/uploads\/2026\/04\/GE-800BT-CORPO_CH_LOW-8.png","type":"image\/png"}],"twitter_card":"summary_large_image","twitter_misc":{"Tiempo de lectura":"1 minuto"},"schema":{"@context":"https:\/\/schema.org","@graph":[{"@type":"WebPage","@id":"http:\/\/www.coolheadeurope.com\/es\/prodotto\/inox-es\/armarios-verticales\/ge-800bt\/","url":"http:\/\/www.coolheadeurope.com\/es\/prodotto\/inox-es\/armarios-verticales\/ge-800bt\/","name":"GE 800BT - Cool Head Europe","isPartOf":{"@id":"https:\/\/www.coolheadeurope.com\/#website"},"primaryImageOfPage":{"@id":"http:\/\/www.coolheadeurope.com\/es\/prodotto\/inox-es\/armarios-verticales\/ge-800bt\/#primaryimage"},"image":{"@id":"http:\/\/www.coolheadeurope.com\/es\/prodotto\/inox-es\/armarios-verticales\/ge-800bt\/#primaryimage"},"thumbnailUrl":"https:\/\/www.coolheadeurope.com\/wp-content\/uploads\/2026\/04\/GE-800BT-CORPO_CH_LOW-16.png","datePublished":"2026-04-04T19:49:57+00:00","dateModified":"2026-04-04T19:50:05+00:00","breadcrumb":{"@id":"http:\/\/www.coolheadeurope.com\/es\/prodotto\/inox-es\/armarios-verticales\/ge-800bt\/#breadcrumb"},"inLanguage":"es","potentialAction":[{"@type":"ReadAction","target":["http:\/\/www.coolheadeurope.com\/es\/prodotto\/inox-es\/armarios-verticales\/ge-800bt\/"]}]},{"@type":"ImageObject","inLanguage":"es","@id":"http:\/\/www.coolheadeurope.com\/es\/prodotto\/inox-es\/armarios-verticales\/ge-800bt\/#primaryimage","url":"https:\/\/www.coolheadeurope.com\/wp-content\/uploads\/2026\/04\/GE-800BT-CORPO_CH_LOW-16.png","contentUrl":"https:\/\/www.coolheadeurope.com\/wp-content\/uploads\/2026\/04\/GE-800BT-CORPO_CH_LOW-16.png","width":326,"height":567,"caption":"Immagine di GE 800BT"},{"@type":"BreadcrumbList","@id":"http:\/\/www.coolheadeurope.com\/es\/prodotto\/inox-es\/armarios-verticales\/ge-800bt\/#breadcrumb","itemListElement":[{"@type":"ListItem","position":1,"name":"Home","item":"https:\/\/www.coolheadeurope.com\/es\/"},{"@type":"ListItem","position":2,"name":"Buscar","item":"https:\/\/www.coolheadeurope.com\/es\/buscar\/"},{"@type":"ListItem","position":3,"name":"GE 800BT"}]},{"@type":"WebSite","@id":"https:\/\/www.coolheadeurope.com\/#website","url":"https:\/\/www.coolheadeurope.com\/","name":"Cool Head Europe","description":"We make the world a cooler place","potentialAction":[{"@type":"SearchAction","target":{"@type":"EntryPoint","urlTemplate":"https:\/\/www.coolheadeurope.com\/?s={search_term_string}"},"query-input":{"@type":"PropertyValueSpecification","valueRequired":true,"valueName":"search_term_string"}}],"inLanguage":"es"}]}},"_links":{"self":[{"href":"https:\/\/www.coolheadeurope.com\/es\/wp-json\/wp\/v2\/product\/3688593","targetHints":{"allow":["GET"]}}],"collection":[{"href":"https:\/\/www.coolheadeurope.com\/es\/wp-json\/wp\/v2\/product"}],"about":[{"href":"https:\/\/www.coolheadeurope.com\/es\/wp-json\/wp\/v2\/types\/product"}],"wp:featuredmedia":[{"embeddable":true,"href":"https:\/\/www.coolheadeurope.com\/es\/wp-json\/wp\/v2\/media\/3706293"}],"wp:attachment":[{"href":"https:\/\/www.coolheadeurope.com\/es\/wp-json\/wp\/v2\/media?parent=3688593"}],"wp:term":[{"taxonomy":"product_brand","embeddable":true,"href":"https:\/\/www.coolheadeurope.com\/es\/wp-json\/wp\/v2\/product_brand?post=3688593"},{"taxonomy":"product_cat","embeddable":true,"href":"https:\/\/www.coolheadeurope.com\/es\/wp-json\/wp\/v2\/product_cat?post=3688593"},{"taxonomy":"product_tag","embeddable":true,"href":"https:\/\/www.coolheadeurope.com\/es\/wp-json\/wp\/v2\/product_tag?post=3688593"}],"curies":[{"name":"wp","href":"https:\/\/api.w.org\/{rel}","templated":true}]}}