{"id":3688594,"date":"2026-04-04T20:11:08","date_gmt":"2026-04-04T20:11:08","guid":{"rendered":"https:\/\/www.coolheadeurope.com\/prodotto\/sin%20categor\u00eda\/mf-7\/"},"modified":"2026-04-04T20:11:08","modified_gmt":"2026-04-04T20:11:08","slug":"mf-7","status":"publish","type":"product","link":"https:\/\/www.coolheadeurope.com\/es\/prodotto\/inox-es\/armarios-verticales\/mf-7\/","title":{"rendered":"MF 7"},"content":{"rendered":"<p>Armario congelador GN2\/1<br \/>\nCuerpo externo e interno en acero inoxidable<br \/>\nRefrigeraci\u00f3n ventilada<br \/>\nDescongelamiento autom\u00e1tico con resistencia el\u00e9ctrica<br \/>\nEvaporador con tratamiento anticorrosi\u00f3n<br \/>\nEspuma en ciclopentano (60 mm de espesor en cada lado)<br \/>\nTermostato digital<br \/>\nAlarma de apertura de puerta<br \/>\nInterruptor principal independiente retroiluminado ( Color azul)<br \/>\nJunta extra\u00edble<br \/>\nLuz interior LED<br \/>\nCerradura de serie<br \/>\nPuerta de cierre autom\u00e1tico y reversible<br \/>\nEstantes ajustables GN2\/1: 3 + 1<br \/>\n4 pies de acero ajustables &#8211; (Ruedas con freno opcional)<br \/>\nClase de energ\u00eda: D<\/p>\n","protected":false},"excerpt":{"rendered":"<p>Armario congelador GN2\/1 Cuerpo externo e interno en acero inoxidable Refrigeraci\u00f3n ventilada Descongelamiento autom\u00e1tico con resistencia el\u00e9ctrica Evaporador con tratamiento anticorrosi\u00f3n Espuma en ciclopentano (60 mm de espesor en cada lado) Termostato digital Alarma de apertura de puerta Interruptor principal independiente retroiluminado ( Color azul) Junta extra\u00edble Luz interior LED Cerradura de serie Puerta de [&hellip;]<\/p>\n","protected":false},"featured_media":3706360,"template":"","meta":[],"product_brand":[],"product_cat":[7757,7759],"product_tag":[],"class_list":{"0":"post-3688594","1":"product","2":"type-product","3":"status-publish","4":"has-post-thumbnail","6":"product_cat-inox-es","7":"product_cat-armarios-verticales","8":"pa_capacite-commerciale-600-l","9":"pa_consommation-denergie-6-341-kw-24h","10":"pa_hauteur-exterieure-2090-mm","11":"pa_hauteur-interieure-1561-mm","12":"pa_largeur-exterieure-655-mm","13":"pa_largeur-interne-535-mm","14":"pa_niveau-sonore-62-dba","15":"pa_poids-brut-105-kg","16":"pa_poids-net-88-kg","17":"pa_profondeur-externe-840-mm","18":"pa_profondeur-interne-705-mm","19":"pa_puissance-325-w","21":"first","22":"instock","23":"product-type-simple"},"acf":[],"yoast_head":"<!-- This site is optimized with the Yoast SEO plugin v27.2 - https:\/\/yoast.com\/product\/yoast-seo-wordpress\/ -->\n<title>MF 7 - Cool Head Europe<\/title>\n<meta name=\"robots\" content=\"index, follow, max-snippet:-1, max-image-preview:large, max-video-preview:-1\" \/>\n<link rel=\"canonical\" href=\"http:\/\/www.coolheadeurope.com\/es\/prodotto\/inox-es\/armarios-verticales\/mf-7\/\" \/>\n<meta property=\"og:locale\" content=\"es_ES\" \/>\n<meta property=\"og:type\" content=\"article\" \/>\n<meta property=\"og:title\" content=\"MF 7 - Cool Head Europe\" \/>\n<meta property=\"og:description\" content=\"Armario congelador GN2\/1 Cuerpo externo e interno en acero inoxidable Refrigeraci\u00f3n ventilada Descongelamiento autom\u00e1tico con resistencia el\u00e9ctrica Evaporador con tratamiento anticorrosi\u00f3n Espuma en ciclopentano (60 mm de espesor en cada lado) Termostato digital Alarma de apertura de puerta Interruptor principal independiente retroiluminado ( Color azul) Junta extra\u00edble Luz interior LED Cerradura de serie Puerta de [&hellip;]\" \/>\n<meta property=\"og:url\" content=\"http:\/\/www.coolheadeurope.com\/es\/prodotto\/inox-es\/armarios-verticales\/mf-7\/\" \/>\n<meta property=\"og:site_name\" content=\"Cool Head Europe\" \/>\n<meta property=\"og:image\" content=\"http:\/\/www.coolheadeurope.com\/wp-content\/uploads\/2026\/04\/MF-7-CORPO_CH_LOW-8.png\" \/>\n\t<meta property=\"og:image:width\" content=\"283\" \/>\n\t<meta property=\"og:image:height\" content=\"567\" \/>\n\t<meta property=\"og:image:type\" content=\"image\/png\" \/>\n<meta name=\"twitter:card\" content=\"summary_large_image\" \/>\n<!-- \/ Yoast SEO plugin. -->","yoast_head_json":{"title":"MF 7 - Cool Head Europe","robots":{"index":"index","follow":"follow","max-snippet":"max-snippet:-1","max-image-preview":"max-image-preview:large","max-video-preview":"max-video-preview:-1"},"canonical":"http:\/\/www.coolheadeurope.com\/es\/prodotto\/inox-es\/armarios-verticales\/mf-7\/","og_locale":"es_ES","og_type":"article","og_title":"MF 7 - Cool Head Europe","og_description":"Armario congelador GN2\/1 Cuerpo externo e interno en acero inoxidable Refrigeraci\u00f3n ventilada Descongelamiento autom\u00e1tico con resistencia el\u00e9ctrica Evaporador con tratamiento anticorrosi\u00f3n Espuma en ciclopentano (60 mm de espesor en cada lado) Termostato digital Alarma de apertura de puerta Interruptor principal independiente retroiluminado ( Color azul) Junta extra\u00edble Luz interior LED Cerradura de serie Puerta de [&hellip;]","og_url":"http:\/\/www.coolheadeurope.com\/es\/prodotto\/inox-es\/armarios-verticales\/mf-7\/","og_site_name":"Cool Head Europe","og_image":[{"width":283,"height":567,"url":"http:\/\/www.coolheadeurope.com\/wp-content\/uploads\/2026\/04\/MF-7-CORPO_CH_LOW-8.png","type":"image\/png"}],"twitter_card":"summary_large_image","schema":{"@context":"https:\/\/schema.org","@graph":[{"@type":"WebPage","@id":"http:\/\/www.coolheadeurope.com\/es\/prodotto\/inox-es\/armarios-verticales\/mf-7\/","url":"http:\/\/www.coolheadeurope.com\/es\/prodotto\/inox-es\/armarios-verticales\/mf-7\/","name":"MF 7 - Cool Head Europe","isPartOf":{"@id":"https:\/\/www.coolheadeurope.com\/#website"},"primaryImageOfPage":{"@id":"http:\/\/www.coolheadeurope.com\/es\/prodotto\/inox-es\/armarios-verticales\/mf-7\/#primaryimage"},"image":{"@id":"http:\/\/www.coolheadeurope.com\/es\/prodotto\/inox-es\/armarios-verticales\/mf-7\/#primaryimage"},"thumbnailUrl":"https:\/\/www.coolheadeurope.com\/wp-content\/uploads\/2026\/04\/MF-7-CORPO_CH_LOW-16.png","datePublished":"2026-04-04T20:11:08+00:00","breadcrumb":{"@id":"http:\/\/www.coolheadeurope.com\/es\/prodotto\/inox-es\/armarios-verticales\/mf-7\/#breadcrumb"},"inLanguage":"es","potentialAction":[{"@type":"ReadAction","target":["http:\/\/www.coolheadeurope.com\/es\/prodotto\/inox-es\/armarios-verticales\/mf-7\/"]}]},{"@type":"ImageObject","inLanguage":"es","@id":"http:\/\/www.coolheadeurope.com\/es\/prodotto\/inox-es\/armarios-verticales\/mf-7\/#primaryimage","url":"https:\/\/www.coolheadeurope.com\/wp-content\/uploads\/2026\/04\/MF-7-CORPO_CH_LOW-16.png","contentUrl":"https:\/\/www.coolheadeurope.com\/wp-content\/uploads\/2026\/04\/MF-7-CORPO_CH_LOW-16.png","width":283,"height":567,"caption":"Immagine di MF 7"},{"@type":"BreadcrumbList","@id":"http:\/\/www.coolheadeurope.com\/es\/prodotto\/inox-es\/armarios-verticales\/mf-7\/#breadcrumb","itemListElement":[{"@type":"ListItem","position":1,"name":"Home","item":"https:\/\/www.coolheadeurope.com\/es\/"},{"@type":"ListItem","position":2,"name":"Buscar","item":"https:\/\/www.coolheadeurope.com\/es\/buscar\/"},{"@type":"ListItem","position":3,"name":"MF 7"}]},{"@type":"WebSite","@id":"https:\/\/www.coolheadeurope.com\/#website","url":"https:\/\/www.coolheadeurope.com\/","name":"Cool Head Europe","description":"We make the world a cooler place","potentialAction":[{"@type":"SearchAction","target":{"@type":"EntryPoint","urlTemplate":"https:\/\/www.coolheadeurope.com\/?s={search_term_string}"},"query-input":{"@type":"PropertyValueSpecification","valueRequired":true,"valueName":"search_term_string"}}],"inLanguage":"es"}]}},"_links":{"self":[{"href":"https:\/\/www.coolheadeurope.com\/es\/wp-json\/wp\/v2\/product\/3688594","targetHints":{"allow":["GET"]}}],"collection":[{"href":"https:\/\/www.coolheadeurope.com\/es\/wp-json\/wp\/v2\/product"}],"about":[{"href":"https:\/\/www.coolheadeurope.com\/es\/wp-json\/wp\/v2\/types\/product"}],"wp:featuredmedia":[{"embeddable":true,"href":"https:\/\/www.coolheadeurope.com\/es\/wp-json\/wp\/v2\/media\/3706360"}],"wp:attachment":[{"href":"https:\/\/www.coolheadeurope.com\/es\/wp-json\/wp\/v2\/media?parent=3688594"}],"wp:term":[{"taxonomy":"product_brand","embeddable":true,"href":"https:\/\/www.coolheadeurope.com\/es\/wp-json\/wp\/v2\/product_brand?post=3688594"},{"taxonomy":"product_cat","embeddable":true,"href":"https:\/\/www.coolheadeurope.com\/es\/wp-json\/wp\/v2\/product_cat?post=3688594"},{"taxonomy":"product_tag","embeddable":true,"href":"https:\/\/www.coolheadeurope.com\/es\/wp-json\/wp\/v2\/product_tag?post=3688594"}],"curies":[{"name":"wp","href":"https:\/\/api.w.org\/{rel}","templated":true}]}}