{"id":3688605,"date":"2026-04-04T22:21:19","date_gmt":"2026-04-04T22:21:19","guid":{"rendered":"https:\/\/www.coolheadeurope.com\/prodotto\/sin%20categor\u00eda\/icm-30\/"},"modified":"2026-04-04T22:21:19","modified_gmt":"2026-04-04T22:21:19","slug":"icm-30-2","status":"publish","type":"product","link":"https:\/\/www.coolheadeurope.com\/es\/prodotto\/bebidas\/fabricadores-de-hielo\/icm-30-2\/","title":{"rendered":"ICM 30"},"content":{"rendered":"<p>Fabricador de hielo comercial (30Kg en 24h)<br \/>\nCuerpo externo e interno en acero inoxidable<br \/>\nRefrigeraci\u00f3n por aire<br \/>\nSistema con filtro anti-cal<br \/>\nSistema de spray de agua<br \/>\nPanel frontal extra\u00edble (magn\u00e9tico)<br \/>\nTermostato mec\u00e1nico<br \/>\nInterruptor general separado<br \/>\nCubitos de hielo en formato \u00abGourmet\u00bb<br \/>\nCapacidad del contenedor de hielo: 6 Kg \/ 10 Lt.<br \/>\nPeso del cubo de hielo en gr: 16-18<br \/>\nN\u00famero de cubos de hielo por ciclo: 28 piezas<br \/>\nPorcentaje de agua por ciclo: 36%<br \/>\nFlujo de presi\u00f3n de agua: 2-6 bar<br \/>\n4 pies ajustables<\/p>\n","protected":false},"excerpt":{"rendered":"<p>Fabricador de hielo comercial (30Kg en 24h) Cuerpo externo e interno en acero inoxidable Refrigeraci\u00f3n por aire Sistema con filtro anti-cal Sistema de spray de agua Panel frontal extra\u00edble (magn\u00e9tico) Termostato mec\u00e1nico Interruptor general separado Cubitos de hielo en formato \u00abGourmet\u00bb Capacidad del contenedor de hielo: 6 Kg \/ 10 Lt. Peso del cubo de [&hellip;]<\/p>\n","protected":false},"featured_media":3697661,"template":"","meta":[],"product_brand":[],"product_cat":[7781,7782],"product_tag":[],"class_list":{"0":"post-3688605","1":"product","2":"type-product","3":"status-publish","4":"has-post-thumbnail","6":"product_cat-bebidas","7":"product_cat-fabricadores-de-hielo","8":"pa_capacite-commerciale-30-kg-24h","9":"pa_consommation-denergie-9-kw-24h","10":"pa_hauteur-exterieure-601-mm","11":"pa_hauteur-interieure-341-mm","12":"pa_largeur-exterieure-364-mm","13":"pa_largeur-interne-314-mm","14":"pa_niveau-sonore-59-dba","15":"pa_poids-brut-38-kg","16":"pa_poids-net-33-kg","17":"pa_profondeur-externe-495-mm","18":"pa_profondeur-interne-128-mm","19":"pa_puissance-307-w","21":"first","22":"instock","23":"product-type-simple"},"acf":[],"yoast_head":"<!-- This site is optimized with the Yoast SEO plugin v27.2 - https:\/\/yoast.com\/product\/yoast-seo-wordpress\/ -->\n<title>ICM 30 - Cool Head Europe<\/title>\n<meta name=\"robots\" content=\"index, follow, max-snippet:-1, max-image-preview:large, max-video-preview:-1\" \/>\n<link rel=\"canonical\" href=\"https:\/\/www.coolheadeurope.com\/es\/prodotto\/bebidas\/fabricadores-de-hielo\/icm-30-2\/\" \/>\n<meta property=\"og:locale\" content=\"es_ES\" \/>\n<meta property=\"og:type\" content=\"article\" \/>\n<meta property=\"og:title\" content=\"ICM 30 - Cool Head Europe\" \/>\n<meta property=\"og:description\" content=\"Fabricador de hielo comercial (30Kg en 24h) Cuerpo externo e interno en acero inoxidable Refrigeraci\u00f3n por aire Sistema con filtro anti-cal Sistema de spray de agua Panel frontal extra\u00edble (magn\u00e9tico) Termostato mec\u00e1nico Interruptor general separado Cubitos de hielo en formato \u00abGourmet\u00bb Capacidad del contenedor de hielo: 6 Kg \/ 10 Lt. Peso del cubo de [&hellip;]\" \/>\n<meta property=\"og:url\" content=\"https:\/\/www.coolheadeurope.com\/es\/prodotto\/bebidas\/fabricadores-de-hielo\/icm-30-2\/\" \/>\n<meta property=\"og:site_name\" content=\"Cool Head Europe\" \/>\n<meta property=\"og:image\" content=\"https:\/\/www.coolheadeurope.com\/wp-content\/uploads\/2026\/04\/ICM-30-CORPO_CH_LOW-8.png\" \/>\n\t<meta property=\"og:image:width\" content=\"567\" \/>\n\t<meta property=\"og:image:height\" content=\"394\" \/>\n\t<meta property=\"og:image:type\" content=\"image\/png\" \/>\n<meta name=\"twitter:card\" content=\"summary_large_image\" \/>\n<!-- \/ Yoast SEO plugin. -->","yoast_head_json":{"title":"ICM 30 - Cool Head Europe","robots":{"index":"index","follow":"follow","max-snippet":"max-snippet:-1","max-image-preview":"max-image-preview:large","max-video-preview":"max-video-preview:-1"},"canonical":"https:\/\/www.coolheadeurope.com\/es\/prodotto\/bebidas\/fabricadores-de-hielo\/icm-30-2\/","og_locale":"es_ES","og_type":"article","og_title":"ICM 30 - Cool Head Europe","og_description":"Fabricador de hielo comercial (30Kg en 24h) Cuerpo externo e interno en acero inoxidable Refrigeraci\u00f3n por aire Sistema con filtro anti-cal Sistema de spray de agua Panel frontal extra\u00edble (magn\u00e9tico) Termostato mec\u00e1nico Interruptor general separado Cubitos de hielo en formato \u00abGourmet\u00bb Capacidad del contenedor de hielo: 6 Kg \/ 10 Lt. Peso del cubo de [&hellip;]","og_url":"https:\/\/www.coolheadeurope.com\/es\/prodotto\/bebidas\/fabricadores-de-hielo\/icm-30-2\/","og_site_name":"Cool Head Europe","og_image":[{"width":567,"height":394,"url":"https:\/\/www.coolheadeurope.com\/wp-content\/uploads\/2026\/04\/ICM-30-CORPO_CH_LOW-8.png","type":"image\/png"}],"twitter_card":"summary_large_image","schema":{"@context":"https:\/\/schema.org","@graph":[{"@type":"WebPage","@id":"https:\/\/www.coolheadeurope.com\/es\/prodotto\/bebidas\/fabricadores-de-hielo\/icm-30-2\/","url":"https:\/\/www.coolheadeurope.com\/es\/prodotto\/bebidas\/fabricadores-de-hielo\/icm-30-2\/","name":"ICM 30 - Cool Head Europe","isPartOf":{"@id":"https:\/\/www.coolheadeurope.com\/#website"},"primaryImageOfPage":{"@id":"https:\/\/www.coolheadeurope.com\/es\/prodotto\/bebidas\/fabricadores-de-hielo\/icm-30-2\/#primaryimage"},"image":{"@id":"https:\/\/www.coolheadeurope.com\/es\/prodotto\/bebidas\/fabricadores-de-hielo\/icm-30-2\/#primaryimage"},"thumbnailUrl":"https:\/\/www.coolheadeurope.com\/wp-content\/uploads\/2026\/04\/ICM-30-CORPO_CH_LOW-12.png","datePublished":"2026-04-04T22:21:19+00:00","breadcrumb":{"@id":"https:\/\/www.coolheadeurope.com\/es\/prodotto\/bebidas\/fabricadores-de-hielo\/icm-30-2\/#breadcrumb"},"inLanguage":"es","potentialAction":[{"@type":"ReadAction","target":["https:\/\/www.coolheadeurope.com\/es\/prodotto\/bebidas\/fabricadores-de-hielo\/icm-30-2\/"]}]},{"@type":"ImageObject","inLanguage":"es","@id":"https:\/\/www.coolheadeurope.com\/es\/prodotto\/bebidas\/fabricadores-de-hielo\/icm-30-2\/#primaryimage","url":"https:\/\/www.coolheadeurope.com\/wp-content\/uploads\/2026\/04\/ICM-30-CORPO_CH_LOW-12.png","contentUrl":"https:\/\/www.coolheadeurope.com\/wp-content\/uploads\/2026\/04\/ICM-30-CORPO_CH_LOW-12.png","width":567,"height":394,"caption":"Immagine di ICM 30"},{"@type":"BreadcrumbList","@id":"https:\/\/www.coolheadeurope.com\/es\/prodotto\/bebidas\/fabricadores-de-hielo\/icm-30-2\/#breadcrumb","itemListElement":[{"@type":"ListItem","position":1,"name":"Home","item":"https:\/\/www.coolheadeurope.com\/es\/"},{"@type":"ListItem","position":2,"name":"Buscar","item":"https:\/\/www.coolheadeurope.com\/es\/buscar\/"},{"@type":"ListItem","position":3,"name":"ICM 30"}]},{"@type":"WebSite","@id":"https:\/\/www.coolheadeurope.com\/#website","url":"https:\/\/www.coolheadeurope.com\/","name":"Cool Head Europe","description":"We make the world a cooler place","potentialAction":[{"@type":"SearchAction","target":{"@type":"EntryPoint","urlTemplate":"https:\/\/www.coolheadeurope.com\/?s={search_term_string}"},"query-input":{"@type":"PropertyValueSpecification","valueRequired":true,"valueName":"search_term_string"}}],"inLanguage":"es"}]}},"_links":{"self":[{"href":"https:\/\/www.coolheadeurope.com\/es\/wp-json\/wp\/v2\/product\/3688605","targetHints":{"allow":["GET"]}}],"collection":[{"href":"https:\/\/www.coolheadeurope.com\/es\/wp-json\/wp\/v2\/product"}],"about":[{"href":"https:\/\/www.coolheadeurope.com\/es\/wp-json\/wp\/v2\/types\/product"}],"wp:featuredmedia":[{"embeddable":true,"href":"https:\/\/www.coolheadeurope.com\/es\/wp-json\/wp\/v2\/media\/3697661"}],"wp:attachment":[{"href":"https:\/\/www.coolheadeurope.com\/es\/wp-json\/wp\/v2\/media?parent=3688605"}],"wp:term":[{"taxonomy":"product_brand","embeddable":true,"href":"https:\/\/www.coolheadeurope.com\/es\/wp-json\/wp\/v2\/product_brand?post=3688605"},{"taxonomy":"product_cat","embeddable":true,"href":"https:\/\/www.coolheadeurope.com\/es\/wp-json\/wp\/v2\/product_cat?post=3688605"},{"taxonomy":"product_tag","embeddable":true,"href":"https:\/\/www.coolheadeurope.com\/es\/wp-json\/wp\/v2\/product_tag?post=3688605"}],"curies":[{"name":"wp","href":"https:\/\/api.w.org\/{rel}","templated":true}]}}