{"id":3870713,"date":"2026-04-21T06:47:46","date_gmt":"2026-04-21T06:47:46","guid":{"rendered":"https:\/\/www.coolheadeurope.com\/prodotto\/sin%20categor\u00eda\/bbx-385\/"},"modified":"2026-05-09T18:26:08","modified_gmt":"2026-05-09T18:26:08","slug":"bbx-385","status":"publish","type":"product","link":"https:\/\/www.coolheadeurope.com\/es\/prodotto\/bebidas\/backbar\/bbx-385\/","title":{"rendered":"BBX 385"},"content":{"rendered":"<p>Refrigeraci\u00f3n ventilada<br \/>\nDescongelamiento autom\u00e1tico tras parada del compresor<br \/>\nEspuma en ciclopentano (40 mm de espesor en cada lado)<br \/>\nTermostato digital<br \/>\nInterruptores de luz independientes para luz interior<\/p>\n<p>Doble cristal templado de seguridad con baja emisi\u00f3n (cristales de baja emisividad)<br \/>\nPuerta de cierre autom\u00e1tico<br \/>\nJunta extra\u00edble<br \/>\nManilla exterior de serie con cerradura integrada<br \/>\nLuz LED interior horizontal (con interruptor independiente)<br \/>\nEstantes ajustables: 6 Pcs<br \/>\nN. 4 pies ajustables<br \/>\nClase de energ\u00eda: E<\/p>\n","protected":false},"excerpt":{"rendered":"<p>Refrigeraci\u00f3n ventilada Descongelamiento autom\u00e1tico tras parada del compresor Espuma en ciclopentano (40 mm de espesor en cada lado) Termostato digital Interruptores de luz independientes para luz interior Doble cristal templado de seguridad con baja emisi\u00f3n (cristales de baja emisividad) Puerta de cierre autom\u00e1tico Junta extra\u00edble Manilla exterior de serie con cerradura integrada Luz LED interior [&hellip;]<\/p>\n","protected":false},"featured_media":3932232,"template":"","meta":[],"product_brand":[],"product_cat":[7781,8075],"product_tag":[],"class_list":{"0":"post-3870713","1":"product","2":"type-product","3":"status-publish","4":"has-post-thumbnail","6":"product_cat-bebidas","7":"product_cat-backbar","8":"pa_capacite-commerciale-330-l","9":"pa_consommation-denergie-2-34-kw-24h","10":"pa_hauteur-exterieure-865-mm","11":"pa_hauteur-interieure-739-mm","12":"pa_largeur-exterieure-1350-mm","13":"pa_largeur-interne-1270-mm","14":"pa_niveau-sonore-51-dba","15":"pa_poids-brut-105-kg","16":"pa_poids-net-95-kg","17":"pa_profondeur-externe-542-mm","18":"pa_profondeur-interne-359-mm","19":"pa_puissance-190-w","21":"first","22":"instock","23":"product-type-simple"},"acf":[],"yoast_head":"<!-- This site is optimized with the Yoast SEO plugin v27.2 - https:\/\/yoast.com\/product\/yoast-seo-wordpress\/ -->\n<title>BBX 385 - Cool Head Europe<\/title>\n<meta name=\"robots\" content=\"index, follow, max-snippet:-1, max-image-preview:large, max-video-preview:-1\" \/>\n<link rel=\"canonical\" href=\"https:\/\/www.coolheadeurope.com\/prodotto\/drinks\/back-bar\/bbx-385\/\" \/>\n<meta property=\"og:locale\" content=\"es_ES\" \/>\n<meta property=\"og:type\" content=\"article\" \/>\n<meta property=\"og:title\" content=\"BBX 385 - Cool Head Europe\" \/>\n<meta property=\"og:description\" content=\"Refrigeraci\u00f3n ventilada Descongelamiento autom\u00e1tico tras parada del compresor Espuma en ciclopentano (40 mm de espesor en cada lado) Termostato digital Interruptores de luz independientes para luz interior Doble cristal templado de seguridad con baja emisi\u00f3n (cristales de baja emisividad) Puerta de cierre autom\u00e1tico Junta extra\u00edble Manilla exterior de serie con cerradura integrada Luz LED interior [&hellip;]\" \/>\n<meta property=\"og:url\" content=\"https:\/\/www.coolheadeurope.com\/prodotto\/drinks\/back-bar\/bbx-385\/\" \/>\n<meta property=\"og:site_name\" content=\"Cool Head Europe\" \/>\n<meta property=\"article:modified_time\" content=\"2026-05-09T18:26:08+00:00\" \/>\n<meta property=\"og:image\" content=\"https:\/\/www.coolheadeurope.com\/wp-content\/uploads\/2026\/04\/BBX-385-CORPO_CH_LOW.png\" \/>\n\t<meta property=\"og:image:width\" content=\"536\" \/>\n\t<meta property=\"og:image:height\" content=\"582\" \/>\n\t<meta property=\"og:image:type\" content=\"image\/png\" \/>\n<meta name=\"twitter:card\" content=\"summary_large_image\" \/>\n<!-- \/ Yoast SEO plugin. -->","yoast_head_json":{"title":"BBX 385 - Cool Head Europe","robots":{"index":"index","follow":"follow","max-snippet":"max-snippet:-1","max-image-preview":"max-image-preview:large","max-video-preview":"max-video-preview:-1"},"canonical":"https:\/\/www.coolheadeurope.com\/prodotto\/drinks\/back-bar\/bbx-385\/","og_locale":"es_ES","og_type":"article","og_title":"BBX 385 - Cool Head Europe","og_description":"Refrigeraci\u00f3n ventilada Descongelamiento autom\u00e1tico tras parada del compresor Espuma en ciclopentano (40 mm de espesor en cada lado) Termostato digital Interruptores de luz independientes para luz interior Doble cristal templado de seguridad con baja emisi\u00f3n (cristales de baja emisividad) Puerta de cierre autom\u00e1tico Junta extra\u00edble Manilla exterior de serie con cerradura integrada Luz LED interior [&hellip;]","og_url":"https:\/\/www.coolheadeurope.com\/prodotto\/drinks\/back-bar\/bbx-385\/","og_site_name":"Cool Head Europe","article_modified_time":"2026-05-09T18:26:08+00:00","og_image":[{"width":536,"height":582,"url":"https:\/\/www.coolheadeurope.com\/wp-content\/uploads\/2026\/04\/BBX-385-CORPO_CH_LOW.png","type":"image\/png"}],"twitter_card":"summary_large_image","schema":{"@context":"https:\/\/schema.org","@graph":[{"@type":"WebPage","@id":"https:\/\/www.coolheadeurope.com\/prodotto\/drinks\/back-bar\/bbx-385\/","url":"https:\/\/www.coolheadeurope.com\/prodotto\/drinks\/back-bar\/bbx-385\/","name":"BBX 385 - Cool Head Europe","isPartOf":{"@id":"https:\/\/www.coolheadeurope.com\/#website"},"primaryImageOfPage":{"@id":"https:\/\/www.coolheadeurope.com\/prodotto\/drinks\/back-bar\/bbx-385\/#primaryimage"},"image":{"@id":"https:\/\/www.coolheadeurope.com\/prodotto\/drinks\/back-bar\/bbx-385\/#primaryimage"},"thumbnailUrl":"https:\/\/www.coolheadeurope.com\/wp-content\/uploads\/2026\/05\/BBX-385-CORPO_CH_LOW.png","datePublished":"2026-04-21T06:47:46+00:00","dateModified":"2026-05-09T18:26:08+00:00","breadcrumb":{"@id":"https:\/\/www.coolheadeurope.com\/prodotto\/drinks\/back-bar\/bbx-385\/#breadcrumb"},"inLanguage":"es","potentialAction":[{"@type":"ReadAction","target":["https:\/\/www.coolheadeurope.com\/prodotto\/drinks\/back-bar\/bbx-385\/"]}]},{"@type":"ImageObject","inLanguage":"es","@id":"https:\/\/www.coolheadeurope.com\/prodotto\/drinks\/back-bar\/bbx-385\/#primaryimage","url":"https:\/\/www.coolheadeurope.com\/wp-content\/uploads\/2026\/05\/BBX-385-CORPO_CH_LOW.png","contentUrl":"https:\/\/www.coolheadeurope.com\/wp-content\/uploads\/2026\/05\/BBX-385-CORPO_CH_LOW.png","width":536,"height":582,"caption":"Immagine di BBX 385"},{"@type":"BreadcrumbList","@id":"https:\/\/www.coolheadeurope.com\/prodotto\/drinks\/back-bar\/bbx-385\/#breadcrumb","itemListElement":[{"@type":"ListItem","position":1,"name":"Home","item":"https:\/\/www.coolheadeurope.com\/es\/"},{"@type":"ListItem","position":2,"name":"Buscar","item":"https:\/\/www.coolheadeurope.com\/es\/buscar\/"},{"@type":"ListItem","position":3,"name":"BBX 385"}]},{"@type":"WebSite","@id":"https:\/\/www.coolheadeurope.com\/#website","url":"https:\/\/www.coolheadeurope.com\/","name":"Cool Head Europe","description":"We make the world a cooler place","potentialAction":[{"@type":"SearchAction","target":{"@type":"EntryPoint","urlTemplate":"https:\/\/www.coolheadeurope.com\/?s={search_term_string}"},"query-input":{"@type":"PropertyValueSpecification","valueRequired":true,"valueName":"search_term_string"}}],"inLanguage":"es"}]}},"_links":{"self":[{"href":"https:\/\/www.coolheadeurope.com\/es\/wp-json\/wp\/v2\/product\/3870713","targetHints":{"allow":["GET"]}}],"collection":[{"href":"https:\/\/www.coolheadeurope.com\/es\/wp-json\/wp\/v2\/product"}],"about":[{"href":"https:\/\/www.coolheadeurope.com\/es\/wp-json\/wp\/v2\/types\/product"}],"wp:featuredmedia":[{"embeddable":true,"href":"https:\/\/www.coolheadeurope.com\/es\/wp-json\/wp\/v2\/media\/3932232"}],"wp:attachment":[{"href":"https:\/\/www.coolheadeurope.com\/es\/wp-json\/wp\/v2\/media?parent=3870713"}],"wp:term":[{"taxonomy":"product_brand","embeddable":true,"href":"https:\/\/www.coolheadeurope.com\/es\/wp-json\/wp\/v2\/product_brand?post=3870713"},{"taxonomy":"product_cat","embeddable":true,"href":"https:\/\/www.coolheadeurope.com\/es\/wp-json\/wp\/v2\/product_cat?post=3870713"},{"taxonomy":"product_tag","embeddable":true,"href":"https:\/\/www.coolheadeurope.com\/es\/wp-json\/wp\/v2\/product_tag?post=3870713"}],"curies":[{"name":"wp","href":"https:\/\/api.w.org\/{rel}","templated":true}]}}