{"id":3875984,"date":"2026-04-22T09:13:33","date_gmt":"2026-04-22T09:13:33","guid":{"rendered":"https:\/\/www.coolheadeurope.com\/prodotto\/sin%20categor\u00eda\/dc-1200b\/"},"modified":"2026-05-09T18:26:12","modified_gmt":"2026-05-09T18:26:12","slug":"dc-1200b","status":"publish","type":"product","link":"https:\/\/www.coolheadeurope.com\/es\/prodotto\/bebidas\/vitrinas-para-bebidas\/dc-1200b\/","title":{"rendered":"DC 1200B"},"content":{"rendered":"<p>Refrigerador de bebidas con exposici\u00f3n total (1200 Lt.)<br \/>\nArmario con interior y exterior en acero pintado negro<br \/>\nRefrigeraci\u00f3n ventilada<br \/>\nDescongelamiento autom\u00e1tico tras parada del compresor<br \/>\nEspuma en ciclopentano (50 mm de espesor en cada lado)<br \/>\nTermostato digital<br \/>\nLuces LED internas verticales N.3<br \/>\nInterruptor de luces de fondo independiente (color blanco)<br \/>\nVidrio de seguridad templado reforzado con perfil de aluminio<br \/>\nDoble cristal templado de seguridad con baja emisi\u00f3n (cristales de baja emisividad)<br \/>\nTirador de aluminio externo<br \/>\nPuerta de cierre autom\u00e1tico<br \/>\nCerradura de serie<br \/>\nJunta extra\u00edble<br \/>\nN.4 ruedas pivotantes est\u00e1ndar<br \/>\nEstantes ajustables: 10 Pcs<br \/>\nClase de energ\u00eda: C<\/p>\n","protected":false},"excerpt":{"rendered":"<p>Refrigerador de bebidas con exposici\u00f3n total (1200 Lt.) Armario con interior y exterior en acero pintado negro Refrigeraci\u00f3n ventilada Descongelamiento autom\u00e1tico tras parada del compresor Espuma en ciclopentano (50 mm de espesor en cada lado) Termostato digital Luces LED internas verticales N.3 Interruptor de luces de fondo independiente (color blanco) Vidrio de seguridad templado reforzado [&hellip;]<\/p>\n","protected":false},"featured_media":3932384,"template":"","meta":[],"product_brand":[],"product_cat":[7781,7785],"product_tag":[],"class_list":{"0":"post-3875984","1":"product","2":"type-product","3":"status-publish","4":"has-post-thumbnail","6":"product_cat-bebidas","7":"product_cat-vitrinas-para-bebidas","8":"pa_capacite-commerciale-1147-l","9":"pa_consommation-denergie-7-4-kw-24h","10":"pa_hauteur-exterieure-2035-mm","11":"pa_hauteur-interieure-1365-mm","12":"pa_largeur-exterieure-1350-mm","13":"pa_largeur-interne-1250-mm","14":"pa_niveau-sonore-54-dba","15":"pa_poids-brut-141-kg","16":"pa_poids-net-124-kg","17":"pa_profondeur-externe-734-mm","18":"pa_profondeur-interne-565-mm","19":"pa_puissance-500-w","21":"first","22":"instock","23":"product-type-simple"},"acf":[],"yoast_head":"<!-- This site is optimized with the Yoast SEO plugin v27.2 - https:\/\/yoast.com\/product\/yoast-seo-wordpress\/ -->\n<title>DC 1200B - Cool Head Europe<\/title>\n<meta name=\"robots\" content=\"index, follow, max-snippet:-1, max-image-preview:large, max-video-preview:-1\" \/>\n<link rel=\"canonical\" href=\"https:\/\/www.coolheadeurope.com\/prodotto\/drinks\/vetrine-bibite\/dc-1200b\/\" \/>\n<meta property=\"og:locale\" content=\"es_ES\" \/>\n<meta property=\"og:type\" content=\"article\" \/>\n<meta property=\"og:title\" content=\"DC 1200B - Cool Head Europe\" \/>\n<meta property=\"og:description\" content=\"Refrigerador de bebidas con exposici\u00f3n total (1200 Lt.) Armario con interior y exterior en acero pintado negro Refrigeraci\u00f3n ventilada Descongelamiento autom\u00e1tico tras parada del compresor Espuma en ciclopentano (50 mm de espesor en cada lado) Termostato digital Luces LED internas verticales N.3 Interruptor de luces de fondo independiente (color blanco) Vidrio de seguridad templado reforzado [&hellip;]\" \/>\n<meta property=\"og:url\" content=\"https:\/\/www.coolheadeurope.com\/prodotto\/drinks\/vetrine-bibite\/dc-1200b\/\" \/>\n<meta property=\"og:site_name\" content=\"Cool Head Europe\" \/>\n<meta property=\"article:modified_time\" content=\"2026-05-09T18:26:12+00:00\" \/>\n<meta property=\"og:image\" content=\"https:\/\/www.coolheadeurope.com\/wp-content\/uploads\/2026\/04\/DRINKS_DETTAGLI_965N.jpg\" \/>\n\t<meta property=\"og:image:width\" content=\"1102\" \/>\n\t<meta property=\"og:image:height\" content=\"601\" \/>\n\t<meta property=\"og:image:type\" content=\"image\/jpeg\" \/>\n<meta name=\"twitter:card\" content=\"summary_large_image\" \/>\n<meta name=\"twitter:label1\" content=\"Tiempo de lectura\" \/>\n\t<meta name=\"twitter:data1\" content=\"1 minuto\" \/>\n<!-- \/ Yoast SEO plugin. -->","yoast_head_json":{"title":"DC 1200B - Cool Head Europe","robots":{"index":"index","follow":"follow","max-snippet":"max-snippet:-1","max-image-preview":"max-image-preview:large","max-video-preview":"max-video-preview:-1"},"canonical":"https:\/\/www.coolheadeurope.com\/prodotto\/drinks\/vetrine-bibite\/dc-1200b\/","og_locale":"es_ES","og_type":"article","og_title":"DC 1200B - Cool Head Europe","og_description":"Refrigerador de bebidas con exposici\u00f3n total (1200 Lt.) Armario con interior y exterior en acero pintado negro Refrigeraci\u00f3n ventilada Descongelamiento autom\u00e1tico tras parada del compresor Espuma en ciclopentano (50 mm de espesor en cada lado) Termostato digital Luces LED internas verticales N.3 Interruptor de luces de fondo independiente (color blanco) Vidrio de seguridad templado reforzado [&hellip;]","og_url":"https:\/\/www.coolheadeurope.com\/prodotto\/drinks\/vetrine-bibite\/dc-1200b\/","og_site_name":"Cool Head Europe","article_modified_time":"2026-05-09T18:26:12+00:00","og_image":[{"width":1102,"height":601,"url":"https:\/\/www.coolheadeurope.com\/wp-content\/uploads\/2026\/04\/DRINKS_DETTAGLI_965N.jpg","type":"image\/jpeg"}],"twitter_card":"summary_large_image","twitter_misc":{"Tiempo de lectura":"1 minuto"},"schema":{"@context":"https:\/\/schema.org","@graph":[{"@type":"WebPage","@id":"https:\/\/www.coolheadeurope.com\/prodotto\/drinks\/vetrine-bibite\/dc-1200b\/","url":"https:\/\/www.coolheadeurope.com\/prodotto\/drinks\/vetrine-bibite\/dc-1200b\/","name":"DC 1200B - Cool Head Europe","isPartOf":{"@id":"https:\/\/www.coolheadeurope.com\/#website"},"primaryImageOfPage":{"@id":"https:\/\/www.coolheadeurope.com\/prodotto\/drinks\/vetrine-bibite\/dc-1200b\/#primaryimage"},"image":{"@id":"https:\/\/www.coolheadeurope.com\/prodotto\/drinks\/vetrine-bibite\/dc-1200b\/#primaryimage"},"thumbnailUrl":"https:\/\/www.coolheadeurope.com\/wp-content\/uploads\/2026\/05\/DC-1200B-CORPO_CH_LOW.png","datePublished":"2026-04-22T09:13:33+00:00","dateModified":"2026-05-09T18:26:12+00:00","breadcrumb":{"@id":"https:\/\/www.coolheadeurope.com\/prodotto\/drinks\/vetrine-bibite\/dc-1200b\/#breadcrumb"},"inLanguage":"es","potentialAction":[{"@type":"ReadAction","target":["https:\/\/www.coolheadeurope.com\/prodotto\/drinks\/vetrine-bibite\/dc-1200b\/"]}]},{"@type":"ImageObject","inLanguage":"es","@id":"https:\/\/www.coolheadeurope.com\/prodotto\/drinks\/vetrine-bibite\/dc-1200b\/#primaryimage","url":"https:\/\/www.coolheadeurope.com\/wp-content\/uploads\/2026\/05\/DC-1200B-CORPO_CH_LOW.png","contentUrl":"https:\/\/www.coolheadeurope.com\/wp-content\/uploads\/2026\/05\/DC-1200B-CORPO_CH_LOW.png","width":1021,"height":1470,"caption":"Immagine di DC 1200B"},{"@type":"BreadcrumbList","@id":"https:\/\/www.coolheadeurope.com\/prodotto\/drinks\/vetrine-bibite\/dc-1200b\/#breadcrumb","itemListElement":[{"@type":"ListItem","position":1,"name":"Home","item":"https:\/\/www.coolheadeurope.com\/es\/"},{"@type":"ListItem","position":2,"name":"Buscar","item":"https:\/\/www.coolheadeurope.com\/es\/buscar\/"},{"@type":"ListItem","position":3,"name":"DC 1200B"}]},{"@type":"WebSite","@id":"https:\/\/www.coolheadeurope.com\/#website","url":"https:\/\/www.coolheadeurope.com\/","name":"Cool Head Europe","description":"We make the world a cooler place","potentialAction":[{"@type":"SearchAction","target":{"@type":"EntryPoint","urlTemplate":"https:\/\/www.coolheadeurope.com\/?s={search_term_string}"},"query-input":{"@type":"PropertyValueSpecification","valueRequired":true,"valueName":"search_term_string"}}],"inLanguage":"es"}]}},"_links":{"self":[{"href":"https:\/\/www.coolheadeurope.com\/es\/wp-json\/wp\/v2\/product\/3875984","targetHints":{"allow":["GET"]}}],"collection":[{"href":"https:\/\/www.coolheadeurope.com\/es\/wp-json\/wp\/v2\/product"}],"about":[{"href":"https:\/\/www.coolheadeurope.com\/es\/wp-json\/wp\/v2\/types\/product"}],"wp:featuredmedia":[{"embeddable":true,"href":"https:\/\/www.coolheadeurope.com\/es\/wp-json\/wp\/v2\/media\/3932384"}],"wp:attachment":[{"href":"https:\/\/www.coolheadeurope.com\/es\/wp-json\/wp\/v2\/media?parent=3875984"}],"wp:term":[{"taxonomy":"product_brand","embeddable":true,"href":"https:\/\/www.coolheadeurope.com\/es\/wp-json\/wp\/v2\/product_brand?post=3875984"},{"taxonomy":"product_cat","embeddable":true,"href":"https:\/\/www.coolheadeurope.com\/es\/wp-json\/wp\/v2\/product_cat?post=3875984"},{"taxonomy":"product_tag","embeddable":true,"href":"https:\/\/www.coolheadeurope.com\/es\/wp-json\/wp\/v2\/product_tag?post=3875984"}],"curies":[{"name":"wp","href":"https:\/\/api.w.org\/{rel}","templated":true}]}}