{"id":3876000,"date":"2026-04-22T09:14:53","date_gmt":"2026-04-22T09:14:53","guid":{"rendered":"https:\/\/www.coolheadeurope.com\/prodotto\/sin%20categor\u00eda\/cng-390\/"},"modified":"2026-04-28T08:05:59","modified_gmt":"2026-04-28T08:05:59","slug":"cng-390","status":"publish","type":"product","link":"https:\/\/www.coolheadeurope.com\/es\/prodotto\/congeladores\/vitrinas-congeladoras\/cng-390\/","title":{"rendered":"CNG 390"},"content":{"rendered":"<p>Armario congelador 300 Lt.<br \/>\nExterior en chapa pintada de blanco, interior en termoformado blanco<br \/>\nRefrigeraci\u00f3n est\u00e1tica: estantes de evaporador fijos (6 estantes) con ventilador de asistencia<br \/>\nDescongelaci\u00f3n manual<br \/>\nEspuma de ciclopentano (50 mm de espesor en cada lado &#8211; libre de CFC)<br \/>\nTermostato digital<br \/>\nJunta extra\u00edble<br \/>\nPuerta climatizada con doble vidrio de seguridad templado<br \/>\nPuerta de cierre autom\u00e1tico<br \/>\nCerradura de serie y tirador externo de aluminio rectangular<br \/>\nLuz LED interna vertical (con interruptor independiente)<br \/>\n2 pies ajustables + 2 ruedas traseras<br \/>\nClase de energ\u00eda: D<\/p>\n","protected":false},"excerpt":{"rendered":"<p>Armario congelador 300 Lt. Exterior en chapa pintada de blanco, interior en termoformado blanco Refrigeraci\u00f3n est\u00e1tica: estantes de evaporador fijos (6 estantes) con ventilador de asistencia Descongelaci\u00f3n manual Espuma de ciclopentano (50 mm de espesor en cada lado &#8211; libre de CFC) Termostato digital Junta extra\u00edble Puerta climatizada con doble vidrio de seguridad templado Puerta [&hellip;]<\/p>\n","protected":false},"featured_media":3881419,"template":"","meta":[],"product_brand":[],"product_cat":[7764,7765,3511],"product_tag":[],"class_list":{"0":"post-3876000","1":"product","2":"type-product","3":"status-publish","4":"has-post-thumbnail","6":"product_cat-congeladores","7":"product_cat-vitrinas-congeladoras","8":"product_cat-freezer","9":"pa_capacite-commerciale-320-l","10":"pa_consommation-denergie-9-35-kw-24h","11":"pa_hauteur-exterieure-1859-mm","12":"pa_hauteur-interieure-1550-mm","13":"pa_largeur-exterieure-595-mm","14":"pa_largeur-interne-465-mm","15":"pa_niveau-sonore-45-dba","16":"pa_poids-brut-102-kg","17":"pa_poids-net-84-kg","18":"pa_profondeur-externe-638-mm","19":"pa_profondeur-interne-445-mm","20":"pa_puissance-620-w","22":"first","23":"instock","24":"product-type-simple"},"acf":[],"yoast_head":"<!-- This site is optimized with the Yoast SEO plugin v27.2 - https:\/\/yoast.com\/product\/yoast-seo-wordpress\/ -->\n<title>CNG 390 - Cool Head Europe<\/title>\n<meta name=\"robots\" content=\"index, follow, max-snippet:-1, max-image-preview:large, max-video-preview:-1\" \/>\n<link rel=\"canonical\" href=\"https:\/\/www.coolheadeurope.com\/prodotto\/freezer\/freezer-verticali\/cng-390\/\" \/>\n<meta property=\"og:locale\" content=\"es_ES\" \/>\n<meta property=\"og:type\" content=\"article\" \/>\n<meta property=\"og:title\" content=\"CNG 390 - Cool Head Europe\" \/>\n<meta property=\"og:description\" content=\"Armario congelador 300 Lt. Exterior en chapa pintada de blanco, interior en termoformado blanco Refrigeraci\u00f3n est\u00e1tica: estantes de evaporador fijos (6 estantes) con ventilador de asistencia Descongelaci\u00f3n manual Espuma de ciclopentano (50 mm de espesor en cada lado &#8211; libre de CFC) Termostato digital Junta extra\u00edble Puerta climatizada con doble vidrio de seguridad templado Puerta [&hellip;]\" \/>\n<meta property=\"og:url\" content=\"https:\/\/www.coolheadeurope.com\/prodotto\/freezer\/freezer-verticali\/cng-390\/\" \/>\n<meta property=\"og:site_name\" content=\"Cool Head Europe\" \/>\n<meta property=\"article:modified_time\" content=\"2026-04-28T08:05:59+00:00\" \/>\n<meta property=\"og:image\" content=\"https:\/\/www.coolheadeurope.com\/wp-content\/uploads\/2026\/04\/CNG-390-CORPO_CH_LOW.png\" \/>\n\t<meta property=\"og:image:width\" content=\"747\" \/>\n\t<meta property=\"og:image:height\" content=\"1233\" \/>\n\t<meta property=\"og:image:type\" content=\"image\/png\" \/>\n<meta name=\"twitter:card\" content=\"summary_large_image\" \/>\n<!-- \/ Yoast SEO plugin. -->","yoast_head_json":{"title":"CNG 390 - Cool Head Europe","robots":{"index":"index","follow":"follow","max-snippet":"max-snippet:-1","max-image-preview":"max-image-preview:large","max-video-preview":"max-video-preview:-1"},"canonical":"https:\/\/www.coolheadeurope.com\/prodotto\/freezer\/freezer-verticali\/cng-390\/","og_locale":"es_ES","og_type":"article","og_title":"CNG 390 - Cool Head Europe","og_description":"Armario congelador 300 Lt. Exterior en chapa pintada de blanco, interior en termoformado blanco Refrigeraci\u00f3n est\u00e1tica: estantes de evaporador fijos (6 estantes) con ventilador de asistencia Descongelaci\u00f3n manual Espuma de ciclopentano (50 mm de espesor en cada lado &#8211; libre de CFC) Termostato digital Junta extra\u00edble Puerta climatizada con doble vidrio de seguridad templado Puerta [&hellip;]","og_url":"https:\/\/www.coolheadeurope.com\/prodotto\/freezer\/freezer-verticali\/cng-390\/","og_site_name":"Cool Head Europe","article_modified_time":"2026-04-28T08:05:59+00:00","og_image":[{"width":747,"height":1233,"url":"https:\/\/www.coolheadeurope.com\/wp-content\/uploads\/2026\/04\/CNG-390-CORPO_CH_LOW.png","type":"image\/png"}],"twitter_card":"summary_large_image","schema":{"@context":"https:\/\/schema.org","@graph":[{"@type":"WebPage","@id":"https:\/\/www.coolheadeurope.com\/prodotto\/freezer\/freezer-verticali\/cng-390\/","url":"https:\/\/www.coolheadeurope.com\/prodotto\/freezer\/freezer-verticali\/cng-390\/","name":"CNG 390 - Cool Head Europe","isPartOf":{"@id":"https:\/\/www.coolheadeurope.com\/#website"},"primaryImageOfPage":{"@id":"https:\/\/www.coolheadeurope.com\/prodotto\/freezer\/freezer-verticali\/cng-390\/#primaryimage"},"image":{"@id":"https:\/\/www.coolheadeurope.com\/prodotto\/freezer\/freezer-verticali\/cng-390\/#primaryimage"},"thumbnailUrl":"https:\/\/www.coolheadeurope.com\/wp-content\/uploads\/2026\/04\/CNG-390-CORPO_CH_LOW.png","datePublished":"2026-04-22T09:14:53+00:00","dateModified":"2026-04-28T08:05:59+00:00","breadcrumb":{"@id":"https:\/\/www.coolheadeurope.com\/prodotto\/freezer\/freezer-verticali\/cng-390\/#breadcrumb"},"inLanguage":"es","potentialAction":[{"@type":"ReadAction","target":["https:\/\/www.coolheadeurope.com\/prodotto\/freezer\/freezer-verticali\/cng-390\/"]}]},{"@type":"ImageObject","inLanguage":"es","@id":"https:\/\/www.coolheadeurope.com\/prodotto\/freezer\/freezer-verticali\/cng-390\/#primaryimage","url":"https:\/\/www.coolheadeurope.com\/wp-content\/uploads\/2026\/04\/CNG-390-CORPO_CH_LOW.png","contentUrl":"https:\/\/www.coolheadeurope.com\/wp-content\/uploads\/2026\/04\/CNG-390-CORPO_CH_LOW.png","width":747,"height":1233,"caption":"Immagine di CNG 390"},{"@type":"BreadcrumbList","@id":"https:\/\/www.coolheadeurope.com\/prodotto\/freezer\/freezer-verticali\/cng-390\/#breadcrumb","itemListElement":[{"@type":"ListItem","position":1,"name":"Home","item":"https:\/\/www.coolheadeurope.com\/es\/"},{"@type":"ListItem","position":2,"name":"Buscar","item":"https:\/\/www.coolheadeurope.com\/es\/buscar\/"},{"@type":"ListItem","position":3,"name":"CNG 390"}]},{"@type":"WebSite","@id":"https:\/\/www.coolheadeurope.com\/#website","url":"https:\/\/www.coolheadeurope.com\/","name":"Cool Head Europe","description":"We make the world a cooler place","potentialAction":[{"@type":"SearchAction","target":{"@type":"EntryPoint","urlTemplate":"https:\/\/www.coolheadeurope.com\/?s={search_term_string}"},"query-input":{"@type":"PropertyValueSpecification","valueRequired":true,"valueName":"search_term_string"}}],"inLanguage":"es"}]}},"_links":{"self":[{"href":"https:\/\/www.coolheadeurope.com\/es\/wp-json\/wp\/v2\/product\/3876000","targetHints":{"allow":["GET"]}}],"collection":[{"href":"https:\/\/www.coolheadeurope.com\/es\/wp-json\/wp\/v2\/product"}],"about":[{"href":"https:\/\/www.coolheadeurope.com\/es\/wp-json\/wp\/v2\/types\/product"}],"wp:featuredmedia":[{"embeddable":true,"href":"https:\/\/www.coolheadeurope.com\/es\/wp-json\/wp\/v2\/media\/3881419"}],"wp:attachment":[{"href":"https:\/\/www.coolheadeurope.com\/es\/wp-json\/wp\/v2\/media?parent=3876000"}],"wp:term":[{"taxonomy":"product_brand","embeddable":true,"href":"https:\/\/www.coolheadeurope.com\/es\/wp-json\/wp\/v2\/product_brand?post=3876000"},{"taxonomy":"product_cat","embeddable":true,"href":"https:\/\/www.coolheadeurope.com\/es\/wp-json\/wp\/v2\/product_cat?post=3876000"},{"taxonomy":"product_tag","embeddable":true,"href":"https:\/\/www.coolheadeurope.com\/es\/wp-json\/wp\/v2\/product_tag?post=3876000"}],"curies":[{"name":"wp","href":"https:\/\/api.w.org\/{rel}","templated":true}]}}