{"id":3881723,"date":"2026-04-28T08:36:16","date_gmt":"2026-04-28T08:36:16","guid":{"rendered":"https:\/\/www.coolheadeurope.com\/prodotto\/sin%20categor\u00eda\/vbg-3b\/"},"modified":"2026-04-28T08:36:22","modified_gmt":"2026-04-28T08:36:22","slug":"vbg-3b","status":"publish","type":"product","link":"https:\/\/www.coolheadeurope.com\/es\/prodotto\/vitrinas\/helado\/vbg-3b\/","title":{"rendered":"VBG 3B"},"content":{"rendered":"<p>Acero revestido de negro en el exterior y blanco en el interior<br \/>\nEspuma en ciclopentano (60 mm de espesor )<br \/>\nRefrigeraci\u00f3n est\u00e1tica<br \/>\nDescongelaci\u00f3n manual<br \/>\nTermostato digital<br \/>\nLuz LED interior<br \/>\nInterruptor general separado y Interruptores de luz independientes para luz interior<\/p>\n<p>Puerta climatizada con doble vidrio de seguridad templado<br \/>\nPuerta negra \u00absin marco\u00bb con cristal templado de seguridad<br \/>\nCantidad de bandejas de helado 360x165x120mm (5 Litros): 3 piezas<br \/>\nFiltro de condensador f\u00e1cilmente extra\u00edble<br \/>\nN. 4 pies ajustables<br \/>\nClase de energ\u00eda: B<\/p>\n","protected":false},"excerpt":{"rendered":"<p>Acero revestido de negro en el exterior y blanco en el interior Espuma en ciclopentano (60 mm de espesor ) Refrigeraci\u00f3n est\u00e1tica Descongelaci\u00f3n manual Termostato digital Luz LED interior Interruptor general separado y Interruptores de luz independientes para luz interior Puerta climatizada con doble vidrio de seguridad templado Puerta negra \u00absin marco\u00bb con cristal templado [&hellip;]<\/p>\n","protected":false},"featured_media":3881571,"template":"","meta":[],"product_brand":[],"product_cat":[7768,7770],"product_tag":[],"class_list":{"0":"post-3881723","1":"product","2":"type-product","3":"status-publish","4":"has-post-thumbnail","6":"product_cat-vitrinas","7":"product_cat-helado","8":"pa_capacite-commerciale-78-l","9":"pa_consommation-denergie-3-2-kw-24h","10":"pa_hauteur-exterieure-392-mm","11":"pa_hauteur-interieure-210-mm","12":"pa_largeur-exterieure-670-mm","13":"pa_largeur-interne-550-mm","14":"pa_niveau-sonore-43-dba","15":"pa_poids-brut-56-kg","16":"pa_poids-net-35-kg","17":"pa_profondeur-externe-750-mm","18":"pa_profondeur-interne-415-mm","19":"pa_puissance-230-w","21":"first","22":"instock","23":"product-type-simple"},"acf":[],"yoast_head":"<!-- This site is optimized with the Yoast SEO plugin v27.2 - https:\/\/yoast.com\/product\/yoast-seo-wordpress\/ -->\n<title>VBG 3B - Cool Head Europe<\/title>\n<meta name=\"robots\" content=\"index, follow, max-snippet:-1, max-image-preview:large, max-video-preview:-1\" \/>\n<link rel=\"canonical\" href=\"https:\/\/www.coolheadeurope.com\/prodotto\/vetrine\/gelato-vetrine\/vbg-3b\/\" \/>\n<meta property=\"og:locale\" content=\"es_ES\" \/>\n<meta property=\"og:type\" content=\"article\" \/>\n<meta property=\"og:title\" content=\"VBG 3B - Cool Head Europe\" \/>\n<meta property=\"og:description\" content=\"Acero revestido de negro en el exterior y blanco en el interior Espuma en ciclopentano (60 mm de espesor ) Refrigeraci\u00f3n est\u00e1tica Descongelaci\u00f3n manual Termostato digital Luz LED interior Interruptor general separado y Interruptores de luz independientes para luz interior Puerta climatizada con doble vidrio de seguridad templado Puerta negra \u00absin marco\u00bb con cristal templado [&hellip;]\" \/>\n<meta property=\"og:url\" content=\"https:\/\/www.coolheadeurope.com\/prodotto\/vetrine\/gelato-vetrine\/vbg-3b\/\" \/>\n<meta property=\"og:site_name\" content=\"Cool Head Europe\" \/>\n<meta property=\"article:modified_time\" content=\"2026-04-28T08:36:22+00:00\" \/>\n<meta property=\"og:image\" content=\"https:\/\/www.coolheadeurope.com\/wp-content\/uploads\/2026\/04\/SHOWCASES_DETTAGLI_023.jpg\" \/>\n\t<meta property=\"og:image:width\" content=\"633\" \/>\n\t<meta property=\"og:image:height\" content=\"465\" \/>\n\t<meta property=\"og:image:type\" content=\"image\/jpeg\" \/>\n<meta name=\"twitter:card\" content=\"summary_large_image\" \/>\n<!-- \/ Yoast SEO plugin. -->","yoast_head_json":{"title":"VBG 3B - Cool Head Europe","robots":{"index":"index","follow":"follow","max-snippet":"max-snippet:-1","max-image-preview":"max-image-preview:large","max-video-preview":"max-video-preview:-1"},"canonical":"https:\/\/www.coolheadeurope.com\/prodotto\/vetrine\/gelato-vetrine\/vbg-3b\/","og_locale":"es_ES","og_type":"article","og_title":"VBG 3B - Cool Head Europe","og_description":"Acero revestido de negro en el exterior y blanco en el interior Espuma en ciclopentano (60 mm de espesor ) Refrigeraci\u00f3n est\u00e1tica Descongelaci\u00f3n manual Termostato digital Luz LED interior Interruptor general separado y Interruptores de luz independientes para luz interior Puerta climatizada con doble vidrio de seguridad templado Puerta negra \u00absin marco\u00bb con cristal templado [&hellip;]","og_url":"https:\/\/www.coolheadeurope.com\/prodotto\/vetrine\/gelato-vetrine\/vbg-3b\/","og_site_name":"Cool Head Europe","article_modified_time":"2026-04-28T08:36:22+00:00","og_image":[{"width":633,"height":465,"url":"https:\/\/www.coolheadeurope.com\/wp-content\/uploads\/2026\/04\/SHOWCASES_DETTAGLI_023.jpg","type":"image\/jpeg"}],"twitter_card":"summary_large_image","schema":{"@context":"https:\/\/schema.org","@graph":[{"@type":"WebPage","@id":"https:\/\/www.coolheadeurope.com\/prodotto\/vetrine\/gelato-vetrine\/vbg-3b\/","url":"https:\/\/www.coolheadeurope.com\/prodotto\/vetrine\/gelato-vetrine\/vbg-3b\/","name":"VBG 3B - Cool Head Europe","isPartOf":{"@id":"https:\/\/www.coolheadeurope.com\/#website"},"primaryImageOfPage":{"@id":"https:\/\/www.coolheadeurope.com\/prodotto\/vetrine\/gelato-vetrine\/vbg-3b\/#primaryimage"},"image":{"@id":"https:\/\/www.coolheadeurope.com\/prodotto\/vetrine\/gelato-vetrine\/vbg-3b\/#primaryimage"},"thumbnailUrl":"https:\/\/www.coolheadeurope.com\/wp-content\/uploads\/2026\/04\/SHOWCASES_DETTAGLI_023.jpg","datePublished":"2026-04-28T08:36:16+00:00","dateModified":"2026-04-28T08:36:22+00:00","breadcrumb":{"@id":"https:\/\/www.coolheadeurope.com\/prodotto\/vetrine\/gelato-vetrine\/vbg-3b\/#breadcrumb"},"inLanguage":"es","potentialAction":[{"@type":"ReadAction","target":["https:\/\/www.coolheadeurope.com\/prodotto\/vetrine\/gelato-vetrine\/vbg-3b\/"]}]},{"@type":"ImageObject","inLanguage":"es","@id":"https:\/\/www.coolheadeurope.com\/prodotto\/vetrine\/gelato-vetrine\/vbg-3b\/#primaryimage","url":"https:\/\/www.coolheadeurope.com\/wp-content\/uploads\/2026\/04\/SHOWCASES_DETTAGLI_023.jpg","contentUrl":"https:\/\/www.coolheadeurope.com\/wp-content\/uploads\/2026\/04\/SHOWCASES_DETTAGLI_023.jpg","width":633,"height":465,"caption":"Interruttore generale"},{"@type":"BreadcrumbList","@id":"https:\/\/www.coolheadeurope.com\/prodotto\/vetrine\/gelato-vetrine\/vbg-3b\/#breadcrumb","itemListElement":[{"@type":"ListItem","position":1,"name":"Home","item":"https:\/\/www.coolheadeurope.com\/es\/"},{"@type":"ListItem","position":2,"name":"Buscar","item":"https:\/\/www.coolheadeurope.com\/es\/buscar\/"},{"@type":"ListItem","position":3,"name":"VBG 3B"}]},{"@type":"WebSite","@id":"https:\/\/www.coolheadeurope.com\/#website","url":"https:\/\/www.coolheadeurope.com\/","name":"Cool Head Europe","description":"We make the world a cooler place","potentialAction":[{"@type":"SearchAction","target":{"@type":"EntryPoint","urlTemplate":"https:\/\/www.coolheadeurope.com\/?s={search_term_string}"},"query-input":{"@type":"PropertyValueSpecification","valueRequired":true,"valueName":"search_term_string"}}],"inLanguage":"es"}]}},"_links":{"self":[{"href":"https:\/\/www.coolheadeurope.com\/es\/wp-json\/wp\/v2\/product\/3881723","targetHints":{"allow":["GET"]}}],"collection":[{"href":"https:\/\/www.coolheadeurope.com\/es\/wp-json\/wp\/v2\/product"}],"about":[{"href":"https:\/\/www.coolheadeurope.com\/es\/wp-json\/wp\/v2\/types\/product"}],"wp:featuredmedia":[{"embeddable":true,"href":"https:\/\/www.coolheadeurope.com\/es\/wp-json\/wp\/v2\/media\/3881571"}],"wp:attachment":[{"href":"https:\/\/www.coolheadeurope.com\/es\/wp-json\/wp\/v2\/media?parent=3881723"}],"wp:term":[{"taxonomy":"product_brand","embeddable":true,"href":"https:\/\/www.coolheadeurope.com\/es\/wp-json\/wp\/v2\/product_brand?post=3881723"},{"taxonomy":"product_cat","embeddable":true,"href":"https:\/\/www.coolheadeurope.com\/es\/wp-json\/wp\/v2\/product_cat?post=3881723"},{"taxonomy":"product_tag","embeddable":true,"href":"https:\/\/www.coolheadeurope.com\/es\/wp-json\/wp\/v2\/product_tag?post=3881723"}],"curies":[{"name":"wp","href":"https:\/\/api.w.org\/{rel}","templated":true}]}}