{"id":3889093,"date":"2026-05-05T18:43:23","date_gmt":"2026-05-05T18:43:23","guid":{"rendered":"https:\/\/www.coolheadeurope.com\/prodotto\/sin%20categor\u00eda\/wmp-150h\/"},"modified":"2026-05-09T18:47:13","modified_gmt":"2026-05-09T18:47:13","slug":"wmp-150h","status":"publish","type":"product","link":"https:\/\/www.coolheadeurope.com\/es\/prodotto\/expositores\/murales-refrigerados\/wmp-150h\/","title":{"rendered":"WMP 150H"},"content":{"rendered":"<p>Refrigeraci\u00f3n ventilada<br \/>\nDescongelamiento autom\u00e1tico tras parada del compresor<br \/>\nTermostato digital con alarma de \u00abtemperatura alta\u00bb<br \/>\nZona de exposici\u00f3n en acero inoxidable<br \/>\nEstantes ajustables de acero inoxidable cepillado (N.3 Piezas)<br \/>\nEstantes apoyados sobre m\u00e9nsula regulable<br \/>\nVidrio de seguridad doble templado<\/p>\n<p>Paredes laterales panor\u00e1micas<br \/>\nLED luz interior (con interruptor independiente)<br \/>\nTanque aislado con espumado a base de agua<br \/>\n4 pies ajustables<br \/>\nClase de energ\u00eda: B<\/p>\n","protected":false},"excerpt":{"rendered":"<p>Refrigeraci\u00f3n ventilada Descongelamiento autom\u00e1tico tras parada del compresor Termostato digital con alarma de \u00abtemperatura alta\u00bb Zona de exposici\u00f3n en acero inoxidable Estantes ajustables de acero inoxidable cepillado (N.3 Piezas) Estantes apoyados sobre m\u00e9nsula regulable Vidrio de seguridad doble templado Paredes laterales panor\u00e1micas LED luz interior (con interruptor independiente) Tanque aislado con espumado a base de [&hellip;]<\/p>\n","protected":false},"featured_media":2461343,"template":"","meta":[],"product_brand":[],"product_cat":[7775,7780],"product_tag":[],"class_list":{"0":"post-3889093","1":"product","2":"type-product","3":"status-publish","4":"has-post-thumbnail","6":"product_cat-expositores","7":"product_cat-murales-refrigerados","8":"pa_capacite-commerciale-551-l","9":"pa_consommation-denergie-4-77-kw-24h","10":"pa_hauteur-exterieure-2000-mm","11":"pa_hauteur-interieure-1340-mm","12":"pa_largeur-exterieure-1500-mm","13":"pa_largeur-interne-1420-mm","14":"pa_niveau-sonore-69-dba","15":"pa_poids-brut-172-kg","16":"pa_poids-net-133-kg","17":"pa_profondeur-externe-570-mm","18":"pa_profondeur-interne-380-mm","19":"pa_puissance-845-w","21":"first","22":"instock","23":"product-type-simple"},"acf":[],"yoast_head":"<!-- This site is optimized with the Yoast SEO plugin v27.2 - https:\/\/yoast.com\/product\/yoast-seo-wordpress\/ -->\n<title>WMP 150H - Cool Head Europe<\/title>\n<meta name=\"robots\" content=\"index, follow, max-snippet:-1, max-image-preview:large, max-video-preview:-1\" \/>\n<link rel=\"canonical\" href=\"https:\/\/www.coolheadeurope.com\/prodotto\/display\/murali\/wmp-150h\/\" \/>\n<meta property=\"og:locale\" content=\"es_ES\" \/>\n<meta property=\"og:type\" content=\"article\" \/>\n<meta property=\"og:title\" content=\"WMP 150H - Cool Head Europe\" \/>\n<meta property=\"og:description\" content=\"Refrigeraci\u00f3n ventilada Descongelamiento autom\u00e1tico tras parada del compresor Termostato digital con alarma de \u00abtemperatura alta\u00bb Zona de exposici\u00f3n en acero inoxidable Estantes ajustables de acero inoxidable cepillado (N.3 Piezas) Estantes apoyados sobre m\u00e9nsula regulable Vidrio de seguridad doble templado Paredes laterales panor\u00e1micas LED luz interior (con interruptor independiente) Tanque aislado con espumado a base de [&hellip;]\" \/>\n<meta property=\"og:url\" content=\"https:\/\/www.coolheadeurope.com\/prodotto\/display\/murali\/wmp-150h\/\" \/>\n<meta property=\"og:site_name\" content=\"Cool Head Europe\" \/>\n<meta property=\"article:modified_time\" content=\"2026-05-09T18:47:13+00:00\" \/>\n<meta property=\"og:image\" content=\"https:\/\/www.coolheadeurope.com\/wp-content\/uploads\/2024\/05\/DISPLAY_DETTAGLI_279N.jpg\" \/>\n\t<meta property=\"og:image:width\" content=\"598\" \/>\n\t<meta property=\"og:image:height\" content=\"442\" \/>\n\t<meta property=\"og:image:type\" content=\"image\/jpeg\" \/>\n<meta name=\"twitter:card\" content=\"summary_large_image\" \/>\n<!-- \/ Yoast SEO plugin. -->","yoast_head_json":{"title":"WMP 150H - Cool Head Europe","robots":{"index":"index","follow":"follow","max-snippet":"max-snippet:-1","max-image-preview":"max-image-preview:large","max-video-preview":"max-video-preview:-1"},"canonical":"https:\/\/www.coolheadeurope.com\/prodotto\/display\/murali\/wmp-150h\/","og_locale":"es_ES","og_type":"article","og_title":"WMP 150H - Cool Head Europe","og_description":"Refrigeraci\u00f3n ventilada Descongelamiento autom\u00e1tico tras parada del compresor Termostato digital con alarma de \u00abtemperatura alta\u00bb Zona de exposici\u00f3n en acero inoxidable Estantes ajustables de acero inoxidable cepillado (N.3 Piezas) Estantes apoyados sobre m\u00e9nsula regulable Vidrio de seguridad doble templado Paredes laterales panor\u00e1micas LED luz interior (con interruptor independiente) Tanque aislado con espumado a base de [&hellip;]","og_url":"https:\/\/www.coolheadeurope.com\/prodotto\/display\/murali\/wmp-150h\/","og_site_name":"Cool Head Europe","article_modified_time":"2026-05-09T18:47:13+00:00","og_image":[{"width":598,"height":442,"url":"https:\/\/www.coolheadeurope.com\/wp-content\/uploads\/2024\/05\/DISPLAY_DETTAGLI_279N.jpg","type":"image\/jpeg"}],"twitter_card":"summary_large_image","schema":{"@context":"https:\/\/schema.org","@graph":[{"@type":"WebPage","@id":"https:\/\/www.coolheadeurope.com\/prodotto\/display\/murali\/wmp-150h\/","url":"https:\/\/www.coolheadeurope.com\/prodotto\/display\/murali\/wmp-150h\/","name":"WMP 150H - Cool Head Europe","isPartOf":{"@id":"https:\/\/www.coolheadeurope.com\/#website"},"primaryImageOfPage":{"@id":"https:\/\/www.coolheadeurope.com\/prodotto\/display\/murali\/wmp-150h\/#primaryimage"},"image":{"@id":"https:\/\/www.coolheadeurope.com\/prodotto\/display\/murali\/wmp-150h\/#primaryimage"},"thumbnailUrl":"https:\/\/www.coolheadeurope.com\/wp-content\/uploads\/2024\/05\/DISPLAY_DETTAGLI_279N.jpg","datePublished":"2026-05-05T18:43:23+00:00","dateModified":"2026-05-09T18:47:13+00:00","breadcrumb":{"@id":"https:\/\/www.coolheadeurope.com\/prodotto\/display\/murali\/wmp-150h\/#breadcrumb"},"inLanguage":"es","potentialAction":[{"@type":"ReadAction","target":["https:\/\/www.coolheadeurope.com\/prodotto\/display\/murali\/wmp-150h\/"]}]},{"@type":"ImageObject","inLanguage":"es","@id":"https:\/\/www.coolheadeurope.com\/prodotto\/display\/murali\/wmp-150h\/#primaryimage","url":"https:\/\/www.coolheadeurope.com\/wp-content\/uploads\/2024\/05\/DISPLAY_DETTAGLI_279N.jpg","contentUrl":"https:\/\/www.coolheadeurope.com\/wp-content\/uploads\/2024\/05\/DISPLAY_DETTAGLI_279N.jpg","width":598,"height":442,"caption":"Image de WMP 150H"},{"@type":"BreadcrumbList","@id":"https:\/\/www.coolheadeurope.com\/prodotto\/display\/murali\/wmp-150h\/#breadcrumb","itemListElement":[{"@type":"ListItem","position":1,"name":"Home","item":"https:\/\/www.coolheadeurope.com\/es\/"},{"@type":"ListItem","position":2,"name":"Buscar","item":"https:\/\/www.coolheadeurope.com\/es\/buscar\/"},{"@type":"ListItem","position":3,"name":"WMP 150H"}]},{"@type":"WebSite","@id":"https:\/\/www.coolheadeurope.com\/#website","url":"https:\/\/www.coolheadeurope.com\/","name":"Cool Head Europe","description":"We make the world a cooler place","potentialAction":[{"@type":"SearchAction","target":{"@type":"EntryPoint","urlTemplate":"https:\/\/www.coolheadeurope.com\/?s={search_term_string}"},"query-input":{"@type":"PropertyValueSpecification","valueRequired":true,"valueName":"search_term_string"}}],"inLanguage":"es"}]}},"_links":{"self":[{"href":"https:\/\/www.coolheadeurope.com\/es\/wp-json\/wp\/v2\/product\/3889093","targetHints":{"allow":["GET"]}}],"collection":[{"href":"https:\/\/www.coolheadeurope.com\/es\/wp-json\/wp\/v2\/product"}],"about":[{"href":"https:\/\/www.coolheadeurope.com\/es\/wp-json\/wp\/v2\/types\/product"}],"wp:featuredmedia":[{"embeddable":true,"href":"https:\/\/www.coolheadeurope.com\/es\/wp-json\/wp\/v2\/media\/2461343"}],"wp:attachment":[{"href":"https:\/\/www.coolheadeurope.com\/es\/wp-json\/wp\/v2\/media?parent=3889093"}],"wp:term":[{"taxonomy":"product_brand","embeddable":true,"href":"https:\/\/www.coolheadeurope.com\/es\/wp-json\/wp\/v2\/product_brand?post=3889093"},{"taxonomy":"product_cat","embeddable":true,"href":"https:\/\/www.coolheadeurope.com\/es\/wp-json\/wp\/v2\/product_cat?post=3889093"},{"taxonomy":"product_tag","embeddable":true,"href":"https:\/\/www.coolheadeurope.com\/es\/wp-json\/wp\/v2\/product_tag?post=3889093"}],"curies":[{"name":"wp","href":"https:\/\/api.w.org\/{rel}","templated":true}]}}