{"id":2941266,"date":"2024-10-04T13:52:23","date_gmt":"2024-10-04T13:52:23","guid":{"rendered":"https:\/\/www.coolheadeurope.com\/?page_id=2941266"},"modified":"2024-11-26T07:05:44","modified_gmt":"2024-11-26T07:05:44","slug":"informations-sur-les-cookies","status":"publish","type":"page","link":"https:\/\/www.coolheadeurope.com\/fr\/informations-sur-les-cookies\/","title":{"rendered":"INFORMATIONS SUR LES COOKIES"},"content":{"rendered":"\t\t<div data-elementor-type=\"wp-page\" data-elementor-id=\"2941266\" class=\"elementor elementor-2941266 elementor-57938\" data-elementor-post-type=\"page\">\n\t\t\t\t\t\t<section class=\"elementor-section elementor-top-section elementor-element elementor-element-8931d67 elementor-section-boxed elementor-section-height-default elementor-section-height-default\" data-id=\"8931d67\" data-element_type=\"section\" data-e-type=\"section\">\n\t\t\t\t\t\t<div class=\"elementor-container elementor-column-gap-default\">\n\t\t\t\t\t<div class=\"elementor-column elementor-col-100 elementor-top-column elementor-element elementor-element-228edcc\" data-id=\"228edcc\" data-element_type=\"column\" data-e-type=\"column\">\n\t\t\t<div class=\"elementor-widget-wrap elementor-element-populated\">\n\t\t\t\t\t\t<div class=\"elementor-element elementor-element-522df7f elementor-widget elementor-widget-heading\" data-id=\"522df7f\" data-element_type=\"widget\" data-e-type=\"widget\" data-widget_type=\"heading.default\">\n\t\t\t\t<div class=\"elementor-widget-container\">\n\t\t\t\t\t<h2 class=\"elementor-heading-title elementor-size-default\">Informations sur les cookies<\/h2>\t\t\t\t<\/div>\n\t\t\t\t<\/div>\n\t\t\t\t<div class=\"elementor-element elementor-element-5194edd elementor-widget elementor-widget-text-editor\" data-id=\"5194edd\" data-element_type=\"widget\" data-e-type=\"widget\" data-widget_type=\"text-editor.default\">\n\t\t\t\t<div class=\"elementor-widget-container\">\n\t\t\t\t\t\t\t\t\t<p class=\"p1\"><b>Qu&rsquo;est-ce qu&rsquo;un cookie et \u00e0 quoi sert-il?<\/b><\/p>\n<p class=\"p2\">En informatique, les cookies HTTP (plus commun\u00e9ment appel\u00e9s cookies Web, cookies de suivi ou simplement cookies) sont des lignes de texte utilis\u00e9es pour effectuer l&rsquo;authentification automatique, le suivi de session et le stockage d&rsquo;informations sp\u00e9cifiques sur les utilisateurs acc\u00e9dant au serveur, telles que les sites web pr\u00e9f\u00e9r\u00e9s ou, dans le cas des achats sur Internet, le contenu de leurs \u00ab\u00a0paniers d&rsquo;achat\u00a0\u00bb. En termes pratiques et non sp\u00e9cialis\u00e9s, un cookie est un petit fichier, stock\u00e9 sur l&rsquo;ordinateur par les sites web pendant la navigation, qui est utilis\u00e9 pour enregistrer les pr\u00e9f\u00e9rences et am\u00e9liorer les performances des sites web. Cela permet d&rsquo;optimiser l&rsquo;exp\u00e9rience de navigation de l&rsquo;utilisateur. (Wikipedia)<\/p>\n<p class=\"p3\"><b>Utilisation de cookies<\/b><\/p>\n<p class=\"p2\">Le site utilise des cookies pour rendre ses services simples et efficaces pour les utilisateurs qui consultent les pages du site.<\/p>\n<p class=\"p2\">Les utilisateurs qui consultent le site verront des quantit\u00e9s minimes d&rsquo;informations ins\u00e9r\u00e9es dans les appareils utilis\u00e9s, qu&rsquo;il s&rsquo;agisse d&rsquo;ordinateurs ou d&rsquo;appareils mobiles, dans de petits fichiers texte appel\u00e9s \u00ab\u00a0cookies\u00a0\u00bb enregistr\u00e9s dans les r\u00e9pertoires utilis\u00e9s par le navigateur web de l&rsquo;utilisateur.<\/p>\n<p class=\"p2\">Disabilitando i cookie alcuni dei nostri servizi potrebbero non funzionare correttamente e alcune pagine non le visualizzerai correttamente. En d\u00e9sactivant les cookies, certains de nos services risquent de ne pas fonctionner correctement et certaines pages ne s&rsquo;afficheront pas correctement.<\/p>\n<p class=\"p2\">Il existe diff\u00e9rents types de cookies, certains pour rendre l&rsquo;utilisation du site plus efficace, d&rsquo;autres pour permettre certaines fonctionnalit\u00e9s.<\/p>\n<p class=\"p2\">En les analysant en d\u00e9tail, nos cookies vous permettent de:<\/p>\n<p class=\"p2\">&#8211; enregistrer les pr\u00e9f\u00e9rences saisies<br>&#8211; \u00e9viter de saisir plusieurs fois les m\u00eames informations au cours de la visite, telles que le nom d&rsquo;utilisateur et le mot de passe <br>&#8211; analyser l&rsquo;utilisation des services et des contenus fournis par le site afin d&rsquo;optimiser l&rsquo;exp\u00e9rience de navigation et les services offerts<\/p>\n<p class=\"p3\"><b>TYPES DE COOKIES UTILIS\u00c9S PAR NOTRE SITE<\/b><\/p>\n<p class=\"p3\"><b>Cookies de navigation<\/b><\/p>\n<p class=\"p2\">Ces cookies permettent au site de fonctionner correctement et sont utilis\u00e9s pour collecter des informations sur la fa\u00e7on dont les visiteurs utilisent le site. Ces informations sont utilis\u00e9es pour compiler des rapports et nous aider \u00e0 am\u00e9liorer le site. Les cookies recueillent des informations de mani\u00e8re anonyme, notamment le nombre de visiteurs du site, leur provenance et les pages qu&rsquo;ils ont consult\u00e9es.<\/p>\n<p class=\"p3\"><b>Cookies analytiques<\/b><\/p>\n<p class=\"p2\">Ces cookies sont utilis\u00e9s, par exemple, par Google Analytics pour traiter des analyses statistiques sur la fa\u00e7on dont les utilisateurs naviguent sur le site via des ordinateurs ou des applications mobiles, le nombre de pages visit\u00e9es ou le nombre de clics effectu\u00e9s sur une page lors de la navigation sur un site.<\/p>\n<p class=\"p3\"><b>Cookies de tierces parties<\/b><\/p>\n<p class=\"p2\">Ces cookies sont utilis\u00e9s par des soci\u00e9t\u00e9s tierces. L&rsquo;utilisation de ces cookies n&rsquo;implique normalement pas le traitement de donn\u00e9es \u00e0 caract\u00e8re personnel. Les cookies de tiers sont d\u00e9riv\u00e9s de publicit\u00e9s provenant d&rsquo;autres sites, par exemple des publicit\u00e9s, sur le site web affich\u00e9. Ils peuvent \u00eatre utilis\u00e9s pour enregistrer l&rsquo;utilisation du site web \u00e0 des fins de marketing.<\/p>\n<p class=\"p3\"><b>Comment modifier les param\u00e8tres des cookies<\/b><\/p>\n<p class=\"p2\">Les param\u00e8tres de gestion ou de d\u00e9sactivation des cookies peuvent varier en fonction du navigateur web utilis\u00e9, c&rsquo;est pourquoi nous vous sugg\u00e9rons de consulter le manuel de votre appareil ou la fonction \u00ab\u00a0Aide\u00a0\u00bb ou \u201cHelp\u201d de votre navigateur web pour plus d&rsquo;informations sur la mani\u00e8re de proc\u00e9der.<\/p>\n<p class=\"p2\">Vous trouverez ci-dessous des liens expliquant comment g\u00e9rer ou d\u00e9sactiver les cookies pour les navigateurs web les plus populaires:<\/p>\n<p class=\"p5\"><span class=\"s1\">&#8211; Internet Explorer:&nbsp;<a href=\"https:\/\/windows.microsoft.com\/it-IT\/internet-explorer\/delete-manage-cookies\"><span class=\"s2\">https:\/\/windows.microsoft.com\/it-IT\/internet-explorer\/delete-manage-cookies<\/span><\/a>&nbsp;<br>&#8211; Google Chrome:&nbsp;<a href=\"https:\/\/support.1d5920f4b44b27a802bd77c4f0536f5a-gdprlock\/chrome\/answer\/95647\"><span class=\"s2\">https:\/\/support.1d5920f4b44b27a802bd77c4f0536f5a-gdprlock\/chrome\/answer\/95647<\/span><\/a>&nbsp;<br>&#8211; Mozilla Firefox:&nbsp;<a href=\"https:\/\/support.mozilla.org\/it\/kb\/Gestione%2520dei%2520cookie\"><span class=\"s2\">https:\/\/support.mozilla.org\/it\/kb\/Gestione dei cookie<\/span><\/a>&nbsp;<br>&#8211; Opera:&nbsp;<a href=\"https:\/\/help.opera.com\/en\/latest\/web-preferences\/#cookies\"><span class=\"s2\">https:\/\/help.opera.com\/en\/latest\/web-preferences\/#cookies<\/span><\/a><br>&#8211; Safari:<a href=\"https:\/\/support.apple.com\/kb\/PH19255?locale=it_IT\"><span class=\"s2\">&nbsp;https:\/\/support.apple.com\/kb\/PH19255<\/span><\/a><\/span><\/p>\n<p class=\"p2\">Vous pouvez toujours supprimer les cookies en utilisant l&rsquo;un des nombreux \u00ab\u00a0nettoyeurs\u00a0\u00bb de tiers, tels que CCleaner.<\/p>\n<p class=\"p2\">Une fois la suppression des cookies effectu\u00e9e, il est normal que le navigateur et les diff\u00e9rents sites web r\u00e9apparaissent avec des demandes de personnalisation: cela est d\u00fb au nettoyage effectu\u00e9.<\/p>\n<p class=\"p3\"><b>Cookies de tierces parties<\/b><\/p>\n<p class=\"p2\">Des cookies de tiers peuvent \u00eatre install\u00e9s : il s&rsquo;agit de cookies analytiques et de profilage, Google (Google Analytics et Google Ads), Facebook, LinkedIn et Hotjar.<\/p>\n<p class=\"p2\">Ces cookies sont envoy\u00e9s par les sites web tiers susmentionn\u00e9s en dehors de notre site. Les cookies analytiques de tiers sont utilis\u00e9s pour collecter des informations sur le comportement des utilisateurs sur le site. La collecte se fait de mani\u00e8re anonyme afin de contr\u00f4ler les performances et d&rsquo;am\u00e9liorer la convivialit\u00e9 du site. Les cookies de profilage de tiers sont utilis\u00e9s pour cr\u00e9er des profils d&rsquo;utilisateurs afin de proposer des messages publicitaires en fonction des choix effectu\u00e9s par les utilisateurs. <br>L&rsquo;utilisation de ces cookies est r\u00e9gie par les r\u00e8gles \u00e9tablies par les tiers eux-m\u00eames, par cons\u00e9quent, les utilisateurs sont invit\u00e9s \u00e0 lire les avis de confidentialit\u00e9 et les instructions pour g\u00e9rer ou d\u00e9sactiver les cookies publi\u00e9s sur les pages Web suivantes:<\/p>\n<p class=\"p6\">Pour Google Analytics et Google Ads cookies:<\/p>\n<p class=\"p6\">&#8211; Politique de confidentialit\u00e9: <a href=\"https:\/\/policies.google.com\/privacy?hl=fr\"><span class=\"s3\">https:\/\/policies.google.com\/privacy?hl=fr<\/span><\/a> <br>&#8211; Lignes directrices pour la gestion ou la d\u00e9sactivation des cookies: <a href=\"https:\/\/policies.google.com\/technologies\/cookies?hl=fr\"><span class=\"s3\">https:\/\/policies.google.com\/technologies\/cookies?hl=fr<\/span><\/a><\/p>\n<p class=\"p2\">Pour LinkedIn:<\/p>\n<p class=\"p2\">&#8211; Politique de confidentialit\u00e9: <a href=\"https:\/\/www.linkedin.com\/legal\/privacy-policy\"><span class=\"s3\">https:\/\/www.linkedin.com\/legal\/privacy-policy<\/span><\/a> <br>&#8211; Lignes directrices pour la gestion ou la d\u00e9sactivation des cookies: <a href=\"https:\/\/www.linkedin.com\/legal\/l\/cookie-table\"><span class=\"s3\">https:\/\/www.linkedin.com\/legal\/l\/cookie-table<\/span><\/a><\/p>\n<p class=\"p6\">Pour Facebook:<\/p>\n<p class=\"p6\">&#8211; Politique de confidentialit\u00e9: <a href=\"https:\/\/www.facebook.com\/privacy\/explanation\"><span class=\"s2\">https:\/\/www.facebook.com\/privacy\/explanation<\/span><\/a> <br>&#8211; Lignes directrices pour la gestion ou la d\u00e9sactivation des cookies: <a href=\"https:\/\/www.facebook.com\/help\/cookies\/\"><span class=\"s2\">https:\/\/www.facebook.com\/help\/cookies\/<\/span><\/a><\/p>\n<p class=\"p6\">Pour Hotjar cookies:<\/p>\n<p class=\"p10\"><span class=\"s5\">&#8211; Politique de confidentialit\u00e9: <a href=\"https:\/\/www.hotjar.com\/legal\/policies\/privacy\/\"><span class=\"s3\">https:\/\/www.hotjar.com\/legal\/policies\/privacy\/<\/span><\/a><\/span> <span class=\"s5\"><br>&#8211; Lignes directrices pour la gestion ou la d\u00e9sactivation des cookies: <a href=\"https:\/\/help.hotjar.com\/hc\/en-us\/articles\/115011789248-Hotjar-Cookie-Information\"><span class=\"s3\">https:\/\/help.hotjar.com\/hc\/en-us\/articles\/115011789248-Hotjar-Cookie-Information<\/span><\/a><\/span><\/p>\n<p class=\"p11\"><b>Pour en savoir plus<\/b><\/p>\n<p class=\"p6\">Pour plus d&rsquo;informations, pour demander la liste compl\u00e8te des droits de la personne concern\u00e9e et pour exercer les droits \u00e9tablis par le r\u00e8glement europ\u00e9en, vous pouvez \u00e9crire au contr\u00f4leur des donn\u00e9es \u00e0 l&rsquo;adresse \u00e9lectronique suivante <a href=\"mailto:privacy@coolheadeurope.com\"><span class=\"s7\">privacy@coolheadeurope.com<\/span><\/a><span class=\"s7\">.<\/span> Pour en savoir plus sur les cookies, consultez le r\u00e8glement en cliquant sur le <a href=\"http:\/\/www.garanteprivacy.it\/web\/guest\/home\/docweb\/-\/docweb-display\/docweb\/3167231\"><span class=\"s2\">link<\/span><\/a> suivant.<\/p>\t\t\t\t\t\t\t\t<\/div>\n\t\t\t\t<\/div>\n\t\t\t\t\t<\/div>\n\t\t<\/div>\n\t\t\t\t\t<\/div>\n\t\t<\/section>\n\t\t\t\t<\/div>\n\t\t","protected":false},"excerpt":{"rendered":"<p>Informations sur les cookies Qu&rsquo;est-ce qu&rsquo;un cookie et \u00e0 quoi sert-il? En informatique, les cookies HTTP (plus commun\u00e9ment appel\u00e9s cookies Web, cookies de suivi ou simplement cookies) sont des lignes de texte utilis\u00e9es pour effectuer l&rsquo;authentification automatique, le suivi de session et le stockage d&rsquo;informations sp\u00e9cifiques sur les utilisateurs acc\u00e9dant au serveur, telles que les [&hellip;]<\/p>\n","protected":false},"author":1,"featured_media":2039163,"parent":0,"menu_order":0,"comment_status":"closed","ping_status":"closed","template":"","meta":{"footnotes":""},"class_list":["post-2941266","page","type-page","status-publish","has-post-thumbnail","hentry"],"acf":[],"yoast_head":"<!-- This site is optimized with the Yoast SEO plugin v27.2 - https:\/\/yoast.com\/product\/yoast-seo-wordpress\/ -->\n<title>INFORMATIONS SUR LES COOKIES - Cool Head Europe<\/title>\n<meta name=\"robots\" content=\"index, follow, max-snippet:-1, max-image-preview:large, max-video-preview:-1\" \/>\n<link rel=\"canonical\" href=\"https:\/\/www.coolheadeurope.com\/cookies\/\" \/>\n<meta property=\"og:locale\" content=\"fr_FR\" \/>\n<meta property=\"og:type\" content=\"article\" \/>\n<meta property=\"og:title\" content=\"INFORMATIONS SUR LES COOKIES - Cool Head Europe\" \/>\n<meta property=\"og:description\" content=\"Informations sur les cookies Qu&rsquo;est-ce qu&rsquo;un cookie et \u00e0 quoi sert-il? En informatique, les cookies HTTP (plus commun\u00e9ment appel\u00e9s cookies Web, cookies de suivi ou simplement cookies) sont des lignes de texte utilis\u00e9es pour effectuer l&rsquo;authentification automatique, le suivi de session et le stockage d&rsquo;informations sp\u00e9cifiques sur les utilisateurs acc\u00e9dant au serveur, telles que les [&hellip;]\" \/>\n<meta property=\"og:url\" content=\"https:\/\/www.coolheadeurope.com\/cookies\/\" \/>\n<meta property=\"og:site_name\" content=\"Cool Head Europe\" \/>\n<meta property=\"article:modified_time\" content=\"2024-11-26T07:05:44+00:00\" \/>\n<meta property=\"og:image\" content=\"https:\/\/www.coolheadeurope.com\/wp-content\/uploads\/2021\/09\/che.jpg\" \/>\n\t<meta property=\"og:image:width\" content=\"2227\" \/>\n\t<meta property=\"og:image:height\" content=\"990\" \/>\n\t<meta property=\"og:image:type\" content=\"image\/jpeg\" \/>\n<meta name=\"twitter:card\" content=\"summary_large_image\" \/>\n<meta name=\"twitter:label1\" content=\"Dur\u00e9e de lecture estim\u00e9e\" \/>\n\t<meta name=\"twitter:data1\" content=\"5 minutes\" \/>\n<!-- \/ Yoast SEO plugin. -->","yoast_head_json":{"title":"INFORMATIONS SUR LES COOKIES - Cool Head Europe","robots":{"index":"index","follow":"follow","max-snippet":"max-snippet:-1","max-image-preview":"max-image-preview:large","max-video-preview":"max-video-preview:-1"},"canonical":"https:\/\/www.coolheadeurope.com\/cookies\/","og_locale":"fr_FR","og_type":"article","og_title":"INFORMATIONS SUR LES COOKIES - Cool Head Europe","og_description":"Informations sur les cookies Qu&rsquo;est-ce qu&rsquo;un cookie et \u00e0 quoi sert-il? En informatique, les cookies HTTP (plus commun\u00e9ment appel\u00e9s cookies Web, cookies de suivi ou simplement cookies) sont des lignes de texte utilis\u00e9es pour effectuer l&rsquo;authentification automatique, le suivi de session et le stockage d&rsquo;informations sp\u00e9cifiques sur les utilisateurs acc\u00e9dant au serveur, telles que les [&hellip;]","og_url":"https:\/\/www.coolheadeurope.com\/cookies\/","og_site_name":"Cool Head Europe","article_modified_time":"2024-11-26T07:05:44+00:00","og_image":[{"width":2227,"height":990,"url":"https:\/\/www.coolheadeurope.com\/wp-content\/uploads\/2021\/09\/che.jpg","type":"image\/jpeg"}],"twitter_card":"summary_large_image","twitter_misc":{"Dur\u00e9e de lecture estim\u00e9e":"5 minutes"},"schema":{"@context":"https:\/\/schema.org","@graph":[{"@type":"WebPage","@id":"https:\/\/www.coolheadeurope.com\/cookies\/","url":"https:\/\/www.coolheadeurope.com\/cookies\/","name":"INFORMATIONS SUR LES COOKIES - Cool Head Europe","isPartOf":{"@id":"https:\/\/www.coolheadeurope.com\/#website"},"primaryImageOfPage":{"@id":"https:\/\/www.coolheadeurope.com\/cookies\/#primaryimage"},"image":{"@id":"https:\/\/www.coolheadeurope.com\/cookies\/#primaryimage"},"thumbnailUrl":"https:\/\/www.coolheadeurope.com\/wp-content\/uploads\/2021\/09\/che.jpg","datePublished":"2024-10-04T13:52:23+00:00","dateModified":"2024-11-26T07:05:44+00:00","breadcrumb":{"@id":"https:\/\/www.coolheadeurope.com\/cookies\/#breadcrumb"},"inLanguage":"fr-FR","potentialAction":[{"@type":"ReadAction","target":["https:\/\/www.coolheadeurope.com\/cookies\/"]}]},{"@type":"ImageObject","inLanguage":"fr-FR","@id":"https:\/\/www.coolheadeurope.com\/cookies\/#primaryimage","url":"https:\/\/www.coolheadeurope.com\/wp-content\/uploads\/2021\/09\/che.jpg","contentUrl":"https:\/\/www.coolheadeurope.com\/wp-content\/uploads\/2021\/09\/che.jpg","width":2227,"height":990},{"@type":"BreadcrumbList","@id":"https:\/\/www.coolheadeurope.com\/cookies\/#breadcrumb","itemListElement":[{"@type":"ListItem","position":1,"name":"Home","item":"https:\/\/www.coolheadeurope.com\/fr\/"},{"@type":"ListItem","position":2,"name":"INFORMATIONS SUR LES COOKIES"}]},{"@type":"WebSite","@id":"https:\/\/www.coolheadeurope.com\/#website","url":"https:\/\/www.coolheadeurope.com\/","name":"Cool Head Europe","description":"We make the world a cooler place","potentialAction":[{"@type":"SearchAction","target":{"@type":"EntryPoint","urlTemplate":"https:\/\/www.coolheadeurope.com\/?s={search_term_string}"},"query-input":{"@type":"PropertyValueSpecification","valueRequired":true,"valueName":"search_term_string"}}],"inLanguage":"fr-FR"}]}},"_links":{"self":[{"href":"https:\/\/www.coolheadeurope.com\/fr\/wp-json\/wp\/v2\/pages\/2941266","targetHints":{"allow":["GET"]}}],"collection":[{"href":"https:\/\/www.coolheadeurope.com\/fr\/wp-json\/wp\/v2\/pages"}],"about":[{"href":"https:\/\/www.coolheadeurope.com\/fr\/wp-json\/wp\/v2\/types\/page"}],"author":[{"embeddable":true,"href":"https:\/\/www.coolheadeurope.com\/fr\/wp-json\/wp\/v2\/users\/1"}],"replies":[{"embeddable":true,"href":"https:\/\/www.coolheadeurope.com\/fr\/wp-json\/wp\/v2\/comments?post=2941266"}],"version-history":[{"count":6,"href":"https:\/\/www.coolheadeurope.com\/fr\/wp-json\/wp\/v2\/pages\/2941266\/revisions"}],"predecessor-version":[{"id":3116967,"href":"https:\/\/www.coolheadeurope.com\/fr\/wp-json\/wp\/v2\/pages\/2941266\/revisions\/3116967"}],"wp:featuredmedia":[{"embeddable":true,"href":"https:\/\/www.coolheadeurope.com\/fr\/wp-json\/wp\/v2\/media\/2039163"}],"wp:attachment":[{"href":"https:\/\/www.coolheadeurope.com\/fr\/wp-json\/wp\/v2\/media?parent=2941266"}],"curies":[{"name":"wp","href":"https:\/\/api.w.org\/{rel}","templated":true}]}}