{"id":2941275,"date":"2024-10-04T14:03:40","date_gmt":"2024-10-04T14:03:40","guid":{"rendered":"https:\/\/www.coolheadeurope.com\/?page_id=2941275"},"modified":"2024-10-04T14:04:09","modified_gmt":"2024-10-04T14:04:09","slug":"politique-de-confidentialite","status":"publish","type":"page","link":"https:\/\/www.coolheadeurope.com\/fr\/politique-de-confidentialite\/","title":{"rendered":"Politique de Confidentialit\u00e9"},"content":{"rendered":"\t\t<div data-elementor-type=\"wp-page\" data-elementor-id=\"2941275\" class=\"elementor elementor-2941275 elementor-3\" data-elementor-post-type=\"page\">\n\t\t\t\t\t\t<section class=\"elementor-section elementor-top-section elementor-element elementor-element-d151790 elementor-section-boxed elementor-section-height-default elementor-section-height-default\" data-id=\"d151790\" data-element_type=\"section\" data-e-type=\"section\">\n\t\t\t\t\t\t<div class=\"elementor-container elementor-column-gap-default\">\n\t\t\t\t\t<div class=\"elementor-column elementor-col-100 elementor-top-column elementor-element elementor-element-583ca96\" data-id=\"583ca96\" data-element_type=\"column\" data-e-type=\"column\">\n\t\t\t<div class=\"elementor-widget-wrap elementor-element-populated\">\n\t\t\t\t\t\t<div class=\"elementor-element elementor-element-f07e6fa elementor-widget elementor-widget-heading\" data-id=\"f07e6fa\" data-element_type=\"widget\" data-e-type=\"widget\" data-widget_type=\"heading.default\">\n\t\t\t\t<div class=\"elementor-widget-container\">\n\t\t\t\t\t<h2 class=\"elementor-heading-title elementor-size-default\">Politique de Confidentialit\u00e9\n<\/h2>\t\t\t\t<\/div>\n\t\t\t\t<\/div>\n\t\t\t\t<div class=\"elementor-element elementor-element-7bec95f elementor-widget elementor-widget-text-editor\" data-id=\"7bec95f\" data-element_type=\"widget\" data-e-type=\"widget\" data-widget_type=\"text-editor.default\">\n\t\t\t\t<div class=\"elementor-widget-container\">\n\t\t\t\t\t\t\t\t\t<p class=\"p1\">Cool Head Europe, en tant que Responsable du traitement des donn\u00e9es, accorde une attention particuli\u00e8re \u00e0 la protection des donn\u00e9es personnelles de ses utilisateurs qui visitent le site <a href=\"https:\/\/www.coolheadeurope.com\"><span class=\"s1\">www.coolheadeurope.com<\/span><\/a><\/p><p class=\"p1\">Nous vous invitons, donc, avant de communiquer toute donn\u00e9e personnelle, \u00e0 lire attentivement cette Politique de Confidentialit\u00e9 car elle contient des informations importantes sur la protection de vos donn\u00e9es personnelles.<\/p><p class=\"p1\">La pr\u00e9sente Politique de Confidentialit\u00e9:<\/p><p class=\"p1\">Elle est destin\u00e9e au site <a href=\"https:\/\/www.coolheadeurope.com\"><span class=\"s1\">www.coolheadeurope.com<\/span><\/a>, y compris les espaces d\u00e9di\u00e9s o\u00f9 l&rsquo;utilisateur peut librement et express\u00e9ment fournir un ensemble de donn\u00e9es le concernant afin de contacter Cool Head Europe (ou envoyer des demandes) est fournie en application et conform\u00e9ment \u00e0 l&rsquo;article 13 du General Data Protection Regulation (ci-apr\u00e8s \u00a0\u00bb GDPR \u00ab\u00a0) et explique comment les informations personnelles fournies par l&rsquo;utilisateur peuvent \u00eatre utilis\u00e9es, partag\u00e9es, consult\u00e9es, modifi\u00e9es ou supprim\u00e9es. Les informations sont \u00e9galement bas\u00e9es sur la Recommandation n\u00b0 2\/2001 relative aux exigences minimales pour la collecte de donn\u00e9es en ligne dans l&rsquo;Union europ\u00e9enne, adopt\u00e9e le 17 mai 2001 par le Groupe de Travail Article 29.<\/p><p class=\"p1\">La pr\u00e9sente Politique de Confidentialit\u00e9 est \u00e9tablie uniquement pour ce site et ne s&rsquo;applique pas aux autres sites web qui peuvent \u00eatre consult\u00e9s par l&rsquo;utilisateur par le biais de liens pr\u00e9sents sur les pages du site. Si vous consultez d&rsquo;autres sites web, veuillez consulter leurs Politiques de Confidentialit\u00e9 respectives.<\/p><p class=\"p1\">Les mesures de s\u00e9curit\u00e9 applicables \u00e0 ce site ont \u00e9t\u00e9 d\u00e9finies et d\u00e9velopp\u00e9es pour garantir que le traitement des donn\u00e9es personnelles des utilisateurs est effectu\u00e9 conform\u00e9ment aux principes de l\u00e9galit\u00e9, d&rsquo;exactitude, de transparence, de limitation de la finalit\u00e9 et de stockage, de minimisation des donn\u00e9es, de pr\u00e9cision, d&rsquo;int\u00e9grit\u00e9 et de confidentialit\u00e9, dans le respect des r\u00e9glementations nationales et europ\u00e9ennes applicables.<\/p><p class=\"p1\">R\u00e9sum\u00e9 de la Politique de Confidentialit\u00e9<\/p><p class=\"p1\">1. Responsable du traitement des donn\u00e9es<\/p><p class=\"p1\">2. Donn\u00e9es personnelles faisant l&rsquo;objet d&rsquo;un traitement<\/p><p class=\"p1\">2.1. 2.1. Donn\u00e9es de navigation<\/p><p class=\"p1\">2.2. 2.2. Donn\u00e9es fournies volontairement par l&rsquo;utilisateur<\/p><p class=\"p1\">2.3. 2.3. Cookie<\/p><p class=\"p1\">3. Donn\u00e9es relatives aux utilisateurs mineurs<\/p><p class=\"p1\">4. Base juridique et finalit\u00e9 du traitement<\/p><p class=\"p1\">5. Destinataires des donn\u00e9es \u00e0 caract\u00e8re personnel<\/p><p class=\"p1\">6. Transfert de donn\u00e9es \u00e0 caract\u00e8re personnel<\/p><p class=\"p1\">7. Conservation des donn\u00e9es \u00e0 caract\u00e8re personnel<\/p><p class=\"p1\">8. Droits de la personne concern\u00e9e<\/p><p class=\"p1\">9. Modifications<\/p><p class=\"p1\">1. Responsable du traitement des donn\u00e9es<\/p><p class=\"p1\">Le Responsable du traitement des donn\u00e9es est Cool Head Europe, si\u00e8ge social Via Falcone n. 12, 42021 &#8211; Bibbiano (RE) Italie C.F. 02414610358 et num\u00e9ro de TVA est 02414610358. La liste mise \u00e0 jour des sous-traitants et des personnes autoris\u00e9es \u00e0 traiter les donn\u00e9es peut \u00eatre consult\u00e9e au si\u00e8ge du contr\u00f4leur des donn\u00e9es. Pour toute information compl\u00e9mentaire ou clarification, veuillez contacter Cool Head Europe \u00e0 l&rsquo;adresse indiqu\u00e9e ou \u00e0 l&rsquo;adresse \u00e9lectronique suivante <a href=\"mailto:privacy@coolheadeurope.com\"><span class=\"s1\">privacy@coolheadeurope.com<\/span><\/a><\/p><p class=\"p1\">2. Donn\u00e9es personnelles faisant l&rsquo;objet d&rsquo;un traitement<\/p><p class=\"p1\">2.1. 2.2. Donn\u00e9es fournies volontairement par l&rsquo;utilisateur<\/p><p class=\"p1\">Le traitement des donn\u00e9es personnelles des utilisateurs qui visitent et consultent le site est limit\u00e9 aux donn\u00e9es dites de navigation, dont la transmission est n\u00e9cessaire au fonctionnement des syst\u00e8mes et programmes informatiques n\u00e9cessaires au fonctionnement du site, mais qui, par leur nature m\u00eame, pourraient, en association avec d&rsquo;autres donn\u00e9es, permettre l&rsquo;identification des utilisateurs.<\/p><p class=\"p1\">Il s&rsquo;agit notamment des adresses IP ou des noms des ordinateurs utilis\u00e9s par les utilisateurs qui se connectent au site, des adresses URI (Uniform Resource Identifier) des ressources demand\u00e9es, de l&rsquo;heure de la demande, de la m\u00e9thode utilis\u00e9e pour soumettre la demande au serveur, de la taille du fichier obtenu en r\u00e9ponse, du code num\u00e9rique indiquant l&rsquo;\u00e9tat de la r\u00e9ponse donn\u00e9e par le serveur (succ\u00e8s, erreur, etc.) et d&rsquo;autres param\u00e8tres relatifs au syst\u00e8me d&rsquo;exploitation et \u00e0 la plate-forme informatique utilis\u00e9s par l&rsquo;utilisateur.<\/p><p class=\"p1\">Ces donn\u00e9es sont utilis\u00e9es dans le seul but d&rsquo;obtenir des informations statistiques anonymes sur l&rsquo;utilisation du site et d&rsquo;en v\u00e9rifier le bon fonctionnement. Ces donn\u00e9es peuvent \u00e9galement \u00eatre utilis\u00e9es pour d\u00e9terminer la responsabilit\u00e9 en cas de commission de d\u00e9lits informatiques au d\u00e9triment du Site, conform\u00e9ment aux proc\u00e9dures en vigueur aupr\u00e8s des Autorit\u00e9s comp\u00e9tentes.<\/p><p class=\"p1\">Sauf dans cette \u00e9ventualit\u00e9, les donn\u00e9es de navigation ne sont stock\u00e9es que temporairement, conform\u00e9ment \u00e0 la l\u00e9gislation applicable.<\/p><p class=\"p1\">2.2. 2.2. Donn\u00e9es fournies volontairement par l&rsquo;utilisateur<\/p><p class=\"p1\">Aucune inscription n&rsquo;est n\u00e9cessaire pour acc\u00e9der au contenu du site. Cependant, il existe des services au sein du site pour l&rsquo;utilisation desquels il est n\u00e9cessaire de fournir vos donn\u00e9es.<\/p><p class=\"p1\">Lorsque Cool Head Europe acquiert des informations et des donn\u00e9es personnelles, il informe les utilisateurs \u00e0 l&rsquo;avance des raisons pour lesquelles ces donn\u00e9es sont requises et de la mani\u00e8re dont elles seront utilis\u00e9es.<\/p><p class=\"p1\">A titre d&rsquo;exemple, si l&rsquo;Utilisateur d\u00e9cide de contacter Cool Head Europe par le biais des formulaires de contact, des donn\u00e9es personnelles telles que le nom et le pr\u00e9nom, le num\u00e9ro de t\u00e9l\u00e9phone, l&rsquo;adresse \u00e9lectronique et toute autre information que l&rsquo;Utilisateur accepte de fournir peuvent \u00eatre demand\u00e9es. L&rsquo;Utilisateur, dans ce cas, consent \u00e0 leur utilisation dans le but de r\u00e9pondre aux demandes d&rsquo;information, de devis, ou de toute autre nature indiqu\u00e9e par l&rsquo;en-t\u00eate du formulaire.<\/p><p class=\"p1\">Si n\u00e9cessaire, Cool Head Europe obtiendra votre consentement sp\u00e9cifique \u00e0 l&rsquo;utilisation de vos donn\u00e9es.<\/p><p class=\"p1\">2.3. Cookies<\/p><p class=\"p1\">Cool Head Europe utilise des cookies sur ce site. Pour toute information \u00e0 ce sujet, veuillez vous r\u00e9f\u00e9rer \u00e0 la Politique de Cookies correspondante.<\/p><p class=\"p1\">3. Donn\u00e9es relatives aux utilisateurs mineurs<\/p><p class=\"p1\">Le Site n&rsquo;est pas destin\u00e9 aux mineurs et Cool Head Europe ne collecte pas sciemment des donn\u00e9es personnelles les concernant. En cas d&rsquo;enregistrement accidentel d&rsquo;informations concernant des mineurs, Cool Head Europe les supprimera dans les meilleurs d\u00e9lais \u00e0 la demande des utilisateurs.<\/p><p class=\"p1\">4. Base juridique et finalit\u00e9 du traitement<\/p><table class=\"t1\" cellspacing=\"0\" cellpadding=\"0\"><tbody><tr><td class=\"td1\" valign=\"top\"><p class=\"p4\">Base juridique<\/p><\/td><td class=\"td2\" valign=\"top\"><p class=\"p4\">Finalit\u00e9<\/p><\/td><\/tr><tr><td class=\"td3\" valign=\"top\"><p class=\"p5\"><b>Contrat<\/b><\/p><p class=\"p5\">Dans certains cas, il est n\u00e9cessaire de traiter vos donn\u00e9es personnelles afin d&rsquo;ex\u00e9cuter notre contrat relatif \u00e0 votre utilisation du site.<\/p><\/td><td class=\"td4\" valign=\"top\"><ul class=\"ul1\"><li class=\"li7\">Permettre l&rsquo;acc\u00e8s au site web et son utilisation correcte par l&rsquo;utilisateur.<\/li><li class=\"li7\">Traiter les demandes des utilisateurs et fournir des informations<\/li><\/ul><\/td><\/tr><tr><td class=\"td5\" valign=\"top\"><p class=\"p5\"><b>Int\u00e9r\u00eat l\u00e9gitime<br \/><\/b><\/p><p class=\"p5\">Nous collectons et traitons les donn\u00e9es personnelles afin d&rsquo;am\u00e9liorer et de contr\u00f4ler l&rsquo;efficacit\u00e9 du site et d&rsquo;offrir des services actualis\u00e9s.<\/p><\/td><td class=\"td6\" valign=\"top\"><ul class=\"ul1\"><li class=\"li9\">Am\u00e9liorer l&rsquo;efficacit\u00e9 du site.<\/li><li class=\"li7\">Effectuer des analyses statistiques sur l&rsquo;efficacit\u00e9 et le fonctionnement du site.<\/li><li class=\"li7\">Assurer la meilleure exp\u00e9rience possible pour l&rsquo;utilisateur lorsqu&rsquo;il navigue sur le site.<\/li><\/ul><\/td><\/tr><tr><td class=\"td7\" valign=\"top\"><p class=\"p5\"><b>Recrutement du personnel<\/b><\/p><\/td><td class=\"td8\" valign=\"top\"><ul class=\"ul1\"><li class=\"li10\">G\u00e9rer et r\u00e9pondre aux demandes concernant les candidatures soumises via le Site, pour lesquelles nous vous invitons \u00e0 lire l&rsquo;avis correspondant.<\/li><\/ul><\/td><\/tr><tr><td class=\"td9\" valign=\"top\"><p class=\"p5\"><b>Respect des obligations l\u00e9gales<br \/><\/b><\/p><p class=\"p5\">Nous pouvons utiliser les donn\u00e9es fournies pour r\u00e9pondre aux demandes des autorit\u00e9s et pour remplir les obligations li\u00e9es \u00e0 la s\u00e9curit\u00e9.<\/p><\/td><td class=\"td10\" valign=\"top\"><ul class=\"ul1\"><li class=\"li10\">Dans certains cas, nous pouvons \u00eatre amen\u00e9s \u00e0 utiliser vos informations pour g\u00e9rer et r\u00e9soudre des litiges juridiques et assurer la s\u00e9curit\u00e9 du site et des utilisateurs.<\/li><\/ul><\/td><\/tr><tr><td class=\"td11\" valign=\"top\"><p class=\"p5\"><b>Consentement<br \/><\/b><\/p><p class=\"p5\">Avec votre consentement, nous pouvons mener des activit\u00e9s de marketing.<\/p><p class=\"p5\">Avec le consentement de l&rsquo;utilisateur, nous pouvons effectuer un profilage de l&rsquo;activit\u00e9 du site.<\/p><\/td><td class=\"td12\" valign=\"top\"><ul class=\"ul1\"><li class=\"li10\">Avec votre consentement, nous pouvons vous envoyer des communications commerciales pour vous informer sur nos produits et services et vous faire part de nos derni\u00e8res nouvelles.<\/li><li class=\"li9\">Avec votre consentement, nous pouvons mener des activit\u00e9s de profilage, en utilisant des cookies et des technologies similaires, afin d&rsquo;am\u00e9liorer votre exp\u00e9rience sur notre site et de vous offrir un service personnalis\u00e9. Pour plus d&rsquo;informations, veuillez lire notre politique en mati\u00e8re de cookies.<\/li><\/ul><\/td><\/tr><\/tbody><\/table><p class=\"p1\">5. Destinataires des donn\u00e9es \u00e0 caract\u00e8re personnel<\/p><p class=\"p1\">Vos donn\u00e9es personnelles peuvent \u00eatre partag\u00e9es, aux fins \u00e9nonc\u00e9es au paragraphe 4 de la pr\u00e9sente politique de confidentialit\u00e9, avec:<\/p><ul class=\"ul1\"><li style=\"list-style-type: none;\"><ul class=\"ul1\"><li class=\"li1\">les personnes agissant en qualit\u00e9 de Responsables du traitement des donn\u00e9es, telles que, \u00e0 titre d&rsquo;exemple: les personnes, soci\u00e9t\u00e9s ou cabinets professionnels qui fournissent \u00e0 Cool Head Europe une assistance et des conseils en mati\u00e8re comptable, administrative, juridique, fiscale et financi\u00e8re; les personnes charg\u00e9es de fournir des services de nature technique; les \u00e9tablissements de cr\u00e9dit et les compagnies d&rsquo;assurance;<\/li><li class=\"li1\">Partenaires commerciaux et marques li\u00e9s \u00e0 Cool Head Europe Spa et\/ou \u00e0 des soci\u00e9t\u00e9s apparent\u00e9es, en particulier Versus Refrigerazione <a href=\"http:\/\/www.versusprojects.com\"><span class=\"s1\">www.versusprojects.com<\/span><\/a> et Ch Laboratory Service Enterprise S.r.l. <a href=\"http:\/\/www.chlabs.it\/\"><span class=\"s1\">http:\/\/www.chlabs.it\/<\/span><\/a>;<\/li><li class=\"li1\">les personnes autoris\u00e9es par Cool Head Europe \u00e0 traiter les donn\u00e9es \u00e0 caract\u00e8re personnel pour des activit\u00e9s strictement li\u00e9es \u00e0 la fourniture de services, et qui ont une obligation l\u00e9gale de confidentialit\u00e9;<\/li><\/ul><\/li><\/ul><p class=\"p12\">aux forces de police, aux forces arm\u00e9es et \u00e0 d&rsquo;autres administrations publiques afin de remplir leurs obligations en vertu des lois, r\u00e8glements et l\u00e9gislations nationales ou europ\u00e9ennes, ainsi qu&rsquo;\u00e0 des agences ou \u00e0 des professionnels pour recouvrer des cr\u00e9ances (par exemple, des cr\u00e9ances impay\u00e9es qui nous sont dues) ou pour permettre \u00e0 Cool Head Europe de se d\u00e9fendre devant les tribunaux, par exemple en cas d&rsquo;infractions au r\u00e9seau commises par des utilisateurs.<\/p><p class=\"p1\">6. Transfert de donn\u00e9es \u00e0 caract\u00e8re personnel<\/p><p class=\"p1\">Cool Head Europe ne transf\u00e8re pas de donn\u00e9es personnelles \u00e0 des pays tiers ou \u00e0 des organisations internationales. Elle se r\u00e9serve toutefois la possibilit\u00e9 d&rsquo;utiliser des services en cloud. Dans ce cas, les fournisseurs de services seront choisis parmi ceux qui offrent des garanties ad\u00e9quates, comme le pr\u00e9voit l&rsquo;article 46 GDPR 679\/16. Le traitement sera donc effectu\u00e9 selon l&rsquo;une des m\u00e9thodes autoris\u00e9es par la loi en vigueur, comme, par exemple, l&rsquo;adoption de Clauses types approuv\u00e9es par la Commission europ\u00e9enne, la s\u00e9lection de sujets adh\u00e9rant \u00e0 des programmes internationaux de libre circulation des donn\u00e9es (par exemple, le Privacy Shield UE-USA) ou op\u00e9rant dans des pays consid\u00e9r\u00e9s comme s\u00fbrs par la Commission europ\u00e9enne.<\/p><p class=\"p1\">7. Conservation des donn\u00e9es \u00e0 caract\u00e8re personnel<\/p><p class=\"p1\">Les syst\u00e8mes d&rsquo;information et les programmes informatiques utilis\u00e9s par Cool Head Europe sont configur\u00e9s de mani\u00e8re \u00e0 minimiser l&rsquo;utilisation des donn\u00e9es personnelles et d&rsquo;identification; ces donn\u00e9es ne sont trait\u00e9es que pour la r\u00e9alisation des objectifs sp\u00e9cifiques poursuivis de temps \u00e0 autre; dans tous les cas, le crit\u00e8re utilis\u00e9 pour d\u00e9terminer la dur\u00e9e de conservation est bas\u00e9 sur le respect des termes autoris\u00e9s par les lois applicables et les principes de minimisation du traitement et de gestion rationnelle des archives.<\/p><p class=\"p1\">8. Droits de la personne concern\u00e9e<\/p><p class=\"p1\">Conform\u00e9ment aux articles 15 et suivants du GDPR, l&rsquo;utilisateur a le droit de demander \u00e0 Cool Head Europe, \u00e0 tout moment, l&rsquo;acc\u00e8s \u00e0 ses donn\u00e9es personnelles, de les rectifier ou de les supprimer, ou de s&rsquo;opposer \u00e0 leur traitement conform\u00e9ment \u00e0 l&rsquo;article 21 du GDPR. Vous avez \u00e9galement le droit de demander la limitation du traitement dans les cas pr\u00e9vus par l&rsquo;article 18 du GDPR, ainsi que d&rsquo;obtenir dans un format structur\u00e9, couramment utilis\u00e9 et lisible par machine, les donn\u00e9es vous concernant, dans les cas pr\u00e9vus par l&rsquo;article 20 du GDPR.<\/p><p class=\"p1\">Les demandes doivent \u00eatre adress\u00e9es par \u00e9crit au Responsable du traitement aux adresses indiqu\u00e9es au paragraphe 1 de la pr\u00e9sente Politique de Confidentialit\u00e9.<\/p><p class=\"p1\">En tout \u00e9tat de cause, l&rsquo;utilisateur a toujours le droit d&rsquo;introduire une r\u00e9clamation aupr\u00e8s de l&rsquo;Autorit\u00e9 de contr\u00f4le comp\u00e9tente (Autorit\u00e9 de protection des donn\u00e9es), conform\u00e9ment \u00e0 l&rsquo;article 77 du r\u00e8glement, s&rsquo;il estime que le traitement de ses donn\u00e9es est contraire \u00e0 la l\u00e9gislation en vigueur.<\/p><p class=\"p1\">9. Modifications<\/p><p class=\"p1\">Cool Head Europe se r\u00e9serve le droit de modifier ou simplement de mettre \u00e0 jour le contenu de cette Politique de Confidentialit\u00e9, en partie ou en totalit\u00e9, \u00e9galement en raison de changements dans la l\u00e9gislation applicable.<\/p><p class=\"p1\">Cool Head Europe invite donc ses utilisateurs \u00e0 visiter r\u00e9guli\u00e8rement cette section afin de se tenir au courant des donn\u00e9es collect\u00e9es et de l&rsquo;utilisation qui en est faite par le Responsable du traitement.<\/p>\t\t\t\t\t\t\t\t<\/div>\n\t\t\t\t<\/div>\n\t\t\t\t\t<\/div>\n\t\t<\/div>\n\t\t\t\t\t<\/div>\n\t\t<\/section>\n\t\t\t\t<\/div>\n\t\t","protected":false},"excerpt":{"rendered":"<p>Politique de Confidentialit\u00e9 Cool Head Europe, en tant que Responsable du traitement des donn\u00e9es, accorde une attention particuli\u00e8re \u00e0 la protection des donn\u00e9es personnelles de ses utilisateurs qui visitent le site www.coolheadeurope.com Nous vous invitons, donc, avant de communiquer toute donn\u00e9e personnelle, \u00e0 lire attentivement cette Politique de Confidentialit\u00e9 car elle contient des informations importantes [&hellip;]<\/p>\n","protected":false},"author":1,"featured_media":2039163,"parent":0,"menu_order":0,"comment_status":"closed","ping_status":"open","template":"","meta":{"footnotes":""},"class_list":["post-2941275","page","type-page","status-publish","has-post-thumbnail","hentry"],"acf":[],"yoast_head":"<!-- This site is optimized with the Yoast SEO plugin v27.2 - https:\/\/yoast.com\/product\/yoast-seo-wordpress\/ -->\n<title>Politique de Confidentialit\u00e9 - Cool Head Europe<\/title>\n<meta name=\"robots\" content=\"index, follow, max-snippet:-1, max-image-preview:large, max-video-preview:-1\" \/>\n<link rel=\"canonical\" href=\"https:\/\/www.coolheadeurope.com\/privacy-policy\/\" \/>\n<meta property=\"og:locale\" content=\"fr_FR\" \/>\n<meta property=\"og:type\" content=\"article\" \/>\n<meta property=\"og:title\" content=\"Politique de Confidentialit\u00e9 - Cool Head Europe\" \/>\n<meta property=\"og:description\" content=\"Politique de Confidentialit\u00e9 Cool Head Europe, en tant que Responsable du traitement des donn\u00e9es, accorde une attention particuli\u00e8re \u00e0 la protection des donn\u00e9es personnelles de ses utilisateurs qui visitent le site www.coolheadeurope.com Nous vous invitons, donc, avant de communiquer toute donn\u00e9e personnelle, \u00e0 lire attentivement cette Politique de Confidentialit\u00e9 car elle contient des informations importantes [&hellip;]\" \/>\n<meta property=\"og:url\" content=\"https:\/\/www.coolheadeurope.com\/privacy-policy\/\" \/>\n<meta property=\"og:site_name\" content=\"Cool Head Europe\" \/>\n<meta property=\"article:modified_time\" content=\"2024-10-04T14:04:09+00:00\" \/>\n<meta property=\"og:image\" content=\"https:\/\/www.coolheadeurope.com\/wp-content\/uploads\/2021\/09\/che.jpg\" \/>\n\t<meta property=\"og:image:width\" content=\"2227\" \/>\n\t<meta property=\"og:image:height\" content=\"990\" \/>\n\t<meta property=\"og:image:type\" content=\"image\/jpeg\" \/>\n<meta name=\"twitter:card\" content=\"summary_large_image\" \/>\n<meta name=\"twitter:label1\" content=\"Dur\u00e9e de lecture estim\u00e9e\" \/>\n\t<meta name=\"twitter:data1\" content=\"10 minutes\" \/>\n<!-- \/ Yoast SEO plugin. -->","yoast_head_json":{"title":"Politique de Confidentialit\u00e9 - Cool Head Europe","robots":{"index":"index","follow":"follow","max-snippet":"max-snippet:-1","max-image-preview":"max-image-preview:large","max-video-preview":"max-video-preview:-1"},"canonical":"https:\/\/www.coolheadeurope.com\/privacy-policy\/","og_locale":"fr_FR","og_type":"article","og_title":"Politique de Confidentialit\u00e9 - Cool Head Europe","og_description":"Politique de Confidentialit\u00e9 Cool Head Europe, en tant que Responsable du traitement des donn\u00e9es, accorde une attention particuli\u00e8re \u00e0 la protection des donn\u00e9es personnelles de ses utilisateurs qui visitent le site www.coolheadeurope.com Nous vous invitons, donc, avant de communiquer toute donn\u00e9e personnelle, \u00e0 lire attentivement cette Politique de Confidentialit\u00e9 car elle contient des informations importantes [&hellip;]","og_url":"https:\/\/www.coolheadeurope.com\/privacy-policy\/","og_site_name":"Cool Head Europe","article_modified_time":"2024-10-04T14:04:09+00:00","og_image":[{"width":2227,"height":990,"url":"https:\/\/www.coolheadeurope.com\/wp-content\/uploads\/2021\/09\/che.jpg","type":"image\/jpeg"}],"twitter_card":"summary_large_image","twitter_misc":{"Dur\u00e9e de lecture estim\u00e9e":"10 minutes"},"schema":{"@context":"https:\/\/schema.org","@graph":[{"@type":"WebPage","@id":"https:\/\/www.coolheadeurope.com\/privacy-policy\/","url":"https:\/\/www.coolheadeurope.com\/privacy-policy\/","name":"Politique de Confidentialit\u00e9 - Cool Head Europe","isPartOf":{"@id":"https:\/\/www.coolheadeurope.com\/#website"},"primaryImageOfPage":{"@id":"https:\/\/www.coolheadeurope.com\/privacy-policy\/#primaryimage"},"image":{"@id":"https:\/\/www.coolheadeurope.com\/privacy-policy\/#primaryimage"},"thumbnailUrl":"https:\/\/www.coolheadeurope.com\/wp-content\/uploads\/2021\/09\/che.jpg","datePublished":"2024-10-04T14:03:40+00:00","dateModified":"2024-10-04T14:04:09+00:00","breadcrumb":{"@id":"https:\/\/www.coolheadeurope.com\/privacy-policy\/#breadcrumb"},"inLanguage":"fr-FR","potentialAction":[{"@type":"ReadAction","target":["https:\/\/www.coolheadeurope.com\/privacy-policy\/"]}]},{"@type":"ImageObject","inLanguage":"fr-FR","@id":"https:\/\/www.coolheadeurope.com\/privacy-policy\/#primaryimage","url":"https:\/\/www.coolheadeurope.com\/wp-content\/uploads\/2021\/09\/che.jpg","contentUrl":"https:\/\/www.coolheadeurope.com\/wp-content\/uploads\/2021\/09\/che.jpg","width":2227,"height":990},{"@type":"BreadcrumbList","@id":"https:\/\/www.coolheadeurope.com\/privacy-policy\/#breadcrumb","itemListElement":[{"@type":"ListItem","position":1,"name":"Home","item":"https:\/\/www.coolheadeurope.com\/fr\/"},{"@type":"ListItem","position":2,"name":"Politique de Confidentialit\u00e9"}]},{"@type":"WebSite","@id":"https:\/\/www.coolheadeurope.com\/#website","url":"https:\/\/www.coolheadeurope.com\/","name":"Cool Head Europe","description":"We make the world a cooler place","potentialAction":[{"@type":"SearchAction","target":{"@type":"EntryPoint","urlTemplate":"https:\/\/www.coolheadeurope.com\/?s={search_term_string}"},"query-input":{"@type":"PropertyValueSpecification","valueRequired":true,"valueName":"search_term_string"}}],"inLanguage":"fr-FR"}]}},"_links":{"self":[{"href":"https:\/\/www.coolheadeurope.com\/fr\/wp-json\/wp\/v2\/pages\/2941275","targetHints":{"allow":["GET"]}}],"collection":[{"href":"https:\/\/www.coolheadeurope.com\/fr\/wp-json\/wp\/v2\/pages"}],"about":[{"href":"https:\/\/www.coolheadeurope.com\/fr\/wp-json\/wp\/v2\/types\/page"}],"author":[{"embeddable":true,"href":"https:\/\/www.coolheadeurope.com\/fr\/wp-json\/wp\/v2\/users\/1"}],"replies":[{"embeddable":true,"href":"https:\/\/www.coolheadeurope.com\/fr\/wp-json\/wp\/v2\/comments?post=2941275"}],"version-history":[{"count":3,"href":"https:\/\/www.coolheadeurope.com\/fr\/wp-json\/wp\/v2\/pages\/2941275\/revisions"}],"predecessor-version":[{"id":2941278,"href":"https:\/\/www.coolheadeurope.com\/fr\/wp-json\/wp\/v2\/pages\/2941275\/revisions\/2941278"}],"wp:featuredmedia":[{"embeddable":true,"href":"https:\/\/www.coolheadeurope.com\/fr\/wp-json\/wp\/v2\/media\/2039163"}],"wp:attachment":[{"href":"https:\/\/www.coolheadeurope.com\/fr\/wp-json\/wp\/v2\/media?parent=2941275"}],"curies":[{"name":"wp","href":"https:\/\/api.w.org\/{rel}","templated":true}]}}