{"id":2958142,"date":"2024-10-09T15:21:53","date_gmt":"2024-10-09T15:21:53","guid":{"rendered":"https:\/\/www.coolheadeurope.com\/prodotto\/non%20class\u00e9\/qr-3\/"},"modified":"2026-02-08T04:50:32","modified_gmt":"2026-02-08T04:50:32","slug":"qr-3","status":"publish","type":"product","link":"https:\/\/www.coolheadeurope.com\/fr\/prodotto\/inox-fr\/armoires-fr\/qr-3\/","title":{"rendered":"QR 3"},"content":{"rendered":"<p>R\u00e9frig\u00e9rateur vertical GN1\/1<br \/>\nExt\u00e9rieur et int\u00e9rieur en acier inoxydable<br \/>\nAnti-condensation  \u00ab\u00a0disjoncteur thermique \u00a0\u00bb sur le cadre du corps<br \/>\nRefroidissement ventil\u00e9<br \/>\n\u00c9vaporateur trait\u00e9 anti-corrosion<br \/>\nCycle de d\u00e9givrage au gaz chaud<br \/>\nAgent moussant : Cyclopentane (70 mm)<br \/>\nBord incurv\u00e9 pour un nettoyage facile<br \/>\nThermostat num\u00e9rique<br \/>\nCommutateur principal r\u00e9tro-\u00e9clair\u00e9 blanc<br \/>\nLampe LED et serrure mont\u00e9es de s\u00e9rie<br \/>\nJoint d&rsquo;\u00e9tanch\u00e9it\u00e9 amovible<br \/>\nPorte: \u00e0 fermeture automatique et porte r\u00e9versible mont\u00e9e de s\u00e9rie<br \/>\nPoign\u00e9e de porte en mousse<br \/>\n\u00c9tag\u00e8res r\u00e9glables GN1\/1 : 3 pi\u00e8ces + 1 grille inf\u00e9rieure<br \/>\nPieds r\u00e9glables S\/S N\u00b0 4 &#8211; (Roulettes verrouillable en option)<br \/>\nClasse \u00e9nerg\u00e9tique: D<\/p>\n","protected":false},"excerpt":{"rendered":"<p>Propre et \u00e9l\u00e9gant, gr\u00e2ce au contr\u00f4leur num\u00e9rique avec interrupteur principal ind\u00e9pendant et au design caract\u00e9ristique du panneau sup\u00e9rieur et de la porte. Le mod\u00e8le QR 3 repr\u00e9sente la combinaison parfaite de la technologie et de l&rsquo;expertise de production, avec une porte \u00e0 fermeture automatique pour \u00e9viter le gaspillage d&rsquo;\u00e9nergie, des rails moul\u00e9s pour faciliter le processus de nettoyage, pour gagner de l&rsquo;espace \u00e0 l&rsquo;int\u00e9rieur de l&rsquo;armoire et pour permettre aux 4 \u00e9tag\u00e8res GN 1\/1 de s\u00e9rie de supporter un poids plus \u00e9lev\u00e9 que la norme. Notre armoire r\u00e9frig\u00e9r\u00e9e est respectueuse de l&rsquo;environnement et permet d&rsquo;\u00e9conomiser de l&rsquo;\u00e9nergie gr\u00e2ce au gaz r\u00e9frig\u00e9rant R290 \u00e9cologique et \u00e0 la mousse d&rsquo;isolation de 70 mm de chaque c\u00f4t\u00e9.<br \/>\nLa lampe interne LED, la serrure standard, la porte r\u00e9versible et les pieds r\u00e9glables en hauteur (75 mm \u00e0 90 mm) contribuent \u00e0 faire de ce r\u00e9frig\u00e9rateur professionnel un produit haut de gamme.<\/p>\n","protected":false},"featured_media":3745444,"template":"","meta":[],"product_brand":[],"product_cat":[7397,7399],"product_tag":[],"class_list":{"0":"post-2958142","1":"product","2":"type-product","3":"status-publish","4":"has-post-thumbnail","6":"product_cat-inox-fr","7":"product_cat-armoires-fr","8":"pa_capacite-commerciale-235-l","9":"pa_consommation-denergie-1-65-kw-24h","10":"pa_hauteur-exterieure-1990-mm","11":"pa_hauteur-interieure-1476-mm","12":"pa_largeur-exterieure-469-mm","13":"pa_largeur-interne-329-mm","14":"pa_niveau-sonore-50-dba","15":"pa_poids-brut-87-kg","16":"pa_poids-net-77-kg","17":"pa_profondeur-externe-725-mm","18":"pa_profondeur-interne-560-mm","19":"pa_puissance-185-w","21":"first","22":"instock","23":"product-type-simple"},"acf":[],"yoast_head":"<!-- This site is optimized with the Yoast SEO plugin v27.2 - https:\/\/yoast.com\/product\/yoast-seo-wordpress\/ -->\n<title>QR 3 - Cool Head Europe<\/title>\n<meta name=\"robots\" content=\"index, follow, max-snippet:-1, max-image-preview:large, max-video-preview:-1\" \/>\n<link rel=\"canonical\" href=\"http:\/\/www.coolheadeurope.com\/fr\/prodotto\/inox-fr\/armoires-fr\/qr-3\/\" \/>\n<meta property=\"og:locale\" content=\"fr_FR\" \/>\n<meta property=\"og:type\" content=\"article\" \/>\n<meta property=\"og:title\" content=\"QR 3 - Cool Head Europe\" \/>\n<meta property=\"og:description\" content=\"Propre et \u00e9l\u00e9gant, gr\u00e2ce au contr\u00f4leur num\u00e9rique avec interrupteur principal ind\u00e9pendant et au design caract\u00e9ristique du panneau sup\u00e9rieur et de la porte. Le mod\u00e8le QR 3 repr\u00e9sente la combinaison parfaite de la technologie et de l&#039;expertise de production, avec une porte \u00e0 fermeture automatique pour \u00e9viter le gaspillage d&#039;\u00e9nergie, des rails moul\u00e9s pour faciliter le processus de nettoyage, pour gagner de l&#039;espace \u00e0 l&#039;int\u00e9rieur de l&#039;armoire et pour permettre aux 4 \u00e9tag\u00e8res GN 1\/1 de s\u00e9rie de supporter un poids plus \u00e9lev\u00e9 que la norme. Notre armoire r\u00e9frig\u00e9r\u00e9e est respectueuse de l&#039;environnement et permet d&#039;\u00e9conomiser de l&#039;\u00e9nergie gr\u00e2ce au gaz r\u00e9frig\u00e9rant R290 \u00e9cologique et \u00e0 la mousse d&#039;isolation de 70 mm de chaque c\u00f4t\u00e9. La lampe interne LED, la serrure standard, la porte r\u00e9versible et les pieds r\u00e9glables en hauteur (75 mm \u00e0 90 mm) contribuent \u00e0 faire de ce r\u00e9frig\u00e9rateur professionnel un produit haut de gamme.\" \/>\n<meta property=\"og:url\" content=\"http:\/\/www.coolheadeurope.com\/fr\/prodotto\/inox-fr\/armoires-fr\/qr-3\/\" \/>\n<meta property=\"og:site_name\" content=\"Cool Head Europe\" \/>\n<meta property=\"article:modified_time\" content=\"2026-02-08T04:50:32+00:00\" \/>\n<meta property=\"og:image\" content=\"http:\/\/www.coolheadeurope.com\/wp-content\/uploads\/2026\/02\/QR-3-CORPO_CH_LOW.png\" \/>\n\t<meta property=\"og:image:width\" content=\"269\" \/>\n\t<meta property=\"og:image:height\" content=\"567\" \/>\n\t<meta property=\"og:image:type\" content=\"image\/png\" \/>\n<meta name=\"twitter:card\" content=\"summary_large_image\" \/>\n<meta name=\"twitter:label1\" content=\"Dur\u00e9e de lecture estim\u00e9e\" \/>\n\t<meta name=\"twitter:data1\" content=\"1 minute\" \/>\n<!-- \/ Yoast SEO plugin. -->","yoast_head_json":{"title":"QR 3 - Cool Head Europe","robots":{"index":"index","follow":"follow","max-snippet":"max-snippet:-1","max-image-preview":"max-image-preview:large","max-video-preview":"max-video-preview:-1"},"canonical":"http:\/\/www.coolheadeurope.com\/fr\/prodotto\/inox-fr\/armoires-fr\/qr-3\/","og_locale":"fr_FR","og_type":"article","og_title":"QR 3 - Cool Head Europe","og_description":"Propre et \u00e9l\u00e9gant, gr\u00e2ce au contr\u00f4leur num\u00e9rique avec interrupteur principal ind\u00e9pendant et au design caract\u00e9ristique du panneau sup\u00e9rieur et de la porte. Le mod\u00e8le QR 3 repr\u00e9sente la combinaison parfaite de la technologie et de l'expertise de production, avec une porte \u00e0 fermeture automatique pour \u00e9viter le gaspillage d'\u00e9nergie, des rails moul\u00e9s pour faciliter le processus de nettoyage, pour gagner de l'espace \u00e0 l'int\u00e9rieur de l'armoire et pour permettre aux 4 \u00e9tag\u00e8res GN 1\/1 de s\u00e9rie de supporter un poids plus \u00e9lev\u00e9 que la norme. Notre armoire r\u00e9frig\u00e9r\u00e9e est respectueuse de l'environnement et permet d'\u00e9conomiser de l'\u00e9nergie gr\u00e2ce au gaz r\u00e9frig\u00e9rant R290 \u00e9cologique et \u00e0 la mousse d'isolation de 70 mm de chaque c\u00f4t\u00e9. La lampe interne LED, la serrure standard, la porte r\u00e9versible et les pieds r\u00e9glables en hauteur (75 mm \u00e0 90 mm) contribuent \u00e0 faire de ce r\u00e9frig\u00e9rateur professionnel un produit haut de gamme.","og_url":"http:\/\/www.coolheadeurope.com\/fr\/prodotto\/inox-fr\/armoires-fr\/qr-3\/","og_site_name":"Cool Head Europe","article_modified_time":"2026-02-08T04:50:32+00:00","og_image":[{"width":269,"height":567,"url":"http:\/\/www.coolheadeurope.com\/wp-content\/uploads\/2026\/02\/QR-3-CORPO_CH_LOW.png","type":"image\/png"}],"twitter_card":"summary_large_image","twitter_misc":{"Dur\u00e9e de lecture estim\u00e9e":"1 minute"},"schema":{"@context":"https:\/\/schema.org","@graph":[{"@type":"WebPage","@id":"http:\/\/www.coolheadeurope.com\/fr\/prodotto\/inox-fr\/armoires-fr\/qr-3\/","url":"http:\/\/www.coolheadeurope.com\/fr\/prodotto\/inox-fr\/armoires-fr\/qr-3\/","name":"QR 3 - Cool Head Europe","isPartOf":{"@id":"https:\/\/www.coolheadeurope.com\/#website"},"primaryImageOfPage":{"@id":"http:\/\/www.coolheadeurope.com\/fr\/prodotto\/inox-fr\/armoires-fr\/qr-3\/#primaryimage"},"image":{"@id":"http:\/\/www.coolheadeurope.com\/fr\/prodotto\/inox-fr\/armoires-fr\/qr-3\/#primaryimage"},"thumbnailUrl":"https:\/\/www.coolheadeurope.com\/wp-content\/uploads\/2026\/04\/QR-3-CORPO_CH_LOW-561.png","datePublished":"2024-10-09T15:21:53+00:00","dateModified":"2026-02-08T04:50:32+00:00","breadcrumb":{"@id":"http:\/\/www.coolheadeurope.com\/fr\/prodotto\/inox-fr\/armoires-fr\/qr-3\/#breadcrumb"},"inLanguage":"fr-FR","potentialAction":[{"@type":"ReadAction","target":["http:\/\/www.coolheadeurope.com\/fr\/prodotto\/inox-fr\/armoires-fr\/qr-3\/"]}]},{"@type":"ImageObject","inLanguage":"fr-FR","@id":"http:\/\/www.coolheadeurope.com\/fr\/prodotto\/inox-fr\/armoires-fr\/qr-3\/#primaryimage","url":"https:\/\/www.coolheadeurope.com\/wp-content\/uploads\/2026\/04\/QR-3-CORPO_CH_LOW-561.png","contentUrl":"https:\/\/www.coolheadeurope.com\/wp-content\/uploads\/2026\/04\/QR-3-CORPO_CH_LOW-561.png","width":269,"height":567,"caption":"Immagine di QR 3"},{"@type":"BreadcrumbList","@id":"http:\/\/www.coolheadeurope.com\/fr\/prodotto\/inox-fr\/armoires-fr\/qr-3\/#breadcrumb","itemListElement":[{"@type":"ListItem","position":1,"name":"Home","item":"https:\/\/www.coolheadeurope.com\/fr\/"},{"@type":"ListItem","position":2,"name":"Rechercher","item":"https:\/\/www.coolheadeurope.com\/cerca\/"},{"@type":"ListItem","position":3,"name":"QR 3"}]},{"@type":"WebSite","@id":"https:\/\/www.coolheadeurope.com\/#website","url":"https:\/\/www.coolheadeurope.com\/","name":"Cool Head Europe","description":"We make the world a cooler place","potentialAction":[{"@type":"SearchAction","target":{"@type":"EntryPoint","urlTemplate":"https:\/\/www.coolheadeurope.com\/?s={search_term_string}"},"query-input":{"@type":"PropertyValueSpecification","valueRequired":true,"valueName":"search_term_string"}}],"inLanguage":"fr-FR"}]}},"_links":{"self":[{"href":"https:\/\/www.coolheadeurope.com\/fr\/wp-json\/wp\/v2\/product\/2958142","targetHints":{"allow":["GET"]}}],"collection":[{"href":"https:\/\/www.coolheadeurope.com\/fr\/wp-json\/wp\/v2\/product"}],"about":[{"href":"https:\/\/www.coolheadeurope.com\/fr\/wp-json\/wp\/v2\/types\/product"}],"wp:featuredmedia":[{"embeddable":true,"href":"https:\/\/www.coolheadeurope.com\/fr\/wp-json\/wp\/v2\/media\/3745444"}],"wp:attachment":[{"href":"https:\/\/www.coolheadeurope.com\/fr\/wp-json\/wp\/v2\/media?parent=2958142"}],"wp:term":[{"taxonomy":"product_brand","embeddable":true,"href":"https:\/\/www.coolheadeurope.com\/fr\/wp-json\/wp\/v2\/product_brand?post=2958142"},{"taxonomy":"product_cat","embeddable":true,"href":"https:\/\/www.coolheadeurope.com\/fr\/wp-json\/wp\/v2\/product_cat?post=2958142"},{"taxonomy":"product_tag","embeddable":true,"href":"https:\/\/www.coolheadeurope.com\/fr\/wp-json\/wp\/v2\/product_tag?post=2958142"}],"curies":[{"name":"wp","href":"https:\/\/api.w.org\/{rel}","templated":true}]}}