{"id":2958148,"date":"2024-10-09T15:44:04","date_gmt":"2024-10-09T15:44:04","guid":{"rendered":"https:\/\/www.coolheadeurope.com\/prodotto\/non%20class\u00e9\/qpn-740\/"},"modified":"2026-02-08T04:50:44","modified_gmt":"2026-02-08T04:50:44","slug":"qpn-740-2","status":"publish","type":"product","link":"https:\/\/www.coolheadeurope.com\/fr\/prodotto\/inox-fr\/armoires-fr\/qpn-740-2\/","title":{"rendered":"QPN 740"},"content":{"rendered":"<p>Cong\u00e9lateur vertical EURONORM<br \/>\nExt\u00e9rieur et int\u00e9rieur en acier inoxydable<br \/>\nRefroidissement ventil\u00e9<br \/>\nD\u00e9givrage automatique avec chauffage \u00e9lectrique<br \/>\nMoteur fabriqu\u00e9 au moyen du \u00ab Syst\u00e8me de cassettes \u00bb<br \/>\n\u00c9vaporateur trait\u00e9 anti-corrosion<br \/>\nAgent moussant : Cyclopentane (75 mm par c\u00f4t\u00e9)<br \/>\nThermostat num\u00e9rique<br \/>\nCommutateur principal r\u00e9tro-\u00e9clair\u00e9 blanc<br \/>\nAlarme du d\u00e9tecteur d\u2019ouverture de porte<br \/>\nJoint d&rsquo;\u00e9tanch\u00e9it\u00e9 amovible<br \/>\nLampe LED et serrure mont\u00e9es de s\u00e9rie<br \/>\nPorte: \u00e0 fermeture automatique et porte r\u00e9versible mont\u00e9e de s\u00e9rie<br \/>\nEnsemble de 10 glissi\u00e8res pour plateaux de boulangerie 600 X 400<br \/>\nPieds r\u00e9glables S\/S N\u00b0 4 &#8211; (Roulettes verrouillable en option)<br \/>\nClasse \u00e9nerg\u00e9tique: D<\/p>\n","protected":false},"excerpt":{"rendered":"<p>Propre et \u00e9l\u00e9gant, gr\u00e2ce au thermostat digital et au design caract\u00e9ristique du panneau sup\u00e9rieur et de la porte, ce mod\u00e8le a \u00e9t\u00e9 con\u00e7u pour r\u00e9pondre aux besoins de stockage des produits semi-finis et des pr\u00e9parations p\u00e2tissi\u00e8res. La gamme QPN repr\u00e9sente la combinaison parfaite de la technologie, de l&rsquo;expertise de production et du respect de l&rsquo;environnement, avec une porte \u00e0 fermeture automatique pour \u00e9viter le gaspillage d&rsquo;\u00e9nergie, un jeu de 10 guides de plateaux 600&#215;400 pour chaque compartiment, le gaz r\u00e9frig\u00e9rant \u00e9cologique R600a et une mousse isolante de 75 mm de chaque c\u00f4t\u00e9. Le thermostat digital, la lampe LED, la serrure standard, la porte r\u00e9versible et les pieds r\u00e9glables en hauteur (85 mm \u00e0 140 mm) contribuent \u00e0 faire de ce r\u00e9frig\u00e9rateur professionnel un produit haut de gamme.<\/p>\n","protected":false},"featured_media":3880851,"template":"","meta":[],"product_brand":[],"product_cat":[7397,7399],"product_tag":[],"class_list":{"0":"post-2958148","1":"product","2":"type-product","3":"status-publish","4":"has-post-thumbnail","6":"product_cat-inox-fr","7":"product_cat-armoires-fr","8":"pa_capacite-commerciale-550-l","9":"pa_consommation-denergie-7-21-kw-24h","10":"pa_hauteur-exterieure-2050-mm","11":"pa_hauteur-interieure-1435-mm","12":"pa_largeur-exterieure-700-mm","13":"pa_largeur-interne-550-mm","14":"pa_niveau-sonore-52-dba","15":"pa_poids-brut-151-kg","16":"pa_poids-net-127-kg","17":"pa_profondeur-externe-820-mm","18":"pa_profondeur-interne-685-mm","19":"pa_puissance-664-w","21":"first","22":"instock","23":"product-type-simple"},"acf":[],"yoast_head":"<!-- This site is optimized with the Yoast SEO plugin v27.2 - https:\/\/yoast.com\/product\/yoast-seo-wordpress\/ -->\n<title>QPN 740 - Cool Head Europe<\/title>\n<meta name=\"robots\" content=\"index, follow, max-snippet:-1, max-image-preview:large, max-video-preview:-1\" \/>\n<link rel=\"canonical\" href=\"https:\/\/www.coolheadeurope.com\/prodotto\/inox\/armadi\/qpn-740-2\/\" \/>\n<meta property=\"og:locale\" content=\"fr_FR\" \/>\n<meta property=\"og:type\" content=\"article\" \/>\n<meta property=\"og:title\" content=\"QPN 740 - Cool Head Europe\" \/>\n<meta property=\"og:description\" content=\"Propre et \u00e9l\u00e9gant, gr\u00e2ce au thermostat digital et au design caract\u00e9ristique du panneau sup\u00e9rieur et de la porte, ce mod\u00e8le a \u00e9t\u00e9 con\u00e7u pour r\u00e9pondre aux besoins de stockage des produits semi-finis et des pr\u00e9parations p\u00e2tissi\u00e8res. La gamme QPN repr\u00e9sente la combinaison parfaite de la technologie, de l&#039;expertise de production et du respect de l&#039;environnement, avec une porte \u00e0 fermeture automatique pour \u00e9viter le gaspillage d&#039;\u00e9nergie, un jeu de 10 guides de plateaux 600x400 pour chaque compartiment, le gaz r\u00e9frig\u00e9rant \u00e9cologique R600a et une mousse isolante de 75 mm de chaque c\u00f4t\u00e9. Le thermostat digital, la lampe LED, la serrure standard, la porte r\u00e9versible et les pieds r\u00e9glables en hauteur (85 mm \u00e0 140 mm) contribuent \u00e0 faire de ce r\u00e9frig\u00e9rateur professionnel un produit haut de gamme.\" \/>\n<meta property=\"og:url\" content=\"https:\/\/www.coolheadeurope.com\/prodotto\/inox\/armadi\/qpn-740-2\/\" \/>\n<meta property=\"og:site_name\" content=\"Cool Head Europe\" \/>\n<meta property=\"article:modified_time\" content=\"2026-02-08T04:50:44+00:00\" \/>\n<meta property=\"og:image\" content=\"https:\/\/www.coolheadeurope.com\/wp-content\/uploads\/2026\/04\/QPN-740-CORPO_CH_LOW.png\" \/>\n\t<meta property=\"og:image:width\" content=\"279\" \/>\n\t<meta property=\"og:image:height\" content=\"567\" \/>\n\t<meta property=\"og:image:type\" content=\"image\/png\" \/>\n<meta name=\"twitter:card\" content=\"summary_large_image\" \/>\n<meta name=\"twitter:label1\" content=\"Dur\u00e9e de lecture estim\u00e9e\" \/>\n\t<meta name=\"twitter:data1\" content=\"1 minute\" \/>\n<!-- \/ Yoast SEO plugin. -->","yoast_head_json":{"title":"QPN 740 - Cool Head Europe","robots":{"index":"index","follow":"follow","max-snippet":"max-snippet:-1","max-image-preview":"max-image-preview:large","max-video-preview":"max-video-preview:-1"},"canonical":"https:\/\/www.coolheadeurope.com\/prodotto\/inox\/armadi\/qpn-740-2\/","og_locale":"fr_FR","og_type":"article","og_title":"QPN 740 - Cool Head Europe","og_description":"Propre et \u00e9l\u00e9gant, gr\u00e2ce au thermostat digital et au design caract\u00e9ristique du panneau sup\u00e9rieur et de la porte, ce mod\u00e8le a \u00e9t\u00e9 con\u00e7u pour r\u00e9pondre aux besoins de stockage des produits semi-finis et des pr\u00e9parations p\u00e2tissi\u00e8res. La gamme QPN repr\u00e9sente la combinaison parfaite de la technologie, de l'expertise de production et du respect de l'environnement, avec une porte \u00e0 fermeture automatique pour \u00e9viter le gaspillage d'\u00e9nergie, un jeu de 10 guides de plateaux 600x400 pour chaque compartiment, le gaz r\u00e9frig\u00e9rant \u00e9cologique R600a et une mousse isolante de 75 mm de chaque c\u00f4t\u00e9. Le thermostat digital, la lampe LED, la serrure standard, la porte r\u00e9versible et les pieds r\u00e9glables en hauteur (85 mm \u00e0 140 mm) contribuent \u00e0 faire de ce r\u00e9frig\u00e9rateur professionnel un produit haut de gamme.","og_url":"https:\/\/www.coolheadeurope.com\/prodotto\/inox\/armadi\/qpn-740-2\/","og_site_name":"Cool Head Europe","article_modified_time":"2026-02-08T04:50:44+00:00","og_image":[{"width":279,"height":567,"url":"https:\/\/www.coolheadeurope.com\/wp-content\/uploads\/2026\/04\/QPN-740-CORPO_CH_LOW.png","type":"image\/png"}],"twitter_card":"summary_large_image","twitter_misc":{"Dur\u00e9e de lecture estim\u00e9e":"1 minute"},"schema":{"@context":"https:\/\/schema.org","@graph":[{"@type":"WebPage","@id":"https:\/\/www.coolheadeurope.com\/prodotto\/inox\/armadi\/qpn-740-2\/","url":"https:\/\/www.coolheadeurope.com\/prodotto\/inox\/armadi\/qpn-740-2\/","name":"QPN 740 - Cool Head Europe","isPartOf":{"@id":"https:\/\/www.coolheadeurope.com\/#website"},"primaryImageOfPage":{"@id":"https:\/\/www.coolheadeurope.com\/prodotto\/inox\/armadi\/qpn-740-2\/#primaryimage"},"image":{"@id":"https:\/\/www.coolheadeurope.com\/prodotto\/inox\/armadi\/qpn-740-2\/#primaryimage"},"thumbnailUrl":"https:\/\/www.coolheadeurope.com\/wp-content\/uploads\/2026\/04\/QPN-740-CORPO_CH_LOW.png","datePublished":"2024-10-09T15:44:04+00:00","dateModified":"2026-02-08T04:50:44+00:00","breadcrumb":{"@id":"https:\/\/www.coolheadeurope.com\/prodotto\/inox\/armadi\/qpn-740-2\/#breadcrumb"},"inLanguage":"fr-FR","potentialAction":[{"@type":"ReadAction","target":["https:\/\/www.coolheadeurope.com\/prodotto\/inox\/armadi\/qpn-740-2\/"]}]},{"@type":"ImageObject","inLanguage":"fr-FR","@id":"https:\/\/www.coolheadeurope.com\/prodotto\/inox\/armadi\/qpn-740-2\/#primaryimage","url":"https:\/\/www.coolheadeurope.com\/wp-content\/uploads\/2026\/04\/QPN-740-CORPO_CH_LOW.png","contentUrl":"https:\/\/www.coolheadeurope.com\/wp-content\/uploads\/2026\/04\/QPN-740-CORPO_CH_LOW.png","width":279,"height":567,"caption":"Immagine di QPN 740"},{"@type":"BreadcrumbList","@id":"https:\/\/www.coolheadeurope.com\/prodotto\/inox\/armadi\/qpn-740-2\/#breadcrumb","itemListElement":[{"@type":"ListItem","position":1,"name":"Home","item":"https:\/\/www.coolheadeurope.com\/fr\/"},{"@type":"ListItem","position":2,"name":"Rechercher","item":"https:\/\/www.coolheadeurope.com\/cerca\/"},{"@type":"ListItem","position":3,"name":"QPN 740"}]},{"@type":"WebSite","@id":"https:\/\/www.coolheadeurope.com\/#website","url":"https:\/\/www.coolheadeurope.com\/","name":"Cool Head Europe","description":"We make the world a cooler place","potentialAction":[{"@type":"SearchAction","target":{"@type":"EntryPoint","urlTemplate":"https:\/\/www.coolheadeurope.com\/?s={search_term_string}"},"query-input":{"@type":"PropertyValueSpecification","valueRequired":true,"valueName":"search_term_string"}}],"inLanguage":"fr-FR"}]}},"_links":{"self":[{"href":"https:\/\/www.coolheadeurope.com\/fr\/wp-json\/wp\/v2\/product\/2958148","targetHints":{"allow":["GET"]}}],"collection":[{"href":"https:\/\/www.coolheadeurope.com\/fr\/wp-json\/wp\/v2\/product"}],"about":[{"href":"https:\/\/www.coolheadeurope.com\/fr\/wp-json\/wp\/v2\/types\/product"}],"wp:featuredmedia":[{"embeddable":true,"href":"https:\/\/www.coolheadeurope.com\/fr\/wp-json\/wp\/v2\/media\/3880851"}],"wp:attachment":[{"href":"https:\/\/www.coolheadeurope.com\/fr\/wp-json\/wp\/v2\/media?parent=2958148"}],"wp:term":[{"taxonomy":"product_brand","embeddable":true,"href":"https:\/\/www.coolheadeurope.com\/fr\/wp-json\/wp\/v2\/product_brand?post=2958148"},{"taxonomy":"product_cat","embeddable":true,"href":"https:\/\/www.coolheadeurope.com\/fr\/wp-json\/wp\/v2\/product_cat?post=2958148"},{"taxonomy":"product_tag","embeddable":true,"href":"https:\/\/www.coolheadeurope.com\/fr\/wp-json\/wp\/v2\/product_tag?post=2958148"}],"curies":[{"name":"wp","href":"https:\/\/api.w.org\/{rel}","templated":true}]}}