{"id":2958151,"date":"2024-10-09T15:44:04","date_gmt":"2024-10-09T15:44:04","guid":{"rendered":"https:\/\/www.coolheadeurope.com\/prodotto\/non%20class\u00e9\/pa-800bt\/"},"modified":"2026-02-08T04:50:50","modified_gmt":"2026-02-08T04:50:50","slug":"pa-800bt","status":"publish","type":"product","link":"https:\/\/www.coolheadeurope.com\/fr\/prodotto\/inox-fr\/armoires-fr\/pa-800bt\/","title":{"rendered":"PA 800BT"},"content":{"rendered":"<p>Cong\u00e9lateur vertical EURONORM<br \/>\nExt\u00e9rieur et int\u00e9rieur en acier inoxydable<br \/>\nRefroidissement ventil\u00e9<br \/>\n\u00c9vaporateur trait\u00e9 anti-corrosion<br \/>\nD\u00e9givrage automatique avec chauffage \u00e9lectrique<br \/>\nAgent moussant : Cyclopentane (60 mm par c\u00f4t\u00e9)<br \/>\nThermostat num\u00e9rique<br \/>\nJoint d&rsquo;\u00e9tanch\u00e9it\u00e9 amovible<br \/>\nLampe LED et serrure mont\u00e9es de s\u00e9rie<br \/>\nPorte: \u00e0 fermeture automatique et porte r\u00e9versible mont\u00e9e de s\u00e9rie<br \/>\nEnsemble de 10 glissi\u00e8res pour plateaux de boulangerie 600 X 800<br \/>\nPieds r\u00e9glables S\/S N\u00b0 4 &#8211; (Roulettes verrouillable en option)<br \/>\nClasse \u00e9nerg\u00e9tique: E<\/p>\n","protected":false},"excerpt":{"rendered":"<p>R\u00e9frig\u00e9rateur professionnel au design \u00e9pur\u00e9, con\u00e7u pour r\u00e9pondre aux besoins de stockage des produits semi-finis et des pr\u00e9parations p\u00e2tissi\u00e8res. Le PA 800BT est un mod\u00e8le \u00e9quip\u00e9 d&rsquo;un thermostat num\u00e9rique et d&rsquo;un interrupteur principal ind\u00e9pendant, d&rsquo;une porte \u00e0 fermeture automatique et r\u00e9versible, d&rsquo;une lampe LED, d&rsquo;une serrure standard, d&rsquo;un jeu de 10 rails pour plateaux 600&#215;800 et de pieds r\u00e9glables en hauteur (de 125 mm \u00e0 185 mm). Les performances \u00e9lev\u00e9es de ce produit sont obtenues gr\u00e2ce \u00e0 l&rsquo;utilisation du gaz r\u00e9frig\u00e9rant \u00e9cologique R290, d&rsquo;un syst\u00e8me de refroidissement ventil\u00e9, d&rsquo;un \u00e9vaporateur avec traitement anticorrosion et d&rsquo;une mousse d&rsquo;isolation de 60 mm de chaque c\u00f4t\u00e9.<\/p>\n","protected":false},"featured_media":3880854,"template":"","meta":[],"product_brand":[],"product_cat":[7397,7399],"product_tag":[],"class_list":{"0":"post-2958151","1":"product","2":"type-product","3":"status-publish","4":"has-post-thumbnail","6":"product_cat-inox-fr","7":"product_cat-armoires-fr","8":"pa_capacite-commerciale-800-l","9":"pa_consommation-denergie-11-2-kw-24h","10":"pa_hauteur-exterieure-2010-mm","11":"pa_hauteur-interieure-1396-mm","12":"pa_largeur-exterieure-740-mm","13":"pa_largeur-interne-624-mm","14":"pa_niveau-sonore-40-dba","15":"pa_poids-brut-146-kg","16":"pa_poids-net-134-kg","17":"pa_profondeur-externe-990-mm","18":"pa_profondeur-interne-860-mm","19":"pa_puissance-500-w","21":"first","22":"instock","23":"product-type-simple"},"acf":[],"yoast_head":"<!-- This site is optimized with the Yoast SEO plugin v27.2 - https:\/\/yoast.com\/product\/yoast-seo-wordpress\/ -->\n<title>PA 800BT - Cool Head Europe<\/title>\n<meta name=\"robots\" content=\"index, follow, max-snippet:-1, max-image-preview:large, max-video-preview:-1\" \/>\n<link rel=\"canonical\" href=\"https:\/\/www.coolheadeurope.com\/prodotto\/inox\/armadi\/pa-800bt\/\" \/>\n<meta property=\"og:locale\" content=\"fr_FR\" \/>\n<meta property=\"og:type\" content=\"article\" \/>\n<meta property=\"og:title\" content=\"PA 800BT - Cool Head Europe\" \/>\n<meta property=\"og:description\" content=\"R\u00e9frig\u00e9rateur professionnel au design \u00e9pur\u00e9, con\u00e7u pour r\u00e9pondre aux besoins de stockage des produits semi-finis et des pr\u00e9parations p\u00e2tissi\u00e8res. Le PA 800BT est un mod\u00e8le \u00e9quip\u00e9 d&#039;un thermostat num\u00e9rique et d&#039;un interrupteur principal ind\u00e9pendant, d&#039;une porte \u00e0 fermeture automatique et r\u00e9versible, d&#039;une lampe LED, d&#039;une serrure standard, d&#039;un jeu de 10 rails pour plateaux 600x800 et de pieds r\u00e9glables en hauteur (de 125 mm \u00e0 185 mm). Les performances \u00e9lev\u00e9es de ce produit sont obtenues gr\u00e2ce \u00e0 l&#039;utilisation du gaz r\u00e9frig\u00e9rant \u00e9cologique R290, d&#039;un syst\u00e8me de refroidissement ventil\u00e9, d&#039;un \u00e9vaporateur avec traitement anticorrosion et d&#039;une mousse d&#039;isolation de 60 mm de chaque c\u00f4t\u00e9.\" \/>\n<meta property=\"og:url\" content=\"https:\/\/www.coolheadeurope.com\/prodotto\/inox\/armadi\/pa-800bt\/\" \/>\n<meta property=\"og:site_name\" content=\"Cool Head Europe\" \/>\n<meta property=\"article:modified_time\" content=\"2026-02-08T04:50:50+00:00\" \/>\n<meta property=\"og:image\" content=\"https:\/\/www.coolheadeurope.com\/wp-content\/uploads\/2026\/04\/PA-800BT-CORPO_CH_LOW.png\" \/>\n\t<meta property=\"og:image:width\" content=\"309\" \/>\n\t<meta property=\"og:image:height\" content=\"567\" \/>\n\t<meta property=\"og:image:type\" content=\"image\/png\" \/>\n<meta name=\"twitter:card\" content=\"summary_large_image\" \/>\n<!-- \/ Yoast SEO plugin. -->","yoast_head_json":{"title":"PA 800BT - Cool Head Europe","robots":{"index":"index","follow":"follow","max-snippet":"max-snippet:-1","max-image-preview":"max-image-preview:large","max-video-preview":"max-video-preview:-1"},"canonical":"https:\/\/www.coolheadeurope.com\/prodotto\/inox\/armadi\/pa-800bt\/","og_locale":"fr_FR","og_type":"article","og_title":"PA 800BT - Cool Head Europe","og_description":"R\u00e9frig\u00e9rateur professionnel au design \u00e9pur\u00e9, con\u00e7u pour r\u00e9pondre aux besoins de stockage des produits semi-finis et des pr\u00e9parations p\u00e2tissi\u00e8res. Le PA 800BT est un mod\u00e8le \u00e9quip\u00e9 d'un thermostat num\u00e9rique et d'un interrupteur principal ind\u00e9pendant, d'une porte \u00e0 fermeture automatique et r\u00e9versible, d'une lampe LED, d'une serrure standard, d'un jeu de 10 rails pour plateaux 600x800 et de pieds r\u00e9glables en hauteur (de 125 mm \u00e0 185 mm). Les performances \u00e9lev\u00e9es de ce produit sont obtenues gr\u00e2ce \u00e0 l'utilisation du gaz r\u00e9frig\u00e9rant \u00e9cologique R290, d'un syst\u00e8me de refroidissement ventil\u00e9, d'un \u00e9vaporateur avec traitement anticorrosion et d'une mousse d'isolation de 60 mm de chaque c\u00f4t\u00e9.","og_url":"https:\/\/www.coolheadeurope.com\/prodotto\/inox\/armadi\/pa-800bt\/","og_site_name":"Cool Head Europe","article_modified_time":"2026-02-08T04:50:50+00:00","og_image":[{"width":309,"height":567,"url":"https:\/\/www.coolheadeurope.com\/wp-content\/uploads\/2026\/04\/PA-800BT-CORPO_CH_LOW.png","type":"image\/png"}],"twitter_card":"summary_large_image","schema":{"@context":"https:\/\/schema.org","@graph":[{"@type":"WebPage","@id":"https:\/\/www.coolheadeurope.com\/prodotto\/inox\/armadi\/pa-800bt\/","url":"https:\/\/www.coolheadeurope.com\/prodotto\/inox\/armadi\/pa-800bt\/","name":"PA 800BT - Cool Head Europe","isPartOf":{"@id":"https:\/\/www.coolheadeurope.com\/#website"},"primaryImageOfPage":{"@id":"https:\/\/www.coolheadeurope.com\/prodotto\/inox\/armadi\/pa-800bt\/#primaryimage"},"image":{"@id":"https:\/\/www.coolheadeurope.com\/prodotto\/inox\/armadi\/pa-800bt\/#primaryimage"},"thumbnailUrl":"https:\/\/www.coolheadeurope.com\/wp-content\/uploads\/2026\/04\/PA-800BT-CORPO_CH_LOW.png","datePublished":"2024-10-09T15:44:04+00:00","dateModified":"2026-02-08T04:50:50+00:00","breadcrumb":{"@id":"https:\/\/www.coolheadeurope.com\/prodotto\/inox\/armadi\/pa-800bt\/#breadcrumb"},"inLanguage":"fr-FR","potentialAction":[{"@type":"ReadAction","target":["https:\/\/www.coolheadeurope.com\/prodotto\/inox\/armadi\/pa-800bt\/"]}]},{"@type":"ImageObject","inLanguage":"fr-FR","@id":"https:\/\/www.coolheadeurope.com\/prodotto\/inox\/armadi\/pa-800bt\/#primaryimage","url":"https:\/\/www.coolheadeurope.com\/wp-content\/uploads\/2026\/04\/PA-800BT-CORPO_CH_LOW.png","contentUrl":"https:\/\/www.coolheadeurope.com\/wp-content\/uploads\/2026\/04\/PA-800BT-CORPO_CH_LOW.png","width":309,"height":567,"caption":"Immagine di PA 800BT"},{"@type":"BreadcrumbList","@id":"https:\/\/www.coolheadeurope.com\/prodotto\/inox\/armadi\/pa-800bt\/#breadcrumb","itemListElement":[{"@type":"ListItem","position":1,"name":"Home","item":"https:\/\/www.coolheadeurope.com\/fr\/"},{"@type":"ListItem","position":2,"name":"Rechercher","item":"https:\/\/www.coolheadeurope.com\/cerca\/"},{"@type":"ListItem","position":3,"name":"PA 800BT"}]},{"@type":"WebSite","@id":"https:\/\/www.coolheadeurope.com\/#website","url":"https:\/\/www.coolheadeurope.com\/","name":"Cool Head Europe","description":"We make the world a cooler place","potentialAction":[{"@type":"SearchAction","target":{"@type":"EntryPoint","urlTemplate":"https:\/\/www.coolheadeurope.com\/?s={search_term_string}"},"query-input":{"@type":"PropertyValueSpecification","valueRequired":true,"valueName":"search_term_string"}}],"inLanguage":"fr-FR"}]}},"_links":{"self":[{"href":"https:\/\/www.coolheadeurope.com\/fr\/wp-json\/wp\/v2\/product\/2958151","targetHints":{"allow":["GET"]}}],"collection":[{"href":"https:\/\/www.coolheadeurope.com\/fr\/wp-json\/wp\/v2\/product"}],"about":[{"href":"https:\/\/www.coolheadeurope.com\/fr\/wp-json\/wp\/v2\/types\/product"}],"wp:featuredmedia":[{"embeddable":true,"href":"https:\/\/www.coolheadeurope.com\/fr\/wp-json\/wp\/v2\/media\/3880854"}],"wp:attachment":[{"href":"https:\/\/www.coolheadeurope.com\/fr\/wp-json\/wp\/v2\/media?parent=2958151"}],"wp:term":[{"taxonomy":"product_brand","embeddable":true,"href":"https:\/\/www.coolheadeurope.com\/fr\/wp-json\/wp\/v2\/product_brand?post=2958151"},{"taxonomy":"product_cat","embeddable":true,"href":"https:\/\/www.coolheadeurope.com\/fr\/wp-json\/wp\/v2\/product_cat?post=2958151"},{"taxonomy":"product_tag","embeddable":true,"href":"https:\/\/www.coolheadeurope.com\/fr\/wp-json\/wp\/v2\/product_tag?post=2958151"}],"curies":[{"name":"wp","href":"https:\/\/api.w.org\/{rel}","templated":true}]}}