{"id":2958153,"date":"2024-10-09T16:08:58","date_gmt":"2024-10-09T16:08:58","guid":{"rendered":"https:\/\/www.coolheadeurope.com\/prodotto\/non%20class\u00e9\/gex-688v\/"},"modified":"2026-02-08T04:50:53","modified_gmt":"2026-02-08T04:50:53","slug":"gex-688v","status":"publish","type":"product","link":"https:\/\/www.coolheadeurope.com\/fr\/prodotto\/inox-fr\/armoires-fr\/gex-688v\/","title":{"rendered":"GEX 688V"},"content":{"rendered":"<p>Cong\u00e9lateur vertical GN2\/1<br \/>\nExt\u00e9rieur et int\u00e9rieur en acier inoxydable<br \/>\nRefroidissement ventil\u00e9<br \/>\n\u00c9vaporateur et condensateur anticorrosion-trait\u00e9s<br \/>\nCompartiment moteur en bas (pour faciliter le stockage des produits \u00e0 l&rsquo;int\u00e9rieur de la chambre)<br \/>\nCycle de d\u00e9givrage au gaz chaud<br \/>\nThermostat num\u00e9rique avec \u00ab\u00a0ouverture de porte \u00bb et alarme de temp\u00e9rature \u00e9lev\u00e9e (Hi)<br \/>\nAgent moussant: Cyclopentane (80 mm)<br \/>\nJoint d&rsquo;\u00e9tanch\u00e9it\u00e9 amovible<br \/>\nLampe LED et serrure mont\u00e9es de s\u00e9rie<br \/>\nPorte: \u00e0 fermeture automatique et porte r\u00e9versible mont\u00e9e de s\u00e9rie<br \/>\nClayettes r\u00e9glables GN2\/1: 9 Pcs<br \/>\nAnti-condensation  \u00ab\u00a0disjoncteur thermique \u00a0\u00bb sur le cadre du corps (syst\u00e8me de tuyau chaud)<br \/>\nBacs \u00e0 cr\u00e8me glac\u00e9e GN 1\/3 (Profondeur : 150 mm) capacit\u00e9 : 30 pi\u00e8ces<br \/>\nBacs \u00e0 cr\u00e8me glac\u00e9e 360x165x120mm (5 litres) capacit\u00e9: 40 pi\u00e8ces<br \/>\nPieds r\u00e9glables N\u00b0 4 \/ Roulettes avec frein (En option)<br \/>\nClasse \u00e9nerg\u00e9tique: D<\/p>\n","protected":false},"excerpt":{"rendered":"<p>Ce cong\u00e9lateur professionnel dot\u00e9 d&rsquo;un moteur en bas pour faciliter les op\u00e9rations de stockage quotidiennes a \u00e9t\u00e9 con\u00e7u pour r\u00e9pondre aux besoins de stockage des produits glac\u00e9s semi-finis et pr\u00e9par\u00e9s, avec une capacit\u00e9 de 46 bacs \u00e0 glace GN 1\/3 (150 mm de profondeur) ou 58 bacs \u00e0 glace 360x165X120 (5 litres) non inclus. Dot\u00e9e d&rsquo;un ext\u00e9rieur et d&rsquo;un int\u00e9rieur en acier inoxydable, la GEX 688V repr\u00e9sente la combinaison parfaite du design, de la technologie, de l&rsquo;expertise en mati\u00e8re de production et du respect de l&rsquo;environnement. Equip\u00e9 d&rsquo;une poign\u00e9e en mousse dans la porte, d&rsquo;un thermostat digital, d&rsquo;une alarme &lsquo;High Temperature&rsquo;, de 10 clayettes GN2\/1 r\u00e9glables, d&rsquo;un syst\u00e8me de r\u00e9frig\u00e9ration ventil\u00e9, du gaz r\u00e9frig\u00e9rant \u00e9cologique R290 et d&rsquo;une mousse d&rsquo;isolation de 80 mm de chaque c\u00f4t\u00e9 pour une \u00e9conomie d&rsquo;\u00e9nergie optimale. La lampe interne verticale \u00e0 LED, la serrure standard, le filtre amovible et la porte r\u00e9versible \u00e0 fermeture automatique contribuent \u00e0 faire de ce cong\u00e9lateur professionnel un produit haut de gamme.<\/p>\n","protected":false},"featured_media":3880861,"template":"","meta":[],"product_brand":[],"product_cat":[7397,7399],"product_tag":[],"class_list":{"0":"post-2958153","1":"product","2":"type-product","3":"status-publish","4":"has-post-thumbnail","6":"product_cat-inox-fr","7":"product_cat-armoires-fr","8":"pa_capacite-commerciale-600-l","9":"pa_consommation-denergie-6-381-kw-24h","10":"pa_hauteur-exterieure-2025-mm","11":"pa_hauteur-interieure-1430-mm","12":"pa_largeur-exterieure-740-mm","13":"pa_largeur-interne-580-mm","14":"pa_niveau-sonore-48-dba","15":"pa_poids-brut-161-kg","16":"pa_poids-net-150-kg","17":"pa_profondeur-externe-880-mm","18":"pa_profondeur-interne-710-mm","19":"pa_puissance-420-w","21":"first","22":"instock","23":"product-type-simple"},"acf":[],"yoast_head":"<!-- This site is optimized with the Yoast SEO plugin v27.2 - https:\/\/yoast.com\/product\/yoast-seo-wordpress\/ -->\n<title>GEX 688V - Cool Head Europe<\/title>\n<meta name=\"robots\" content=\"index, follow, max-snippet:-1, max-image-preview:large, max-video-preview:-1\" \/>\n<link rel=\"canonical\" href=\"https:\/\/www.coolheadeurope.com\/prodotto\/inox\/armadi\/gex-688v\/\" \/>\n<meta property=\"og:locale\" content=\"fr_FR\" \/>\n<meta property=\"og:type\" content=\"article\" \/>\n<meta property=\"og:title\" content=\"GEX 688V - Cool Head Europe\" \/>\n<meta property=\"og:description\" content=\"Ce cong\u00e9lateur professionnel dot\u00e9 d&#039;un moteur en bas pour faciliter les op\u00e9rations de stockage quotidiennes a \u00e9t\u00e9 con\u00e7u pour r\u00e9pondre aux besoins de stockage des produits glac\u00e9s semi-finis et pr\u00e9par\u00e9s, avec une capacit\u00e9 de 46 bacs \u00e0 glace GN 1\/3 (150 mm de profondeur) ou 58 bacs \u00e0 glace 360x165X120 (5 litres) non inclus. Dot\u00e9e d&#039;un ext\u00e9rieur et d&#039;un int\u00e9rieur en acier inoxydable, la GEX 688V repr\u00e9sente la combinaison parfaite du design, de la technologie, de l&#039;expertise en mati\u00e8re de production et du respect de l&#039;environnement. Equip\u00e9 d&#039;une poign\u00e9e en mousse dans la porte, d&#039;un thermostat digital, d&#039;une alarme &#039;High Temperature&#039;, de 10 clayettes GN2\/1 r\u00e9glables, d&#039;un syst\u00e8me de r\u00e9frig\u00e9ration ventil\u00e9, du gaz r\u00e9frig\u00e9rant \u00e9cologique R290 et d&#039;une mousse d&#039;isolation de 80 mm de chaque c\u00f4t\u00e9 pour une \u00e9conomie d&#039;\u00e9nergie optimale. La lampe interne verticale \u00e0 LED, la serrure standard, le filtre amovible et la porte r\u00e9versible \u00e0 fermeture automatique contribuent \u00e0 faire de ce cong\u00e9lateur professionnel un produit haut de gamme.\" \/>\n<meta property=\"og:url\" content=\"https:\/\/www.coolheadeurope.com\/prodotto\/inox\/armadi\/gex-688v\/\" \/>\n<meta property=\"og:site_name\" content=\"Cool Head Europe\" \/>\n<meta property=\"article:modified_time\" content=\"2026-02-08T04:50:53+00:00\" \/>\n<meta property=\"og:image\" content=\"https:\/\/www.coolheadeurope.com\/wp-content\/uploads\/2026\/04\/GEX-688V-CORPO_CH_LOW.png\" \/>\n\t<meta property=\"og:image:width\" content=\"415\" \/>\n\t<meta property=\"og:image:height\" content=\"567\" \/>\n\t<meta property=\"og:image:type\" content=\"image\/png\" \/>\n<meta name=\"twitter:card\" content=\"summary_large_image\" \/>\n<meta name=\"twitter:label1\" content=\"Dur\u00e9e de lecture estim\u00e9e\" \/>\n\t<meta name=\"twitter:data1\" content=\"1 minute\" \/>\n<!-- \/ Yoast SEO plugin. -->","yoast_head_json":{"title":"GEX 688V - Cool Head Europe","robots":{"index":"index","follow":"follow","max-snippet":"max-snippet:-1","max-image-preview":"max-image-preview:large","max-video-preview":"max-video-preview:-1"},"canonical":"https:\/\/www.coolheadeurope.com\/prodotto\/inox\/armadi\/gex-688v\/","og_locale":"fr_FR","og_type":"article","og_title":"GEX 688V - Cool Head Europe","og_description":"Ce cong\u00e9lateur professionnel dot\u00e9 d'un moteur en bas pour faciliter les op\u00e9rations de stockage quotidiennes a \u00e9t\u00e9 con\u00e7u pour r\u00e9pondre aux besoins de stockage des produits glac\u00e9s semi-finis et pr\u00e9par\u00e9s, avec une capacit\u00e9 de 46 bacs \u00e0 glace GN 1\/3 (150 mm de profondeur) ou 58 bacs \u00e0 glace 360x165X120 (5 litres) non inclus. Dot\u00e9e d'un ext\u00e9rieur et d'un int\u00e9rieur en acier inoxydable, la GEX 688V repr\u00e9sente la combinaison parfaite du design, de la technologie, de l'expertise en mati\u00e8re de production et du respect de l'environnement. Equip\u00e9 d'une poign\u00e9e en mousse dans la porte, d'un thermostat digital, d'une alarme 'High Temperature', de 10 clayettes GN2\/1 r\u00e9glables, d'un syst\u00e8me de r\u00e9frig\u00e9ration ventil\u00e9, du gaz r\u00e9frig\u00e9rant \u00e9cologique R290 et d'une mousse d'isolation de 80 mm de chaque c\u00f4t\u00e9 pour une \u00e9conomie d'\u00e9nergie optimale. La lampe interne verticale \u00e0 LED, la serrure standard, le filtre amovible et la porte r\u00e9versible \u00e0 fermeture automatique contribuent \u00e0 faire de ce cong\u00e9lateur professionnel un produit haut de gamme.","og_url":"https:\/\/www.coolheadeurope.com\/prodotto\/inox\/armadi\/gex-688v\/","og_site_name":"Cool Head Europe","article_modified_time":"2026-02-08T04:50:53+00:00","og_image":[{"width":415,"height":567,"url":"https:\/\/www.coolheadeurope.com\/wp-content\/uploads\/2026\/04\/GEX-688V-CORPO_CH_LOW.png","type":"image\/png"}],"twitter_card":"summary_large_image","twitter_misc":{"Dur\u00e9e de lecture estim\u00e9e":"1 minute"},"schema":{"@context":"https:\/\/schema.org","@graph":[{"@type":"WebPage","@id":"https:\/\/www.coolheadeurope.com\/prodotto\/inox\/armadi\/gex-688v\/","url":"https:\/\/www.coolheadeurope.com\/prodotto\/inox\/armadi\/gex-688v\/","name":"GEX 688V - Cool Head Europe","isPartOf":{"@id":"https:\/\/www.coolheadeurope.com\/#website"},"primaryImageOfPage":{"@id":"https:\/\/www.coolheadeurope.com\/prodotto\/inox\/armadi\/gex-688v\/#primaryimage"},"image":{"@id":"https:\/\/www.coolheadeurope.com\/prodotto\/inox\/armadi\/gex-688v\/#primaryimage"},"thumbnailUrl":"https:\/\/www.coolheadeurope.com\/wp-content\/uploads\/2026\/04\/GEX-688V-CORPO_CH_LOW.png","datePublished":"2024-10-09T16:08:58+00:00","dateModified":"2026-02-08T04:50:53+00:00","breadcrumb":{"@id":"https:\/\/www.coolheadeurope.com\/prodotto\/inox\/armadi\/gex-688v\/#breadcrumb"},"inLanguage":"fr-FR","potentialAction":[{"@type":"ReadAction","target":["https:\/\/www.coolheadeurope.com\/prodotto\/inox\/armadi\/gex-688v\/"]}]},{"@type":"ImageObject","inLanguage":"fr-FR","@id":"https:\/\/www.coolheadeurope.com\/prodotto\/inox\/armadi\/gex-688v\/#primaryimage","url":"https:\/\/www.coolheadeurope.com\/wp-content\/uploads\/2026\/04\/GEX-688V-CORPO_CH_LOW.png","contentUrl":"https:\/\/www.coolheadeurope.com\/wp-content\/uploads\/2026\/04\/GEX-688V-CORPO_CH_LOW.png","width":415,"height":567,"caption":"Immagine di GEX 688V"},{"@type":"BreadcrumbList","@id":"https:\/\/www.coolheadeurope.com\/prodotto\/inox\/armadi\/gex-688v\/#breadcrumb","itemListElement":[{"@type":"ListItem","position":1,"name":"Home","item":"https:\/\/www.coolheadeurope.com\/fr\/"},{"@type":"ListItem","position":2,"name":"Rechercher","item":"https:\/\/www.coolheadeurope.com\/cerca\/"},{"@type":"ListItem","position":3,"name":"GEX 688V"}]},{"@type":"WebSite","@id":"https:\/\/www.coolheadeurope.com\/#website","url":"https:\/\/www.coolheadeurope.com\/","name":"Cool Head Europe","description":"We make the world a cooler place","potentialAction":[{"@type":"SearchAction","target":{"@type":"EntryPoint","urlTemplate":"https:\/\/www.coolheadeurope.com\/?s={search_term_string}"},"query-input":{"@type":"PropertyValueSpecification","valueRequired":true,"valueName":"search_term_string"}}],"inLanguage":"fr-FR"}]}},"_links":{"self":[{"href":"https:\/\/www.coolheadeurope.com\/fr\/wp-json\/wp\/v2\/product\/2958153","targetHints":{"allow":["GET"]}}],"collection":[{"href":"https:\/\/www.coolheadeurope.com\/fr\/wp-json\/wp\/v2\/product"}],"about":[{"href":"https:\/\/www.coolheadeurope.com\/fr\/wp-json\/wp\/v2\/types\/product"}],"wp:featuredmedia":[{"embeddable":true,"href":"https:\/\/www.coolheadeurope.com\/fr\/wp-json\/wp\/v2\/media\/3880861"}],"wp:attachment":[{"href":"https:\/\/www.coolheadeurope.com\/fr\/wp-json\/wp\/v2\/media?parent=2958153"}],"wp:term":[{"taxonomy":"product_brand","embeddable":true,"href":"https:\/\/www.coolheadeurope.com\/fr\/wp-json\/wp\/v2\/product_brand?post=2958153"},{"taxonomy":"product_cat","embeddable":true,"href":"https:\/\/www.coolheadeurope.com\/fr\/wp-json\/wp\/v2\/product_cat?post=2958153"},{"taxonomy":"product_tag","embeddable":true,"href":"https:\/\/www.coolheadeurope.com\/fr\/wp-json\/wp\/v2\/product_tag?post=2958153"}],"curies":[{"name":"wp","href":"https:\/\/api.w.org\/{rel}","templated":true}]}}