{"id":2958154,"date":"2024-10-09T16:08:58","date_gmt":"2024-10-09T16:08:58","guid":{"rendered":"https:\/\/www.coolheadeurope.com\/prodotto\/non%20class\u00e9\/qrx-688fh\/"},"modified":"2026-02-08T04:50:55","modified_gmt":"2026-02-08T04:50:55","slug":"qrx-688fh","status":"publish","type":"product","link":"https:\/\/www.coolheadeurope.com\/fr\/prodotto\/inox-fr\/armoires-fr\/qrx-688fh\/","title":{"rendered":"QRX 688FH"},"content":{"rendered":"<p>R\u00e9frig\u00e9rateur vertical GN2\/1 (POISSONS)<br \/>\nExt\u00e9rieur et int\u00e9rieur en acier inoxydable<br \/>\nRefroidissement statique avec un syst\u00e8me de refroidissement assist\u00e9 par ventilateur<br \/>\nCondensateur anticorrosion-trait\u00e9s<br \/>\nCompartiment moteur en bas (pour faciliter le stockage des produits \u00e0 l&rsquo;int\u00e9rieur de la chambre)<br \/>\nCycle de d\u00e9givrage automatique par arr\u00eat du compresseur<br \/>\nThermostat num\u00e9rique avec \u00ab\u00a0ouverture de porte \u00bb et alarme de temp\u00e9rature \u00e9lev\u00e9e (Hi)<br \/>\nAgent moussant: Cyclopentane (80 mm)<br \/>\nJoint d&rsquo;\u00e9tanch\u00e9it\u00e9 amovible<br \/>\nLampe LED et serrure mont\u00e9es de s\u00e9rie<br \/>\nPorte: \u00e0 fermeture automatique et porte r\u00e9versible mont\u00e9e de s\u00e9rie<br \/>\nCuves N\u00b0 8 dot\u00e9es de \u00ab\u00a0plateaux d&rsquo;\u00e9gouttement pour poissons\u00a0\u00bb en acier inoxydable comprises<br \/>\nAnti-condensation  \u00ab\u00a0disjoncteur thermique \u00a0\u00bb sur le cadre du corps<br \/>\nPieds r\u00e9glables N\u00b0 4 &#8211; Pieds S\/S ou roulettes avec frein (En option)<br \/>\nClasse \u00e9nerg\u00e9tique: D<\/p>\n","protected":false},"excerpt":{"rendered":"<p>Ce r\u00e9frig\u00e9rateur professionnel en acier inoxydable, dot\u00e9 d&rsquo;un moteur en bas pour faciliter le stockage quotidien, a \u00e9t\u00e9 sp\u00e9cialement con\u00e7u pour la conservation du poisson frais. Le mod\u00e8le QRX 688FH repr\u00e9sente la combinaison parfaite du design, de la technologie, de l&rsquo;expertise de production et de la conscience environnementale, avec une poign\u00e9e en mousse dans la porte, une alarme \u00ab\u00a0Haute temp\u00e9rature\u00a0\u00bb, 8 bacs inf\u00e9rieurs en acier inoxydable pour l&rsquo;\u00e9vacuation des eaux us\u00e9es du poisson, un trou dans le bac inf\u00e9rieur pour faciliter le nettoyage du r\u00e9frig\u00e9rateur, le gaz r\u00e9frig\u00e9rant \u00e9cologique R290 et une mousse d&rsquo;isolation de 80 mm de chaque c\u00f4t\u00e9.<br \/>\nLa lampe interne LED verticale, la serrure standard, le filtre amovible et la porte \u00e0 fermeture automatique et r\u00e9versible contribuent \u00e0 faire de ce r\u00e9frig\u00e9rateur professionnel un produit haut de gamme.<\/p>\n","protected":false},"featured_media":3880863,"template":"","meta":[],"product_brand":[],"product_cat":[7399,7397],"product_tag":[],"class_list":{"0":"post-2958154","1":"product","2":"type-product","3":"status-publish","4":"has-post-thumbnail","6":"product_cat-armoires-fr","7":"product_cat-inox-fr","8":"pa_capacite-commerciale-600-l","9":"pa_consommation-denergie-2-501-kw-24h","10":"pa_hauteur-exterieure-2025-mm","11":"pa_hauteur-interieure-1430-mm","12":"pa_largeur-exterieure-740-mm","13":"pa_largeur-interne-580-mm","14":"pa_niveau-sonore-48-dba","15":"pa_poids-brut-161-kg","16":"pa_poids-net-150-kg","17":"pa_profondeur-externe-880-mm","18":"pa_profondeur-interne-710-mm","19":"pa_puissance-350-w","21":"first","22":"instock","23":"product-type-simple"},"acf":[],"yoast_head":"<!-- This site is optimized with the Yoast SEO plugin v27.2 - https:\/\/yoast.com\/product\/yoast-seo-wordpress\/ -->\n<title>QRX 688FH - Cool Head Europe<\/title>\n<meta name=\"robots\" content=\"index, follow, max-snippet:-1, max-image-preview:large, max-video-preview:-1\" \/>\n<link rel=\"canonical\" href=\"https:\/\/www.coolheadeurope.com\/prodotto\/inox\/armadi\/qrx-688fh\/\" \/>\n<meta property=\"og:locale\" content=\"fr_FR\" \/>\n<meta property=\"og:type\" content=\"article\" \/>\n<meta property=\"og:title\" content=\"QRX 688FH - Cool Head Europe\" \/>\n<meta property=\"og:description\" content=\"Ce r\u00e9frig\u00e9rateur professionnel en acier inoxydable, dot\u00e9 d&#039;un moteur en bas pour faciliter le stockage quotidien, a \u00e9t\u00e9 sp\u00e9cialement con\u00e7u pour la conservation du poisson frais. Le mod\u00e8le QRX 688FH repr\u00e9sente la combinaison parfaite du design, de la technologie, de l&#039;expertise de production et de la conscience environnementale, avec une poign\u00e9e en mousse dans la porte, une alarme &quot;Haute temp\u00e9rature&quot;, 8 bacs inf\u00e9rieurs en acier inoxydable pour l&#039;\u00e9vacuation des eaux us\u00e9es du poisson, un trou dans le bac inf\u00e9rieur pour faciliter le nettoyage du r\u00e9frig\u00e9rateur, le gaz r\u00e9frig\u00e9rant \u00e9cologique R290 et une mousse d&#039;isolation de 80 mm de chaque c\u00f4t\u00e9. La lampe interne LED verticale, la serrure standard, le filtre amovible et la porte \u00e0 fermeture automatique et r\u00e9versible contribuent \u00e0 faire de ce r\u00e9frig\u00e9rateur professionnel un produit haut de gamme.\" \/>\n<meta property=\"og:url\" content=\"https:\/\/www.coolheadeurope.com\/prodotto\/inox\/armadi\/qrx-688fh\/\" \/>\n<meta property=\"og:site_name\" content=\"Cool Head Europe\" \/>\n<meta property=\"article:modified_time\" content=\"2026-02-08T04:50:55+00:00\" \/>\n<meta property=\"og:image\" content=\"https:\/\/www.coolheadeurope.com\/wp-content\/uploads\/2026\/04\/QRX-688FH-CORPO_CH_LOW.png\" \/>\n\t<meta property=\"og:image:width\" content=\"397\" \/>\n\t<meta property=\"og:image:height\" content=\"567\" \/>\n\t<meta property=\"og:image:type\" content=\"image\/png\" \/>\n<meta name=\"twitter:card\" content=\"summary_large_image\" \/>\n<meta name=\"twitter:label1\" content=\"Dur\u00e9e de lecture estim\u00e9e\" \/>\n\t<meta name=\"twitter:data1\" content=\"1 minute\" \/>\n<!-- \/ Yoast SEO plugin. -->","yoast_head_json":{"title":"QRX 688FH - Cool Head Europe","robots":{"index":"index","follow":"follow","max-snippet":"max-snippet:-1","max-image-preview":"max-image-preview:large","max-video-preview":"max-video-preview:-1"},"canonical":"https:\/\/www.coolheadeurope.com\/prodotto\/inox\/armadi\/qrx-688fh\/","og_locale":"fr_FR","og_type":"article","og_title":"QRX 688FH - Cool Head Europe","og_description":"Ce r\u00e9frig\u00e9rateur professionnel en acier inoxydable, dot\u00e9 d'un moteur en bas pour faciliter le stockage quotidien, a \u00e9t\u00e9 sp\u00e9cialement con\u00e7u pour la conservation du poisson frais. Le mod\u00e8le QRX 688FH repr\u00e9sente la combinaison parfaite du design, de la technologie, de l'expertise de production et de la conscience environnementale, avec une poign\u00e9e en mousse dans la porte, une alarme \"Haute temp\u00e9rature\", 8 bacs inf\u00e9rieurs en acier inoxydable pour l'\u00e9vacuation des eaux us\u00e9es du poisson, un trou dans le bac inf\u00e9rieur pour faciliter le nettoyage du r\u00e9frig\u00e9rateur, le gaz r\u00e9frig\u00e9rant \u00e9cologique R290 et une mousse d'isolation de 80 mm de chaque c\u00f4t\u00e9. La lampe interne LED verticale, la serrure standard, le filtre amovible et la porte \u00e0 fermeture automatique et r\u00e9versible contribuent \u00e0 faire de ce r\u00e9frig\u00e9rateur professionnel un produit haut de gamme.","og_url":"https:\/\/www.coolheadeurope.com\/prodotto\/inox\/armadi\/qrx-688fh\/","og_site_name":"Cool Head Europe","article_modified_time":"2026-02-08T04:50:55+00:00","og_image":[{"width":397,"height":567,"url":"https:\/\/www.coolheadeurope.com\/wp-content\/uploads\/2026\/04\/QRX-688FH-CORPO_CH_LOW.png","type":"image\/png"}],"twitter_card":"summary_large_image","twitter_misc":{"Dur\u00e9e de lecture estim\u00e9e":"1 minute"},"schema":{"@context":"https:\/\/schema.org","@graph":[{"@type":"WebPage","@id":"https:\/\/www.coolheadeurope.com\/prodotto\/inox\/armadi\/qrx-688fh\/","url":"https:\/\/www.coolheadeurope.com\/prodotto\/inox\/armadi\/qrx-688fh\/","name":"QRX 688FH - Cool Head Europe","isPartOf":{"@id":"https:\/\/www.coolheadeurope.com\/#website"},"primaryImageOfPage":{"@id":"https:\/\/www.coolheadeurope.com\/prodotto\/inox\/armadi\/qrx-688fh\/#primaryimage"},"image":{"@id":"https:\/\/www.coolheadeurope.com\/prodotto\/inox\/armadi\/qrx-688fh\/#primaryimage"},"thumbnailUrl":"https:\/\/www.coolheadeurope.com\/wp-content\/uploads\/2026\/04\/QRX-688FH-CORPO_CH_LOW.png","datePublished":"2024-10-09T16:08:58+00:00","dateModified":"2026-02-08T04:50:55+00:00","breadcrumb":{"@id":"https:\/\/www.coolheadeurope.com\/prodotto\/inox\/armadi\/qrx-688fh\/#breadcrumb"},"inLanguage":"fr-FR","potentialAction":[{"@type":"ReadAction","target":["https:\/\/www.coolheadeurope.com\/prodotto\/inox\/armadi\/qrx-688fh\/"]}]},{"@type":"ImageObject","inLanguage":"fr-FR","@id":"https:\/\/www.coolheadeurope.com\/prodotto\/inox\/armadi\/qrx-688fh\/#primaryimage","url":"https:\/\/www.coolheadeurope.com\/wp-content\/uploads\/2026\/04\/QRX-688FH-CORPO_CH_LOW.png","contentUrl":"https:\/\/www.coolheadeurope.com\/wp-content\/uploads\/2026\/04\/QRX-688FH-CORPO_CH_LOW.png","width":397,"height":567,"caption":"Immagine di QRX 688FH"},{"@type":"BreadcrumbList","@id":"https:\/\/www.coolheadeurope.com\/prodotto\/inox\/armadi\/qrx-688fh\/#breadcrumb","itemListElement":[{"@type":"ListItem","position":1,"name":"Home","item":"https:\/\/www.coolheadeurope.com\/fr\/"},{"@type":"ListItem","position":2,"name":"Rechercher","item":"https:\/\/www.coolheadeurope.com\/cerca\/"},{"@type":"ListItem","position":3,"name":"QRX 688FH"}]},{"@type":"WebSite","@id":"https:\/\/www.coolheadeurope.com\/#website","url":"https:\/\/www.coolheadeurope.com\/","name":"Cool Head Europe","description":"We make the world a cooler place","potentialAction":[{"@type":"SearchAction","target":{"@type":"EntryPoint","urlTemplate":"https:\/\/www.coolheadeurope.com\/?s={search_term_string}"},"query-input":{"@type":"PropertyValueSpecification","valueRequired":true,"valueName":"search_term_string"}}],"inLanguage":"fr-FR"}]}},"_links":{"self":[{"href":"https:\/\/www.coolheadeurope.com\/fr\/wp-json\/wp\/v2\/product\/2958154","targetHints":{"allow":["GET"]}}],"collection":[{"href":"https:\/\/www.coolheadeurope.com\/fr\/wp-json\/wp\/v2\/product"}],"about":[{"href":"https:\/\/www.coolheadeurope.com\/fr\/wp-json\/wp\/v2\/types\/product"}],"wp:featuredmedia":[{"embeddable":true,"href":"https:\/\/www.coolheadeurope.com\/fr\/wp-json\/wp\/v2\/media\/3880863"}],"wp:attachment":[{"href":"https:\/\/www.coolheadeurope.com\/fr\/wp-json\/wp\/v2\/media?parent=2958154"}],"wp:term":[{"taxonomy":"product_brand","embeddable":true,"href":"https:\/\/www.coolheadeurope.com\/fr\/wp-json\/wp\/v2\/product_brand?post=2958154"},{"taxonomy":"product_cat","embeddable":true,"href":"https:\/\/www.coolheadeurope.com\/fr\/wp-json\/wp\/v2\/product_cat?post=2958154"},{"taxonomy":"product_tag","embeddable":true,"href":"https:\/\/www.coolheadeurope.com\/fr\/wp-json\/wp\/v2\/product_tag?post=2958154"}],"curies":[{"name":"wp","href":"https:\/\/api.w.org\/{rel}","templated":true}]}}