{"id":2958156,"date":"2024-10-09T16:20:57","date_gmt":"2024-10-09T16:20:57","guid":{"rendered":"https:\/\/www.coolheadeurope.com\/prodotto\/non%20class\u00e9\/rcg-1850\/"},"modified":"2026-02-08T04:51:02","modified_gmt":"2026-02-08T04:51:02","slug":"rcg-1850","status":"publish","type":"product","link":"https:\/\/www.coolheadeurope.com\/fr\/prodotto\/inox-fr\/armoires-fr\/rcg-1850\/","title":{"rendered":"RCG 1850"},"content":{"rendered":"<p>R\u00e9frig\u00e9rateur vertical GN2\/1 (PORTE VITR\u00c9E)<br \/>\nExt\u00e9rieur et int\u00e9rieur en acier inoxydable<br \/>\nRefroidissement ventil\u00e9<br \/>\nCycle de d\u00e9givrage automatique par arr\u00eat du compresseur<br \/>\nMoteur fabriqu\u00e9 au moyen du \u00ab Syst\u00e8me de cassettes \u00bb<br \/>\nAgent moussant : Cyclopentane (75 mm par c\u00f4t\u00e9)<br \/>\nThermostat num\u00e9rique<br \/>\nJoint d&rsquo;\u00e9tanch\u00e9it\u00e9 amovible<br \/>\nLampe LED et serrure mont\u00e9es de s\u00e9rie<br \/>\nPorte \u00e0 fermeture automatique<br \/>\nClayettes r\u00e9glables GN2\/1: 12 pi\u00e8ces<br \/>\nRoues N\u00b0 6 pour positionnement facile<br \/>\nClasse \u00e9nerg\u00e9tique: E<\/p>\n","protected":false},"excerpt":{"rendered":"<p>R\u00e9frig\u00e9rateur vertical GN2\/1 (PORTE VITR\u00c9E) Ext\u00e9rieur et int\u00e9rieur en acier inoxydable Refroidissement ventil\u00e9 Cycle de d\u00e9givrage automatique par arr\u00eat du compresseur Moteur fabriqu\u00e9 au moyen du \u00ab Syst\u00e8me de cassettes \u00bb Agent moussant : Cyclopentane (75 mm par c\u00f4t\u00e9) Thermostat num\u00e9rique Joint d&rsquo;\u00e9tanch\u00e9it\u00e9 amovible Lampe LED et serrure mont\u00e9es de s\u00e9rie Porte \u00e0 fermeture automatique [&hellip;]<\/p>\n","protected":false},"featured_media":3706380,"template":"","meta":[],"product_brand":[],"product_cat":[7399,7397],"product_tag":[],"class_list":{"0":"post-2958156","1":"product","2":"type-product","3":"status-publish","4":"has-post-thumbnail","6":"product_cat-armoires-fr","7":"product_cat-inox-fr","8":"pa_capacite-commerciale-1900-l","9":"pa_consommation-denergie-6-3-kw-24h","10":"pa_hauteur-exterieure-2050-mm","11":"pa_hauteur-interieure-1435-mm","12":"pa_largeur-exterieure-2100-mm","13":"pa_largeur-interne-1950-mm","14":"pa_niveau-sonore-73-dba","15":"pa_poids-brut-300-kg","16":"pa_poids-net-267-kg","17":"pa_profondeur-externe-820-mm","18":"pa_profondeur-interne-685-mm","19":"pa_puissance-1170-w","21":"first","22":"instock","23":"product-type-simple"},"acf":[],"yoast_head":"<!-- This site is optimized with the Yoast SEO plugin v27.2 - https:\/\/yoast.com\/product\/yoast-seo-wordpress\/ -->\n<title>RCG 1850 - Cool Head Europe<\/title>\n<meta name=\"robots\" content=\"index, follow, max-snippet:-1, max-image-preview:large, max-video-preview:-1\" \/>\n<link rel=\"canonical\" href=\"https:\/\/www.coolheadeurope.com\/prodotto\/inox\/armadi\/rcg-1850\/\" \/>\n<meta property=\"og:locale\" content=\"fr_FR\" \/>\n<meta property=\"og:type\" content=\"article\" \/>\n<meta property=\"og:title\" content=\"RCG 1850 - Cool Head Europe\" \/>\n<meta property=\"og:description\" content=\"R\u00e9frig\u00e9rateur vertical GN2\/1 (PORTE VITR\u00c9E) Ext\u00e9rieur et int\u00e9rieur en acier inoxydable Refroidissement ventil\u00e9 Cycle de d\u00e9givrage automatique par arr\u00eat du compresseur Moteur fabriqu\u00e9 au moyen du \u00ab Syst\u00e8me de cassettes \u00bb Agent moussant : Cyclopentane (75 mm par c\u00f4t\u00e9) Thermostat num\u00e9rique Joint d&rsquo;\u00e9tanch\u00e9it\u00e9 amovible Lampe LED et serrure mont\u00e9es de s\u00e9rie Porte \u00e0 fermeture automatique [&hellip;]\" \/>\n<meta property=\"og:url\" content=\"https:\/\/www.coolheadeurope.com\/prodotto\/inox\/armadi\/rcg-1850\/\" \/>\n<meta property=\"og:site_name\" content=\"Cool Head Europe\" \/>\n<meta property=\"article:modified_time\" content=\"2026-02-08T04:51:02+00:00\" \/>\n<meta property=\"og:image\" content=\"https:\/\/www.coolheadeurope.com\/wp-content\/uploads\/2026\/02\/RCG-1850-CORPO_CH_LOW.png\" \/>\n\t<meta property=\"og:image:width\" content=\"567\" \/>\n\t<meta property=\"og:image:height\" content=\"532\" \/>\n\t<meta property=\"og:image:type\" content=\"image\/png\" \/>\n<meta name=\"twitter:card\" content=\"summary_large_image\" \/>\n<!-- \/ Yoast SEO plugin. -->","yoast_head_json":{"title":"RCG 1850 - Cool Head Europe","robots":{"index":"index","follow":"follow","max-snippet":"max-snippet:-1","max-image-preview":"max-image-preview:large","max-video-preview":"max-video-preview:-1"},"canonical":"https:\/\/www.coolheadeurope.com\/prodotto\/inox\/armadi\/rcg-1850\/","og_locale":"fr_FR","og_type":"article","og_title":"RCG 1850 - Cool Head Europe","og_description":"R\u00e9frig\u00e9rateur vertical GN2\/1 (PORTE VITR\u00c9E) Ext\u00e9rieur et int\u00e9rieur en acier inoxydable Refroidissement ventil\u00e9 Cycle de d\u00e9givrage automatique par arr\u00eat du compresseur Moteur fabriqu\u00e9 au moyen du \u00ab Syst\u00e8me de cassettes \u00bb Agent moussant : Cyclopentane (75 mm par c\u00f4t\u00e9) Thermostat num\u00e9rique Joint d&rsquo;\u00e9tanch\u00e9it\u00e9 amovible Lampe LED et serrure mont\u00e9es de s\u00e9rie Porte \u00e0 fermeture automatique [&hellip;]","og_url":"https:\/\/www.coolheadeurope.com\/prodotto\/inox\/armadi\/rcg-1850\/","og_site_name":"Cool Head Europe","article_modified_time":"2026-02-08T04:51:02+00:00","og_image":[{"width":567,"height":532,"url":"https:\/\/www.coolheadeurope.com\/wp-content\/uploads\/2026\/02\/RCG-1850-CORPO_CH_LOW.png","type":"image\/png"}],"twitter_card":"summary_large_image","schema":{"@context":"https:\/\/schema.org","@graph":[{"@type":"WebPage","@id":"https:\/\/www.coolheadeurope.com\/prodotto\/inox\/armadi\/rcg-1850\/","url":"https:\/\/www.coolheadeurope.com\/prodotto\/inox\/armadi\/rcg-1850\/","name":"RCG 1850 - Cool Head Europe","isPartOf":{"@id":"https:\/\/www.coolheadeurope.com\/#website"},"primaryImageOfPage":{"@id":"https:\/\/www.coolheadeurope.com\/prodotto\/inox\/armadi\/rcg-1850\/#primaryimage"},"image":{"@id":"https:\/\/www.coolheadeurope.com\/prodotto\/inox\/armadi\/rcg-1850\/#primaryimage"},"thumbnailUrl":"https:\/\/www.coolheadeurope.com\/wp-content\/uploads\/2026\/04\/RCG-1850-CORPO_CH_LOW-16.png","datePublished":"2024-10-09T16:20:57+00:00","dateModified":"2026-02-08T04:51:02+00:00","breadcrumb":{"@id":"https:\/\/www.coolheadeurope.com\/prodotto\/inox\/armadi\/rcg-1850\/#breadcrumb"},"inLanguage":"fr-FR","potentialAction":[{"@type":"ReadAction","target":["https:\/\/www.coolheadeurope.com\/prodotto\/inox\/armadi\/rcg-1850\/"]}]},{"@type":"ImageObject","inLanguage":"fr-FR","@id":"https:\/\/www.coolheadeurope.com\/prodotto\/inox\/armadi\/rcg-1850\/#primaryimage","url":"https:\/\/www.coolheadeurope.com\/wp-content\/uploads\/2026\/04\/RCG-1850-CORPO_CH_LOW-16.png","contentUrl":"https:\/\/www.coolheadeurope.com\/wp-content\/uploads\/2026\/04\/RCG-1850-CORPO_CH_LOW-16.png","width":567,"height":532,"caption":"Immagine di RCG 1850"},{"@type":"BreadcrumbList","@id":"https:\/\/www.coolheadeurope.com\/prodotto\/inox\/armadi\/rcg-1850\/#breadcrumb","itemListElement":[{"@type":"ListItem","position":1,"name":"Home","item":"https:\/\/www.coolheadeurope.com\/fr\/"},{"@type":"ListItem","position":2,"name":"Rechercher","item":"https:\/\/www.coolheadeurope.com\/cerca\/"},{"@type":"ListItem","position":3,"name":"RCG 1850"}]},{"@type":"WebSite","@id":"https:\/\/www.coolheadeurope.com\/#website","url":"https:\/\/www.coolheadeurope.com\/","name":"Cool Head Europe","description":"We make the world a cooler place","potentialAction":[{"@type":"SearchAction","target":{"@type":"EntryPoint","urlTemplate":"https:\/\/www.coolheadeurope.com\/?s={search_term_string}"},"query-input":{"@type":"PropertyValueSpecification","valueRequired":true,"valueName":"search_term_string"}}],"inLanguage":"fr-FR"}]}},"_links":{"self":[{"href":"https:\/\/www.coolheadeurope.com\/fr\/wp-json\/wp\/v2\/product\/2958156","targetHints":{"allow":["GET"]}}],"collection":[{"href":"https:\/\/www.coolheadeurope.com\/fr\/wp-json\/wp\/v2\/product"}],"about":[{"href":"https:\/\/www.coolheadeurope.com\/fr\/wp-json\/wp\/v2\/types\/product"}],"wp:featuredmedia":[{"embeddable":true,"href":"https:\/\/www.coolheadeurope.com\/fr\/wp-json\/wp\/v2\/media\/3706380"}],"wp:attachment":[{"href":"https:\/\/www.coolheadeurope.com\/fr\/wp-json\/wp\/v2\/media?parent=2958156"}],"wp:term":[{"taxonomy":"product_brand","embeddable":true,"href":"https:\/\/www.coolheadeurope.com\/fr\/wp-json\/wp\/v2\/product_brand?post=2958156"},{"taxonomy":"product_cat","embeddable":true,"href":"https:\/\/www.coolheadeurope.com\/fr\/wp-json\/wp\/v2\/product_cat?post=2958156"},{"taxonomy":"product_tag","embeddable":true,"href":"https:\/\/www.coolheadeurope.com\/fr\/wp-json\/wp\/v2\/product_tag?post=2958156"}],"curies":[{"name":"wp","href":"https:\/\/api.w.org\/{rel}","templated":true}]}}