{"id":2958157,"date":"2024-10-09T16:20:57","date_gmt":"2024-10-09T16:20:57","guid":{"rendered":"https:\/\/www.coolheadeurope.com\/prodotto\/non%20class\u00e9\/qm-148\/"},"modified":"2026-02-08T04:51:03","modified_gmt":"2026-02-08T04:51:03","slug":"qm-148","status":"publish","type":"product","link":"https:\/\/www.coolheadeurope.com\/fr\/prodotto\/inox-fr\/armoires-fr\/qm-148\/","title":{"rendered":"QM 148"},"content":{"rendered":"<p>Armoire r\u00e9frig\u00e9r\u00e9e pour la viande (148Lt.)<br \/>\nExt\u00e9rieur et int\u00e9rieur en acier inoxydable<br \/>\nRefroidissement ventil\u00e9<br \/>\nCycle de d\u00e9givrage automatique par arr\u00eat du compresseur<br \/>\nSyst\u00e8me d\u2019\u00e9vaporation de l\u2019eau de condensation par le gaz chaud<br \/>\nAgent moussant : Cyclopentane (45 mm par c\u00f4t\u00e9)<br \/>\nThermostat num\u00e9rique<br \/>\nHumidit\u00e9 r\u00e9glable en pourcentage (de 50 % \u00e0 80 %)<br \/>\nDouble verre de s\u00e9curit\u00e9 tremp\u00e9 avec Low-e (Vitrage \u00e0 faible \u00e9missivit\u00e9)<br \/>\nCadre de porte en acier inoxydable (chauff\u00e9) avec poign\u00e9e cylindrique<br \/>\nJoint d&rsquo;\u00e9tanch\u00e9it\u00e9 amovible<br \/>\nLampe LED (rose) et serrure de s\u00e9rie<br \/>\nLampe germicide UVC<br \/>\n\u00c9tag\u00e8res r\u00e9glables chrom\u00e9es N.1 pi\u00e8ces + barre \u00e0 viande et N.3 crochets<br \/>\nPieds r\u00e9glables N\u00b0 4<br \/>\nClasse \u00e9nerg\u00e9tique: &#8211;<\/p>\n","protected":false},"excerpt":{"rendered":"<p>Le QM 148 est con\u00e7u pour \u00eatre un refrig\u00e9rateur \u00e0 viande fiable et polyvalent, id\u00e9al pour exposer et maintenir tout type de viande \u00e0 la bonne temp\u00e9rature.<br \/>\nD&rsquo;une capacit\u00e9 de 126 litres, avec une finition en acier inoxydable \u00e0 l&rsquo;ext\u00e9rieur et en acier inoxydable miroir \u00e0 l&rsquo;int\u00e9rieur, ce produit est \u00e9quip\u00e9 d&rsquo;une porte en verre avec cadre en acier inoxydable et poign\u00e9e cylindrique verticale, d&rsquo;un affichage num\u00e9rique, de 1 \u00e9tag\u00e8re chrom\u00e9e r\u00e9glable, de 3 crochets pour la viande, d&rsquo;un double lampe interne verticale \u00e0 LED (rose), d&rsquo;une porte \u00e0 fermeture automatique et d&rsquo;une serrure de s\u00e9rie.<\/p>\n","protected":false},"featured_media":3706386,"template":"","meta":[],"product_brand":[],"product_cat":[7399,7397],"product_tag":[],"class_list":{"0":"post-2958157","1":"product","2":"type-product","3":"status-publish","4":"has-post-thumbnail","6":"product_cat-armoires-fr","7":"product_cat-inox-fr","8":"pa_capacite-commerciale-138-l","9":"pa_consommation-denergie-1-26-kw-24h","10":"pa_hauteur-exterieure-900-mm","11":"pa_hauteur-interieure-745-mm","12":"pa_largeur-exterieure-600-mm","13":"pa_largeur-interne-510-mm","14":"pa_niveau-sonore-50-dba","15":"pa_poids-brut-57-kg","16":"pa_poids-net-50-kg","17":"pa_profondeur-externe-545-mm","18":"pa_profondeur-interne-355-mm","19":"pa_puissance-350-w","21":"first","22":"instock","23":"product-type-simple"},"acf":[],"yoast_head":"<!-- This site is optimized with the Yoast SEO plugin v27.2 - https:\/\/yoast.com\/product\/yoast-seo-wordpress\/ -->\n<title>QM 148 - Cool Head Europe<\/title>\n<meta name=\"robots\" content=\"index, follow, max-snippet:-1, max-image-preview:large, max-video-preview:-1\" \/>\n<link rel=\"canonical\" href=\"https:\/\/www.coolheadeurope.com\/prodotto\/inox\/armadi\/qm-148\/\" \/>\n<meta property=\"og:locale\" content=\"fr_FR\" \/>\n<meta property=\"og:type\" content=\"article\" \/>\n<meta property=\"og:title\" content=\"QM 148 - Cool Head Europe\" \/>\n<meta property=\"og:description\" content=\"Le QM 148 est con\u00e7u pour \u00eatre un refrig\u00e9rateur \u00e0 viande fiable et polyvalent, id\u00e9al pour exposer et maintenir tout type de viande \u00e0 la bonne temp\u00e9rature. D&#039;une capacit\u00e9 de 126 litres, avec une finition en acier inoxydable \u00e0 l&#039;ext\u00e9rieur et en acier inoxydable miroir \u00e0 l&#039;int\u00e9rieur, ce produit est \u00e9quip\u00e9 d&#039;une porte en verre avec cadre en acier inoxydable et poign\u00e9e cylindrique verticale, d&#039;un affichage num\u00e9rique, de 1 \u00e9tag\u00e8re chrom\u00e9e r\u00e9glable, de 3 crochets pour la viande, d&#039;un double lampe interne verticale \u00e0 LED (rose), d&#039;une porte \u00e0 fermeture automatique et d&#039;une serrure de s\u00e9rie.\" \/>\n<meta property=\"og:url\" content=\"https:\/\/www.coolheadeurope.com\/prodotto\/inox\/armadi\/qm-148\/\" \/>\n<meta property=\"og:site_name\" content=\"Cool Head Europe\" \/>\n<meta property=\"article:modified_time\" content=\"2026-02-08T04:51:03+00:00\" \/>\n<meta property=\"og:image\" content=\"https:\/\/www.coolheadeurope.com\/wp-content\/uploads\/2026\/02\/QM-148-CORPO_CH_LOW.png\" \/>\n\t<meta property=\"og:image:width\" content=\"410\" \/>\n\t<meta property=\"og:image:height\" content=\"518\" \/>\n\t<meta property=\"og:image:type\" content=\"image\/png\" \/>\n<meta name=\"twitter:card\" content=\"summary_large_image\" \/>\n<meta name=\"twitter:label1\" content=\"Dur\u00e9e de lecture estim\u00e9e\" \/>\n\t<meta name=\"twitter:data1\" content=\"1 minute\" \/>\n<!-- \/ Yoast SEO plugin. -->","yoast_head_json":{"title":"QM 148 - Cool Head Europe","robots":{"index":"index","follow":"follow","max-snippet":"max-snippet:-1","max-image-preview":"max-image-preview:large","max-video-preview":"max-video-preview:-1"},"canonical":"https:\/\/www.coolheadeurope.com\/prodotto\/inox\/armadi\/qm-148\/","og_locale":"fr_FR","og_type":"article","og_title":"QM 148 - Cool Head Europe","og_description":"Le QM 148 est con\u00e7u pour \u00eatre un refrig\u00e9rateur \u00e0 viande fiable et polyvalent, id\u00e9al pour exposer et maintenir tout type de viande \u00e0 la bonne temp\u00e9rature. D'une capacit\u00e9 de 126 litres, avec une finition en acier inoxydable \u00e0 l'ext\u00e9rieur et en acier inoxydable miroir \u00e0 l'int\u00e9rieur, ce produit est \u00e9quip\u00e9 d'une porte en verre avec cadre en acier inoxydable et poign\u00e9e cylindrique verticale, d'un affichage num\u00e9rique, de 1 \u00e9tag\u00e8re chrom\u00e9e r\u00e9glable, de 3 crochets pour la viande, d'un double lampe interne verticale \u00e0 LED (rose), d'une porte \u00e0 fermeture automatique et d'une serrure de s\u00e9rie.","og_url":"https:\/\/www.coolheadeurope.com\/prodotto\/inox\/armadi\/qm-148\/","og_site_name":"Cool Head Europe","article_modified_time":"2026-02-08T04:51:03+00:00","og_image":[{"width":410,"height":518,"url":"https:\/\/www.coolheadeurope.com\/wp-content\/uploads\/2026\/02\/QM-148-CORPO_CH_LOW.png","type":"image\/png"}],"twitter_card":"summary_large_image","twitter_misc":{"Dur\u00e9e de lecture estim\u00e9e":"1 minute"},"schema":{"@context":"https:\/\/schema.org","@graph":[{"@type":"WebPage","@id":"https:\/\/www.coolheadeurope.com\/prodotto\/inox\/armadi\/qm-148\/","url":"https:\/\/www.coolheadeurope.com\/prodotto\/inox\/armadi\/qm-148\/","name":"QM 148 - Cool Head Europe","isPartOf":{"@id":"https:\/\/www.coolheadeurope.com\/#website"},"primaryImageOfPage":{"@id":"https:\/\/www.coolheadeurope.com\/prodotto\/inox\/armadi\/qm-148\/#primaryimage"},"image":{"@id":"https:\/\/www.coolheadeurope.com\/prodotto\/inox\/armadi\/qm-148\/#primaryimage"},"thumbnailUrl":"https:\/\/www.coolheadeurope.com\/wp-content\/uploads\/2026\/04\/QM-148-CORPO_CH_LOW-16.png","datePublished":"2024-10-09T16:20:57+00:00","dateModified":"2026-02-08T04:51:03+00:00","breadcrumb":{"@id":"https:\/\/www.coolheadeurope.com\/prodotto\/inox\/armadi\/qm-148\/#breadcrumb"},"inLanguage":"fr-FR","potentialAction":[{"@type":"ReadAction","target":["https:\/\/www.coolheadeurope.com\/prodotto\/inox\/armadi\/qm-148\/"]}]},{"@type":"ImageObject","inLanguage":"fr-FR","@id":"https:\/\/www.coolheadeurope.com\/prodotto\/inox\/armadi\/qm-148\/#primaryimage","url":"https:\/\/www.coolheadeurope.com\/wp-content\/uploads\/2026\/04\/QM-148-CORPO_CH_LOW-16.png","contentUrl":"https:\/\/www.coolheadeurope.com\/wp-content\/uploads\/2026\/04\/QM-148-CORPO_CH_LOW-16.png","width":410,"height":518,"caption":"Immagine di QM 148"},{"@type":"BreadcrumbList","@id":"https:\/\/www.coolheadeurope.com\/prodotto\/inox\/armadi\/qm-148\/#breadcrumb","itemListElement":[{"@type":"ListItem","position":1,"name":"Home","item":"https:\/\/www.coolheadeurope.com\/fr\/"},{"@type":"ListItem","position":2,"name":"Rechercher","item":"https:\/\/www.coolheadeurope.com\/cerca\/"},{"@type":"ListItem","position":3,"name":"QM 148"}]},{"@type":"WebSite","@id":"https:\/\/www.coolheadeurope.com\/#website","url":"https:\/\/www.coolheadeurope.com\/","name":"Cool Head Europe","description":"We make the world a cooler place","potentialAction":[{"@type":"SearchAction","target":{"@type":"EntryPoint","urlTemplate":"https:\/\/www.coolheadeurope.com\/?s={search_term_string}"},"query-input":{"@type":"PropertyValueSpecification","valueRequired":true,"valueName":"search_term_string"}}],"inLanguage":"fr-FR"}]}},"_links":{"self":[{"href":"https:\/\/www.coolheadeurope.com\/fr\/wp-json\/wp\/v2\/product\/2958157","targetHints":{"allow":["GET"]}}],"collection":[{"href":"https:\/\/www.coolheadeurope.com\/fr\/wp-json\/wp\/v2\/product"}],"about":[{"href":"https:\/\/www.coolheadeurope.com\/fr\/wp-json\/wp\/v2\/types\/product"}],"wp:featuredmedia":[{"embeddable":true,"href":"https:\/\/www.coolheadeurope.com\/fr\/wp-json\/wp\/v2\/media\/3706386"}],"wp:attachment":[{"href":"https:\/\/www.coolheadeurope.com\/fr\/wp-json\/wp\/v2\/media?parent=2958157"}],"wp:term":[{"taxonomy":"product_brand","embeddable":true,"href":"https:\/\/www.coolheadeurope.com\/fr\/wp-json\/wp\/v2\/product_brand?post=2958157"},{"taxonomy":"product_cat","embeddable":true,"href":"https:\/\/www.coolheadeurope.com\/fr\/wp-json\/wp\/v2\/product_cat?post=2958157"},{"taxonomy":"product_tag","embeddable":true,"href":"https:\/\/www.coolheadeurope.com\/fr\/wp-json\/wp\/v2\/product_tag?post=2958157"}],"curies":[{"name":"wp","href":"https:\/\/api.w.org\/{rel}","templated":true}]}}