{"id":2958168,"date":"2024-10-09T16:50:37","date_gmt":"2024-10-09T16:50:37","guid":{"rendered":"https:\/\/www.coolheadeurope.com\/prodotto\/non%20class\u00e9\/qrg-3100\/"},"modified":"2026-02-08T05:11:30","modified_gmt":"2026-02-08T05:11:30","slug":"qrg-3100","status":"publish","type":"product","link":"https:\/\/www.coolheadeurope.com\/fr\/prodotto\/inox-fr\/comptoirs-fr\/qrg-3100\/","title":{"rendered":"QRG 3100"},"content":{"rendered":"<p>Comptoir r\u00e9frig\u00e9r\u00e9 GN1\/1 (PORTE VITR\u00c9E)<br \/>\nExt\u00e9rieur et int\u00e9rieur en acier inoxydable<br \/>\nRefroidissement ventil\u00e9 avec moteur \u00e0 syst\u00e8me de cassettes<br \/>\nCycle de d\u00e9givrage automatique par arr\u00eat du compresseur<br \/>\nAgent moussant : Cyclopentane (60 mm par c\u00f4t\u00e9)<br \/>\n\u00c9vaporateur trait\u00e9 anti-corrosion<br \/>\nThermostat num\u00e9rique et lampe LED interne<br \/>\nJoint d&rsquo;\u00e9tanch\u00e9it\u00e9 amovible<br \/>\nPorte \u00e0 fermeture automatique (No r\u00e9versible)<br \/>\nClayettes r\u00e9glables GN1\/1: 6 (N\u00b0 2 pour chaque porte)<br \/>\nPieds r\u00e9glables S\/S N\u00b0 4 &#8211; (Roulettes verrouillable en option)<br \/>\nClasse \u00e9nerg\u00e9tique: C<\/p>\n","protected":false},"excerpt":{"rendered":"<p>Comptoir r\u00e9frig\u00e9r\u00e9e avec portes en verre d&rsquo;aspect moderne, plateau aux bords arrondis, affichage num\u00e9rique, interrupteur principal et interrupteur d&rsquo;\u00e9clairage ind\u00e9pendant. Le mod\u00e8le QRG 3100 repr\u00e9sente la combinaison parfaite de l&rsquo;efficacit\u00e9 et de la fiabilit\u00e9, avec une profondeur de 700 mm, 3 portes et 2 \u00e9tag\u00e8res GN1\/1 r\u00e9glables par compartiment. Notre comptoir r\u00e9frig\u00e9r\u00e9 est con\u00e7u dans le respect de l&rsquo;environnement et des \u00e9conomies d&rsquo;\u00e9nergie. Il est \u00e9quip\u00e9 d&rsquo;un gaz r\u00e9frig\u00e9rant R290 respectueux de l&rsquo;environnement, d&rsquo;une mousse isolante de 60 mm de chaque c\u00f4t\u00e9, de portes en verre de s\u00e9curit\u00e9 tremp\u00e9 \u00e0 double vitrage pour une meilleure \u00e9tanch\u00e9it\u00e9 thermique et d&rsquo;un syst\u00e8me de fermeture automatique pour \u00e9viter les gaspillages d&rsquo;\u00e9nergie. Des lampes internes LED derri\u00e8re chaque poutre centrale, un syst\u00e8me de moteur monobloc pour faciliter l&rsquo;entretien et des pieds r\u00e9glables en hauteur (145 mm \u00e0 185 mm) contribuent \u00e0 faire de ce produit un \u00e9quipement id\u00e9al pour la restauration professionnelle.<\/p>\n","protected":false},"featured_media":3706501,"template":"","meta":[],"product_brand":[],"product_cat":[7397,7400],"product_tag":[],"class_list":{"0":"post-2958168","1":"product","2":"type-product","3":"status-publish","4":"has-post-thumbnail","6":"product_cat-inox-fr","7":"product_cat-comptoirs-fr","8":"pa_capacite-commerciale-400-l","9":"pa_consommation-denergie-2-951-kw-24h","10":"pa_hauteur-exterieure-850-mm","11":"pa_hauteur-interieure-585-mm","12":"pa_largeur-exterieure-1800-mm","13":"pa_largeur-interne-1380-mm","14":"pa_niveau-sonore-41-dba","15":"pa_poids-brut-151-kg","16":"pa_poids-net-126-kg","17":"pa_profondeur-externe-725-mm","18":"pa_profondeur-interne-585-mm","19":"pa_puissance-342-w","21":"first","22":"instock","23":"product-type-simple"},"acf":[],"yoast_head":"<!-- This site is optimized with the Yoast SEO plugin v27.2 - https:\/\/yoast.com\/product\/yoast-seo-wordpress\/ -->\n<title>QRG 3100 - Cool Head Europe<\/title>\n<meta name=\"robots\" content=\"index, follow, max-snippet:-1, max-image-preview:large, max-video-preview:-1\" \/>\n<link rel=\"canonical\" href=\"https:\/\/www.coolheadeurope.com\/fr\/prodotto\/inox-fr\/comptoirs-fr\/qrg-3100\/\" \/>\n<meta property=\"og:locale\" content=\"fr_FR\" \/>\n<meta property=\"og:type\" content=\"article\" \/>\n<meta property=\"og:title\" content=\"QRG 3100 - Cool Head Europe\" \/>\n<meta property=\"og:description\" content=\"Comptoir r\u00e9frig\u00e9r\u00e9e avec portes en verre d&#039;aspect moderne, plateau aux bords arrondis, affichage num\u00e9rique, interrupteur principal et interrupteur d&#039;\u00e9clairage ind\u00e9pendant. Le mod\u00e8le QRG 3100 repr\u00e9sente la combinaison parfaite de l&#039;efficacit\u00e9 et de la fiabilit\u00e9, avec une profondeur de 700 mm, 3 portes et 2 \u00e9tag\u00e8res GN1\/1 r\u00e9glables par compartiment. Notre comptoir r\u00e9frig\u00e9r\u00e9 est con\u00e7u dans le respect de l&#039;environnement et des \u00e9conomies d&#039;\u00e9nergie. Il est \u00e9quip\u00e9 d&#039;un gaz r\u00e9frig\u00e9rant R290 respectueux de l&#039;environnement, d&#039;une mousse isolante de 60 mm de chaque c\u00f4t\u00e9, de portes en verre de s\u00e9curit\u00e9 tremp\u00e9 \u00e0 double vitrage pour une meilleure \u00e9tanch\u00e9it\u00e9 thermique et d&#039;un syst\u00e8me de fermeture automatique pour \u00e9viter les gaspillages d&#039;\u00e9nergie. Des lampes internes LED derri\u00e8re chaque poutre centrale, un syst\u00e8me de moteur monobloc pour faciliter l&#039;entretien et des pieds r\u00e9glables en hauteur (145 mm \u00e0 185 mm) contribuent \u00e0 faire de ce produit un \u00e9quipement id\u00e9al pour la restauration professionnelle.\" \/>\n<meta property=\"og:url\" content=\"https:\/\/www.coolheadeurope.com\/fr\/prodotto\/inox-fr\/comptoirs-fr\/qrg-3100\/\" \/>\n<meta property=\"og:site_name\" content=\"Cool Head Europe\" \/>\n<meta property=\"article:modified_time\" content=\"2026-02-08T05:11:30+00:00\" \/>\n<meta property=\"og:image\" content=\"https:\/\/www.coolheadeurope.com\/wp-content\/uploads\/2026\/02\/QRG-3100-CORPO_CH_LOW.png\" \/>\n\t<meta property=\"og:image:width\" content=\"487\" \/>\n\t<meta property=\"og:image:height\" content=\"296\" \/>\n\t<meta property=\"og:image:type\" content=\"image\/png\" \/>\n<meta name=\"twitter:card\" content=\"summary_large_image\" \/>\n<!-- \/ Yoast SEO plugin. -->","yoast_head_json":{"title":"QRG 3100 - Cool Head Europe","robots":{"index":"index","follow":"follow","max-snippet":"max-snippet:-1","max-image-preview":"max-image-preview:large","max-video-preview":"max-video-preview:-1"},"canonical":"https:\/\/www.coolheadeurope.com\/fr\/prodotto\/inox-fr\/comptoirs-fr\/qrg-3100\/","og_locale":"fr_FR","og_type":"article","og_title":"QRG 3100 - Cool Head Europe","og_description":"Comptoir r\u00e9frig\u00e9r\u00e9e avec portes en verre d'aspect moderne, plateau aux bords arrondis, affichage num\u00e9rique, interrupteur principal et interrupteur d'\u00e9clairage ind\u00e9pendant. Le mod\u00e8le QRG 3100 repr\u00e9sente la combinaison parfaite de l'efficacit\u00e9 et de la fiabilit\u00e9, avec une profondeur de 700 mm, 3 portes et 2 \u00e9tag\u00e8res GN1\/1 r\u00e9glables par compartiment. Notre comptoir r\u00e9frig\u00e9r\u00e9 est con\u00e7u dans le respect de l'environnement et des \u00e9conomies d'\u00e9nergie. Il est \u00e9quip\u00e9 d'un gaz r\u00e9frig\u00e9rant R290 respectueux de l'environnement, d'une mousse isolante de 60 mm de chaque c\u00f4t\u00e9, de portes en verre de s\u00e9curit\u00e9 tremp\u00e9 \u00e0 double vitrage pour une meilleure \u00e9tanch\u00e9it\u00e9 thermique et d'un syst\u00e8me de fermeture automatique pour \u00e9viter les gaspillages d'\u00e9nergie. Des lampes internes LED derri\u00e8re chaque poutre centrale, un syst\u00e8me de moteur monobloc pour faciliter l'entretien et des pieds r\u00e9glables en hauteur (145 mm \u00e0 185 mm) contribuent \u00e0 faire de ce produit un \u00e9quipement id\u00e9al pour la restauration professionnelle.","og_url":"https:\/\/www.coolheadeurope.com\/fr\/prodotto\/inox-fr\/comptoirs-fr\/qrg-3100\/","og_site_name":"Cool Head Europe","article_modified_time":"2026-02-08T05:11:30+00:00","og_image":[{"width":487,"height":296,"url":"https:\/\/www.coolheadeurope.com\/wp-content\/uploads\/2026\/02\/QRG-3100-CORPO_CH_LOW.png","type":"image\/png"}],"twitter_card":"summary_large_image","schema":{"@context":"https:\/\/schema.org","@graph":[{"@type":"WebPage","@id":"https:\/\/www.coolheadeurope.com\/fr\/prodotto\/inox-fr\/comptoirs-fr\/qrg-3100\/","url":"https:\/\/www.coolheadeurope.com\/fr\/prodotto\/inox-fr\/comptoirs-fr\/qrg-3100\/","name":"QRG 3100 - Cool Head Europe","isPartOf":{"@id":"https:\/\/www.coolheadeurope.com\/#website"},"primaryImageOfPage":{"@id":"https:\/\/www.coolheadeurope.com\/fr\/prodotto\/inox-fr\/comptoirs-fr\/qrg-3100\/#primaryimage"},"image":{"@id":"https:\/\/www.coolheadeurope.com\/fr\/prodotto\/inox-fr\/comptoirs-fr\/qrg-3100\/#primaryimage"},"thumbnailUrl":"https:\/\/www.coolheadeurope.com\/wp-content\/uploads\/2026\/04\/QRG-3100-CORPO_CH_LOW-16.png","datePublished":"2024-10-09T16:50:37+00:00","dateModified":"2026-02-08T05:11:30+00:00","breadcrumb":{"@id":"https:\/\/www.coolheadeurope.com\/fr\/prodotto\/inox-fr\/comptoirs-fr\/qrg-3100\/#breadcrumb"},"inLanguage":"fr-FR","potentialAction":[{"@type":"ReadAction","target":["https:\/\/www.coolheadeurope.com\/fr\/prodotto\/inox-fr\/comptoirs-fr\/qrg-3100\/"]}]},{"@type":"ImageObject","inLanguage":"fr-FR","@id":"https:\/\/www.coolheadeurope.com\/fr\/prodotto\/inox-fr\/comptoirs-fr\/qrg-3100\/#primaryimage","url":"https:\/\/www.coolheadeurope.com\/wp-content\/uploads\/2026\/04\/QRG-3100-CORPO_CH_LOW-16.png","contentUrl":"https:\/\/www.coolheadeurope.com\/wp-content\/uploads\/2026\/04\/QRG-3100-CORPO_CH_LOW-16.png","width":487,"height":296,"caption":"Immagine di QRG 3100"},{"@type":"BreadcrumbList","@id":"https:\/\/www.coolheadeurope.com\/fr\/prodotto\/inox-fr\/comptoirs-fr\/qrg-3100\/#breadcrumb","itemListElement":[{"@type":"ListItem","position":1,"name":"Home","item":"https:\/\/www.coolheadeurope.com\/fr\/"},{"@type":"ListItem","position":2,"name":"Rechercher","item":"https:\/\/www.coolheadeurope.com\/cerca\/"},{"@type":"ListItem","position":3,"name":"QRG 3100"}]},{"@type":"WebSite","@id":"https:\/\/www.coolheadeurope.com\/#website","url":"https:\/\/www.coolheadeurope.com\/","name":"Cool Head Europe","description":"We make the world a cooler place","potentialAction":[{"@type":"SearchAction","target":{"@type":"EntryPoint","urlTemplate":"https:\/\/www.coolheadeurope.com\/?s={search_term_string}"},"query-input":{"@type":"PropertyValueSpecification","valueRequired":true,"valueName":"search_term_string"}}],"inLanguage":"fr-FR"}]}},"_links":{"self":[{"href":"https:\/\/www.coolheadeurope.com\/fr\/wp-json\/wp\/v2\/product\/2958168","targetHints":{"allow":["GET"]}}],"collection":[{"href":"https:\/\/www.coolheadeurope.com\/fr\/wp-json\/wp\/v2\/product"}],"about":[{"href":"https:\/\/www.coolheadeurope.com\/fr\/wp-json\/wp\/v2\/types\/product"}],"wp:featuredmedia":[{"embeddable":true,"href":"https:\/\/www.coolheadeurope.com\/fr\/wp-json\/wp\/v2\/media\/3706501"}],"wp:attachment":[{"href":"https:\/\/www.coolheadeurope.com\/fr\/wp-json\/wp\/v2\/media?parent=2958168"}],"wp:term":[{"taxonomy":"product_brand","embeddable":true,"href":"https:\/\/www.coolheadeurope.com\/fr\/wp-json\/wp\/v2\/product_brand?post=2958168"},{"taxonomy":"product_cat","embeddable":true,"href":"https:\/\/www.coolheadeurope.com\/fr\/wp-json\/wp\/v2\/product_cat?post=2958168"},{"taxonomy":"product_tag","embeddable":true,"href":"https:\/\/www.coolheadeurope.com\/fr\/wp-json\/wp\/v2\/product_tag?post=2958168"}],"curies":[{"name":"wp","href":"https:\/\/api.w.org\/{rel}","templated":true}]}}