{"id":2958186,"date":"2024-10-09T17:21:30","date_gmt":"2024-10-09T17:21:30","guid":{"rendered":"https:\/\/www.coolheadeurope.com\/prodotto\/non%20class\u00e9\/qrg-3100sg\/"},"modified":"2026-02-08T05:11:51","modified_gmt":"2026-02-08T05:11:51","slug":"qrg-3100sg","status":"publish","type":"product","link":"https:\/\/www.coolheadeurope.com\/fr\/prodotto\/inox-fr\/comptoirs-fr\/qrg-3100sg\/","title":{"rendered":"QRG 3100SG"},"content":{"rendered":"<p>Comptoir r\u00e9frig\u00e9r\u00e9 GN1\/1 (MOTEUR \u00c0 DISTANCE\/PORTE VITR\u00c9E)<br \/>\nExt\u00e9rieur et int\u00e9rieur en acier inoxydable<br \/>\nRefroidissement ventil\u00e9<br \/>\nCycle de d\u00e9givrage automatique par arr\u00eat du compresseur<br \/>\nAgent moussant : Cyclopentane (70 mm par c\u00f4t\u00e9)<br \/>\nThermostat num\u00e9rique et lampe LED interne<br \/>\nAnti-condensation \u00ab\u00a0disjoncteur thermique \u00a0\u00bb sur le cadre du corps<br \/>\nPorte: \u00e0 fermeture automatique et porte r\u00e9versible mont\u00e9e de s\u00e9rie<br \/>\nJoint d&rsquo;\u00e9tanch\u00e9it\u00e9 amovible<br \/>\n\u00c9vaporateur trait\u00e9 anti-corrosion<br \/>\nClayettes r\u00e9glables GN1\/1: 6 (N\u00b0 2 pour chaque porte)<br \/>\nPieds r\u00e9glables S\/S N\u00b0 4 &#8211; (Roulettes verrouillable en option)<br \/>\nValve d\u2019expansion\/Sol\u00e9no\u00efde set (\u00e0 commander s\u00e9par\u00e9ment): pour gaz en R134a<br \/>\nClasse \u00e9nerg\u00e9tique: &#8211;<\/p>\n","protected":false},"excerpt":{"rendered":"<p>Comptoir r\u00e9frig\u00e9r\u00e9e \u00e0 l\u2019aspect moderne, avec portes vitr\u00e9es, lampes internes \u00e0 LED, dessus avec bords arrondis et affichage num\u00e9rique, ce mod\u00e8le est pr\u00e9par\u00e9 pour l\u2019installation du moteur \u00e0 distance (non inclus).<br \/>\nLe QRG 3100SG allie efficacit\u00e9 et fiabilit\u00e9 avec 700mm de profondeur, 3 portes, tiroirs en option, 2 tablettes r\u00e9glables GN1\/1 pour chaque porte et pieds r\u00e9glables en hauteur (de 85 mm \u00e0 135 mm).<br \/>\nNotre comptoir de r\u00e9frig\u00e9ration a \u00e9t\u00e9 con\u00e7u avec une attention \u00e0 l\u2019environnement et \u00e0 l\u2019\u00e9conomie d\u2019\u00e9nergie, \u00e9quip\u00e9 d\u2019un \u00e9cumeur isolant de 60 mm de chaque c\u00f4t\u00e9, de portes avec une \u00e9paisseur accrue et de fa\u00e7onnage interne pour une meilleure \u00e9tanch\u00e9it\u00e9 thermique, et des portes d\u2019auto-d\u00e9fense pour \u00e9viter le gaspillage d\u2019\u00e9nergie.<\/p>\n","protected":false},"featured_media":3706651,"template":"","meta":[],"product_brand":[],"product_cat":[7397,7400],"product_tag":[],"class_list":{"0":"post-2958186","1":"product","2":"type-product","3":"status-publish","4":"has-post-thumbnail","6":"product_cat-inox-fr","7":"product_cat-comptoirs-fr","8":"pa_capacite-commerciale-310-l","9":"pa_consommation-denergie-n-a-kw-24h","10":"pa_hauteur-exterieure-850-mm","11":"pa_hauteur-interieure-605-mm","12":"pa_largeur-exterieure-1815-mm","13":"pa_largeur-interne-1230-mm","14":"pa_niveau-sonore-n-a","15":"pa_poids-brut-153-kg","16":"pa_poids-net-126-kg","17":"pa_profondeur-externe-700-mm","18":"pa_profondeur-interne-560-mm","19":"pa_puissance-100-w","21":"first","22":"instock","23":"product-type-simple"},"acf":[],"yoast_head":"<!-- This site is optimized with the Yoast SEO plugin v27.2 - https:\/\/yoast.com\/product\/yoast-seo-wordpress\/ -->\n<title>QRG 3100SG - Cool Head Europe<\/title>\n<meta name=\"robots\" content=\"index, follow, max-snippet:-1, max-image-preview:large, max-video-preview:-1\" \/>\n<link rel=\"canonical\" href=\"https:\/\/www.coolheadeurope.com\/fr\/prodotto\/inox-fr\/comptoirs-fr\/qrg-3100sg\/\" \/>\n<meta property=\"og:locale\" content=\"fr_FR\" \/>\n<meta property=\"og:type\" content=\"article\" \/>\n<meta property=\"og:title\" content=\"QRG 3100SG - Cool Head Europe\" \/>\n<meta property=\"og:description\" content=\"Comptoir r\u00e9frig\u00e9r\u00e9e \u00e0 l\u2019aspect moderne, avec portes vitr\u00e9es, lampes internes \u00e0 LED, dessus avec bords arrondis et affichage num\u00e9rique, ce mod\u00e8le est pr\u00e9par\u00e9 pour l\u2019installation du moteur \u00e0 distance (non inclus). Le QRG 3100SG allie efficacit\u00e9 et fiabilit\u00e9 avec 700mm de profondeur, 3 portes, tiroirs en option, 2 tablettes r\u00e9glables GN1\/1 pour chaque porte et pieds r\u00e9glables en hauteur (de 85 mm \u00e0 135 mm). Notre comptoir de r\u00e9frig\u00e9ration a \u00e9t\u00e9 con\u00e7u avec une attention \u00e0 l\u2019environnement et \u00e0 l\u2019\u00e9conomie d\u2019\u00e9nergie, \u00e9quip\u00e9 d\u2019un \u00e9cumeur isolant de 60 mm de chaque c\u00f4t\u00e9, de portes avec une \u00e9paisseur accrue et de fa\u00e7onnage interne pour une meilleure \u00e9tanch\u00e9it\u00e9 thermique, et des portes d\u2019auto-d\u00e9fense pour \u00e9viter le gaspillage d\u2019\u00e9nergie.\" \/>\n<meta property=\"og:url\" content=\"https:\/\/www.coolheadeurope.com\/fr\/prodotto\/inox-fr\/comptoirs-fr\/qrg-3100sg\/\" \/>\n<meta property=\"og:site_name\" content=\"Cool Head Europe\" \/>\n<meta property=\"article:modified_time\" content=\"2026-02-08T05:11:51+00:00\" \/>\n<meta property=\"og:image\" content=\"https:\/\/www.coolheadeurope.com\/wp-content\/uploads\/2026\/04\/QRG-3100SG-CORPO_CH_LOW-16.png\" \/>\n\t<meta property=\"og:image:width\" content=\"483\" \/>\n\t<meta property=\"og:image:height\" content=\"278\" \/>\n\t<meta property=\"og:image:type\" content=\"image\/png\" \/>\n<meta name=\"twitter:card\" content=\"summary_large_image\" \/>\n<meta name=\"twitter:label1\" content=\"Dur\u00e9e de lecture estim\u00e9e\" \/>\n\t<meta name=\"twitter:data1\" content=\"1 minute\" \/>\n<!-- \/ Yoast SEO plugin. -->","yoast_head_json":{"title":"QRG 3100SG - Cool Head Europe","robots":{"index":"index","follow":"follow","max-snippet":"max-snippet:-1","max-image-preview":"max-image-preview:large","max-video-preview":"max-video-preview:-1"},"canonical":"https:\/\/www.coolheadeurope.com\/fr\/prodotto\/inox-fr\/comptoirs-fr\/qrg-3100sg\/","og_locale":"fr_FR","og_type":"article","og_title":"QRG 3100SG - Cool Head Europe","og_description":"Comptoir r\u00e9frig\u00e9r\u00e9e \u00e0 l\u2019aspect moderne, avec portes vitr\u00e9es, lampes internes \u00e0 LED, dessus avec bords arrondis et affichage num\u00e9rique, ce mod\u00e8le est pr\u00e9par\u00e9 pour l\u2019installation du moteur \u00e0 distance (non inclus). Le QRG 3100SG allie efficacit\u00e9 et fiabilit\u00e9 avec 700mm de profondeur, 3 portes, tiroirs en option, 2 tablettes r\u00e9glables GN1\/1 pour chaque porte et pieds r\u00e9glables en hauteur (de 85 mm \u00e0 135 mm). Notre comptoir de r\u00e9frig\u00e9ration a \u00e9t\u00e9 con\u00e7u avec une attention \u00e0 l\u2019environnement et \u00e0 l\u2019\u00e9conomie d\u2019\u00e9nergie, \u00e9quip\u00e9 d\u2019un \u00e9cumeur isolant de 60 mm de chaque c\u00f4t\u00e9, de portes avec une \u00e9paisseur accrue et de fa\u00e7onnage interne pour une meilleure \u00e9tanch\u00e9it\u00e9 thermique, et des portes d\u2019auto-d\u00e9fense pour \u00e9viter le gaspillage d\u2019\u00e9nergie.","og_url":"https:\/\/www.coolheadeurope.com\/fr\/prodotto\/inox-fr\/comptoirs-fr\/qrg-3100sg\/","og_site_name":"Cool Head Europe","article_modified_time":"2026-02-08T05:11:51+00:00","og_image":[{"width":483,"height":278,"url":"https:\/\/www.coolheadeurope.com\/wp-content\/uploads\/2026\/04\/QRG-3100SG-CORPO_CH_LOW-16.png","type":"image\/png"}],"twitter_card":"summary_large_image","twitter_misc":{"Dur\u00e9e de lecture estim\u00e9e":"1 minute"},"schema":{"@context":"https:\/\/schema.org","@graph":[{"@type":"WebPage","@id":"https:\/\/www.coolheadeurope.com\/fr\/prodotto\/inox-fr\/comptoirs-fr\/qrg-3100sg\/","url":"https:\/\/www.coolheadeurope.com\/fr\/prodotto\/inox-fr\/comptoirs-fr\/qrg-3100sg\/","name":"QRG 3100SG - Cool Head Europe","isPartOf":{"@id":"https:\/\/www.coolheadeurope.com\/#website"},"primaryImageOfPage":{"@id":"https:\/\/www.coolheadeurope.com\/fr\/prodotto\/inox-fr\/comptoirs-fr\/qrg-3100sg\/#primaryimage"},"image":{"@id":"https:\/\/www.coolheadeurope.com\/fr\/prodotto\/inox-fr\/comptoirs-fr\/qrg-3100sg\/#primaryimage"},"thumbnailUrl":"https:\/\/www.coolheadeurope.com\/wp-content\/uploads\/2026\/04\/QRG-3100SG-CORPO_CH_LOW-16.png","datePublished":"2024-10-09T17:21:30+00:00","dateModified":"2026-02-08T05:11:51+00:00","breadcrumb":{"@id":"https:\/\/www.coolheadeurope.com\/fr\/prodotto\/inox-fr\/comptoirs-fr\/qrg-3100sg\/#breadcrumb"},"inLanguage":"fr-FR","potentialAction":[{"@type":"ReadAction","target":["https:\/\/www.coolheadeurope.com\/fr\/prodotto\/inox-fr\/comptoirs-fr\/qrg-3100sg\/"]}]},{"@type":"ImageObject","inLanguage":"fr-FR","@id":"https:\/\/www.coolheadeurope.com\/fr\/prodotto\/inox-fr\/comptoirs-fr\/qrg-3100sg\/#primaryimage","url":"https:\/\/www.coolheadeurope.com\/wp-content\/uploads\/2026\/04\/QRG-3100SG-CORPO_CH_LOW-16.png","contentUrl":"https:\/\/www.coolheadeurope.com\/wp-content\/uploads\/2026\/04\/QRG-3100SG-CORPO_CH_LOW-16.png","width":483,"height":278,"caption":"Immagine di QRG 3100SG"},{"@type":"BreadcrumbList","@id":"https:\/\/www.coolheadeurope.com\/fr\/prodotto\/inox-fr\/comptoirs-fr\/qrg-3100sg\/#breadcrumb","itemListElement":[{"@type":"ListItem","position":1,"name":"Home","item":"https:\/\/www.coolheadeurope.com\/fr\/"},{"@type":"ListItem","position":2,"name":"Rechercher","item":"https:\/\/www.coolheadeurope.com\/fr\/rechercher\/"},{"@type":"ListItem","position":3,"name":"QRG 3100SG"}]},{"@type":"WebSite","@id":"https:\/\/www.coolheadeurope.com\/#website","url":"https:\/\/www.coolheadeurope.com\/","name":"Cool Head Europe","description":"We make the world a cooler place","potentialAction":[{"@type":"SearchAction","target":{"@type":"EntryPoint","urlTemplate":"https:\/\/www.coolheadeurope.com\/?s={search_term_string}"},"query-input":{"@type":"PropertyValueSpecification","valueRequired":true,"valueName":"search_term_string"}}],"inLanguage":"fr-FR"}]}},"_links":{"self":[{"href":"https:\/\/www.coolheadeurope.com\/fr\/wp-json\/wp\/v2\/product\/2958186","targetHints":{"allow":["GET"]}}],"collection":[{"href":"https:\/\/www.coolheadeurope.com\/fr\/wp-json\/wp\/v2\/product"}],"about":[{"href":"https:\/\/www.coolheadeurope.com\/fr\/wp-json\/wp\/v2\/types\/product"}],"wp:featuredmedia":[{"embeddable":true,"href":"https:\/\/www.coolheadeurope.com\/fr\/wp-json\/wp\/v2\/media\/3706651"}],"wp:attachment":[{"href":"https:\/\/www.coolheadeurope.com\/fr\/wp-json\/wp\/v2\/media?parent=2958186"}],"wp:term":[{"taxonomy":"product_brand","embeddable":true,"href":"https:\/\/www.coolheadeurope.com\/fr\/wp-json\/wp\/v2\/product_brand?post=2958186"},{"taxonomy":"product_cat","embeddable":true,"href":"https:\/\/www.coolheadeurope.com\/fr\/wp-json\/wp\/v2\/product_cat?post=2958186"},{"taxonomy":"product_tag","embeddable":true,"href":"https:\/\/www.coolheadeurope.com\/fr\/wp-json\/wp\/v2\/product_tag?post=2958186"}],"curies":[{"name":"wp","href":"https:\/\/api.w.org\/{rel}","templated":true}]}}