{"id":2958190,"date":"2024-10-09T17:28:41","date_gmt":"2024-10-09T17:28:41","guid":{"rendered":"https:\/\/www.coolheadeurope.com\/prodotto\/non%20class\u00e9\/qn-2100sg\/"},"modified":"2026-02-08T05:11:55","modified_gmt":"2026-02-08T05:11:55","slug":"qn-2100sg","status":"publish","type":"product","link":"https:\/\/www.coolheadeurope.com\/fr\/prodotto\/inox-fr\/comptoirs-fr\/qn-2100sg\/","title":{"rendered":"QN 2100SG"},"content":{"rendered":"<p>Comptoir cong\u00e9lateur GN1\/1 (MOTEUR \u00c0 DISTANCE)<br \/>\nExt\u00e9rieur et int\u00e9rieur en acier inoxydable<br \/>\nRefroidissement ventil\u00e9<br \/>\nD\u00e9givrage automatique avec chauffage \u00e9lectrique<br \/>\nAgent moussant : Cyclopentane (70 mm par c\u00f4t\u00e9)<br \/>\nThermostat num\u00e9rique<br \/>\nAnti-condensation  \u00ab\u00a0disjoncteur thermique \u00a0\u00bb sur le cadre du corps (syst\u00e8me de tuyau chaud)<br \/>\nPorte: \u00e0 fermeture automatique et porte r\u00e9versible mont\u00e9e de s\u00e9rie<br \/>\nJoint d&rsquo;\u00e9tanch\u00e9it\u00e9 amovible<br \/>\n\u00c9vaporateur trait\u00e9 anti-corrosion<br \/>\nClayettes r\u00e9glables GN1\/1: 4 (N\u00b0 2 pour chaque porte)<br \/>\nPieds r\u00e9glables S\/S N\u00b0 4 &#8211; (Roulettes verrouillable en option)<br \/>\nValve d\u2019expansion\/Sol\u00e9no\u00efde set (\u00e0 commander s\u00e9par\u00e9ment): pour gaz en R452A ou R404a<br \/>\nClasse \u00e9nerg\u00e9tique: &#8211;<\/p>\n","protected":false},"excerpt":{"rendered":"<p>Comptoir cong\u00e9lateur \u00e0 l\u2019aspect moderne, avec un nouveau design de porte, un plateau avec des bords arrondis et un affichage num\u00e9rique, ce mod\u00e8le est pr\u00eat pour l\u2019installation du moteur \u00e0 distance (non inclus).<br \/>\nLe QN 2100SG repr\u00e9sente la combinaison parfaite entre efficacit\u00e9 et fiabilit\u00e9, avec 700mm de profondeur, 2 portes, tiroirs disponibles en option, 2 \u00e9tag\u00e8res r\u00e9glables GN1\/1 pour chaque porte et pieds r\u00e9glables en hauteur (de 85 mm \u00e0 135 mm)<br \/>\nNotre comptoir de cong\u00e9lation a \u00e9t\u00e9 con\u00e7u avec une attention \u00e0 l\u2019environnement et \u00e0 l\u2019\u00e9conomie d\u2019\u00e9nergie, \u00e9quip\u00e9 d\u2019un \u00e9cumeur isolant de 60 mm de chaque c\u00f4t\u00e9, de portes avec une \u00e9paisseur accrue et de fa\u00e7onnage interne pour une meilleure \u00e9tanch\u00e9it\u00e9 thermique, et des portes d\u2019auto-d\u00e9fense pour \u00e9viter le gaspillage d\u2019\u00e9nergie.<\/p>\n","protected":false},"featured_media":3706687,"template":"","meta":[],"product_brand":[],"product_cat":[7397,7400],"product_tag":[],"class_list":{"0":"post-2958190","1":"product","2":"type-product","3":"status-publish","4":"has-post-thumbnail","6":"product_cat-inox-fr","7":"product_cat-comptoirs-fr","8":"pa_capacite-commerciale-210-l","9":"pa_consommation-denergie-n-a-kw-24h","10":"pa_hauteur-exterieure-850-mm","11":"pa_hauteur-interieure-605-mm","12":"pa_largeur-exterieure-1380-mm","13":"pa_largeur-interne-805-mm","14":"pa_niveau-sonore-n-a","15":"pa_poids-brut-116-kg","16":"pa_poids-net-88-kg","17":"pa_profondeur-externe-700-mm","18":"pa_profondeur-interne-560-mm","19":"pa_puissance-440-w","21":"first","22":"instock","23":"product-type-simple"},"acf":[],"yoast_head":"<!-- This site is optimized with the Yoast SEO plugin v27.2 - https:\/\/yoast.com\/product\/yoast-seo-wordpress\/ -->\n<title>QN 2100SG - Cool Head Europe<\/title>\n<meta name=\"robots\" content=\"index, follow, max-snippet:-1, max-image-preview:large, max-video-preview:-1\" \/>\n<link rel=\"canonical\" href=\"https:\/\/www.coolheadeurope.com\/prodotto\/inox\/tavoli\/qn-2100sg\/\" \/>\n<meta property=\"og:locale\" content=\"fr_FR\" \/>\n<meta property=\"og:type\" content=\"article\" \/>\n<meta property=\"og:title\" content=\"QN 2100SG - Cool Head Europe\" \/>\n<meta property=\"og:description\" content=\"Comptoir cong\u00e9lateur \u00e0 l\u2019aspect moderne, avec un nouveau design de porte, un plateau avec des bords arrondis et un affichage num\u00e9rique, ce mod\u00e8le est pr\u00eat pour l\u2019installation du moteur \u00e0 distance (non inclus). Le QN 2100SG repr\u00e9sente la combinaison parfaite entre efficacit\u00e9 et fiabilit\u00e9, avec 700mm de profondeur, 2 portes, tiroirs disponibles en option, 2 \u00e9tag\u00e8res r\u00e9glables GN1\/1 pour chaque porte et pieds r\u00e9glables en hauteur (de 85 mm \u00e0 135 mm) Notre comptoir de cong\u00e9lation a \u00e9t\u00e9 con\u00e7u avec une attention \u00e0 l\u2019environnement et \u00e0 l\u2019\u00e9conomie d\u2019\u00e9nergie, \u00e9quip\u00e9 d\u2019un \u00e9cumeur isolant de 60 mm de chaque c\u00f4t\u00e9, de portes avec une \u00e9paisseur accrue et de fa\u00e7onnage interne pour une meilleure \u00e9tanch\u00e9it\u00e9 thermique, et des portes d\u2019auto-d\u00e9fense pour \u00e9viter le gaspillage d\u2019\u00e9nergie.\" \/>\n<meta property=\"og:url\" content=\"https:\/\/www.coolheadeurope.com\/prodotto\/inox\/tavoli\/qn-2100sg\/\" \/>\n<meta property=\"og:site_name\" content=\"Cool Head Europe\" \/>\n<meta property=\"article:modified_time\" content=\"2026-02-08T05:11:55+00:00\" \/>\n<meta property=\"og:image\" content=\"https:\/\/www.coolheadeurope.com\/wp-content\/uploads\/2026\/04\/QN-2100SG-CORPO_CH_LOW-16.png\" \/>\n\t<meta property=\"og:image:width\" content=\"383\" \/>\n\t<meta property=\"og:image:height\" content=\"298\" \/>\n\t<meta property=\"og:image:type\" content=\"image\/png\" \/>\n<meta name=\"twitter:card\" content=\"summary_large_image\" \/>\n<meta name=\"twitter:label1\" content=\"Dur\u00e9e de lecture estim\u00e9e\" \/>\n\t<meta name=\"twitter:data1\" content=\"1 minute\" \/>\n<!-- \/ Yoast SEO plugin. -->","yoast_head_json":{"title":"QN 2100SG - Cool Head Europe","robots":{"index":"index","follow":"follow","max-snippet":"max-snippet:-1","max-image-preview":"max-image-preview:large","max-video-preview":"max-video-preview:-1"},"canonical":"https:\/\/www.coolheadeurope.com\/prodotto\/inox\/tavoli\/qn-2100sg\/","og_locale":"fr_FR","og_type":"article","og_title":"QN 2100SG - Cool Head Europe","og_description":"Comptoir cong\u00e9lateur \u00e0 l\u2019aspect moderne, avec un nouveau design de porte, un plateau avec des bords arrondis et un affichage num\u00e9rique, ce mod\u00e8le est pr\u00eat pour l\u2019installation du moteur \u00e0 distance (non inclus). Le QN 2100SG repr\u00e9sente la combinaison parfaite entre efficacit\u00e9 et fiabilit\u00e9, avec 700mm de profondeur, 2 portes, tiroirs disponibles en option, 2 \u00e9tag\u00e8res r\u00e9glables GN1\/1 pour chaque porte et pieds r\u00e9glables en hauteur (de 85 mm \u00e0 135 mm) Notre comptoir de cong\u00e9lation a \u00e9t\u00e9 con\u00e7u avec une attention \u00e0 l\u2019environnement et \u00e0 l\u2019\u00e9conomie d\u2019\u00e9nergie, \u00e9quip\u00e9 d\u2019un \u00e9cumeur isolant de 60 mm de chaque c\u00f4t\u00e9, de portes avec une \u00e9paisseur accrue et de fa\u00e7onnage interne pour une meilleure \u00e9tanch\u00e9it\u00e9 thermique, et des portes d\u2019auto-d\u00e9fense pour \u00e9viter le gaspillage d\u2019\u00e9nergie.","og_url":"https:\/\/www.coolheadeurope.com\/prodotto\/inox\/tavoli\/qn-2100sg\/","og_site_name":"Cool Head Europe","article_modified_time":"2026-02-08T05:11:55+00:00","og_image":[{"width":383,"height":298,"url":"https:\/\/www.coolheadeurope.com\/wp-content\/uploads\/2026\/04\/QN-2100SG-CORPO_CH_LOW-16.png","type":"image\/png"}],"twitter_card":"summary_large_image","twitter_misc":{"Dur\u00e9e de lecture estim\u00e9e":"1 minute"},"schema":{"@context":"https:\/\/schema.org","@graph":[{"@type":"WebPage","@id":"https:\/\/www.coolheadeurope.com\/prodotto\/inox\/tavoli\/qn-2100sg\/","url":"https:\/\/www.coolheadeurope.com\/prodotto\/inox\/tavoli\/qn-2100sg\/","name":"QN 2100SG - Cool Head Europe","isPartOf":{"@id":"https:\/\/www.coolheadeurope.com\/#website"},"primaryImageOfPage":{"@id":"https:\/\/www.coolheadeurope.com\/prodotto\/inox\/tavoli\/qn-2100sg\/#primaryimage"},"image":{"@id":"https:\/\/www.coolheadeurope.com\/prodotto\/inox\/tavoli\/qn-2100sg\/#primaryimage"},"thumbnailUrl":"https:\/\/www.coolheadeurope.com\/wp-content\/uploads\/2026\/04\/QN-2100SG-CORPO_CH_LOW-16.png","datePublished":"2024-10-09T17:28:41+00:00","dateModified":"2026-02-08T05:11:55+00:00","breadcrumb":{"@id":"https:\/\/www.coolheadeurope.com\/prodotto\/inox\/tavoli\/qn-2100sg\/#breadcrumb"},"inLanguage":"fr-FR","potentialAction":[{"@type":"ReadAction","target":["https:\/\/www.coolheadeurope.com\/prodotto\/inox\/tavoli\/qn-2100sg\/"]}]},{"@type":"ImageObject","inLanguage":"fr-FR","@id":"https:\/\/www.coolheadeurope.com\/prodotto\/inox\/tavoli\/qn-2100sg\/#primaryimage","url":"https:\/\/www.coolheadeurope.com\/wp-content\/uploads\/2026\/04\/QN-2100SG-CORPO_CH_LOW-16.png","contentUrl":"https:\/\/www.coolheadeurope.com\/wp-content\/uploads\/2026\/04\/QN-2100SG-CORPO_CH_LOW-16.png","width":383,"height":298,"caption":"Immagine di QN 2100SG"},{"@type":"BreadcrumbList","@id":"https:\/\/www.coolheadeurope.com\/prodotto\/inox\/tavoli\/qn-2100sg\/#breadcrumb","itemListElement":[{"@type":"ListItem","position":1,"name":"Home","item":"https:\/\/www.coolheadeurope.com\/fr\/"},{"@type":"ListItem","position":2,"name":"Rechercher","item":"https:\/\/www.coolheadeurope.com\/fr\/rechercher\/"},{"@type":"ListItem","position":3,"name":"QN 2100SG"}]},{"@type":"WebSite","@id":"https:\/\/www.coolheadeurope.com\/#website","url":"https:\/\/www.coolheadeurope.com\/","name":"Cool Head Europe","description":"We make the world a cooler place","potentialAction":[{"@type":"SearchAction","target":{"@type":"EntryPoint","urlTemplate":"https:\/\/www.coolheadeurope.com\/?s={search_term_string}"},"query-input":{"@type":"PropertyValueSpecification","valueRequired":true,"valueName":"search_term_string"}}],"inLanguage":"fr-FR"}]}},"_links":{"self":[{"href":"https:\/\/www.coolheadeurope.com\/fr\/wp-json\/wp\/v2\/product\/2958190","targetHints":{"allow":["GET"]}}],"collection":[{"href":"https:\/\/www.coolheadeurope.com\/fr\/wp-json\/wp\/v2\/product"}],"about":[{"href":"https:\/\/www.coolheadeurope.com\/fr\/wp-json\/wp\/v2\/types\/product"}],"wp:featuredmedia":[{"embeddable":true,"href":"https:\/\/www.coolheadeurope.com\/fr\/wp-json\/wp\/v2\/media\/3706687"}],"wp:attachment":[{"href":"https:\/\/www.coolheadeurope.com\/fr\/wp-json\/wp\/v2\/media?parent=2958190"}],"wp:term":[{"taxonomy":"product_brand","embeddable":true,"href":"https:\/\/www.coolheadeurope.com\/fr\/wp-json\/wp\/v2\/product_brand?post=2958190"},{"taxonomy":"product_cat","embeddable":true,"href":"https:\/\/www.coolheadeurope.com\/fr\/wp-json\/wp\/v2\/product_cat?post=2958190"},{"taxonomy":"product_tag","embeddable":true,"href":"https:\/\/www.coolheadeurope.com\/fr\/wp-json\/wp\/v2\/product_tag?post=2958190"}],"curies":[{"name":"wp","href":"https:\/\/api.w.org\/{rel}","templated":true}]}}