{"id":2958197,"date":"2024-10-09T17:41:24","date_gmt":"2024-10-09T17:41:24","guid":{"rendered":"https:\/\/www.coolheadeurope.com\/prodotto\/non%20class\u00e9\/u-gn-3160\/"},"modified":"2026-02-08T05:12:02","modified_gmt":"2026-02-08T05:12:02","slug":"u-gn-3160","status":"publish","type":"product","link":"https:\/\/www.coolheadeurope.com\/fr\/prodotto\/inox-fr\/comptoirs-fr\/u-gn-3160\/","title":{"rendered":"U-GN 3160"},"content":{"rendered":"<p>Comptoir r\u00e9frig\u00e9r\u00e9 GN1\/1<br \/>\nExt\u00e9rieur et int\u00e9rieur en acier inoxydable<br \/>\nRefroidissement ventil\u00e9<br \/>\n\u00c9vaporateur trait\u00e9 anti-corrosion<br \/>\nD\u00e9givrage automatique avec chauffage \u00e9lectrique<br \/>\nAgent moussant : Cyclopentane (60 mm par c\u00f4t\u00e9)<br \/>\nThermostat num\u00e9rique<br \/>\nCommutateur principal ind\u00e9pendant<br \/>\nN\u00b0 6 tiroirs coulissants adapt\u00e9s aux plateaux GN1\/1 (profondeur 100 mm)<br \/>\nJoint d&rsquo;\u00e9tanch\u00e9it\u00e9 amovible<br \/>\nOrifices inf\u00e9rieurs permettant de nettoyer et de s\u00e9cher l\u2019article en toute facilit\u00e9.<br \/>\nPieds r\u00e9glables S\/S N\u00b0 4 &#8211; (Roulettes verrouillable en option)<br \/>\nClasse \u00e9nerg\u00e9tique: D<\/p>\n","protected":false},"excerpt":{"rendered":"<p>Comptoir r\u00e9frig\u00e9r\u00e9 con\u00e7ue pour cr\u00e9er un poste de travail pratique et efficace, permettant de conserver les aliments frais dans la zone r\u00e9frig\u00e9r\u00e9e situ\u00e9e en dessous et de les cuisiner avec un \u00e9quipement autonome situ\u00e9 free-standing. Le mod\u00e8le U-GN 3160 est la combinaison parfaite de l&rsquo;efficacit\u00e9 et de l&rsquo;adaptabilit\u00e9, avec une hauteur de 650 mm, 6 tiroirs GN1\/1 coulissants pouvant contenir des plateaux de 100 mm de profondeur, un thermostat num\u00e9rique et des pieds r\u00e9glables en hauteur (120 mm \u00e0 180 mm).<\/p>\n","protected":false},"featured_media":3706745,"template":"","meta":[],"product_brand":[],"product_cat":[7397,7400],"product_tag":[],"class_list":{"0":"post-2958197","1":"product","2":"type-product","3":"status-publish","4":"has-post-thumbnail","6":"product_cat-inox-fr","7":"product_cat-comptoirs-fr","8":"pa_capacite-commerciale-268-l","9":"pa_consommation-denergie-3-101-kw-24h","10":"pa_hauteur-exterieure-650-mm","11":"pa_hauteur-interieure-345-mm","12":"pa_largeur-exterieure-1803-mm","13":"pa_largeur-interne-1336-mm","14":"pa_niveau-sonore-42-dba","15":"pa_poids-brut-148-00-kg","16":"pa_poids-net-128-00-kg","17":"pa_profondeur-externe-700-mm","18":"pa_profondeur-interne-580-mm","19":"pa_puissance-282-w","21":"first","22":"instock","23":"product-type-simple"},"acf":[],"yoast_head":"<!-- This site is optimized with the Yoast SEO plugin v27.2 - https:\/\/yoast.com\/product\/yoast-seo-wordpress\/ -->\n<title>U-GN 3160 - Cool Head Europe<\/title>\n<meta name=\"robots\" content=\"index, follow, max-snippet:-1, max-image-preview:large, max-video-preview:-1\" \/>\n<link rel=\"canonical\" href=\"https:\/\/www.coolheadeurope.com\/fr\/prodotto\/inox-fr\/comptoirs-fr\/u-gn-3160\/\" \/>\n<meta property=\"og:locale\" content=\"fr_FR\" \/>\n<meta property=\"og:type\" content=\"article\" \/>\n<meta property=\"og:title\" content=\"U-GN 3160 - Cool Head Europe\" \/>\n<meta property=\"og:description\" content=\"Comptoir r\u00e9frig\u00e9r\u00e9 con\u00e7ue pour cr\u00e9er un poste de travail pratique et efficace, permettant de conserver les aliments frais dans la zone r\u00e9frig\u00e9r\u00e9e situ\u00e9e en dessous et de les cuisiner avec un \u00e9quipement autonome situ\u00e9 free-standing. Le mod\u00e8le U-GN 3160 est la combinaison parfaite de l&#039;efficacit\u00e9 et de l&#039;adaptabilit\u00e9, avec une hauteur de 650 mm, 6 tiroirs GN1\/1 coulissants pouvant contenir des plateaux de 100 mm de profondeur, un thermostat num\u00e9rique et des pieds r\u00e9glables en hauteur (120 mm \u00e0 180 mm).\" \/>\n<meta property=\"og:url\" content=\"https:\/\/www.coolheadeurope.com\/fr\/prodotto\/inox-fr\/comptoirs-fr\/u-gn-3160\/\" \/>\n<meta property=\"og:site_name\" content=\"Cool Head Europe\" \/>\n<meta property=\"article:modified_time\" content=\"2026-02-08T05:12:02+00:00\" \/>\n<meta property=\"og:image\" content=\"https:\/\/www.coolheadeurope.com\/wp-content\/uploads\/2026\/04\/U-GN-3160-CORPO_CH_LOW-16.png\" \/>\n\t<meta property=\"og:image:width\" content=\"567\" \/>\n\t<meta property=\"og:image:height\" content=\"254\" \/>\n\t<meta property=\"og:image:type\" content=\"image\/png\" \/>\n<meta name=\"twitter:card\" content=\"summary_large_image\" \/>\n<!-- \/ Yoast SEO plugin. -->","yoast_head_json":{"title":"U-GN 3160 - Cool Head Europe","robots":{"index":"index","follow":"follow","max-snippet":"max-snippet:-1","max-image-preview":"max-image-preview:large","max-video-preview":"max-video-preview:-1"},"canonical":"https:\/\/www.coolheadeurope.com\/fr\/prodotto\/inox-fr\/comptoirs-fr\/u-gn-3160\/","og_locale":"fr_FR","og_type":"article","og_title":"U-GN 3160 - Cool Head Europe","og_description":"Comptoir r\u00e9frig\u00e9r\u00e9 con\u00e7ue pour cr\u00e9er un poste de travail pratique et efficace, permettant de conserver les aliments frais dans la zone r\u00e9frig\u00e9r\u00e9e situ\u00e9e en dessous et de les cuisiner avec un \u00e9quipement autonome situ\u00e9 free-standing. Le mod\u00e8le U-GN 3160 est la combinaison parfaite de l'efficacit\u00e9 et de l'adaptabilit\u00e9, avec une hauteur de 650 mm, 6 tiroirs GN1\/1 coulissants pouvant contenir des plateaux de 100 mm de profondeur, un thermostat num\u00e9rique et des pieds r\u00e9glables en hauteur (120 mm \u00e0 180 mm).","og_url":"https:\/\/www.coolheadeurope.com\/fr\/prodotto\/inox-fr\/comptoirs-fr\/u-gn-3160\/","og_site_name":"Cool Head Europe","article_modified_time":"2026-02-08T05:12:02+00:00","og_image":[{"width":567,"height":254,"url":"https:\/\/www.coolheadeurope.com\/wp-content\/uploads\/2026\/04\/U-GN-3160-CORPO_CH_LOW-16.png","type":"image\/png"}],"twitter_card":"summary_large_image","schema":{"@context":"https:\/\/schema.org","@graph":[{"@type":"WebPage","@id":"https:\/\/www.coolheadeurope.com\/fr\/prodotto\/inox-fr\/comptoirs-fr\/u-gn-3160\/","url":"https:\/\/www.coolheadeurope.com\/fr\/prodotto\/inox-fr\/comptoirs-fr\/u-gn-3160\/","name":"U-GN 3160 - Cool Head Europe","isPartOf":{"@id":"https:\/\/www.coolheadeurope.com\/#website"},"primaryImageOfPage":{"@id":"https:\/\/www.coolheadeurope.com\/fr\/prodotto\/inox-fr\/comptoirs-fr\/u-gn-3160\/#primaryimage"},"image":{"@id":"https:\/\/www.coolheadeurope.com\/fr\/prodotto\/inox-fr\/comptoirs-fr\/u-gn-3160\/#primaryimage"},"thumbnailUrl":"https:\/\/www.coolheadeurope.com\/wp-content\/uploads\/2026\/04\/U-GN-3160-CORPO_CH_LOW-16.png","datePublished":"2024-10-09T17:41:24+00:00","dateModified":"2026-02-08T05:12:02+00:00","breadcrumb":{"@id":"https:\/\/www.coolheadeurope.com\/fr\/prodotto\/inox-fr\/comptoirs-fr\/u-gn-3160\/#breadcrumb"},"inLanguage":"fr-FR","potentialAction":[{"@type":"ReadAction","target":["https:\/\/www.coolheadeurope.com\/fr\/prodotto\/inox-fr\/comptoirs-fr\/u-gn-3160\/"]}]},{"@type":"ImageObject","inLanguage":"fr-FR","@id":"https:\/\/www.coolheadeurope.com\/fr\/prodotto\/inox-fr\/comptoirs-fr\/u-gn-3160\/#primaryimage","url":"https:\/\/www.coolheadeurope.com\/wp-content\/uploads\/2026\/04\/U-GN-3160-CORPO_CH_LOW-16.png","contentUrl":"https:\/\/www.coolheadeurope.com\/wp-content\/uploads\/2026\/04\/U-GN-3160-CORPO_CH_LOW-16.png","width":567,"height":254,"caption":"Immagine di U-GN 3160"},{"@type":"BreadcrumbList","@id":"https:\/\/www.coolheadeurope.com\/fr\/prodotto\/inox-fr\/comptoirs-fr\/u-gn-3160\/#breadcrumb","itemListElement":[{"@type":"ListItem","position":1,"name":"Home","item":"https:\/\/www.coolheadeurope.com\/fr\/"},{"@type":"ListItem","position":2,"name":"Rechercher","item":"https:\/\/www.coolheadeurope.com\/fr\/rechercher\/"},{"@type":"ListItem","position":3,"name":"U-GN 3160"}]},{"@type":"WebSite","@id":"https:\/\/www.coolheadeurope.com\/#website","url":"https:\/\/www.coolheadeurope.com\/","name":"Cool Head Europe","description":"We make the world a cooler place","potentialAction":[{"@type":"SearchAction","target":{"@type":"EntryPoint","urlTemplate":"https:\/\/www.coolheadeurope.com\/?s={search_term_string}"},"query-input":{"@type":"PropertyValueSpecification","valueRequired":true,"valueName":"search_term_string"}}],"inLanguage":"fr-FR"}]}},"_links":{"self":[{"href":"https:\/\/www.coolheadeurope.com\/fr\/wp-json\/wp\/v2\/product\/2958197","targetHints":{"allow":["GET"]}}],"collection":[{"href":"https:\/\/www.coolheadeurope.com\/fr\/wp-json\/wp\/v2\/product"}],"about":[{"href":"https:\/\/www.coolheadeurope.com\/fr\/wp-json\/wp\/v2\/types\/product"}],"wp:featuredmedia":[{"embeddable":true,"href":"https:\/\/www.coolheadeurope.com\/fr\/wp-json\/wp\/v2\/media\/3706745"}],"wp:attachment":[{"href":"https:\/\/www.coolheadeurope.com\/fr\/wp-json\/wp\/v2\/media?parent=2958197"}],"wp:term":[{"taxonomy":"product_brand","embeddable":true,"href":"https:\/\/www.coolheadeurope.com\/fr\/wp-json\/wp\/v2\/product_brand?post=2958197"},{"taxonomy":"product_cat","embeddable":true,"href":"https:\/\/www.coolheadeurope.com\/fr\/wp-json\/wp\/v2\/product_cat?post=2958197"},{"taxonomy":"product_tag","embeddable":true,"href":"https:\/\/www.coolheadeurope.com\/fr\/wp-json\/wp\/v2\/product_tag?post=2958197"}],"curies":[{"name":"wp","href":"https:\/\/api.w.org\/{rel}","templated":true}]}}