{"id":2958201,"date":"2024-10-09T17:48:14","date_gmt":"2024-10-09T17:48:14","guid":{"rendered":"https:\/\/www.coolheadeurope.com\/prodotto\/non%20class\u00e9\/dwt-92\/"},"modified":"2026-02-08T05:12:07","modified_gmt":"2026-02-08T05:12:07","slug":"dwt-92","status":"publish","type":"product","link":"https:\/\/www.coolheadeurope.com\/fr\/prodotto\/inox-fr\/tiroir-a-double-temperatur\/dwt-92\/","title":{"rendered":"DWT 92"},"content":{"rendered":"<p>Tiroir r\u00e9frig\u00e9r\u00e9 simple commutable (4 plateaux GN1\/1)<br \/>\nMod\u00e8le \u00e0 double temp\u00e9rature (facile \u00e0 convertir de r\u00e9frig\u00e9rateur \u00e0 cong\u00e9lateur ou vice versa)<br \/>\nExt\u00e9rieur et int\u00e9rieur en acier inoxydable<br \/>\nRefroidissement ventil\u00e9<br \/>\nD\u00e9givrage automatique avec chauffage \u00e9lectrique<br \/>\n\u00c9vaporateur trait\u00e9 anti-corrosion<br \/>\nAgent moussant : Cyclopentane (50 mm par c\u00f4t\u00e9)<br \/>\nThermostat num\u00e9rique<br \/>\nCommutateur principal r\u00e9tro-\u00e9clair\u00e9 blanc<br \/>\nCompartiment moteur coulissant pour une gestion facile des services apr\u00e8s-vente<br \/>\nFiltre pour condenseur facilement amovible<br \/>\nOrifices inclin\u00e9s du panneau avant permettant une meilleure circulation d\u2019air<br \/>\nTiroir coulissant avec support de plateau GN1\/1 (Profondeur jusqu&rsquo;\u00e0 150 mm)<br \/>\nJoint d&rsquo;\u00e9tanch\u00e9it\u00e9 amovible<br \/>\nRoulette N\u00b0 4 (N\u00b0 2 \u00e0 l\u2019avant avec frein)<br \/>\nClasse \u00e9nerg\u00e9tique: &#8211;<\/p>\n","protected":false},"excerpt":{"rendered":"<p>D&rsquo;aspect \u00e9pur\u00e9 et essentiel, ce mod\u00e8le avec plan en acier inoxydable est parfait pour gagner de l&rsquo;espace et offrir un poste de travail r\u00e9frig\u00e9r\u00e9 dans toute cuisine professionnelle. Le DWT 92 est un parfait exemple d&rsquo;efficacit\u00e9, avec un mod\u00e8le \u00e0 double temp\u00e9rature (facilement convertible entre r\u00e9frig\u00e9rateur et cong\u00e9lateur), double tiroirs coulissants avec des guides t\u00e9lescopiques adapt\u00e9s \u00e0 4 casseroles GN 1\/1 (non incluses), un thermostat num\u00e9rique, une salle des machines en bas, un filtre de condenseur facilement amovible pour un entretien et un nettoyage en douceur et un moteur coulissant facile \u00e0 retirer pour un service apr\u00e8s-vente plus facile \u00e0 g\u00e9rer. Pour compl\u00e9ter la liste des caract\u00e9ristiques haut de gamme, il est livr\u00e9 avec R290 eco-friendly et 4 roulettes pivotantes pour un positionnement facile.<\/p>\n","protected":false},"featured_media":3880961,"template":"","meta":[],"product_brand":[],"product_cat":[7398,7397],"product_tag":[],"class_list":{"0":"post-2958201","1":"product","2":"type-product","3":"status-publish","4":"has-post-thumbnail","6":"product_cat-tiroir-a-double-temperatur","7":"product_cat-inox-fr","8":"pa_capacite-commerciale-179-l","9":"pa_consommation-denergie-4-4-13-kw-24h","10":"pa_hauteur-exterieure-870-mm","11":"pa_hauteur-interieure-150-mm","12":"pa_largeur-exterieure-905-mm","13":"pa_largeur-interne-626-mm","14":"pa_niveau-sonore-42-dba","15":"pa_poids-brut-136-kg","16":"pa_poids-net-121-kg","17":"pa_profondeur-externe-700-mm","18":"pa_profondeur-interne-520-mm","19":"pa_puissance-689-w","21":"first","22":"instock","23":"product-type-simple"},"acf":[],"yoast_head":"<!-- This site is optimized with the Yoast SEO plugin v27.2 - https:\/\/yoast.com\/product\/yoast-seo-wordpress\/ -->\n<title>DWT 92 - Cool Head Europe<\/title>\n<meta name=\"robots\" content=\"index, follow, max-snippet:-1, max-image-preview:large, max-video-preview:-1\" \/>\n<link rel=\"canonical\" href=\"https:\/\/www.coolheadeurope.com\/prodotto\/inox\/cassettiera-a-doppia-temperatura\/dwt-92\/\" \/>\n<meta property=\"og:locale\" content=\"fr_FR\" \/>\n<meta property=\"og:type\" content=\"article\" \/>\n<meta property=\"og:title\" content=\"DWT 92 - Cool Head Europe\" \/>\n<meta property=\"og:description\" content=\"D&#039;aspect \u00e9pur\u00e9 et essentiel, ce mod\u00e8le avec plan en acier inoxydable est parfait pour gagner de l&#039;espace et offrir un poste de travail r\u00e9frig\u00e9r\u00e9 dans toute cuisine professionnelle. Le DWT 92 est un parfait exemple d&#039;efficacit\u00e9, avec un mod\u00e8le \u00e0 double temp\u00e9rature (facilement convertible entre r\u00e9frig\u00e9rateur et cong\u00e9lateur), double tiroirs coulissants avec des guides t\u00e9lescopiques adapt\u00e9s \u00e0 4 casseroles GN 1\/1 (non incluses), un thermostat num\u00e9rique, une salle des machines en bas, un filtre de condenseur facilement amovible pour un entretien et un nettoyage en douceur et un moteur coulissant facile \u00e0 retirer pour un service apr\u00e8s-vente plus facile \u00e0 g\u00e9rer. Pour compl\u00e9ter la liste des caract\u00e9ristiques haut de gamme, il est livr\u00e9 avec R290 eco-friendly et 4 roulettes pivotantes pour un positionnement facile.\" \/>\n<meta property=\"og:url\" content=\"https:\/\/www.coolheadeurope.com\/prodotto\/inox\/cassettiera-a-doppia-temperatura\/dwt-92\/\" \/>\n<meta property=\"og:site_name\" content=\"Cool Head Europe\" \/>\n<meta property=\"article:modified_time\" content=\"2026-02-08T05:12:07+00:00\" \/>\n<meta property=\"og:image\" content=\"https:\/\/www.coolheadeurope.com\/wp-content\/uploads\/2026\/04\/DWT-92-CORPO_CH_LOW.png\" \/>\n\t<meta property=\"og:image:width\" content=\"483\" \/>\n\t<meta property=\"og:image:height\" content=\"431\" \/>\n\t<meta property=\"og:image:type\" content=\"image\/png\" \/>\n<meta name=\"twitter:card\" content=\"summary_large_image\" \/>\n<meta name=\"twitter:label1\" content=\"Dur\u00e9e de lecture estim\u00e9e\" \/>\n\t<meta name=\"twitter:data1\" content=\"1 minute\" \/>\n<!-- \/ Yoast SEO plugin. -->","yoast_head_json":{"title":"DWT 92 - Cool Head Europe","robots":{"index":"index","follow":"follow","max-snippet":"max-snippet:-1","max-image-preview":"max-image-preview:large","max-video-preview":"max-video-preview:-1"},"canonical":"https:\/\/www.coolheadeurope.com\/prodotto\/inox\/cassettiera-a-doppia-temperatura\/dwt-92\/","og_locale":"fr_FR","og_type":"article","og_title":"DWT 92 - Cool Head Europe","og_description":"D'aspect \u00e9pur\u00e9 et essentiel, ce mod\u00e8le avec plan en acier inoxydable est parfait pour gagner de l'espace et offrir un poste de travail r\u00e9frig\u00e9r\u00e9 dans toute cuisine professionnelle. Le DWT 92 est un parfait exemple d'efficacit\u00e9, avec un mod\u00e8le \u00e0 double temp\u00e9rature (facilement convertible entre r\u00e9frig\u00e9rateur et cong\u00e9lateur), double tiroirs coulissants avec des guides t\u00e9lescopiques adapt\u00e9s \u00e0 4 casseroles GN 1\/1 (non incluses), un thermostat num\u00e9rique, une salle des machines en bas, un filtre de condenseur facilement amovible pour un entretien et un nettoyage en douceur et un moteur coulissant facile \u00e0 retirer pour un service apr\u00e8s-vente plus facile \u00e0 g\u00e9rer. Pour compl\u00e9ter la liste des caract\u00e9ristiques haut de gamme, il est livr\u00e9 avec R290 eco-friendly et 4 roulettes pivotantes pour un positionnement facile.","og_url":"https:\/\/www.coolheadeurope.com\/prodotto\/inox\/cassettiera-a-doppia-temperatura\/dwt-92\/","og_site_name":"Cool Head Europe","article_modified_time":"2026-02-08T05:12:07+00:00","og_image":[{"width":483,"height":431,"url":"https:\/\/www.coolheadeurope.com\/wp-content\/uploads\/2026\/04\/DWT-92-CORPO_CH_LOW.png","type":"image\/png"}],"twitter_card":"summary_large_image","twitter_misc":{"Dur\u00e9e de lecture estim\u00e9e":"1 minute"},"schema":{"@context":"https:\/\/schema.org","@graph":[{"@type":"WebPage","@id":"https:\/\/www.coolheadeurope.com\/prodotto\/inox\/cassettiera-a-doppia-temperatura\/dwt-92\/","url":"https:\/\/www.coolheadeurope.com\/prodotto\/inox\/cassettiera-a-doppia-temperatura\/dwt-92\/","name":"DWT 92 - Cool Head Europe","isPartOf":{"@id":"https:\/\/www.coolheadeurope.com\/#website"},"primaryImageOfPage":{"@id":"https:\/\/www.coolheadeurope.com\/prodotto\/inox\/cassettiera-a-doppia-temperatura\/dwt-92\/#primaryimage"},"image":{"@id":"https:\/\/www.coolheadeurope.com\/prodotto\/inox\/cassettiera-a-doppia-temperatura\/dwt-92\/#primaryimage"},"thumbnailUrl":"https:\/\/www.coolheadeurope.com\/wp-content\/uploads\/2026\/04\/DWT-92-CORPO_CH_LOW.png","datePublished":"2024-10-09T17:48:14+00:00","dateModified":"2026-02-08T05:12:07+00:00","breadcrumb":{"@id":"https:\/\/www.coolheadeurope.com\/prodotto\/inox\/cassettiera-a-doppia-temperatura\/dwt-92\/#breadcrumb"},"inLanguage":"fr-FR","potentialAction":[{"@type":"ReadAction","target":["https:\/\/www.coolheadeurope.com\/prodotto\/inox\/cassettiera-a-doppia-temperatura\/dwt-92\/"]}]},{"@type":"ImageObject","inLanguage":"fr-FR","@id":"https:\/\/www.coolheadeurope.com\/prodotto\/inox\/cassettiera-a-doppia-temperatura\/dwt-92\/#primaryimage","url":"https:\/\/www.coolheadeurope.com\/wp-content\/uploads\/2026\/04\/DWT-92-CORPO_CH_LOW.png","contentUrl":"https:\/\/www.coolheadeurope.com\/wp-content\/uploads\/2026\/04\/DWT-92-CORPO_CH_LOW.png","width":483,"height":431,"caption":"Immagine di DWT 92"},{"@type":"BreadcrumbList","@id":"https:\/\/www.coolheadeurope.com\/prodotto\/inox\/cassettiera-a-doppia-temperatura\/dwt-92\/#breadcrumb","itemListElement":[{"@type":"ListItem","position":1,"name":"Home","item":"https:\/\/www.coolheadeurope.com\/fr\/"},{"@type":"ListItem","position":2,"name":"Rechercher","item":"https:\/\/www.coolheadeurope.com\/cerca\/"},{"@type":"ListItem","position":3,"name":"DWT 92"}]},{"@type":"WebSite","@id":"https:\/\/www.coolheadeurope.com\/#website","url":"https:\/\/www.coolheadeurope.com\/","name":"Cool Head Europe","description":"We make the world a cooler place","potentialAction":[{"@type":"SearchAction","target":{"@type":"EntryPoint","urlTemplate":"https:\/\/www.coolheadeurope.com\/?s={search_term_string}"},"query-input":{"@type":"PropertyValueSpecification","valueRequired":true,"valueName":"search_term_string"}}],"inLanguage":"fr-FR"}]}},"_links":{"self":[{"href":"https:\/\/www.coolheadeurope.com\/fr\/wp-json\/wp\/v2\/product\/2958201","targetHints":{"allow":["GET"]}}],"collection":[{"href":"https:\/\/www.coolheadeurope.com\/fr\/wp-json\/wp\/v2\/product"}],"about":[{"href":"https:\/\/www.coolheadeurope.com\/fr\/wp-json\/wp\/v2\/types\/product"}],"wp:featuredmedia":[{"embeddable":true,"href":"https:\/\/www.coolheadeurope.com\/fr\/wp-json\/wp\/v2\/media\/3880961"}],"wp:attachment":[{"href":"https:\/\/www.coolheadeurope.com\/fr\/wp-json\/wp\/v2\/media?parent=2958201"}],"wp:term":[{"taxonomy":"product_brand","embeddable":true,"href":"https:\/\/www.coolheadeurope.com\/fr\/wp-json\/wp\/v2\/product_brand?post=2958201"},{"taxonomy":"product_cat","embeddable":true,"href":"https:\/\/www.coolheadeurope.com\/fr\/wp-json\/wp\/v2\/product_cat?post=2958201"},{"taxonomy":"product_tag","embeddable":true,"href":"https:\/\/www.coolheadeurope.com\/fr\/wp-json\/wp\/v2\/product_tag?post=2958201"}],"curies":[{"name":"wp","href":"https:\/\/api.w.org\/{rel}","templated":true}]}}