{"id":2958211,"date":"2024-10-09T18:06:43","date_gmt":"2024-10-09T18:06:43","guid":{"rendered":"https:\/\/www.coolheadeurope.com\/prodotto\/non%20class\u00e9\/srg-3100\/"},"modified":"2026-02-08T05:12:19","modified_gmt":"2026-02-08T05:12:19","slug":"srg-3100","status":"publish","type":"product","link":"https:\/\/www.coolheadeurope.com\/fr\/prodotto\/inox-fr\/comptoirs-fr\/srg-3100\/","title":{"rendered":"SRG 3100"},"content":{"rendered":"<p>Comptoir r\u00e9frig\u00e9r\u00e9 pour plateaux 325x410mm (PORTE VITR\u00c9E)<br \/>\nExt\u00e9rieur et int\u00e9rieur en acier inoxydable<br \/>\nRefroidissement ventil\u00e9<br \/>\nCycle de d\u00e9givrage automatique par arr\u00eat du compresseur<br \/>\nAgent moussant : Cyclopentane (60 mm par c\u00f4t\u00e9)<br \/>\n\u00c9vaporateur trait\u00e9 anti-corrosion<br \/>\nThermostat num\u00e9rique et lampe LED interne<br \/>\nJoint d&rsquo;\u00e9tanch\u00e9it\u00e9 amovible<br \/>\nPorte \u00e0 fermeture automatique (No r\u00e9versible)<br \/>\nClayettes r\u00e9glables 325x410mm: 6 pi\u00e8ces (N\u00b0 2 pour chaque porte)<br \/>\nPieds r\u00e9glables S\/S N\u00b0 4 &#8211; (Roulettes verrouillable en option)<br \/>\nClasse \u00e9nerg\u00e9tique: D<\/p>\n","protected":false},"excerpt":{"rendered":"<p>Comptoir r\u00e9frig\u00e9r\u00e9e avec des portes en verre d\u2019aspect moderne, plateau avec des bords arrondis, affichage num\u00e9rique, interrupteur principal et interrupteur ind\u00e9pendant. Le mod\u00e8le SRG 3100 repr\u00e9sente la combinaison parfaite entre efficacit\u00e9 et fiabilit\u00e9, avec 600mm de profondeur, 3 portes et 2 \u00e9tag\u00e8res r\u00e9glables 325x410mm pour chaque compartiment. Notre comptoir de r\u00e9frig\u00e9ration a \u00e9t\u00e9 con\u00e7u avec une attention \u00e0 l\u2019environnement et \u00e0 l\u2019\u00e9conomie d\u2019\u00e9nergie, \u00e9quip\u00e9 de gaz r\u00e9frig\u00e9rant \u00e9cologique R290, mousse isolante de 60 mm de chaque c\u00f4t\u00e9, portes avec double verre de s\u00e9curit\u00e9 tremp\u00e9 pour une meilleure \u00e9tanch\u00e9it\u00e9 thermique et autochiudente pour \u00e9viter le gaspillage d\u2019\u00e9nergie. Des lampes internes \u00e0 LED derri\u00e8re chaque longeron central et des pieds r\u00e9glables en hauteur (de 145 mm \u00e0 185 mm) contribuent \u00e0 faire de ce produit un \u00e9quipement id\u00e9al pour la restauration professionnelle.<\/p>\n","protected":false},"featured_media":3880973,"template":"","meta":[],"product_brand":[],"product_cat":[7397,7400],"product_tag":[],"class_list":{"0":"post-2958211","1":"product","2":"type-product","3":"status-publish","4":"has-post-thumbnail","6":"product_cat-inox-fr","7":"product_cat-comptoirs-fr","8":"pa_capacite-commerciale-358-l","9":"pa_consommation-denergie-4-33-kw-24h","10":"pa_hauteur-exterieure-850-mm","11":"pa_hauteur-interieure-585-mm","12":"pa_largeur-exterieure-1800-mm","13":"pa_largeur-interne-1260-mm","14":"pa_niveau-sonore-40-dba","15":"pa_poids-brut-141-kg","16":"pa_poids-net-116-kg","17":"pa_profondeur-externe-625-mm","18":"pa_profondeur-interne-485-mm","19":"pa_puissance-372-w","21":"first","22":"instock","23":"product-type-simple"},"acf":[],"yoast_head":"<!-- This site is optimized with the Yoast SEO plugin v27.2 - https:\/\/yoast.com\/product\/yoast-seo-wordpress\/ -->\n<title>SRG 3100 - Cool Head Europe<\/title>\n<meta name=\"robots\" content=\"index, follow, max-snippet:-1, max-image-preview:large, max-video-preview:-1\" \/>\n<link rel=\"canonical\" href=\"https:\/\/www.coolheadeurope.com\/prodotto\/inox\/tavoli\/srg-3100\/\" \/>\n<meta property=\"og:locale\" content=\"fr_FR\" \/>\n<meta property=\"og:type\" content=\"article\" \/>\n<meta property=\"og:title\" content=\"SRG 3100 - Cool Head Europe\" \/>\n<meta property=\"og:description\" content=\"Comptoir r\u00e9frig\u00e9r\u00e9e avec des portes en verre d\u2019aspect moderne, plateau avec des bords arrondis, affichage num\u00e9rique, interrupteur principal et interrupteur ind\u00e9pendant. Le mod\u00e8le SRG 3100 repr\u00e9sente la combinaison parfaite entre efficacit\u00e9 et fiabilit\u00e9, avec 600mm de profondeur, 3 portes et 2 \u00e9tag\u00e8res r\u00e9glables 325x410mm pour chaque compartiment. Notre comptoir de r\u00e9frig\u00e9ration a \u00e9t\u00e9 con\u00e7u avec une attention \u00e0 l\u2019environnement et \u00e0 l\u2019\u00e9conomie d\u2019\u00e9nergie, \u00e9quip\u00e9 de gaz r\u00e9frig\u00e9rant \u00e9cologique R290, mousse isolante de 60 mm de chaque c\u00f4t\u00e9, portes avec double verre de s\u00e9curit\u00e9 tremp\u00e9 pour une meilleure \u00e9tanch\u00e9it\u00e9 thermique et autochiudente pour \u00e9viter le gaspillage d\u2019\u00e9nergie. Des lampes internes \u00e0 LED derri\u00e8re chaque longeron central et des pieds r\u00e9glables en hauteur (de 145 mm \u00e0 185 mm) contribuent \u00e0 faire de ce produit un \u00e9quipement id\u00e9al pour la restauration professionnelle.\" \/>\n<meta property=\"og:url\" content=\"https:\/\/www.coolheadeurope.com\/prodotto\/inox\/tavoli\/srg-3100\/\" \/>\n<meta property=\"og:site_name\" content=\"Cool Head Europe\" \/>\n<meta property=\"article:modified_time\" content=\"2026-02-08T05:12:19+00:00\" \/>\n<meta property=\"og:image\" content=\"https:\/\/www.coolheadeurope.com\/wp-content\/uploads\/2026\/04\/SRG-3100-CORPO_CH_LOW.png\" \/>\n\t<meta property=\"og:image:width\" content=\"487\" \/>\n\t<meta property=\"og:image:height\" content=\"296\" \/>\n\t<meta property=\"og:image:type\" content=\"image\/png\" \/>\n<meta name=\"twitter:card\" content=\"summary_large_image\" \/>\n<!-- \/ Yoast SEO plugin. -->","yoast_head_json":{"title":"SRG 3100 - Cool Head Europe","robots":{"index":"index","follow":"follow","max-snippet":"max-snippet:-1","max-image-preview":"max-image-preview:large","max-video-preview":"max-video-preview:-1"},"canonical":"https:\/\/www.coolheadeurope.com\/prodotto\/inox\/tavoli\/srg-3100\/","og_locale":"fr_FR","og_type":"article","og_title":"SRG 3100 - Cool Head Europe","og_description":"Comptoir r\u00e9frig\u00e9r\u00e9e avec des portes en verre d\u2019aspect moderne, plateau avec des bords arrondis, affichage num\u00e9rique, interrupteur principal et interrupteur ind\u00e9pendant. Le mod\u00e8le SRG 3100 repr\u00e9sente la combinaison parfaite entre efficacit\u00e9 et fiabilit\u00e9, avec 600mm de profondeur, 3 portes et 2 \u00e9tag\u00e8res r\u00e9glables 325x410mm pour chaque compartiment. Notre comptoir de r\u00e9frig\u00e9ration a \u00e9t\u00e9 con\u00e7u avec une attention \u00e0 l\u2019environnement et \u00e0 l\u2019\u00e9conomie d\u2019\u00e9nergie, \u00e9quip\u00e9 de gaz r\u00e9frig\u00e9rant \u00e9cologique R290, mousse isolante de 60 mm de chaque c\u00f4t\u00e9, portes avec double verre de s\u00e9curit\u00e9 tremp\u00e9 pour une meilleure \u00e9tanch\u00e9it\u00e9 thermique et autochiudente pour \u00e9viter le gaspillage d\u2019\u00e9nergie. Des lampes internes \u00e0 LED derri\u00e8re chaque longeron central et des pieds r\u00e9glables en hauteur (de 145 mm \u00e0 185 mm) contribuent \u00e0 faire de ce produit un \u00e9quipement id\u00e9al pour la restauration professionnelle.","og_url":"https:\/\/www.coolheadeurope.com\/prodotto\/inox\/tavoli\/srg-3100\/","og_site_name":"Cool Head Europe","article_modified_time":"2026-02-08T05:12:19+00:00","og_image":[{"width":487,"height":296,"url":"https:\/\/www.coolheadeurope.com\/wp-content\/uploads\/2026\/04\/SRG-3100-CORPO_CH_LOW.png","type":"image\/png"}],"twitter_card":"summary_large_image","schema":{"@context":"https:\/\/schema.org","@graph":[{"@type":"WebPage","@id":"https:\/\/www.coolheadeurope.com\/prodotto\/inox\/tavoli\/srg-3100\/","url":"https:\/\/www.coolheadeurope.com\/prodotto\/inox\/tavoli\/srg-3100\/","name":"SRG 3100 - Cool Head Europe","isPartOf":{"@id":"https:\/\/www.coolheadeurope.com\/#website"},"primaryImageOfPage":{"@id":"https:\/\/www.coolheadeurope.com\/prodotto\/inox\/tavoli\/srg-3100\/#primaryimage"},"image":{"@id":"https:\/\/www.coolheadeurope.com\/prodotto\/inox\/tavoli\/srg-3100\/#primaryimage"},"thumbnailUrl":"https:\/\/www.coolheadeurope.com\/wp-content\/uploads\/2026\/04\/SRG-3100-CORPO_CH_LOW.png","datePublished":"2024-10-09T18:06:43+00:00","dateModified":"2026-02-08T05:12:19+00:00","breadcrumb":{"@id":"https:\/\/www.coolheadeurope.com\/prodotto\/inox\/tavoli\/srg-3100\/#breadcrumb"},"inLanguage":"fr-FR","potentialAction":[{"@type":"ReadAction","target":["https:\/\/www.coolheadeurope.com\/prodotto\/inox\/tavoli\/srg-3100\/"]}]},{"@type":"ImageObject","inLanguage":"fr-FR","@id":"https:\/\/www.coolheadeurope.com\/prodotto\/inox\/tavoli\/srg-3100\/#primaryimage","url":"https:\/\/www.coolheadeurope.com\/wp-content\/uploads\/2026\/04\/SRG-3100-CORPO_CH_LOW.png","contentUrl":"https:\/\/www.coolheadeurope.com\/wp-content\/uploads\/2026\/04\/SRG-3100-CORPO_CH_LOW.png","width":487,"height":296,"caption":"Immagine di SRG 3100"},{"@type":"BreadcrumbList","@id":"https:\/\/www.coolheadeurope.com\/prodotto\/inox\/tavoli\/srg-3100\/#breadcrumb","itemListElement":[{"@type":"ListItem","position":1,"name":"Home","item":"https:\/\/www.coolheadeurope.com\/fr\/"},{"@type":"ListItem","position":2,"name":"Rechercher","item":"https:\/\/www.coolheadeurope.com\/cerca\/"},{"@type":"ListItem","position":3,"name":"SRG 3100"}]},{"@type":"WebSite","@id":"https:\/\/www.coolheadeurope.com\/#website","url":"https:\/\/www.coolheadeurope.com\/","name":"Cool Head Europe","description":"We make the world a cooler place","potentialAction":[{"@type":"SearchAction","target":{"@type":"EntryPoint","urlTemplate":"https:\/\/www.coolheadeurope.com\/?s={search_term_string}"},"query-input":{"@type":"PropertyValueSpecification","valueRequired":true,"valueName":"search_term_string"}}],"inLanguage":"fr-FR"}]}},"_links":{"self":[{"href":"https:\/\/www.coolheadeurope.com\/fr\/wp-json\/wp\/v2\/product\/2958211","targetHints":{"allow":["GET"]}}],"collection":[{"href":"https:\/\/www.coolheadeurope.com\/fr\/wp-json\/wp\/v2\/product"}],"about":[{"href":"https:\/\/www.coolheadeurope.com\/fr\/wp-json\/wp\/v2\/types\/product"}],"wp:featuredmedia":[{"embeddable":true,"href":"https:\/\/www.coolheadeurope.com\/fr\/wp-json\/wp\/v2\/media\/3880973"}],"wp:attachment":[{"href":"https:\/\/www.coolheadeurope.com\/fr\/wp-json\/wp\/v2\/media?parent=2958211"}],"wp:term":[{"taxonomy":"product_brand","embeddable":true,"href":"https:\/\/www.coolheadeurope.com\/fr\/wp-json\/wp\/v2\/product_brand?post=2958211"},{"taxonomy":"product_cat","embeddable":true,"href":"https:\/\/www.coolheadeurope.com\/fr\/wp-json\/wp\/v2\/product_cat?post=2958211"},{"taxonomy":"product_tag","embeddable":true,"href":"https:\/\/www.coolheadeurope.com\/fr\/wp-json\/wp\/v2\/product_tag?post=2958211"}],"curies":[{"name":"wp","href":"https:\/\/api.w.org\/{rel}","templated":true}]}}