{"id":2958221,"date":"2024-10-09T18:24:26","date_gmt":"2024-10-09T18:24:26","guid":{"rendered":"https:\/\/www.coolheadeurope.com\/prodotto\/non%20class\u00e9\/pa-2100\/"},"modified":"2026-02-08T05:32:50","modified_gmt":"2026-02-08T05:32:50","slug":"pa-2100-2","status":"publish","type":"product","link":"https:\/\/www.coolheadeurope.com\/fr\/prodotto\/inox-fr\/comptoirs-fr\/pa-2100-2\/","title":{"rendered":"PA 2100"},"content":{"rendered":"<p>Comptoir r\u00e9frig\u00e9r\u00e9 EURONORM pour plateaux 600&#215;400 mm<br \/>\nExt\u00e9rieur et int\u00e9rieur en acier inoxydable<br \/>\nRefroidissement ventil\u00e9 avec moteur \u00e0 syst\u00e8me de cassettes<br \/>\nCycle de d\u00e9givrage automatique par arr\u00eat du compresseur<br \/>\nAgent moussant : Cyclopentane (60 mm par c\u00f4t\u00e9)<br \/>\n\u00c9vaporateur trait\u00e9 anti-corrosion<br \/>\nThermostat num\u00e9rique<br \/>\nJoint d&rsquo;\u00e9tanch\u00e9it\u00e9 amovible<br \/>\nPorte \u00e0 fermeture automatique (No r\u00e9versible)<br \/>\nClayettes r\u00e9glables 600x400mm: 2 pi\u00e8ces<br \/>\nPieds r\u00e9glables S\/S N\u00b0 4 &#8211; (Roulettes verrouillable en option)<br \/>\nClasse \u00e9nerg\u00e9tique: C<\/p>\n","protected":false},"excerpt":{"rendered":"<p>Con\u00e7u pour offrir un \u00e9quipement professionnel fiable aux boulangeries et p\u00e2tisseries, ce comptoir r\u00e9frig\u00e9r\u00e9 est la solution id\u00e9ale pour le stockage des ingr\u00e9dients, des produits semi-finis et finis. Le mod\u00e8le PA 2100 repr\u00e9sente la combinaison parfaite de l&rsquo;efficacit\u00e9 et de la fiabilit\u00e9, avec une profondeur de 800 mm, 2 portes, 1 \u00e9tag\u00e8re r\u00e9glable de 600&#215;400 mm par porte et des rails Euronorm 600&#215;400. Notre comptoir r\u00e9frig\u00e9r\u00e9 a \u00e9t\u00e9 con\u00e7u en tenant compte de l&rsquo;environnement et des \u00e9conomies d&rsquo;\u00e9nergie. Il est \u00e9quip\u00e9 d&rsquo;un gaz r\u00e9frig\u00e9rant R290 respectueux de l&rsquo;environnement, d&rsquo;une mousse isolante de 60 mm de chaque c\u00f4t\u00e9, de portes plus \u00e9paisses et de formes internes pour une meilleure \u00e9tanch\u00e9it\u00e9 thermique, et de portes \u00e0 fermeture automatique pour \u00e9viter les gaspillages d&rsquo;\u00e9nergie.<\/p>\n","protected":false},"featured_media":3877820,"template":"","meta":[],"product_brand":[],"product_cat":[7397,7400],"product_tag":[],"class_list":{"0":"post-2958221","1":"product","2":"type-product","3":"status-publish","4":"has-post-thumbnail","6":"product_cat-inox-fr","7":"product_cat-comptoirs-fr","8":"pa_capacite-commerciale-430-l","9":"pa_consommation-denergie-2-079-kw-24h","10":"pa_hauteur-exterieure-850-mm","11":"pa_hauteur-interieure-585-mm","12":"pa_largeur-exterieure-1500-mm","13":"pa_largeur-interne-1080-mm","14":"pa_niveau-sonore-42-dba","15":"pa_poids-brut-144-kg","16":"pa_poids-net-126-kg","17":"pa_profondeur-externe-800-mm","18":"pa_profondeur-interne-685-mm","19":"pa_puissance-300-w","21":"first","22":"instock","23":"product-type-simple"},"acf":[],"yoast_head":"<!-- This site is optimized with the Yoast SEO plugin v27.2 - https:\/\/yoast.com\/product\/yoast-seo-wordpress\/ -->\n<title>PA 2100 - Cool Head Europe<\/title>\n<meta name=\"robots\" content=\"index, follow, max-snippet:-1, max-image-preview:large, max-video-preview:-1\" \/>\n<link rel=\"canonical\" href=\"https:\/\/www.coolheadeurope.com\/fr\/prodotto\/inox-fr\/comptoirs-fr\/pa-2100-2\/\" \/>\n<meta property=\"og:locale\" content=\"fr_FR\" \/>\n<meta property=\"og:type\" content=\"article\" \/>\n<meta property=\"og:title\" content=\"PA 2100 - Cool Head Europe\" \/>\n<meta property=\"og:description\" content=\"Con\u00e7u pour offrir un \u00e9quipement professionnel fiable aux boulangeries et p\u00e2tisseries, ce comptoir r\u00e9frig\u00e9r\u00e9 est la solution id\u00e9ale pour le stockage des ingr\u00e9dients, des produits semi-finis et finis. Le mod\u00e8le PA 2100 repr\u00e9sente la combinaison parfaite de l&#039;efficacit\u00e9 et de la fiabilit\u00e9, avec une profondeur de 800 mm, 2 portes, 1 \u00e9tag\u00e8re r\u00e9glable de 600x400 mm par porte et des rails Euronorm 600x400. Notre comptoir r\u00e9frig\u00e9r\u00e9 a \u00e9t\u00e9 con\u00e7u en tenant compte de l&#039;environnement et des \u00e9conomies d&#039;\u00e9nergie. Il est \u00e9quip\u00e9 d&#039;un gaz r\u00e9frig\u00e9rant R290 respectueux de l&#039;environnement, d&#039;une mousse isolante de 60 mm de chaque c\u00f4t\u00e9, de portes plus \u00e9paisses et de formes internes pour une meilleure \u00e9tanch\u00e9it\u00e9 thermique, et de portes \u00e0 fermeture automatique pour \u00e9viter les gaspillages d&#039;\u00e9nergie.\" \/>\n<meta property=\"og:url\" content=\"https:\/\/www.coolheadeurope.com\/fr\/prodotto\/inox-fr\/comptoirs-fr\/pa-2100-2\/\" \/>\n<meta property=\"og:site_name\" content=\"Cool Head Europe\" \/>\n<meta property=\"article:modified_time\" content=\"2026-02-08T05:32:50+00:00\" \/>\n<meta property=\"og:image\" content=\"https:\/\/www.coolheadeurope.com\/wp-content\/uploads\/2026\/04\/PA-2100-CORPO_CH_LOW-16.png\" \/>\n\t<meta property=\"og:image:width\" content=\"387\" \/>\n\t<meta property=\"og:image:height\" content=\"258\" \/>\n\t<meta property=\"og:image:type\" content=\"image\/png\" \/>\n<meta name=\"twitter:card\" content=\"summary_large_image\" \/>\n<!-- \/ Yoast SEO plugin. -->","yoast_head_json":{"title":"PA 2100 - Cool Head Europe","robots":{"index":"index","follow":"follow","max-snippet":"max-snippet:-1","max-image-preview":"max-image-preview:large","max-video-preview":"max-video-preview:-1"},"canonical":"https:\/\/www.coolheadeurope.com\/fr\/prodotto\/inox-fr\/comptoirs-fr\/pa-2100-2\/","og_locale":"fr_FR","og_type":"article","og_title":"PA 2100 - Cool Head Europe","og_description":"Con\u00e7u pour offrir un \u00e9quipement professionnel fiable aux boulangeries et p\u00e2tisseries, ce comptoir r\u00e9frig\u00e9r\u00e9 est la solution id\u00e9ale pour le stockage des ingr\u00e9dients, des produits semi-finis et finis. Le mod\u00e8le PA 2100 repr\u00e9sente la combinaison parfaite de l'efficacit\u00e9 et de la fiabilit\u00e9, avec une profondeur de 800 mm, 2 portes, 1 \u00e9tag\u00e8re r\u00e9glable de 600x400 mm par porte et des rails Euronorm 600x400. Notre comptoir r\u00e9frig\u00e9r\u00e9 a \u00e9t\u00e9 con\u00e7u en tenant compte de l'environnement et des \u00e9conomies d'\u00e9nergie. Il est \u00e9quip\u00e9 d'un gaz r\u00e9frig\u00e9rant R290 respectueux de l'environnement, d'une mousse isolante de 60 mm de chaque c\u00f4t\u00e9, de portes plus \u00e9paisses et de formes internes pour une meilleure \u00e9tanch\u00e9it\u00e9 thermique, et de portes \u00e0 fermeture automatique pour \u00e9viter les gaspillages d'\u00e9nergie.","og_url":"https:\/\/www.coolheadeurope.com\/fr\/prodotto\/inox-fr\/comptoirs-fr\/pa-2100-2\/","og_site_name":"Cool Head Europe","article_modified_time":"2026-02-08T05:32:50+00:00","og_image":[{"width":387,"height":258,"url":"https:\/\/www.coolheadeurope.com\/wp-content\/uploads\/2026\/04\/PA-2100-CORPO_CH_LOW-16.png","type":"image\/png"}],"twitter_card":"summary_large_image","schema":{"@context":"https:\/\/schema.org","@graph":[{"@type":"WebPage","@id":"https:\/\/www.coolheadeurope.com\/fr\/prodotto\/inox-fr\/comptoirs-fr\/pa-2100-2\/","url":"https:\/\/www.coolheadeurope.com\/fr\/prodotto\/inox-fr\/comptoirs-fr\/pa-2100-2\/","name":"PA 2100 - Cool Head Europe","isPartOf":{"@id":"https:\/\/www.coolheadeurope.com\/#website"},"primaryImageOfPage":{"@id":"https:\/\/www.coolheadeurope.com\/fr\/prodotto\/inox-fr\/comptoirs-fr\/pa-2100-2\/#primaryimage"},"image":{"@id":"https:\/\/www.coolheadeurope.com\/fr\/prodotto\/inox-fr\/comptoirs-fr\/pa-2100-2\/#primaryimage"},"thumbnailUrl":"https:\/\/www.coolheadeurope.com\/wp-content\/uploads\/2026\/04\/PA-2100-CORPO_CH_LOW-16.png","datePublished":"2024-10-09T18:24:26+00:00","dateModified":"2026-02-08T05:32:50+00:00","breadcrumb":{"@id":"https:\/\/www.coolheadeurope.com\/fr\/prodotto\/inox-fr\/comptoirs-fr\/pa-2100-2\/#breadcrumb"},"inLanguage":"fr-FR","potentialAction":[{"@type":"ReadAction","target":["https:\/\/www.coolheadeurope.com\/fr\/prodotto\/inox-fr\/comptoirs-fr\/pa-2100-2\/"]}]},{"@type":"ImageObject","inLanguage":"fr-FR","@id":"https:\/\/www.coolheadeurope.com\/fr\/prodotto\/inox-fr\/comptoirs-fr\/pa-2100-2\/#primaryimage","url":"https:\/\/www.coolheadeurope.com\/wp-content\/uploads\/2026\/04\/PA-2100-CORPO_CH_LOW-16.png","contentUrl":"https:\/\/www.coolheadeurope.com\/wp-content\/uploads\/2026\/04\/PA-2100-CORPO_CH_LOW-16.png","width":387,"height":258,"caption":"Immagine di PA 2100"},{"@type":"BreadcrumbList","@id":"https:\/\/www.coolheadeurope.com\/fr\/prodotto\/inox-fr\/comptoirs-fr\/pa-2100-2\/#breadcrumb","itemListElement":[{"@type":"ListItem","position":1,"name":"Home","item":"https:\/\/www.coolheadeurope.com\/fr\/"},{"@type":"ListItem","position":2,"name":"Rechercher","item":"https:\/\/www.coolheadeurope.com\/cerca\/"},{"@type":"ListItem","position":3,"name":"PA 2100"}]},{"@type":"WebSite","@id":"https:\/\/www.coolheadeurope.com\/#website","url":"https:\/\/www.coolheadeurope.com\/","name":"Cool Head Europe","description":"We make the world a cooler place","potentialAction":[{"@type":"SearchAction","target":{"@type":"EntryPoint","urlTemplate":"https:\/\/www.coolheadeurope.com\/?s={search_term_string}"},"query-input":{"@type":"PropertyValueSpecification","valueRequired":true,"valueName":"search_term_string"}}],"inLanguage":"fr-FR"}]}},"_links":{"self":[{"href":"https:\/\/www.coolheadeurope.com\/fr\/wp-json\/wp\/v2\/product\/2958221","targetHints":{"allow":["GET"]}}],"collection":[{"href":"https:\/\/www.coolheadeurope.com\/fr\/wp-json\/wp\/v2\/product"}],"about":[{"href":"https:\/\/www.coolheadeurope.com\/fr\/wp-json\/wp\/v2\/types\/product"}],"wp:featuredmedia":[{"embeddable":true,"href":"https:\/\/www.coolheadeurope.com\/fr\/wp-json\/wp\/v2\/media\/3877820"}],"wp:attachment":[{"href":"https:\/\/www.coolheadeurope.com\/fr\/wp-json\/wp\/v2\/media?parent=2958221"}],"wp:term":[{"taxonomy":"product_brand","embeddable":true,"href":"https:\/\/www.coolheadeurope.com\/fr\/wp-json\/wp\/v2\/product_brand?post=2958221"},{"taxonomy":"product_cat","embeddable":true,"href":"https:\/\/www.coolheadeurope.com\/fr\/wp-json\/wp\/v2\/product_cat?post=2958221"},{"taxonomy":"product_tag","embeddable":true,"href":"https:\/\/www.coolheadeurope.com\/fr\/wp-json\/wp\/v2\/product_tag?post=2958221"}],"curies":[{"name":"wp","href":"https:\/\/api.w.org\/{rel}","templated":true}]}}