{"id":2958228,"date":"2024-10-09T18:37:46","date_gmt":"2024-10-09T18:37:46","guid":{"rendered":"https:\/\/www.coolheadeurope.com\/prodotto\/non%20class\u00e9\/qz-20\/"},"modified":"2026-02-08T05:32:57","modified_gmt":"2026-02-08T05:32:57","slug":"qz-20","status":"publish","type":"product","link":"https:\/\/www.coolheadeurope.com\/fr\/prodotto\/inox-fr\/comptoirs-fr\/qz-20\/","title":{"rendered":"QZ 20"},"content":{"rendered":"<p>Comptoir r\u00e9frig\u00e9r\u00e9 pour PIZZAS pour plateaux 600x400mm<br \/>\nExt\u00e9rieur et int\u00e9rieur en acier inoxydable<br \/>\nRefroidissement ventil\u00e9 avec moteur \u00e0 syst\u00e8me de cassettes<br \/>\nCycle de d\u00e9givrage automatique par arr\u00eat du compresseur<br \/>\nAgent moussant : Cyclopentane (60 mm par c\u00f4t\u00e9)<br \/>\n\u00c9vaporateur trait\u00e9 anti-corrosion<br \/>\nThermostat num\u00e9rique<br \/>\nJoint d&rsquo;\u00e9tanch\u00e9it\u00e9 amovible<br \/>\nPorte \u00e0 fermeture automatique (No r\u00e9versible)<br \/>\nClayettes r\u00e9glables 600x400mm: 2 pi\u00e8ces<br \/>\nPieds r\u00e9glables S\/S N\u00b0 4 &#8211; (Roulette verrouillable en option)<br \/>\nSurface en granit avec dosseret, hauteur: 200 mm<br \/>\nEnsemble N\u00b0 1 de guides en forme de \u00ab C \u00bb pour chaque porte<br \/>\nArticles adapt\u00e9s \u00e0 l\u2019unit\u00e9 de nappage r\u00e9frig\u00e9r\u00e9e (VRX 15\/38)<br \/>\nClasse \u00e9nerg\u00e9tique: C<\/p>\n","protected":false},"excerpt":{"rendered":"<p>Con\u00e7u pour offrir un \u00e9quipement professionnel fiable pour les pizzerias, ce comptoir r\u00e9frig\u00e9r\u00e9e offre un plan de travail en granit solide et repr\u00e9sente la solution parfaite pour le stockage des p\u00e2tes et des ingr\u00e9dients. Le mod\u00e8le QZ 20, avec une profondeur de 800 mm, est \u00e9quip\u00e9 d\u2019un plateau en granit avec dosseret de 200 mm, de 2 compartiments r\u00e9frig\u00e9r\u00e9s avec des \u00e9tag\u00e8res r\u00e9glables 600x400mm et de guides \u00e0 \u00ab\u00a0C\u00a0\u00bb. Notre comptoir \u00e0 pizza est pr\u00e9par\u00e9 pour le montage d\u2019unit\u00e9s porte-gobelets avec plateau en verre ou en acier inoxydable refermable.<\/p>\n","protected":false},"featured_media":3880991,"template":"","meta":[],"product_brand":[],"product_cat":[7397,7400],"product_tag":[],"class_list":{"0":"post-2958228","1":"product","2":"type-product","3":"status-publish","4":"has-post-thumbnail","6":"product_cat-inox-fr","7":"product_cat-comptoirs-fr","8":"pa_capacite-commerciale-430-l","9":"pa_consommation-denergie-2-079-kw-24h","10":"pa_hauteur-exterieure-1040-mm","11":"pa_hauteur-interieure-585-mm","12":"pa_largeur-exterieure-1500-mm","13":"pa_largeur-interne-1080-mm","14":"pa_niveau-sonore-42-dba","15":"pa_poids-brut-244-kg","16":"pa_poids-net-203-kg","17":"pa_profondeur-externe-800-mm","18":"pa_profondeur-interne-685-mm","19":"pa_puissance-300-w","21":"first","22":"instock","23":"product-type-simple"},"acf":[],"yoast_head":"<!-- This site is optimized with the Yoast SEO plugin v27.2 - https:\/\/yoast.com\/product\/yoast-seo-wordpress\/ -->\n<title>QZ 20 - Cool Head Europe<\/title>\n<meta name=\"robots\" content=\"index, follow, max-snippet:-1, max-image-preview:large, max-video-preview:-1\" \/>\n<link rel=\"canonical\" href=\"https:\/\/www.coolheadeurope.com\/prodotto\/inox\/tavoli\/qz-20\/\" \/>\n<meta property=\"og:locale\" content=\"fr_FR\" \/>\n<meta property=\"og:type\" content=\"article\" \/>\n<meta property=\"og:title\" content=\"QZ 20 - Cool Head Europe\" \/>\n<meta property=\"og:description\" content=\"Con\u00e7u pour offrir un \u00e9quipement professionnel fiable pour les pizzerias, ce comptoir r\u00e9frig\u00e9r\u00e9e offre un plan de travail en granit solide et repr\u00e9sente la solution parfaite pour le stockage des p\u00e2tes et des ingr\u00e9dients. Le mod\u00e8le QZ 20, avec une profondeur de 800 mm, est \u00e9quip\u00e9 d\u2019un plateau en granit avec dosseret de 200 mm, de 2 compartiments r\u00e9frig\u00e9r\u00e9s avec des \u00e9tag\u00e8res r\u00e9glables 600x400mm et de guides \u00e0 &quot;C&quot;. Notre comptoir \u00e0 pizza est pr\u00e9par\u00e9 pour le montage d\u2019unit\u00e9s porte-gobelets avec plateau en verre ou en acier inoxydable refermable.\" \/>\n<meta property=\"og:url\" content=\"https:\/\/www.coolheadeurope.com\/prodotto\/inox\/tavoli\/qz-20\/\" \/>\n<meta property=\"og:site_name\" content=\"Cool Head Europe\" \/>\n<meta property=\"article:modified_time\" content=\"2026-02-08T05:32:57+00:00\" \/>\n<meta property=\"og:image\" content=\"https:\/\/www.coolheadeurope.com\/wp-content\/uploads\/2026\/04\/QZ-20-CORPO_CH_LOW.png\" \/>\n\t<meta property=\"og:image:width\" content=\"450\" \/>\n\t<meta property=\"og:image:height\" content=\"335\" \/>\n\t<meta property=\"og:image:type\" content=\"image\/png\" \/>\n<meta name=\"twitter:card\" content=\"summary_large_image\" \/>\n<meta name=\"twitter:label1\" content=\"Dur\u00e9e de lecture estim\u00e9e\" \/>\n\t<meta name=\"twitter:data1\" content=\"1 minute\" \/>\n<!-- \/ Yoast SEO plugin. -->","yoast_head_json":{"title":"QZ 20 - Cool Head Europe","robots":{"index":"index","follow":"follow","max-snippet":"max-snippet:-1","max-image-preview":"max-image-preview:large","max-video-preview":"max-video-preview:-1"},"canonical":"https:\/\/www.coolheadeurope.com\/prodotto\/inox\/tavoli\/qz-20\/","og_locale":"fr_FR","og_type":"article","og_title":"QZ 20 - Cool Head Europe","og_description":"Con\u00e7u pour offrir un \u00e9quipement professionnel fiable pour les pizzerias, ce comptoir r\u00e9frig\u00e9r\u00e9e offre un plan de travail en granit solide et repr\u00e9sente la solution parfaite pour le stockage des p\u00e2tes et des ingr\u00e9dients. Le mod\u00e8le QZ 20, avec une profondeur de 800 mm, est \u00e9quip\u00e9 d\u2019un plateau en granit avec dosseret de 200 mm, de 2 compartiments r\u00e9frig\u00e9r\u00e9s avec des \u00e9tag\u00e8res r\u00e9glables 600x400mm et de guides \u00e0 \"C\". Notre comptoir \u00e0 pizza est pr\u00e9par\u00e9 pour le montage d\u2019unit\u00e9s porte-gobelets avec plateau en verre ou en acier inoxydable refermable.","og_url":"https:\/\/www.coolheadeurope.com\/prodotto\/inox\/tavoli\/qz-20\/","og_site_name":"Cool Head Europe","article_modified_time":"2026-02-08T05:32:57+00:00","og_image":[{"width":450,"height":335,"url":"https:\/\/www.coolheadeurope.com\/wp-content\/uploads\/2026\/04\/QZ-20-CORPO_CH_LOW.png","type":"image\/png"}],"twitter_card":"summary_large_image","twitter_misc":{"Dur\u00e9e de lecture estim\u00e9e":"1 minute"},"schema":{"@context":"https:\/\/schema.org","@graph":[{"@type":"WebPage","@id":"https:\/\/www.coolheadeurope.com\/prodotto\/inox\/tavoli\/qz-20\/","url":"https:\/\/www.coolheadeurope.com\/prodotto\/inox\/tavoli\/qz-20\/","name":"QZ 20 - Cool Head Europe","isPartOf":{"@id":"https:\/\/www.coolheadeurope.com\/#website"},"primaryImageOfPage":{"@id":"https:\/\/www.coolheadeurope.com\/prodotto\/inox\/tavoli\/qz-20\/#primaryimage"},"image":{"@id":"https:\/\/www.coolheadeurope.com\/prodotto\/inox\/tavoli\/qz-20\/#primaryimage"},"thumbnailUrl":"https:\/\/www.coolheadeurope.com\/wp-content\/uploads\/2026\/04\/QZ-20-CORPO_CH_LOW.png","datePublished":"2024-10-09T18:37:46+00:00","dateModified":"2026-02-08T05:32:57+00:00","breadcrumb":{"@id":"https:\/\/www.coolheadeurope.com\/prodotto\/inox\/tavoli\/qz-20\/#breadcrumb"},"inLanguage":"fr-FR","potentialAction":[{"@type":"ReadAction","target":["https:\/\/www.coolheadeurope.com\/prodotto\/inox\/tavoli\/qz-20\/"]}]},{"@type":"ImageObject","inLanguage":"fr-FR","@id":"https:\/\/www.coolheadeurope.com\/prodotto\/inox\/tavoli\/qz-20\/#primaryimage","url":"https:\/\/www.coolheadeurope.com\/wp-content\/uploads\/2026\/04\/QZ-20-CORPO_CH_LOW.png","contentUrl":"https:\/\/www.coolheadeurope.com\/wp-content\/uploads\/2026\/04\/QZ-20-CORPO_CH_LOW.png","width":450,"height":335,"caption":"Immagine di QZ 20"},{"@type":"BreadcrumbList","@id":"https:\/\/www.coolheadeurope.com\/prodotto\/inox\/tavoli\/qz-20\/#breadcrumb","itemListElement":[{"@type":"ListItem","position":1,"name":"Home","item":"https:\/\/www.coolheadeurope.com\/fr\/"},{"@type":"ListItem","position":2,"name":"Rechercher","item":"https:\/\/www.coolheadeurope.com\/cerca\/"},{"@type":"ListItem","position":3,"name":"QZ 20"}]},{"@type":"WebSite","@id":"https:\/\/www.coolheadeurope.com\/#website","url":"https:\/\/www.coolheadeurope.com\/","name":"Cool Head Europe","description":"We make the world a cooler place","potentialAction":[{"@type":"SearchAction","target":{"@type":"EntryPoint","urlTemplate":"https:\/\/www.coolheadeurope.com\/?s={search_term_string}"},"query-input":{"@type":"PropertyValueSpecification","valueRequired":true,"valueName":"search_term_string"}}],"inLanguage":"fr-FR"}]}},"_links":{"self":[{"href":"https:\/\/www.coolheadeurope.com\/fr\/wp-json\/wp\/v2\/product\/2958228","targetHints":{"allow":["GET"]}}],"collection":[{"href":"https:\/\/www.coolheadeurope.com\/fr\/wp-json\/wp\/v2\/product"}],"about":[{"href":"https:\/\/www.coolheadeurope.com\/fr\/wp-json\/wp\/v2\/types\/product"}],"wp:featuredmedia":[{"embeddable":true,"href":"https:\/\/www.coolheadeurope.com\/fr\/wp-json\/wp\/v2\/media\/3880991"}],"wp:attachment":[{"href":"https:\/\/www.coolheadeurope.com\/fr\/wp-json\/wp\/v2\/media?parent=2958228"}],"wp:term":[{"taxonomy":"product_brand","embeddable":true,"href":"https:\/\/www.coolheadeurope.com\/fr\/wp-json\/wp\/v2\/product_brand?post=2958228"},{"taxonomy":"product_cat","embeddable":true,"href":"https:\/\/www.coolheadeurope.com\/fr\/wp-json\/wp\/v2\/product_cat?post=2958228"},{"taxonomy":"product_tag","embeddable":true,"href":"https:\/\/www.coolheadeurope.com\/fr\/wp-json\/wp\/v2\/product_tag?post=2958228"}],"curies":[{"name":"wp","href":"https:\/\/api.w.org\/{rel}","templated":true}]}}