{"id":2958237,"date":"2024-10-09T18:54:10","date_gmt":"2024-10-09T18:54:10","guid":{"rendered":"https:\/\/www.coolheadeurope.com\/prodotto\/non%20class\u00e9\/rc-4200lv\/"},"modified":"2026-02-08T05:33:06","modified_gmt":"2026-02-08T05:33:06","slug":"rc-4200lv","status":"publish","type":"product","link":"https:\/\/www.coolheadeurope.com\/fr\/prodotto\/inox-fr\/comptoirs-fr\/rc-4200lv\/","title":{"rendered":"RC 4200LV"},"content":{"rendered":"<p>Comptoir r\u00e9frig\u00e9r\u00e9 GN1\/1 (AVEC \u00c9VIER)<br \/>\nExt\u00e9rieur et int\u00e9rieur en acier inoxydable<br \/>\nRefroidissement ventil\u00e9<br \/>\nCycle de d\u00e9givrage automatique par arr\u00eat du compresseur<br \/>\nAgent moussant : Cyclopentane (40 mm par c\u00f4t\u00e9)<br \/>\nThermostat num\u00e9rique<br \/>\nJoint d&rsquo;\u00e9tanch\u00e9it\u00e9 amovible<br \/>\n\u00c9vaporateur sp\u00e9cialement trait\u00e9 anti-corrosion<br \/>\nProfil\u00e9 PVC sur le cadre de porte pour une meilleure \u00e9tanch\u00e9it\u00e9<br \/>\n\u00c9vier int\u00e9gr\u00e9 en acier inoxydable<br \/>\nClayettes r\u00e9glables GN1\/1: 4<br \/>\nPieds r\u00e9glables S\/S N\u00b0 5 &#8211; (Roulette verrouillable en option)<br \/>\nHauteur du dosseret (100 mm)<br \/>\nClasse \u00e9nerg\u00e9tique: C<\/p>\n","protected":false},"excerpt":{"rendered":"<p>Solution pratique qui int\u00e8gre la fiabilit\u00e9 de notre comptoir de r\u00e9frig\u00e9ration avec un \u00e9vier en acier inoxydable (340x340x200mm), le mod\u00e8le RC 4200LV repr\u00e9sente la combinaison parfaite entre efficacit\u00e9 et optimisation des espaces, avec 700mm de profondeur, 4 portes, dosseret de 100mm, thermostat num\u00e9rique, gaz r\u00e9frig\u00e9rant \u00e9cologique R290 et pieds r\u00e9glables en hauteur (de 135mm \u00e0 185mm).<\/p>\n","protected":false},"featured_media":3881005,"template":"","meta":[],"product_brand":[],"product_cat":[7397,7400],"product_tag":[],"class_list":{"0":"post-2958237","1":"product","2":"type-product","3":"status-publish","4":"has-post-thumbnail","6":"product_cat-inox-fr","7":"product_cat-comptoirs-fr","8":"pa_capacite-commerciale-630-l","9":"pa_consommation-denergie-2-66-kw-24h","10":"pa_hauteur-exterieure-950-mm","11":"pa_hauteur-interieure-585-mm","12":"pa_largeur-exterieure-2240-mm","13":"pa_largeur-interne-1740-mm","14":"pa_niveau-sonore-48-dba","15":"pa_poids-brut-199-5-kg","16":"pa_poids-net-169-kg","17":"pa_profondeur-externe-700-mm","18":"pa_profondeur-interne-580-mm","19":"pa_puissance-353-w","21":"first","22":"instock","23":"product-type-simple"},"acf":[],"yoast_head":"<!-- This site is optimized with the Yoast SEO plugin v27.2 - https:\/\/yoast.com\/product\/yoast-seo-wordpress\/ -->\n<title>RC 4200LV - Cool Head Europe<\/title>\n<meta name=\"robots\" content=\"index, follow, max-snippet:-1, max-image-preview:large, max-video-preview:-1\" \/>\n<link rel=\"canonical\" href=\"https:\/\/www.coolheadeurope.com\/fr\/prodotto\/inox-fr\/comptoirs-fr\/rc-4200lv\/\" \/>\n<meta property=\"og:locale\" content=\"fr_FR\" \/>\n<meta property=\"og:type\" content=\"article\" \/>\n<meta property=\"og:title\" content=\"RC 4200LV - Cool Head Europe\" \/>\n<meta property=\"og:description\" content=\"Solution pratique qui int\u00e8gre la fiabilit\u00e9 de notre comptoir de r\u00e9frig\u00e9ration avec un \u00e9vier en acier inoxydable (340x340x200mm), le mod\u00e8le RC 4200LV repr\u00e9sente la combinaison parfaite entre efficacit\u00e9 et optimisation des espaces, avec 700mm de profondeur, 4 portes, dosseret de 100mm, thermostat num\u00e9rique, gaz r\u00e9frig\u00e9rant \u00e9cologique R290 et pieds r\u00e9glables en hauteur (de 135mm \u00e0 185mm).\" \/>\n<meta property=\"og:url\" content=\"https:\/\/www.coolheadeurope.com\/fr\/prodotto\/inox-fr\/comptoirs-fr\/rc-4200lv\/\" \/>\n<meta property=\"og:site_name\" content=\"Cool Head Europe\" \/>\n<meta property=\"article:modified_time\" content=\"2026-02-08T05:33:06+00:00\" \/>\n<meta property=\"og:image\" content=\"https:\/\/www.coolheadeurope.com\/wp-content\/uploads\/2026\/04\/RC-4200LV-CORPO_CH_LOW.png\" \/>\n\t<meta property=\"og:image:width\" content=\"567\" \/>\n\t<meta property=\"og:image:height\" content=\"319\" \/>\n\t<meta property=\"og:image:type\" content=\"image\/png\" \/>\n<meta name=\"twitter:card\" content=\"summary_large_image\" \/>\n<!-- \/ Yoast SEO plugin. -->","yoast_head_json":{"title":"RC 4200LV - Cool Head Europe","robots":{"index":"index","follow":"follow","max-snippet":"max-snippet:-1","max-image-preview":"max-image-preview:large","max-video-preview":"max-video-preview:-1"},"canonical":"https:\/\/www.coolheadeurope.com\/fr\/prodotto\/inox-fr\/comptoirs-fr\/rc-4200lv\/","og_locale":"fr_FR","og_type":"article","og_title":"RC 4200LV - Cool Head Europe","og_description":"Solution pratique qui int\u00e8gre la fiabilit\u00e9 de notre comptoir de r\u00e9frig\u00e9ration avec un \u00e9vier en acier inoxydable (340x340x200mm), le mod\u00e8le RC 4200LV repr\u00e9sente la combinaison parfaite entre efficacit\u00e9 et optimisation des espaces, avec 700mm de profondeur, 4 portes, dosseret de 100mm, thermostat num\u00e9rique, gaz r\u00e9frig\u00e9rant \u00e9cologique R290 et pieds r\u00e9glables en hauteur (de 135mm \u00e0 185mm).","og_url":"https:\/\/www.coolheadeurope.com\/fr\/prodotto\/inox-fr\/comptoirs-fr\/rc-4200lv\/","og_site_name":"Cool Head Europe","article_modified_time":"2026-02-08T05:33:06+00:00","og_image":[{"width":567,"height":319,"url":"https:\/\/www.coolheadeurope.com\/wp-content\/uploads\/2026\/04\/RC-4200LV-CORPO_CH_LOW.png","type":"image\/png"}],"twitter_card":"summary_large_image","schema":{"@context":"https:\/\/schema.org","@graph":[{"@type":"WebPage","@id":"https:\/\/www.coolheadeurope.com\/fr\/prodotto\/inox-fr\/comptoirs-fr\/rc-4200lv\/","url":"https:\/\/www.coolheadeurope.com\/fr\/prodotto\/inox-fr\/comptoirs-fr\/rc-4200lv\/","name":"RC 4200LV - Cool Head Europe","isPartOf":{"@id":"https:\/\/www.coolheadeurope.com\/#website"},"primaryImageOfPage":{"@id":"https:\/\/www.coolheadeurope.com\/fr\/prodotto\/inox-fr\/comptoirs-fr\/rc-4200lv\/#primaryimage"},"image":{"@id":"https:\/\/www.coolheadeurope.com\/fr\/prodotto\/inox-fr\/comptoirs-fr\/rc-4200lv\/#primaryimage"},"thumbnailUrl":"https:\/\/www.coolheadeurope.com\/wp-content\/uploads\/2026\/04\/RC-4200LV-CORPO_CH_LOW.png","datePublished":"2024-10-09T18:54:10+00:00","dateModified":"2026-02-08T05:33:06+00:00","breadcrumb":{"@id":"https:\/\/www.coolheadeurope.com\/fr\/prodotto\/inox-fr\/comptoirs-fr\/rc-4200lv\/#breadcrumb"},"inLanguage":"fr-FR","potentialAction":[{"@type":"ReadAction","target":["https:\/\/www.coolheadeurope.com\/fr\/prodotto\/inox-fr\/comptoirs-fr\/rc-4200lv\/"]}]},{"@type":"ImageObject","inLanguage":"fr-FR","@id":"https:\/\/www.coolheadeurope.com\/fr\/prodotto\/inox-fr\/comptoirs-fr\/rc-4200lv\/#primaryimage","url":"https:\/\/www.coolheadeurope.com\/wp-content\/uploads\/2026\/04\/RC-4200LV-CORPO_CH_LOW.png","contentUrl":"https:\/\/www.coolheadeurope.com\/wp-content\/uploads\/2026\/04\/RC-4200LV-CORPO_CH_LOW.png","width":567,"height":319,"caption":"Immagine di RC 4200LV"},{"@type":"BreadcrumbList","@id":"https:\/\/www.coolheadeurope.com\/fr\/prodotto\/inox-fr\/comptoirs-fr\/rc-4200lv\/#breadcrumb","itemListElement":[{"@type":"ListItem","position":1,"name":"Home","item":"https:\/\/www.coolheadeurope.com\/fr\/"},{"@type":"ListItem","position":2,"name":"Rechercher","item":"https:\/\/www.coolheadeurope.com\/cerca\/"},{"@type":"ListItem","position":3,"name":"RC 4200LV"}]},{"@type":"WebSite","@id":"https:\/\/www.coolheadeurope.com\/#website","url":"https:\/\/www.coolheadeurope.com\/","name":"Cool Head Europe","description":"We make the world a cooler place","potentialAction":[{"@type":"SearchAction","target":{"@type":"EntryPoint","urlTemplate":"https:\/\/www.coolheadeurope.com\/?s={search_term_string}"},"query-input":{"@type":"PropertyValueSpecification","valueRequired":true,"valueName":"search_term_string"}}],"inLanguage":"fr-FR"}]}},"_links":{"self":[{"href":"https:\/\/www.coolheadeurope.com\/fr\/wp-json\/wp\/v2\/product\/2958237","targetHints":{"allow":["GET"]}}],"collection":[{"href":"https:\/\/www.coolheadeurope.com\/fr\/wp-json\/wp\/v2\/product"}],"about":[{"href":"https:\/\/www.coolheadeurope.com\/fr\/wp-json\/wp\/v2\/types\/product"}],"wp:featuredmedia":[{"embeddable":true,"href":"https:\/\/www.coolheadeurope.com\/fr\/wp-json\/wp\/v2\/media\/3881005"}],"wp:attachment":[{"href":"https:\/\/www.coolheadeurope.com\/fr\/wp-json\/wp\/v2\/media?parent=2958237"}],"wp:term":[{"taxonomy":"product_brand","embeddable":true,"href":"https:\/\/www.coolheadeurope.com\/fr\/wp-json\/wp\/v2\/product_brand?post=2958237"},{"taxonomy":"product_cat","embeddable":true,"href":"https:\/\/www.coolheadeurope.com\/fr\/wp-json\/wp\/v2\/product_cat?post=2958237"},{"taxonomy":"product_tag","embeddable":true,"href":"https:\/\/www.coolheadeurope.com\/fr\/wp-json\/wp\/v2\/product_tag?post=2958237"}],"curies":[{"name":"wp","href":"https:\/\/api.w.org\/{rel}","templated":true}]}}