{"id":2958247,"date":"2024-10-09T19:12:07","date_gmt":"2024-10-09T19:12:07","guid":{"rendered":"https:\/\/www.coolheadeurope.com\/prodotto\/non%20class\u00e9\/vrx-14-33s-s\/"},"modified":"2026-02-08T05:33:16","modified_gmt":"2026-02-08T05:33:16","slug":"vrx-14-33s-s","status":"publish","type":"product","link":"https:\/\/www.coolheadeurope.com\/fr\/prodotto\/inox-fr\/vrx-fr\/vrx-14-33s-s\/","title":{"rendered":"VRX 14\/33S\/S"},"content":{"rendered":"<p>Vitrine horizontale r\u00e9frig\u00e9r\u00e9e (Cuves GN1\/4)<br \/>\nExt\u00e9rieur et int\u00e9rieur en acier inoxydable<br \/>\nRefroidissement statique<br \/>\nCycle de d\u00e9givrage automatique par arr\u00eat du compresseur<br \/>\n\u00c9vaporateur \u00e0 un seul tuyau en cuivre (Aucune soudure dans le moussant)<br \/>\nThermostat num\u00e9rique<br \/>\nPieds r\u00e9glables N\u00b0 4<br \/>\nEnsemble de rondelles d\u2019espacement inclus<br \/>\nLes cuves GN1\/4 ne sont pas livr\u00e9es avec l\u2019appareil<br \/>\nCouvercle sup\u00e9rieur en acier inoxydable<br \/>\nClasse \u00e9nerg\u00e9tique: &#8211;<\/p>\n","protected":false},"excerpt":{"rendered":"<p>Design \u00e9pur\u00e9 et essentiel pour cette vitrine \u00e0 ingr\u00e9dients avec plateau rabattable en acier inoxydable qui vous aidera \u00e0 organiser votre espace de travail.<br \/>\nD&rsquo;une largeur de 1400 mm, le VRX 14\/33S\/S est con\u00e7u pour accueillir 6 plateaux GN1\/4 (non inclus), et est \u00e9quip\u00e9 d&rsquo;un thermostat num\u00e9rique et de pieds r\u00e9glables. Des pieds hauts en acier inoxydable (140-210 mm) sont disponibles en option.<\/p>\n","protected":false},"featured_media":3707140,"template":"","meta":[],"product_brand":[],"product_cat":[7401,7397],"product_tag":[],"class_list":{"0":"post-2958247","1":"product","2":"type-product","3":"status-publish","4":"has-post-thumbnail","6":"product_cat-vrx-fr","7":"product_cat-inox-fr","8":"pa_capacite-commerciale-42-l","9":"pa_consommation-denergie-1-4-kw-24h","10":"pa_hauteur-exterieure-281-mm","11":"pa_hauteur-interieure-163-mm","12":"pa_largeur-exterieure-1400-mm","13":"pa_largeur-interne-1050-mm","14":"pa_niveau-sonore-56-dba","15":"pa_poids-brut-52-kg","16":"pa_poids-net-27-kg","17":"pa_profondeur-externe-335-mm","18":"pa_profondeur-interne-246-mm","19":"pa_puissance-160-w","21":"first","22":"instock","23":"product-type-simple"},"acf":[],"yoast_head":"<!-- This site is optimized with the Yoast SEO plugin v27.2 - https:\/\/yoast.com\/product\/yoast-seo-wordpress\/ -->\n<title>VRX 14\/33S\/S - Cool Head Europe<\/title>\n<meta name=\"robots\" content=\"index, follow, max-snippet:-1, max-image-preview:large, max-video-preview:-1\" \/>\n<link rel=\"canonical\" href=\"https:\/\/www.coolheadeurope.com\/prodotto\/inox\/vrx\/vrx-14-33s-s\/\" \/>\n<meta property=\"og:locale\" content=\"fr_FR\" \/>\n<meta property=\"og:type\" content=\"article\" \/>\n<meta property=\"og:title\" content=\"VRX 14\/33S\/S - Cool Head Europe\" \/>\n<meta property=\"og:description\" content=\"Design \u00e9pur\u00e9 et essentiel pour cette vitrine \u00e0 ingr\u00e9dients avec plateau rabattable en acier inoxydable qui vous aidera \u00e0 organiser votre espace de travail. D&#039;une largeur de 1400 mm, le VRX 14\/33S\/S est con\u00e7u pour accueillir 6 plateaux GN1\/4 (non inclus), et est \u00e9quip\u00e9 d&#039;un thermostat num\u00e9rique et de pieds r\u00e9glables. Des pieds hauts en acier inoxydable (140-210 mm) sont disponibles en option.\" \/>\n<meta property=\"og:url\" content=\"https:\/\/www.coolheadeurope.com\/prodotto\/inox\/vrx\/vrx-14-33s-s\/\" \/>\n<meta property=\"og:site_name\" content=\"Cool Head Europe\" \/>\n<meta property=\"article:modified_time\" content=\"2026-02-08T05:33:16+00:00\" \/>\n<meta property=\"og:image\" content=\"https:\/\/www.coolheadeurope.com\/wp-content\/uploads\/2026\/04\/VRX-14_33S_S-CORPO_CH_LOW-16.png\" \/>\n\t<meta property=\"og:image:width\" content=\"567\" \/>\n\t<meta property=\"og:image:height\" content=\"209\" \/>\n\t<meta property=\"og:image:type\" content=\"image\/png\" \/>\n<meta name=\"twitter:card\" content=\"summary_large_image\" \/>\n<!-- \/ Yoast SEO plugin. -->","yoast_head_json":{"title":"VRX 14\/33S\/S - Cool Head Europe","robots":{"index":"index","follow":"follow","max-snippet":"max-snippet:-1","max-image-preview":"max-image-preview:large","max-video-preview":"max-video-preview:-1"},"canonical":"https:\/\/www.coolheadeurope.com\/prodotto\/inox\/vrx\/vrx-14-33s-s\/","og_locale":"fr_FR","og_type":"article","og_title":"VRX 14\/33S\/S - Cool Head Europe","og_description":"Design \u00e9pur\u00e9 et essentiel pour cette vitrine \u00e0 ingr\u00e9dients avec plateau rabattable en acier inoxydable qui vous aidera \u00e0 organiser votre espace de travail. D'une largeur de 1400 mm, le VRX 14\/33S\/S est con\u00e7u pour accueillir 6 plateaux GN1\/4 (non inclus), et est \u00e9quip\u00e9 d'un thermostat num\u00e9rique et de pieds r\u00e9glables. Des pieds hauts en acier inoxydable (140-210 mm) sont disponibles en option.","og_url":"https:\/\/www.coolheadeurope.com\/prodotto\/inox\/vrx\/vrx-14-33s-s\/","og_site_name":"Cool Head Europe","article_modified_time":"2026-02-08T05:33:16+00:00","og_image":[{"width":567,"height":209,"url":"https:\/\/www.coolheadeurope.com\/wp-content\/uploads\/2026\/04\/VRX-14_33S_S-CORPO_CH_LOW-16.png","type":"image\/png"}],"twitter_card":"summary_large_image","schema":{"@context":"https:\/\/schema.org","@graph":[{"@type":"WebPage","@id":"https:\/\/www.coolheadeurope.com\/prodotto\/inox\/vrx\/vrx-14-33s-s\/","url":"https:\/\/www.coolheadeurope.com\/prodotto\/inox\/vrx\/vrx-14-33s-s\/","name":"VRX 14\/33S\/S - Cool Head Europe","isPartOf":{"@id":"https:\/\/www.coolheadeurope.com\/#website"},"primaryImageOfPage":{"@id":"https:\/\/www.coolheadeurope.com\/prodotto\/inox\/vrx\/vrx-14-33s-s\/#primaryimage"},"image":{"@id":"https:\/\/www.coolheadeurope.com\/prodotto\/inox\/vrx\/vrx-14-33s-s\/#primaryimage"},"thumbnailUrl":"https:\/\/www.coolheadeurope.com\/wp-content\/uploads\/2026\/04\/VRX-14_33S_S-CORPO_CH_LOW-16.png","datePublished":"2024-10-09T19:12:07+00:00","dateModified":"2026-02-08T05:33:16+00:00","breadcrumb":{"@id":"https:\/\/www.coolheadeurope.com\/prodotto\/inox\/vrx\/vrx-14-33s-s\/#breadcrumb"},"inLanguage":"fr-FR","potentialAction":[{"@type":"ReadAction","target":["https:\/\/www.coolheadeurope.com\/prodotto\/inox\/vrx\/vrx-14-33s-s\/"]}]},{"@type":"ImageObject","inLanguage":"fr-FR","@id":"https:\/\/www.coolheadeurope.com\/prodotto\/inox\/vrx\/vrx-14-33s-s\/#primaryimage","url":"https:\/\/www.coolheadeurope.com\/wp-content\/uploads\/2026\/04\/VRX-14_33S_S-CORPO_CH_LOW-16.png","contentUrl":"https:\/\/www.coolheadeurope.com\/wp-content\/uploads\/2026\/04\/VRX-14_33S_S-CORPO_CH_LOW-16.png","width":567,"height":209,"caption":"Immagine di VRX 14\/33S\/S"},{"@type":"BreadcrumbList","@id":"https:\/\/www.coolheadeurope.com\/prodotto\/inox\/vrx\/vrx-14-33s-s\/#breadcrumb","itemListElement":[{"@type":"ListItem","position":1,"name":"Home","item":"https:\/\/www.coolheadeurope.com\/fr\/"},{"@type":"ListItem","position":2,"name":"Rechercher","item":"https:\/\/www.coolheadeurope.com\/fr\/rechercher\/"},{"@type":"ListItem","position":3,"name":"VRX 14\/33S\/S"}]},{"@type":"WebSite","@id":"https:\/\/www.coolheadeurope.com\/#website","url":"https:\/\/www.coolheadeurope.com\/","name":"Cool Head Europe","description":"We make the world a cooler place","potentialAction":[{"@type":"SearchAction","target":{"@type":"EntryPoint","urlTemplate":"https:\/\/www.coolheadeurope.com\/?s={search_term_string}"},"query-input":{"@type":"PropertyValueSpecification","valueRequired":true,"valueName":"search_term_string"}}],"inLanguage":"fr-FR"}]}},"_links":{"self":[{"href":"https:\/\/www.coolheadeurope.com\/fr\/wp-json\/wp\/v2\/product\/2958247","targetHints":{"allow":["GET"]}}],"collection":[{"href":"https:\/\/www.coolheadeurope.com\/fr\/wp-json\/wp\/v2\/product"}],"about":[{"href":"https:\/\/www.coolheadeurope.com\/fr\/wp-json\/wp\/v2\/types\/product"}],"wp:featuredmedia":[{"embeddable":true,"href":"https:\/\/www.coolheadeurope.com\/fr\/wp-json\/wp\/v2\/media\/3707140"}],"wp:attachment":[{"href":"https:\/\/www.coolheadeurope.com\/fr\/wp-json\/wp\/v2\/media?parent=2958247"}],"wp:term":[{"taxonomy":"product_brand","embeddable":true,"href":"https:\/\/www.coolheadeurope.com\/fr\/wp-json\/wp\/v2\/product_brand?post=2958247"},{"taxonomy":"product_cat","embeddable":true,"href":"https:\/\/www.coolheadeurope.com\/fr\/wp-json\/wp\/v2\/product_cat?post=2958247"},{"taxonomy":"product_tag","embeddable":true,"href":"https:\/\/www.coolheadeurope.com\/fr\/wp-json\/wp\/v2\/product_tag?post=2958247"}],"curies":[{"name":"wp","href":"https:\/\/api.w.org\/{rel}","templated":true}]}}