{"id":2958269,"date":"2023-02-16T05:32:34","date_gmt":"2024-10-09T19:51:22","guid":{"rendered":"https:\/\/www.coolheadeurope.com\/prodotto\/non%20class\u00e9\/crd-92a\/"},"modified":"2026-02-08T05:33:38","modified_gmt":"2026-02-08T05:33:38","slug":"crd-92a-2","status":"publish","type":"product","link":"https:\/\/www.coolheadeurope.com\/fr\/prodotto\/inox-fr\/saladette-fr\/crd-92a-2\/","title":{"rendered":"CRD 92A"},"content":{"rendered":"<p>Saladette r\u00e9frig\u00e9r\u00e9e GN1\/1 (COUVERCLE SUP\u00c9RIEUR ET TIROIRS EN ACIER INOXYDABLE)<br \/>\nExt\u00e9rieur et int\u00e9rieur en acier inoxydable<br \/>\nRefroidissement statique<br \/>\nCycle de d\u00e9givrage automatique par arr\u00eat du compresseur<br \/>\nAgent moussant : Cyclopentane (45 mm par c\u00f4t\u00e9)<br \/>\nThermostat num\u00e9rique<br \/>\nCompartiment moteur coulissant pour une gestion facile des services apr\u00e8s-vente<br \/>\nAnti-condensation \u00ab\u00a0disjoncteur thermique \u00a0\u00bb sur le cadre du corps<br \/>\nFiltre pour condenseur facilement amovible<br \/>\nCuvette \u00e0 eau en plastique distincte<br \/>\nOrifices inclin\u00e9s du panneau avant permettant une meilleure circulation d\u2019air<br \/>\nClayettes r\u00e9glables GN1\/1: 1 pi\u00e8ce + Tiroirs N. 2 (GN1\/1)<br \/>\nPorte \u00e0 fermeture automatique (Nouvelle conception int\u00e9rieure en relief pour une meilleure \u00e9tanch\u00e9it\u00e9)<br \/>\nJoint d&rsquo;\u00e9tanch\u00e9it\u00e9 amovible<br \/>\nVerrouillage du compartiment moteur mont\u00e9 de s\u00e9rie<br \/>\nPieds r\u00e9glables N\u00b0 2 \u00e0 l\u2019avant + Roulettes fixes N\u00b0 4<br \/>\nClasse \u00e9nerg\u00e9tique: C<\/p>\n","protected":false},"excerpt":{"rendered":"<p>Design \u00e9pur\u00e9 et essentiel pour cette saladette \u00e0 une porte et deux tiroirs r\u00e9frig\u00e9r\u00e9s et avec un plan en acier inoxydable, des caract\u00e9ristiques qui en font un solide \u00e9quipement professionnel r\u00e9frig\u00e9r\u00e9 facilement adaptable \u00e0 tous les environnements.<br \/>\nLa CRD 92A est l&rsquo;exemple parfait d&rsquo;adaptabilit\u00e9 et de fonctionnalit\u00e9, gr\u00e2ce \u00e0 son compartiment dot\u00e9 d&rsquo;une porte \u00e0 fermeture automatique \u00e9quip\u00e9e d&rsquo;une \u00e9tag\u00e8re r\u00e9glable GN1\/1, de deux tiroirs \u00e0 glissi\u00e8res t\u00e9lescopiques pouvant accueillir des plateaux GN1\/1 de 150 mm de hauteur et d&rsquo;un thermostat num\u00e9rique.<br \/>\nLe moteur coulissant situ\u00e9 dans la partie inf\u00e9rieure de la carrosserie et le filtre du condenseur facilement amovible sont con\u00e7us pour faciliter les op\u00e9rations d&rsquo;entretien et de maintenance.<\/p>\n","protected":false},"featured_media":629537,"template":"","meta":[],"product_brand":[],"product_cat":[7397,7402],"product_tag":[],"class_list":{"0":"post-2958269","1":"product","2":"type-product","3":"status-publish","4":"has-post-thumbnail","6":"product_cat-inox-fr","7":"product_cat-saladette-fr","8":"pa_capacite-commerciale-214-l","9":"pa_consommation-denergie-2-1-kw-24h","10":"pa_hauteur-exterieure-880-mm","11":"pa_hauteur-interieure-492-mm","12":"pa_largeur-exterieure-900-mm","13":"pa_largeur-interne-810-mm","14":"pa_niveau-sonore-50-dba","15":"pa_poids-brut-109-kg","16":"pa_poids-net-88-kg","17":"pa_profondeur-externe-700-mm","18":"pa_profondeur-interne-586-mm","19":"pa_puissance-142-4-w","21":"first","22":"instock","23":"product-type-simple"},"acf":[],"yoast_head":"<!-- This site is optimized with the Yoast SEO plugin v27.2 - https:\/\/yoast.com\/product\/yoast-seo-wordpress\/ -->\n<title>CRD 92A - Cool Head Europe<\/title>\n<meta name=\"robots\" content=\"index, follow, max-snippet:-1, max-image-preview:large, max-video-preview:-1\" \/>\n<link rel=\"canonical\" href=\"https:\/\/www.coolheadeurope.com\/prodotto\/inox\/saladette\/crd-92a-2\/\" \/>\n<meta property=\"og:locale\" content=\"fr_FR\" \/>\n<meta property=\"og:type\" content=\"article\" \/>\n<meta property=\"og:title\" content=\"CRD 92A - Cool Head Europe\" \/>\n<meta property=\"og:description\" content=\"Design \u00e9pur\u00e9 et essentiel pour cette saladette \u00e0 une porte et deux tiroirs r\u00e9frig\u00e9r\u00e9s et avec un plan en acier inoxydable, des caract\u00e9ristiques qui en font un solide \u00e9quipement professionnel r\u00e9frig\u00e9r\u00e9 facilement adaptable \u00e0 tous les environnements. La CRD 92A est l&#039;exemple parfait d&#039;adaptabilit\u00e9 et de fonctionnalit\u00e9, gr\u00e2ce \u00e0 son compartiment dot\u00e9 d&#039;une porte \u00e0 fermeture automatique \u00e9quip\u00e9e d&#039;une \u00e9tag\u00e8re r\u00e9glable GN1\/1, de deux tiroirs \u00e0 glissi\u00e8res t\u00e9lescopiques pouvant accueillir des plateaux GN1\/1 de 150 mm de hauteur et d&#039;un thermostat num\u00e9rique. Le moteur coulissant situ\u00e9 dans la partie inf\u00e9rieure de la carrosserie et le filtre du condenseur facilement amovible sont con\u00e7us pour faciliter les op\u00e9rations d&#039;entretien et de maintenance.\" \/>\n<meta property=\"og:url\" content=\"https:\/\/www.coolheadeurope.com\/prodotto\/inox\/saladette\/crd-92a-2\/\" \/>\n<meta property=\"og:site_name\" content=\"Cool Head Europe\" \/>\n<meta property=\"article:modified_time\" content=\"2026-02-08T05:33:38+00:00\" \/>\n<meta property=\"og:image\" content=\"https:\/\/www.coolheadeurope.com\/wp-content\/uploads\/2022\/06\/CRD-92A-CORPO_CH_LOW.png\" \/>\n\t<meta property=\"og:image:width\" content=\"567\" \/>\n\t<meta property=\"og:image:height\" content=\"450\" \/>\n\t<meta property=\"og:image:type\" content=\"image\/png\" \/>\n<meta name=\"twitter:card\" content=\"summary_large_image\" \/>\n<meta name=\"twitter:label1\" content=\"Dur\u00e9e de lecture estim\u00e9e\" \/>\n\t<meta name=\"twitter:data1\" content=\"1 minute\" \/>\n<!-- \/ Yoast SEO plugin. -->","yoast_head_json":{"title":"CRD 92A - Cool Head Europe","robots":{"index":"index","follow":"follow","max-snippet":"max-snippet:-1","max-image-preview":"max-image-preview:large","max-video-preview":"max-video-preview:-1"},"canonical":"https:\/\/www.coolheadeurope.com\/prodotto\/inox\/saladette\/crd-92a-2\/","og_locale":"fr_FR","og_type":"article","og_title":"CRD 92A - Cool Head Europe","og_description":"Design \u00e9pur\u00e9 et essentiel pour cette saladette \u00e0 une porte et deux tiroirs r\u00e9frig\u00e9r\u00e9s et avec un plan en acier inoxydable, des caract\u00e9ristiques qui en font un solide \u00e9quipement professionnel r\u00e9frig\u00e9r\u00e9 facilement adaptable \u00e0 tous les environnements. La CRD 92A est l'exemple parfait d'adaptabilit\u00e9 et de fonctionnalit\u00e9, gr\u00e2ce \u00e0 son compartiment dot\u00e9 d'une porte \u00e0 fermeture automatique \u00e9quip\u00e9e d'une \u00e9tag\u00e8re r\u00e9glable GN1\/1, de deux tiroirs \u00e0 glissi\u00e8res t\u00e9lescopiques pouvant accueillir des plateaux GN1\/1 de 150 mm de hauteur et d'un thermostat num\u00e9rique. Le moteur coulissant situ\u00e9 dans la partie inf\u00e9rieure de la carrosserie et le filtre du condenseur facilement amovible sont con\u00e7us pour faciliter les op\u00e9rations d'entretien et de maintenance.","og_url":"https:\/\/www.coolheadeurope.com\/prodotto\/inox\/saladette\/crd-92a-2\/","og_site_name":"Cool Head Europe","article_modified_time":"2026-02-08T05:33:38+00:00","og_image":[{"width":567,"height":450,"url":"https:\/\/www.coolheadeurope.com\/wp-content\/uploads\/2022\/06\/CRD-92A-CORPO_CH_LOW.png","type":"image\/png"}],"twitter_card":"summary_large_image","twitter_misc":{"Dur\u00e9e de lecture estim\u00e9e":"1 minute"},"schema":{"@context":"https:\/\/schema.org","@graph":[{"@type":"WebPage","@id":"https:\/\/www.coolheadeurope.com\/prodotto\/inox\/saladette\/crd-92a-2\/","url":"https:\/\/www.coolheadeurope.com\/prodotto\/inox\/saladette\/crd-92a-2\/","name":"CRD 92A - Cool Head Europe","isPartOf":{"@id":"https:\/\/www.coolheadeurope.com\/#website"},"primaryImageOfPage":{"@id":"https:\/\/www.coolheadeurope.com\/prodotto\/inox\/saladette\/crd-92a-2\/#primaryimage"},"image":{"@id":"https:\/\/www.coolheadeurope.com\/prodotto\/inox\/saladette\/crd-92a-2\/#primaryimage"},"thumbnailUrl":"https:\/\/www.coolheadeurope.com\/wp-content\/uploads\/2022\/06\/CRD-92A-CORPO_CH_LOW.png","datePublished":"2024-10-09T19:51:22+00:00","dateModified":"2026-02-08T05:33:38+00:00","breadcrumb":{"@id":"https:\/\/www.coolheadeurope.com\/prodotto\/inox\/saladette\/crd-92a-2\/#breadcrumb"},"inLanguage":"fr-FR","potentialAction":[{"@type":"ReadAction","target":["https:\/\/www.coolheadeurope.com\/prodotto\/inox\/saladette\/crd-92a-2\/"]}]},{"@type":"ImageObject","inLanguage":"fr-FR","@id":"https:\/\/www.coolheadeurope.com\/prodotto\/inox\/saladette\/crd-92a-2\/#primaryimage","url":"https:\/\/www.coolheadeurope.com\/wp-content\/uploads\/2022\/06\/CRD-92A-CORPO_CH_LOW.png","contentUrl":"https:\/\/www.coolheadeurope.com\/wp-content\/uploads\/2022\/06\/CRD-92A-CORPO_CH_LOW.png","width":567,"height":450,"caption":"Immagine di CRD 92A"},{"@type":"BreadcrumbList","@id":"https:\/\/www.coolheadeurope.com\/prodotto\/inox\/saladette\/crd-92a-2\/#breadcrumb","itemListElement":[{"@type":"ListItem","position":1,"name":"Home","item":"https:\/\/www.coolheadeurope.com\/fr\/"},{"@type":"ListItem","position":2,"name":"Rechercher","item":"https:\/\/www.coolheadeurope.com\/cerca\/"},{"@type":"ListItem","position":3,"name":"CRD 92A"}]},{"@type":"WebSite","@id":"https:\/\/www.coolheadeurope.com\/#website","url":"https:\/\/www.coolheadeurope.com\/","name":"Cool Head Europe","description":"We make the world a cooler place","potentialAction":[{"@type":"SearchAction","target":{"@type":"EntryPoint","urlTemplate":"https:\/\/www.coolheadeurope.com\/?s={search_term_string}"},"query-input":{"@type":"PropertyValueSpecification","valueRequired":true,"valueName":"search_term_string"}}],"inLanguage":"fr-FR"}]}},"_links":{"self":[{"href":"https:\/\/www.coolheadeurope.com\/fr\/wp-json\/wp\/v2\/product\/2958269","targetHints":{"allow":["GET"]}}],"collection":[{"href":"https:\/\/www.coolheadeurope.com\/fr\/wp-json\/wp\/v2\/product"}],"about":[{"href":"https:\/\/www.coolheadeurope.com\/fr\/wp-json\/wp\/v2\/types\/product"}],"wp:featuredmedia":[{"embeddable":true,"href":"https:\/\/www.coolheadeurope.com\/fr\/wp-json\/wp\/v2\/media\/629537"}],"wp:attachment":[{"href":"https:\/\/www.coolheadeurope.com\/fr\/wp-json\/wp\/v2\/media?parent=2958269"}],"wp:term":[{"taxonomy":"product_brand","embeddable":true,"href":"https:\/\/www.coolheadeurope.com\/fr\/wp-json\/wp\/v2\/product_brand?post=2958269"},{"taxonomy":"product_cat","embeddable":true,"href":"https:\/\/www.coolheadeurope.com\/fr\/wp-json\/wp\/v2\/product_cat?post=2958269"},{"taxonomy":"product_tag","embeddable":true,"href":"https:\/\/www.coolheadeurope.com\/fr\/wp-json\/wp\/v2\/product_tag?post=2958269"}],"curies":[{"name":"wp","href":"https:\/\/api.w.org\/{rel}","templated":true}]}}