{"id":2958286,"date":"2024-07-23T04:44:02","date_gmt":"2024-10-09T20:20:31","guid":{"rendered":"https:\/\/www.coolheadeurope.com\/prodotto\/non%20class\u00e9\/cnx-93v\/"},"modified":"2026-02-08T05:54:14","modified_gmt":"2026-02-08T05:54:14","slug":"cnx-93v-2","status":"publish","type":"product","link":"https:\/\/www.coolheadeurope.com\/fr\/prodotto\/inox-fr\/saladette-fr\/cnx-93v-2\/","title":{"rendered":"CNX 93V"},"content":{"rendered":"<p>Saladette cong\u00e9lateur GN1\/1 (COUVERCLE SUP\u00c9RIEUR EN ACIER INOXYDABLE)<br \/>\nExt\u00e9rieur et int\u00e9rieur en acier inoxydable<br \/>\nRefroidissement ventil\u00e9<br \/>\n\u00c9vaporateur trait\u00e9 anti-corrosion<br \/>\nCycle de d\u00e9givrage au gaz chaud<br \/>\nAgent moussant : Cyclopentane (50 mm par c\u00f4t\u00e9)<br \/>\nThermostat num\u00e9rique<br \/>\nCompartiment moteur coulissant pour une gestion facile des services apr\u00e8s-vente<br \/>\nAnti-condensation \u00ab\u00a0disjoncteur thermique \u00a0\u00bb sur le cadre du corps<br \/>\nFiltre pour condenseur facilement amovible<br \/>\nCuvette \u00e0 eau en plastique distincte<br \/>\nOrifices inclin\u00e9s du panneau avant permettant une meilleure circulation d\u2019air<br \/>\nClayettes r\u00e9glables GN1\/1: 3 pcs<br \/>\nPorte \u00e0 fermeture automatique (Nouvelle conception int\u00e9rieure en relief pour une meilleure \u00e9tanch\u00e9it\u00e9)<br \/>\nJoint d&rsquo;\u00e9tanch\u00e9it\u00e9 amovible<br \/>\nVerrouillage du compartiment moteur mont\u00e9 de s\u00e9rie<br \/>\nPieds r\u00e9glables N\u00b0 2 \u00e0 l\u2019avant + Roulettes fixes N\u00b0 4<br \/>\nClasse \u00e9nerg\u00e9tique: D<\/p>\n","protected":false},"excerpt":{"rendered":"<p>D&rsquo;aspect \u00e9pur\u00e9 et essentiel, ce mod\u00e8le avec plan en acier inoxydable est parfait pour gagner de l&rsquo;espace et offrir un poste de travail au cong\u00e9lateur dans toute cuisine professionnelle. Le CNX 93V est un parfait exemple d&rsquo;adaptabilit\u00e9 avec deux portes, une \u00e9tag\u00e8re r\u00e9glable GN1\/1 pour chaque porte, un syst\u00e8me de refroidissement ventil\u00e9, un thermostat digital, une salle des machines en bas, un filtre de condenseur facilement amovible pour un entretien et un nettoyage en douceur et un moteur coulissant facile \u00e0 retirer pour un service apr\u00e8s-vente facile \u00e0 g\u00e9rer.<\/p>\n","protected":false},"featured_media":2693787,"template":"","meta":[],"product_brand":[],"product_cat":[7397,7402],"product_tag":[],"class_list":{"0":"post-2958286","1":"product","2":"type-product","3":"status-publish","4":"has-post-thumbnail","6":"product_cat-inox-fr","7":"product_cat-saladette-fr","8":"pa_capacite-commerciale-356-l","9":"pa_consommation-denergie-9-236-kw-24h","10":"pa_hauteur-exterieure-880-mm","11":"pa_hauteur-interieure-502-mm","12":"pa_largeur-exterieure-1365-mm","13":"pa_largeur-interne-1265-mm","14":"pa_niveau-sonore-48-dba","15":"pa_poids-brut-121-kg","16":"pa_poids-net-91-kg","17":"pa_profondeur-externe-700-mm","18":"pa_profondeur-interne-581-mm","19":"pa_puissance-276-w","21":"first","22":"instock","23":"product-type-simple"},"acf":[],"yoast_head":"<!-- This site is optimized with the Yoast SEO plugin v27.2 - https:\/\/yoast.com\/product\/yoast-seo-wordpress\/ -->\n<title>CNX 93V - Cool Head Europe<\/title>\n<meta name=\"robots\" content=\"index, follow, max-snippet:-1, max-image-preview:large, max-video-preview:-1\" \/>\n<link rel=\"canonical\" href=\"https:\/\/www.coolheadeurope.com\/fr\/prodotto\/inox-fr\/saladette-fr\/cnx-93v-2\/\" \/>\n<meta property=\"og:locale\" content=\"fr_FR\" \/>\n<meta property=\"og:type\" content=\"article\" \/>\n<meta property=\"og:title\" content=\"CNX 93V - Cool Head Europe\" \/>\n<meta property=\"og:description\" content=\"D&#039;aspect \u00e9pur\u00e9 et essentiel, ce mod\u00e8le avec plan en acier inoxydable est parfait pour gagner de l&#039;espace et offrir un poste de travail au cong\u00e9lateur dans toute cuisine professionnelle. Le CNX 93V est un parfait exemple d&#039;adaptabilit\u00e9 avec deux portes, une \u00e9tag\u00e8re r\u00e9glable GN1\/1 pour chaque porte, un syst\u00e8me de refroidissement ventil\u00e9, un thermostat digital, une salle des machines en bas, un filtre de condenseur facilement amovible pour un entretien et un nettoyage en douceur et un moteur coulissant facile \u00e0 retirer pour un service apr\u00e8s-vente facile \u00e0 g\u00e9rer.\" \/>\n<meta property=\"og:url\" content=\"https:\/\/www.coolheadeurope.com\/fr\/prodotto\/inox-fr\/saladette-fr\/cnx-93v-2\/\" \/>\n<meta property=\"og:site_name\" content=\"Cool Head Europe\" \/>\n<meta property=\"article:modified_time\" content=\"2026-02-08T05:54:14+00:00\" \/>\n<meta property=\"og:image\" content=\"https:\/\/www.coolheadeurope.com\/wp-content\/uploads\/2024\/07\/CNX-93V-CORPO_CH_LOW.png\" \/>\n\t<meta property=\"og:image:width\" content=\"444\" \/>\n\t<meta property=\"og:image:height\" content=\"298\" \/>\n\t<meta property=\"og:image:type\" content=\"image\/png\" \/>\n<meta name=\"twitter:card\" content=\"summary_large_image\" \/>\n<meta name=\"twitter:label1\" content=\"Dur\u00e9e de lecture estim\u00e9e\" \/>\n\t<meta name=\"twitter:data1\" content=\"1 minute\" \/>\n<!-- \/ Yoast SEO plugin. -->","yoast_head_json":{"title":"CNX 93V - Cool Head Europe","robots":{"index":"index","follow":"follow","max-snippet":"max-snippet:-1","max-image-preview":"max-image-preview:large","max-video-preview":"max-video-preview:-1"},"canonical":"https:\/\/www.coolheadeurope.com\/fr\/prodotto\/inox-fr\/saladette-fr\/cnx-93v-2\/","og_locale":"fr_FR","og_type":"article","og_title":"CNX 93V - Cool Head Europe","og_description":"D'aspect \u00e9pur\u00e9 et essentiel, ce mod\u00e8le avec plan en acier inoxydable est parfait pour gagner de l'espace et offrir un poste de travail au cong\u00e9lateur dans toute cuisine professionnelle. Le CNX 93V est un parfait exemple d'adaptabilit\u00e9 avec deux portes, une \u00e9tag\u00e8re r\u00e9glable GN1\/1 pour chaque porte, un syst\u00e8me de refroidissement ventil\u00e9, un thermostat digital, une salle des machines en bas, un filtre de condenseur facilement amovible pour un entretien et un nettoyage en douceur et un moteur coulissant facile \u00e0 retirer pour un service apr\u00e8s-vente facile \u00e0 g\u00e9rer.","og_url":"https:\/\/www.coolheadeurope.com\/fr\/prodotto\/inox-fr\/saladette-fr\/cnx-93v-2\/","og_site_name":"Cool Head Europe","article_modified_time":"2026-02-08T05:54:14+00:00","og_image":[{"width":444,"height":298,"url":"https:\/\/www.coolheadeurope.com\/wp-content\/uploads\/2024\/07\/CNX-93V-CORPO_CH_LOW.png","type":"image\/png"}],"twitter_card":"summary_large_image","twitter_misc":{"Dur\u00e9e de lecture estim\u00e9e":"1 minute"},"schema":{"@context":"https:\/\/schema.org","@graph":[{"@type":"WebPage","@id":"https:\/\/www.coolheadeurope.com\/fr\/prodotto\/inox-fr\/saladette-fr\/cnx-93v-2\/","url":"https:\/\/www.coolheadeurope.com\/fr\/prodotto\/inox-fr\/saladette-fr\/cnx-93v-2\/","name":"CNX 93V - Cool Head Europe","isPartOf":{"@id":"https:\/\/www.coolheadeurope.com\/#website"},"primaryImageOfPage":{"@id":"https:\/\/www.coolheadeurope.com\/fr\/prodotto\/inox-fr\/saladette-fr\/cnx-93v-2\/#primaryimage"},"image":{"@id":"https:\/\/www.coolheadeurope.com\/fr\/prodotto\/inox-fr\/saladette-fr\/cnx-93v-2\/#primaryimage"},"thumbnailUrl":"https:\/\/www.coolheadeurope.com\/wp-content\/uploads\/2024\/07\/CNX-93V-CORPO_CH_LOW.png","datePublished":"2024-10-09T20:20:31+00:00","dateModified":"2026-02-08T05:54:14+00:00","breadcrumb":{"@id":"https:\/\/www.coolheadeurope.com\/fr\/prodotto\/inox-fr\/saladette-fr\/cnx-93v-2\/#breadcrumb"},"inLanguage":"fr-FR","potentialAction":[{"@type":"ReadAction","target":["https:\/\/www.coolheadeurope.com\/fr\/prodotto\/inox-fr\/saladette-fr\/cnx-93v-2\/"]}]},{"@type":"ImageObject","inLanguage":"fr-FR","@id":"https:\/\/www.coolheadeurope.com\/fr\/prodotto\/inox-fr\/saladette-fr\/cnx-93v-2\/#primaryimage","url":"https:\/\/www.coolheadeurope.com\/wp-content\/uploads\/2024\/07\/CNX-93V-CORPO_CH_LOW.png","contentUrl":"https:\/\/www.coolheadeurope.com\/wp-content\/uploads\/2024\/07\/CNX-93V-CORPO_CH_LOW.png","width":444,"height":298,"caption":"Immagine di CNX 93V"},{"@type":"BreadcrumbList","@id":"https:\/\/www.coolheadeurope.com\/fr\/prodotto\/inox-fr\/saladette-fr\/cnx-93v-2\/#breadcrumb","itemListElement":[{"@type":"ListItem","position":1,"name":"Home","item":"https:\/\/www.coolheadeurope.com\/fr\/"},{"@type":"ListItem","position":2,"name":"Rechercher","item":"https:\/\/www.coolheadeurope.com\/cerca\/"},{"@type":"ListItem","position":3,"name":"CNX 93V"}]},{"@type":"WebSite","@id":"https:\/\/www.coolheadeurope.com\/#website","url":"https:\/\/www.coolheadeurope.com\/","name":"Cool Head Europe","description":"We make the world a cooler place","potentialAction":[{"@type":"SearchAction","target":{"@type":"EntryPoint","urlTemplate":"https:\/\/www.coolheadeurope.com\/?s={search_term_string}"},"query-input":{"@type":"PropertyValueSpecification","valueRequired":true,"valueName":"search_term_string"}}],"inLanguage":"fr-FR"}]}},"_links":{"self":[{"href":"https:\/\/www.coolheadeurope.com\/fr\/wp-json\/wp\/v2\/product\/2958286","targetHints":{"allow":["GET"]}}],"collection":[{"href":"https:\/\/www.coolheadeurope.com\/fr\/wp-json\/wp\/v2\/product"}],"about":[{"href":"https:\/\/www.coolheadeurope.com\/fr\/wp-json\/wp\/v2\/types\/product"}],"wp:featuredmedia":[{"embeddable":true,"href":"https:\/\/www.coolheadeurope.com\/fr\/wp-json\/wp\/v2\/media\/2693787"}],"wp:attachment":[{"href":"https:\/\/www.coolheadeurope.com\/fr\/wp-json\/wp\/v2\/media?parent=2958286"}],"wp:term":[{"taxonomy":"product_brand","embeddable":true,"href":"https:\/\/www.coolheadeurope.com\/fr\/wp-json\/wp\/v2\/product_brand?post=2958286"},{"taxonomy":"product_cat","embeddable":true,"href":"https:\/\/www.coolheadeurope.com\/fr\/wp-json\/wp\/v2\/product_cat?post=2958286"},{"taxonomy":"product_tag","embeddable":true,"href":"https:\/\/www.coolheadeurope.com\/fr\/wp-json\/wp\/v2\/product_tag?post=2958286"}],"curies":[{"name":"wp","href":"https:\/\/api.w.org\/{rel}","templated":true}]}}