{"id":2958289,"date":"2024-10-09T20:25:43","date_gmt":"2024-10-09T20:25:43","guid":{"rendered":"https:\/\/www.coolheadeurope.com\/prodotto\/non%20class\u00e9\/rf-23a\/"},"modified":"2026-02-08T05:54:19","modified_gmt":"2026-02-08T05:54:19","slug":"rf-23a","status":"publish","type":"product","link":"https:\/\/www.coolheadeurope.com\/fr\/prodotto\/inox-fr\/cellules-de-refroidissement-fr\/rf-23a\/","title":{"rendered":"RF 23A"},"content":{"rendered":"<p>Cellules de refroidissement de comptoir GN2\/3<br \/>\nExt\u00e9rieur et int\u00e9rieur en acier inoxydable<br \/>\nRefroidissement ventil\u00e9 avec d\u00e9givrage manuel<br \/>\nAnti-condensation  \u00ab\u00a0disjoncteur thermique \u00a0\u00bb sur le cadre du corps (Fil chauffant)<br \/>\n\u00c9vaporateur trait\u00e9 anti-corrosion<br \/>\nAgent moussant : Cyclopentane (60 mm par c\u00f4t\u00e9 &#8211; Sans CFC)<br \/>\nThermostat num\u00e9rique avec alarme de vibreur<br \/>\nAlarme du d\u00e9tecteur d\u2019ouverture de porte<br \/>\nLe message d&rsquo;erreur s&rsquo;affiche directement sur l\u2019\u00e9cran<br \/>\nLa chambre de refroidissement est en acier<br \/>\nMicrocontact de la porte pour arr\u00eat du ventilateur interne \u00e0 l\u2019ouverture de la porte<br \/>\nSonde \u00e0 c\u0153ur mont\u00e9e de s\u00e9rie<br \/>\nJoint d&rsquo;\u00e9tanch\u00e9it\u00e9 amovible<br \/>\nPieds r\u00e9glables N\u00b0 4<br \/>\nCycles d\u2019abattage \u00e0 temp\u00e9rature contr\u00f4l\u00e9e ou temporis\u00e9s<br \/>\nMode de conservation automatique en fin de cycle<br \/>\nClasse \u00e9nerg\u00e9tique: &#8211;<\/p>\n","protected":false},"excerpt":{"rendered":"<p>Avec son design \u00e9l\u00e9gant et \u00e9pur\u00e9, ce mod\u00e8le s&rsquo;int\u00e8gre parfaitement dans les environnements moins spacieux.<br \/>\nLe RF 23A est un refroidisseur rapide compact GN2\/3, id\u00e9al pour les bars et les petites entreprises, qui offre des performances de refroidissement gr\u00e2ce \u00e0 son thermostat num\u00e9rique avec alarme sonore d&rsquo;ouverture de porte, \u00e0 sa sonde \u00e0 c\u0153ur, \u00e0 ses cycles de refroidissement \u00e0 temp\u00e9rature contr\u00f4l\u00e9e ou \u00e0 dur\u00e9e contr\u00f4l\u00e9e, \u00e0 son mode de conservation automatique des aliments et \u00e0 son refroidissement \u00e0 air en fin de cycle.<\/p>\n","protected":false},"featured_media":3707492,"template":"","meta":[],"product_brand":[],"product_cat":[7397,7403],"product_tag":[],"class_list":{"0":"post-2958289","1":"product","2":"type-product","3":"status-publish","4":"has-post-thumbnail","6":"product_cat-inox-fr","7":"product_cat-cellules-de-refroidissement-fr","8":"pa_capacite-commerciale-ch-7kg-fr-5kg","9":"pa_consommation-denergie-n-a-kw-24h","10":"pa_hauteur-exterieure-437-mm","11":"pa_hauteur-interieure-270-mm","12":"pa_largeur-exterieure-660-mm","13":"pa_largeur-interne-340-mm","14":"pa_niveau-sonore-55-dba","15":"pa_poids-brut-52-kg","16":"pa_poids-net-44-kg","17":"pa_profondeur-externe-640-mm","18":"pa_profondeur-interne-365-mm","19":"pa_puissance-420-w","21":"first","22":"instock","23":"product-type-simple"},"acf":[],"yoast_head":"<!-- This site is optimized with the Yoast SEO plugin v27.2 - https:\/\/yoast.com\/product\/yoast-seo-wordpress\/ -->\n<title>RF 23A - Cool Head Europe<\/title>\n<meta name=\"robots\" content=\"index, follow, max-snippet:-1, max-image-preview:large, max-video-preview:-1\" \/>\n<link rel=\"canonical\" href=\"https:\/\/www.coolheadeurope.com\/fr\/prodotto\/inox-fr\/cellules-de-refroidissement-fr\/rf-23a\/\" \/>\n<meta property=\"og:locale\" content=\"fr_FR\" \/>\n<meta property=\"og:type\" content=\"article\" \/>\n<meta property=\"og:title\" content=\"RF 23A - Cool Head Europe\" \/>\n<meta property=\"og:description\" content=\"Avec son design \u00e9l\u00e9gant et \u00e9pur\u00e9, ce mod\u00e8le s&#039;int\u00e8gre parfaitement dans les environnements moins spacieux. Le RF 23A est un refroidisseur rapide compact GN2\/3, id\u00e9al pour les bars et les petites entreprises, qui offre des performances de refroidissement gr\u00e2ce \u00e0 son thermostat num\u00e9rique avec alarme sonore d&#039;ouverture de porte, \u00e0 sa sonde \u00e0 c\u0153ur, \u00e0 ses cycles de refroidissement \u00e0 temp\u00e9rature contr\u00f4l\u00e9e ou \u00e0 dur\u00e9e contr\u00f4l\u00e9e, \u00e0 son mode de conservation automatique des aliments et \u00e0 son refroidissement \u00e0 air en fin de cycle.\" \/>\n<meta property=\"og:url\" content=\"https:\/\/www.coolheadeurope.com\/fr\/prodotto\/inox-fr\/cellules-de-refroidissement-fr\/rf-23a\/\" \/>\n<meta property=\"og:site_name\" content=\"Cool Head Europe\" \/>\n<meta property=\"article:modified_time\" content=\"2026-02-08T05:54:19+00:00\" \/>\n<meta property=\"og:image\" content=\"https:\/\/www.coolheadeurope.com\/wp-content\/uploads\/2026\/04\/RF-23A-CORPO_CH_LOW-16.png\" \/>\n\t<meta property=\"og:image:width\" content=\"557\" \/>\n\t<meta property=\"og:image:height\" content=\"344\" \/>\n\t<meta property=\"og:image:type\" content=\"image\/png\" \/>\n<meta name=\"twitter:card\" content=\"summary_large_image\" \/>\n<meta name=\"twitter:label1\" content=\"Dur\u00e9e de lecture estim\u00e9e\" \/>\n\t<meta name=\"twitter:data1\" content=\"1 minute\" \/>\n<!-- \/ Yoast SEO plugin. -->","yoast_head_json":{"title":"RF 23A - Cool Head Europe","robots":{"index":"index","follow":"follow","max-snippet":"max-snippet:-1","max-image-preview":"max-image-preview:large","max-video-preview":"max-video-preview:-1"},"canonical":"https:\/\/www.coolheadeurope.com\/fr\/prodotto\/inox-fr\/cellules-de-refroidissement-fr\/rf-23a\/","og_locale":"fr_FR","og_type":"article","og_title":"RF 23A - Cool Head Europe","og_description":"Avec son design \u00e9l\u00e9gant et \u00e9pur\u00e9, ce mod\u00e8le s'int\u00e8gre parfaitement dans les environnements moins spacieux. Le RF 23A est un refroidisseur rapide compact GN2\/3, id\u00e9al pour les bars et les petites entreprises, qui offre des performances de refroidissement gr\u00e2ce \u00e0 son thermostat num\u00e9rique avec alarme sonore d'ouverture de porte, \u00e0 sa sonde \u00e0 c\u0153ur, \u00e0 ses cycles de refroidissement \u00e0 temp\u00e9rature contr\u00f4l\u00e9e ou \u00e0 dur\u00e9e contr\u00f4l\u00e9e, \u00e0 son mode de conservation automatique des aliments et \u00e0 son refroidissement \u00e0 air en fin de cycle.","og_url":"https:\/\/www.coolheadeurope.com\/fr\/prodotto\/inox-fr\/cellules-de-refroidissement-fr\/rf-23a\/","og_site_name":"Cool Head Europe","article_modified_time":"2026-02-08T05:54:19+00:00","og_image":[{"width":557,"height":344,"url":"https:\/\/www.coolheadeurope.com\/wp-content\/uploads\/2026\/04\/RF-23A-CORPO_CH_LOW-16.png","type":"image\/png"}],"twitter_card":"summary_large_image","twitter_misc":{"Dur\u00e9e de lecture estim\u00e9e":"1 minute"},"schema":{"@context":"https:\/\/schema.org","@graph":[{"@type":"WebPage","@id":"https:\/\/www.coolheadeurope.com\/fr\/prodotto\/inox-fr\/cellules-de-refroidissement-fr\/rf-23a\/","url":"https:\/\/www.coolheadeurope.com\/fr\/prodotto\/inox-fr\/cellules-de-refroidissement-fr\/rf-23a\/","name":"RF 23A - Cool Head Europe","isPartOf":{"@id":"https:\/\/www.coolheadeurope.com\/#website"},"primaryImageOfPage":{"@id":"https:\/\/www.coolheadeurope.com\/fr\/prodotto\/inox-fr\/cellules-de-refroidissement-fr\/rf-23a\/#primaryimage"},"image":{"@id":"https:\/\/www.coolheadeurope.com\/fr\/prodotto\/inox-fr\/cellules-de-refroidissement-fr\/rf-23a\/#primaryimage"},"thumbnailUrl":"https:\/\/www.coolheadeurope.com\/wp-content\/uploads\/2026\/04\/RF-23A-CORPO_CH_LOW-16.png","datePublished":"2024-10-09T20:25:43+00:00","dateModified":"2026-02-08T05:54:19+00:00","breadcrumb":{"@id":"https:\/\/www.coolheadeurope.com\/fr\/prodotto\/inox-fr\/cellules-de-refroidissement-fr\/rf-23a\/#breadcrumb"},"inLanguage":"fr-FR","potentialAction":[{"@type":"ReadAction","target":["https:\/\/www.coolheadeurope.com\/fr\/prodotto\/inox-fr\/cellules-de-refroidissement-fr\/rf-23a\/"]}]},{"@type":"ImageObject","inLanguage":"fr-FR","@id":"https:\/\/www.coolheadeurope.com\/fr\/prodotto\/inox-fr\/cellules-de-refroidissement-fr\/rf-23a\/#primaryimage","url":"https:\/\/www.coolheadeurope.com\/wp-content\/uploads\/2026\/04\/RF-23A-CORPO_CH_LOW-16.png","contentUrl":"https:\/\/www.coolheadeurope.com\/wp-content\/uploads\/2026\/04\/RF-23A-CORPO_CH_LOW-16.png","width":557,"height":344,"caption":"Immagine di RF 23A"},{"@type":"BreadcrumbList","@id":"https:\/\/www.coolheadeurope.com\/fr\/prodotto\/inox-fr\/cellules-de-refroidissement-fr\/rf-23a\/#breadcrumb","itemListElement":[{"@type":"ListItem","position":1,"name":"Home","item":"https:\/\/www.coolheadeurope.com\/fr\/"},{"@type":"ListItem","position":2,"name":"Rechercher","item":"https:\/\/www.coolheadeurope.com\/fr\/rechercher\/"},{"@type":"ListItem","position":3,"name":"RF 23A"}]},{"@type":"WebSite","@id":"https:\/\/www.coolheadeurope.com\/#website","url":"https:\/\/www.coolheadeurope.com\/","name":"Cool Head Europe","description":"We make the world a cooler place","potentialAction":[{"@type":"SearchAction","target":{"@type":"EntryPoint","urlTemplate":"https:\/\/www.coolheadeurope.com\/?s={search_term_string}"},"query-input":{"@type":"PropertyValueSpecification","valueRequired":true,"valueName":"search_term_string"}}],"inLanguage":"fr-FR"}]}},"_links":{"self":[{"href":"https:\/\/www.coolheadeurope.com\/fr\/wp-json\/wp\/v2\/product\/2958289","targetHints":{"allow":["GET"]}}],"collection":[{"href":"https:\/\/www.coolheadeurope.com\/fr\/wp-json\/wp\/v2\/product"}],"about":[{"href":"https:\/\/www.coolheadeurope.com\/fr\/wp-json\/wp\/v2\/types\/product"}],"wp:featuredmedia":[{"embeddable":true,"href":"https:\/\/www.coolheadeurope.com\/fr\/wp-json\/wp\/v2\/media\/3707492"}],"wp:attachment":[{"href":"https:\/\/www.coolheadeurope.com\/fr\/wp-json\/wp\/v2\/media?parent=2958289"}],"wp:term":[{"taxonomy":"product_brand","embeddable":true,"href":"https:\/\/www.coolheadeurope.com\/fr\/wp-json\/wp\/v2\/product_brand?post=2958289"},{"taxonomy":"product_cat","embeddable":true,"href":"https:\/\/www.coolheadeurope.com\/fr\/wp-json\/wp\/v2\/product_cat?post=2958289"},{"taxonomy":"product_tag","embeddable":true,"href":"https:\/\/www.coolheadeurope.com\/fr\/wp-json\/wp\/v2\/product_tag?post=2958289"}],"curies":[{"name":"wp","href":"https:\/\/api.w.org\/{rel}","templated":true}]}}