{"id":2958292,"date":"2024-10-09T20:31:16","date_gmt":"2024-10-09T20:31:16","guid":{"rendered":"https:\/\/www.coolheadeurope.com\/prodotto\/non%20class\u00e9\/rf-150a\/"},"modified":"2026-02-08T05:54:22","modified_gmt":"2026-02-08T05:54:22","slug":"rf-150a","status":"publish","type":"product","link":"https:\/\/www.coolheadeurope.com\/fr\/prodotto\/inox-fr\/cellules-de-refroidissement-fr\/rf-150a\/","title":{"rendered":"RF 150A"},"content":{"rendered":"<p>Cellules de refroidissement verticales GN1\/1 et EURONORM 600x400mm<br \/>\nExt\u00e9rieur et int\u00e9rieur en acier inoxydable<br \/>\nRefroidissement ventil\u00e9 avec d\u00e9givrage manuel<br \/>\nAnti-condensation  \u00ab\u00a0disjoncteur thermique \u00a0\u00bb sur le cadre du corps (Fil chauffant)<br \/>\n\u00c9vaporateur trait\u00e9 anti-corrosion<br \/>\nAgent moussant: Cyclopentane (75mm par c\u00f4t\u00e9 &#8211; Sans CFC)<br \/>\nThermostat num\u00e9rique avec alarme de vibreur<br \/>\nLe message d&rsquo;erreur s&rsquo;affiche directement sur l\u2019\u00e9cran<br \/>\nLa chambre de refroidissement est en acier<br \/>\nMicrocontact de la porte pour arr\u00eat du ventilateur interne \u00e0 l\u2019ouverture de la porte<br \/>\nPr\u00e9paration pour le cuvette de l&rsquo;eau de condensation (non inclus)<br \/>\nPorte r\u00e9versible \/ Sonde \u00e0 c\u0153ur mont\u00e9e de s\u00e9rie<br \/>\nConfiguration du plateau: distance de 75 mm entre les plateaux<br \/>\nRoulette avec frein<br \/>\nCycles d\u2019abattage \u00e0 temp\u00e9rature contr\u00f4l\u00e9e ou temporis\u00e9s (Soft\/Hard)<br \/>\nMode de conservation automatique en fin de cycle<br \/>\nVentilateurs ECM (Pour une faible consommation d\u2019\u00e9nergie\/Faible bruit)<br \/>\nBouton d\u00e9di\u00e9 au cycle de r\u00e9frig\u00e9ration rapide CR\u00c8ME GLAC\u00c9E<br \/>\nBouton d\u00e9di\u00e9 au cycle de r\u00e9frig\u00e9ration rapide \u00ab\u00a0-40\u00b0C\u00a0\u00bb<br \/>\nKIT CR\u00c8ME GLAC\u00c9E (les plateaux ne sont pas incluses) peut \u00eatre command\u00e9 s\u00e9par\u00e9ment<\/p>\n","protected":false},"excerpt":{"rendered":"<p>Avec son design \u00e9l\u00e9gant et \u00e9pur\u00e9, ce mod\u00e8le est parfaitement adapt\u00e9 aux besoins de toute cuisine professionnelle.<br \/>\nLe RF 150A est un refroidisseur rapide pouvant contenir 15 bacs GN1\/1 et EURONORM 600x400mm. L&rsquo;\u00e9quipement standard de cet appareil professionnel, tel que le thermostat num\u00e9rique avec signal d&rsquo;alarme et messages d&rsquo;erreur directement sur l&rsquo;\u00e9cran, la porte r\u00e9versible, la sonde \u00e0 c\u0153ur, les cycles de refroidissement par air contr\u00f4l\u00e9s par la temp\u00e9rature ou par le temps, \u00e0 son mode de conservation automatique des aliments et \u00e0 son refroidissement \u00e0 air en fin de cycle, ainsi que le bouton d\u00e9di\u00e9 \u00e0 la fonction \u00ab\u00a0frost bust\u00a0\u00bb (cycle de -40\u00b0C) et \u00ab\u00a0cr\u00e8me glac\u00e9e\u00a0\u00bb, font de ce mod\u00e8le l&rsquo;appareil id\u00e9al pour toute utilisation professionnelle, y compris la boulangerie et la fabrication de cr\u00e8me glac\u00e9e.<\/p>\n","protected":false},"featured_media":3881053,"template":"","meta":[],"product_brand":[],"product_cat":[7397,7403],"product_tag":[],"class_list":{"0":"post-2958292","1":"product","2":"type-product","3":"status-publish","4":"has-post-thumbnail","6":"product_cat-inox-fr","7":"product_cat-cellules-de-refroidissement-fr","8":"pa_capacite-commerciale-ch-45kg-fr-35kg","9":"pa_consommation-denergie-n-a-kw-24h","10":"pa_hauteur-exterieure-1975-mm","11":"pa_hauteur-interieure-1245-mm","12":"pa_largeur-exterieure-790-mm","13":"pa_largeur-interne-640-mm","14":"pa_niveau-sonore-70-dba","15":"pa_poids-brut-189-kg","16":"pa_poids-net-173-kg","17":"pa_profondeur-externe-943-mm","18":"pa_profondeur-interne-452-mm","19":"pa_puissance-2080-w","21":"first","22":"instock","23":"product-type-simple"},"acf":[],"yoast_head":"<!-- This site is optimized with the Yoast SEO plugin v27.2 - https:\/\/yoast.com\/product\/yoast-seo-wordpress\/ -->\n<title>RF 150A - Cool Head Europe<\/title>\n<meta name=\"robots\" content=\"index, follow, max-snippet:-1, max-image-preview:large, max-video-preview:-1\" \/>\n<link rel=\"canonical\" href=\"https:\/\/www.coolheadeurope.com\/fr\/prodotto\/inox-fr\/cellules-de-refroidissement-fr\/rf-150a\/\" \/>\n<meta property=\"og:locale\" content=\"fr_FR\" \/>\n<meta property=\"og:type\" content=\"article\" \/>\n<meta property=\"og:title\" content=\"RF 150A - Cool Head Europe\" \/>\n<meta property=\"og:description\" content=\"Avec son design \u00e9l\u00e9gant et \u00e9pur\u00e9, ce mod\u00e8le est parfaitement adapt\u00e9 aux besoins de toute cuisine professionnelle. Le RF 150A est un refroidisseur rapide pouvant contenir 15 bacs GN1\/1 et EURONORM 600x400mm. L&#039;\u00e9quipement standard de cet appareil professionnel, tel que le thermostat num\u00e9rique avec signal d&#039;alarme et messages d&#039;erreur directement sur l&#039;\u00e9cran, la porte r\u00e9versible, la sonde \u00e0 c\u0153ur, les cycles de refroidissement par air contr\u00f4l\u00e9s par la temp\u00e9rature ou par le temps, \u00e0 son mode de conservation automatique des aliments et \u00e0 son refroidissement \u00e0 air en fin de cycle, ainsi que le bouton d\u00e9di\u00e9 \u00e0 la fonction &quot;frost bust&quot; (cycle de -40\u00b0C) et &quot;cr\u00e8me glac\u00e9e&quot;, font de ce mod\u00e8le l&#039;appareil id\u00e9al pour toute utilisation professionnelle, y compris la boulangerie et la fabrication de cr\u00e8me glac\u00e9e.\" \/>\n<meta property=\"og:url\" content=\"https:\/\/www.coolheadeurope.com\/fr\/prodotto\/inox-fr\/cellules-de-refroidissement-fr\/rf-150a\/\" \/>\n<meta property=\"og:site_name\" content=\"Cool Head Europe\" \/>\n<meta property=\"article:modified_time\" content=\"2026-02-08T05:54:22+00:00\" \/>\n<meta property=\"og:image\" content=\"https:\/\/www.coolheadeurope.com\/wp-content\/uploads\/2026\/04\/RF-150A-CORPO_CH_LOW.png\" \/>\n\t<meta property=\"og:image:width\" content=\"994\" \/>\n\t<meta property=\"og:image:height\" content=\"1242\" \/>\n\t<meta property=\"og:image:type\" content=\"image\/png\" \/>\n<meta name=\"twitter:card\" content=\"summary_large_image\" \/>\n<meta name=\"twitter:label1\" content=\"Dur\u00e9e de lecture estim\u00e9e\" \/>\n\t<meta name=\"twitter:data1\" content=\"1 minute\" \/>\n<!-- \/ Yoast SEO plugin. -->","yoast_head_json":{"title":"RF 150A - Cool Head Europe","robots":{"index":"index","follow":"follow","max-snippet":"max-snippet:-1","max-image-preview":"max-image-preview:large","max-video-preview":"max-video-preview:-1"},"canonical":"https:\/\/www.coolheadeurope.com\/fr\/prodotto\/inox-fr\/cellules-de-refroidissement-fr\/rf-150a\/","og_locale":"fr_FR","og_type":"article","og_title":"RF 150A - Cool Head Europe","og_description":"Avec son design \u00e9l\u00e9gant et \u00e9pur\u00e9, ce mod\u00e8le est parfaitement adapt\u00e9 aux besoins de toute cuisine professionnelle. Le RF 150A est un refroidisseur rapide pouvant contenir 15 bacs GN1\/1 et EURONORM 600x400mm. L'\u00e9quipement standard de cet appareil professionnel, tel que le thermostat num\u00e9rique avec signal d'alarme et messages d'erreur directement sur l'\u00e9cran, la porte r\u00e9versible, la sonde \u00e0 c\u0153ur, les cycles de refroidissement par air contr\u00f4l\u00e9s par la temp\u00e9rature ou par le temps, \u00e0 son mode de conservation automatique des aliments et \u00e0 son refroidissement \u00e0 air en fin de cycle, ainsi que le bouton d\u00e9di\u00e9 \u00e0 la fonction \"frost bust\" (cycle de -40\u00b0C) et \"cr\u00e8me glac\u00e9e\", font de ce mod\u00e8le l'appareil id\u00e9al pour toute utilisation professionnelle, y compris la boulangerie et la fabrication de cr\u00e8me glac\u00e9e.","og_url":"https:\/\/www.coolheadeurope.com\/fr\/prodotto\/inox-fr\/cellules-de-refroidissement-fr\/rf-150a\/","og_site_name":"Cool Head Europe","article_modified_time":"2026-02-08T05:54:22+00:00","og_image":[{"width":994,"height":1242,"url":"https:\/\/www.coolheadeurope.com\/wp-content\/uploads\/2026\/04\/RF-150A-CORPO_CH_LOW.png","type":"image\/png"}],"twitter_card":"summary_large_image","twitter_misc":{"Dur\u00e9e de lecture estim\u00e9e":"1 minute"},"schema":{"@context":"https:\/\/schema.org","@graph":[{"@type":"WebPage","@id":"https:\/\/www.coolheadeurope.com\/fr\/prodotto\/inox-fr\/cellules-de-refroidissement-fr\/rf-150a\/","url":"https:\/\/www.coolheadeurope.com\/fr\/prodotto\/inox-fr\/cellules-de-refroidissement-fr\/rf-150a\/","name":"RF 150A - Cool Head Europe","isPartOf":{"@id":"https:\/\/www.coolheadeurope.com\/#website"},"primaryImageOfPage":{"@id":"https:\/\/www.coolheadeurope.com\/fr\/prodotto\/inox-fr\/cellules-de-refroidissement-fr\/rf-150a\/#primaryimage"},"image":{"@id":"https:\/\/www.coolheadeurope.com\/fr\/prodotto\/inox-fr\/cellules-de-refroidissement-fr\/rf-150a\/#primaryimage"},"thumbnailUrl":"https:\/\/www.coolheadeurope.com\/wp-content\/uploads\/2026\/04\/RF-150A-CORPO_CH_LOW.png","datePublished":"2024-10-09T20:31:16+00:00","dateModified":"2026-02-08T05:54:22+00:00","breadcrumb":{"@id":"https:\/\/www.coolheadeurope.com\/fr\/prodotto\/inox-fr\/cellules-de-refroidissement-fr\/rf-150a\/#breadcrumb"},"inLanguage":"fr-FR","potentialAction":[{"@type":"ReadAction","target":["https:\/\/www.coolheadeurope.com\/fr\/prodotto\/inox-fr\/cellules-de-refroidissement-fr\/rf-150a\/"]}]},{"@type":"ImageObject","inLanguage":"fr-FR","@id":"https:\/\/www.coolheadeurope.com\/fr\/prodotto\/inox-fr\/cellules-de-refroidissement-fr\/rf-150a\/#primaryimage","url":"https:\/\/www.coolheadeurope.com\/wp-content\/uploads\/2026\/04\/RF-150A-CORPO_CH_LOW.png","contentUrl":"https:\/\/www.coolheadeurope.com\/wp-content\/uploads\/2026\/04\/RF-150A-CORPO_CH_LOW.png","width":994,"height":1242,"caption":"Immagine di RF 150A"},{"@type":"BreadcrumbList","@id":"https:\/\/www.coolheadeurope.com\/fr\/prodotto\/inox-fr\/cellules-de-refroidissement-fr\/rf-150a\/#breadcrumb","itemListElement":[{"@type":"ListItem","position":1,"name":"Home","item":"https:\/\/www.coolheadeurope.com\/fr\/"},{"@type":"ListItem","position":2,"name":"Rechercher","item":"https:\/\/www.coolheadeurope.com\/cerca\/"},{"@type":"ListItem","position":3,"name":"RF 150A"}]},{"@type":"WebSite","@id":"https:\/\/www.coolheadeurope.com\/#website","url":"https:\/\/www.coolheadeurope.com\/","name":"Cool Head Europe","description":"We make the world a cooler place","potentialAction":[{"@type":"SearchAction","target":{"@type":"EntryPoint","urlTemplate":"https:\/\/www.coolheadeurope.com\/?s={search_term_string}"},"query-input":{"@type":"PropertyValueSpecification","valueRequired":true,"valueName":"search_term_string"}}],"inLanguage":"fr-FR"}]}},"_links":{"self":[{"href":"https:\/\/www.coolheadeurope.com\/fr\/wp-json\/wp\/v2\/product\/2958292","targetHints":{"allow":["GET"]}}],"collection":[{"href":"https:\/\/www.coolheadeurope.com\/fr\/wp-json\/wp\/v2\/product"}],"about":[{"href":"https:\/\/www.coolheadeurope.com\/fr\/wp-json\/wp\/v2\/types\/product"}],"wp:featuredmedia":[{"embeddable":true,"href":"https:\/\/www.coolheadeurope.com\/fr\/wp-json\/wp\/v2\/media\/3881053"}],"wp:attachment":[{"href":"https:\/\/www.coolheadeurope.com\/fr\/wp-json\/wp\/v2\/media?parent=2958292"}],"wp:term":[{"taxonomy":"product_brand","embeddable":true,"href":"https:\/\/www.coolheadeurope.com\/fr\/wp-json\/wp\/v2\/product_brand?post=2958292"},{"taxonomy":"product_cat","embeddable":true,"href":"https:\/\/www.coolheadeurope.com\/fr\/wp-json\/wp\/v2\/product_cat?post=2958292"},{"taxonomy":"product_tag","embeddable":true,"href":"https:\/\/www.coolheadeurope.com\/fr\/wp-json\/wp\/v2\/product_tag?post=2958292"}],"curies":[{"name":"wp","href":"https:\/\/api.w.org\/{rel}","templated":true}]}}