{"id":2958300,"date":"2024-10-09T20:44:45","date_gmt":"2024-10-09T20:44:45","guid":{"rendered":"https:\/\/www.coolheadeurope.com\/prodotto\/non%20class\u00e9\/cnx-2\/"},"modified":"2026-02-08T05:54:32","modified_gmt":"2026-02-08T05:54:32","slug":"cnx-2","status":"publish","type":"product","link":"https:\/\/www.coolheadeurope.com\/fr\/prodotto\/abs-fr\/armoires-abs-fr\/cnx-2\/","title":{"rendered":"CNX 2"},"content":{"rendered":"<p>Cong\u00e9lateur vertical 200 L (CLASSE A)<br \/>\nArmoire externe S\/S, thermoform\u00e9e \u00e0 l\u2019int\u00e9rieur<br \/>\nRefroidissement statique: clayettes d\u2019\u00e9vaporateur fixes (Couches N\u00b0 2) avec un syst\u00e8me de refroidissement assist\u00e9 par ventilateur<br \/>\nD\u00e9givrage manuel<br \/>\nAgent moussant : Cyclopentane (50 mm par c\u00f4t\u00e9)<br \/>\nThermostat num\u00e9rique<br \/>\nAlarme du d\u00e9tecteur d\u2019ouverture de porte\/Alarme de temp\u00e9rature \u00e9lev\u00e9e<br \/>\nJoint d&rsquo;\u00e9tanch\u00e9it\u00e9 amovible<br \/>\nPorte r\u00e9versible avec poign\u00e9e externe en acier inoxydable de couleur S\/S<br \/>\nSerrure et commutateur principal mont\u00e9s de s\u00e9rie<br \/>\nPieds r\u00e9glables N\u00b0 2 + Roulettes N\u00b0 2 \u00e0 l\u2019arri\u00e8re<br \/>\nClasse \u00e9nerg\u00e9tique: A<\/p>\n","protected":false},"excerpt":{"rendered":"<p>Ce mod\u00e8le de cong\u00e9lateur en ABS de 200 litres repr\u00e9sente la combinaison parfaite entre haute performance, co\u00fbt abordable et faible consommation.<br \/>\nDe couleur acier, avec une poign\u00e9e ext\u00e9rieure en acier et un int\u00e9rieur thermoform\u00e9, le CNX 2 est \u00e9quip\u00e9 d&rsquo;un thermostat digital, d&rsquo;une alarme \u00ab\u00a0porte ouverte\u00a0\u00bb et \u00ab\u00a0haute temp\u00e9rature\u00a0\u00bb, d&rsquo;une porte r\u00e9versible, d&rsquo;une serrure, d&rsquo;un interrupteur principal, de 2 \u00e9tag\u00e8res fixes pour l&rsquo;\u00e9vaporateur, d&rsquo;une valve \u00e0 pression pour faciliter l&rsquo;ouverture de la porte, d&rsquo;un ventilateur d&rsquo;assistance interne et de 2 pieds r\u00e9glables + 2 roulettes arri\u00e8re.<br \/>\nNotre cong\u00e9lateur est \u00e9cologique et \u00e9conome en \u00e9nergie: classe A, \u00e9quip\u00e9 d&rsquo;un gaz r\u00e9frig\u00e9rant \u00e9cologique R600a et d&rsquo;une mousse d&rsquo;isolation de 50 mm de chaque c\u00f4t\u00e9.<\/p>\n","protected":false},"featured_media":3707614,"template":"","meta":[],"product_brand":[],"product_cat":[7404,7405],"product_tag":[],"class_list":{"0":"post-2958300","1":"product","2":"type-product","3":"status-publish","4":"has-post-thumbnail","6":"product_cat-abs-fr","7":"product_cat-armoires-abs-fr","8":"pa_capacite-commerciale-200-l","9":"pa_consommation-denergie-1-813-kw-24h","10":"pa_hauteur-exterieure-838-mm","11":"pa_hauteur-interieure-635-mm","12":"pa_largeur-exterieure-598-mm","13":"pa_largeur-interne-493-mm","14":"pa_niveau-sonore-40-dba","15":"pa_poids-brut-46-kg","16":"pa_poids-net-41-kg","17":"pa_profondeur-externe-679-mm","18":"pa_profondeur-interne-478-mm","19":"pa_puissance-120-w","21":"first","22":"instock","23":"product-type-simple"},"acf":[],"yoast_head":"<!-- This site is optimized with the Yoast SEO plugin v27.2 - https:\/\/yoast.com\/product\/yoast-seo-wordpress\/ -->\n<title>CNX 2 - Cool Head Europe<\/title>\n<meta name=\"robots\" content=\"index, follow, max-snippet:-1, max-image-preview:large, max-video-preview:-1\" \/>\n<link rel=\"canonical\" href=\"https:\/\/www.coolheadeurope.com\/fr\/prodotto\/abs-fr\/armoires-abs-fr\/cnx-2\/\" \/>\n<meta property=\"og:locale\" content=\"fr_FR\" \/>\n<meta property=\"og:type\" content=\"article\" \/>\n<meta property=\"og:title\" content=\"CNX 2 - Cool Head Europe\" \/>\n<meta property=\"og:description\" content=\"Ce mod\u00e8le de cong\u00e9lateur en ABS de 200 litres repr\u00e9sente la combinaison parfaite entre haute performance, co\u00fbt abordable et faible consommation. De couleur acier, avec une poign\u00e9e ext\u00e9rieure en acier et un int\u00e9rieur thermoform\u00e9, le CNX 2 est \u00e9quip\u00e9 d&#039;un thermostat digital, d&#039;une alarme &quot;porte ouverte&quot; et &quot;haute temp\u00e9rature&quot;, d&#039;une porte r\u00e9versible, d&#039;une serrure, d&#039;un interrupteur principal, de 2 \u00e9tag\u00e8res fixes pour l&#039;\u00e9vaporateur, d&#039;une valve \u00e0 pression pour faciliter l&#039;ouverture de la porte, d&#039;un ventilateur d&#039;assistance interne et de 2 pieds r\u00e9glables + 2 roulettes arri\u00e8re. Notre cong\u00e9lateur est \u00e9cologique et \u00e9conome en \u00e9nergie: classe A, \u00e9quip\u00e9 d&#039;un gaz r\u00e9frig\u00e9rant \u00e9cologique R600a et d&#039;une mousse d&#039;isolation de 50 mm de chaque c\u00f4t\u00e9.\" \/>\n<meta property=\"og:url\" content=\"https:\/\/www.coolheadeurope.com\/fr\/prodotto\/abs-fr\/armoires-abs-fr\/cnx-2\/\" \/>\n<meta property=\"og:site_name\" content=\"Cool Head Europe\" \/>\n<meta property=\"article:modified_time\" content=\"2026-02-08T05:54:32+00:00\" \/>\n<meta property=\"og:image\" content=\"https:\/\/www.coolheadeurope.com\/wp-content\/uploads\/2026\/04\/CNX-2-CORPO_CH_LOW-16.png\" \/>\n\t<meta property=\"og:image:width\" content=\"339\" \/>\n\t<meta property=\"og:image:height\" content=\"327\" \/>\n\t<meta property=\"og:image:type\" content=\"image\/png\" \/>\n<meta name=\"twitter:card\" content=\"summary_large_image\" \/>\n<meta name=\"twitter:label1\" content=\"Dur\u00e9e de lecture estim\u00e9e\" \/>\n\t<meta name=\"twitter:data1\" content=\"1 minute\" \/>\n<!-- \/ Yoast SEO plugin. -->","yoast_head_json":{"title":"CNX 2 - Cool Head Europe","robots":{"index":"index","follow":"follow","max-snippet":"max-snippet:-1","max-image-preview":"max-image-preview:large","max-video-preview":"max-video-preview:-1"},"canonical":"https:\/\/www.coolheadeurope.com\/fr\/prodotto\/abs-fr\/armoires-abs-fr\/cnx-2\/","og_locale":"fr_FR","og_type":"article","og_title":"CNX 2 - Cool Head Europe","og_description":"Ce mod\u00e8le de cong\u00e9lateur en ABS de 200 litres repr\u00e9sente la combinaison parfaite entre haute performance, co\u00fbt abordable et faible consommation. De couleur acier, avec une poign\u00e9e ext\u00e9rieure en acier et un int\u00e9rieur thermoform\u00e9, le CNX 2 est \u00e9quip\u00e9 d'un thermostat digital, d'une alarme \"porte ouverte\" et \"haute temp\u00e9rature\", d'une porte r\u00e9versible, d'une serrure, d'un interrupteur principal, de 2 \u00e9tag\u00e8res fixes pour l'\u00e9vaporateur, d'une valve \u00e0 pression pour faciliter l'ouverture de la porte, d'un ventilateur d'assistance interne et de 2 pieds r\u00e9glables + 2 roulettes arri\u00e8re. Notre cong\u00e9lateur est \u00e9cologique et \u00e9conome en \u00e9nergie: classe A, \u00e9quip\u00e9 d'un gaz r\u00e9frig\u00e9rant \u00e9cologique R600a et d'une mousse d'isolation de 50 mm de chaque c\u00f4t\u00e9.","og_url":"https:\/\/www.coolheadeurope.com\/fr\/prodotto\/abs-fr\/armoires-abs-fr\/cnx-2\/","og_site_name":"Cool Head Europe","article_modified_time":"2026-02-08T05:54:32+00:00","og_image":[{"width":339,"height":327,"url":"https:\/\/www.coolheadeurope.com\/wp-content\/uploads\/2026\/04\/CNX-2-CORPO_CH_LOW-16.png","type":"image\/png"}],"twitter_card":"summary_large_image","twitter_misc":{"Dur\u00e9e de lecture estim\u00e9e":"1 minute"},"schema":{"@context":"https:\/\/schema.org","@graph":[{"@type":"WebPage","@id":"https:\/\/www.coolheadeurope.com\/fr\/prodotto\/abs-fr\/armoires-abs-fr\/cnx-2\/","url":"https:\/\/www.coolheadeurope.com\/fr\/prodotto\/abs-fr\/armoires-abs-fr\/cnx-2\/","name":"CNX 2 - Cool Head Europe","isPartOf":{"@id":"https:\/\/www.coolheadeurope.com\/#website"},"primaryImageOfPage":{"@id":"https:\/\/www.coolheadeurope.com\/fr\/prodotto\/abs-fr\/armoires-abs-fr\/cnx-2\/#primaryimage"},"image":{"@id":"https:\/\/www.coolheadeurope.com\/fr\/prodotto\/abs-fr\/armoires-abs-fr\/cnx-2\/#primaryimage"},"thumbnailUrl":"https:\/\/www.coolheadeurope.com\/wp-content\/uploads\/2026\/04\/CNX-2-CORPO_CH_LOW-16.png","datePublished":"2024-10-09T20:44:45+00:00","dateModified":"2026-02-08T05:54:32+00:00","breadcrumb":{"@id":"https:\/\/www.coolheadeurope.com\/fr\/prodotto\/abs-fr\/armoires-abs-fr\/cnx-2\/#breadcrumb"},"inLanguage":"fr-FR","potentialAction":[{"@type":"ReadAction","target":["https:\/\/www.coolheadeurope.com\/fr\/prodotto\/abs-fr\/armoires-abs-fr\/cnx-2\/"]}]},{"@type":"ImageObject","inLanguage":"fr-FR","@id":"https:\/\/www.coolheadeurope.com\/fr\/prodotto\/abs-fr\/armoires-abs-fr\/cnx-2\/#primaryimage","url":"https:\/\/www.coolheadeurope.com\/wp-content\/uploads\/2026\/04\/CNX-2-CORPO_CH_LOW-16.png","contentUrl":"https:\/\/www.coolheadeurope.com\/wp-content\/uploads\/2026\/04\/CNX-2-CORPO_CH_LOW-16.png","width":339,"height":327,"caption":"Immagine di CNX 2"},{"@type":"BreadcrumbList","@id":"https:\/\/www.coolheadeurope.com\/fr\/prodotto\/abs-fr\/armoires-abs-fr\/cnx-2\/#breadcrumb","itemListElement":[{"@type":"ListItem","position":1,"name":"Home","item":"https:\/\/www.coolheadeurope.com\/fr\/"},{"@type":"ListItem","position":2,"name":"Rechercher","item":"https:\/\/www.coolheadeurope.com\/fr\/rechercher\/"},{"@type":"ListItem","position":3,"name":"CNX 2"}]},{"@type":"WebSite","@id":"https:\/\/www.coolheadeurope.com\/#website","url":"https:\/\/www.coolheadeurope.com\/","name":"Cool Head Europe","description":"We make the world a cooler place","potentialAction":[{"@type":"SearchAction","target":{"@type":"EntryPoint","urlTemplate":"https:\/\/www.coolheadeurope.com\/?s={search_term_string}"},"query-input":{"@type":"PropertyValueSpecification","valueRequired":true,"valueName":"search_term_string"}}],"inLanguage":"fr-FR"}]}},"_links":{"self":[{"href":"https:\/\/www.coolheadeurope.com\/fr\/wp-json\/wp\/v2\/product\/2958300","targetHints":{"allow":["GET"]}}],"collection":[{"href":"https:\/\/www.coolheadeurope.com\/fr\/wp-json\/wp\/v2\/product"}],"about":[{"href":"https:\/\/www.coolheadeurope.com\/fr\/wp-json\/wp\/v2\/types\/product"}],"wp:featuredmedia":[{"embeddable":true,"href":"https:\/\/www.coolheadeurope.com\/fr\/wp-json\/wp\/v2\/media\/3707614"}],"wp:attachment":[{"href":"https:\/\/www.coolheadeurope.com\/fr\/wp-json\/wp\/v2\/media?parent=2958300"}],"wp:term":[{"taxonomy":"product_brand","embeddable":true,"href":"https:\/\/www.coolheadeurope.com\/fr\/wp-json\/wp\/v2\/product_brand?post=2958300"},{"taxonomy":"product_cat","embeddable":true,"href":"https:\/\/www.coolheadeurope.com\/fr\/wp-json\/wp\/v2\/product_cat?post=2958300"},{"taxonomy":"product_tag","embeddable":true,"href":"https:\/\/www.coolheadeurope.com\/fr\/wp-json\/wp\/v2\/product_tag?post=2958300"}],"curies":[{"name":"wp","href":"https:\/\/api.w.org\/{rel}","templated":true}]}}