{"id":2958303,"date":"2024-10-09T20:49:54","date_gmt":"2024-10-09T20:49:54","guid":{"rendered":"https:\/\/www.coolheadeurope.com\/prodotto\/non%20class\u00e9\/qr-200b\/"},"modified":"2026-02-08T05:54:34","modified_gmt":"2026-02-08T05:54:34","slug":"qr-200b","status":"publish","type":"product","link":"https:\/\/www.coolheadeurope.com\/fr\/prodotto\/abs-fr\/armoires-abs-fr\/qr-200b\/","title":{"rendered":"QR 200B"},"content":{"rendered":"<p>R\u00e9frig\u00e9rateur vertical 200 L<br \/>\nFace externe en plaque laqu\u00e9e noire, face interne thermoform\u00e9e noire<br \/>\n\u00c9vaporateur \u00e0 tubulure int\u00e9gr\u00e9e avec un syst\u00e8me de refroidissement assist\u00e9 par ventilateur<br \/>\nCycle de d\u00e9givrage automatique par arr\u00eat du compresseur<br \/>\nAgent moussant : Cyclopentane (70 mm par c\u00f4t\u00e9)<br \/>\nThermostat num\u00e9rique<br \/>\nInterrupteur principal ind\u00e9pendant et r\u00e9tro-\u00e9clair\u00e9 (couleur blanche)<br \/>\nJoint amovible et poign\u00e9e le long du profil de la porte<br \/>\nPorte r\u00e9versible (pas de fermeture automatique)<br \/>\nVerrouillage de la porte mont\u00e9 de s\u00e9rie<br \/>\nClayettes r\u00e9glables: 2 + 1 inf\u00e9rieure<br \/>\nPieds r\u00e9glables N\u00b0 2 + Roulettes N\u00b0 2 \u00e0 l\u2019arri\u00e8re<br \/>\nClasse \u00e9nerg\u00e9tique: A<\/p>\n","protected":false},"excerpt":{"rendered":"<p>Armoire 200 litres \u00e0 porte pleine en ABS, finition noire et int\u00e9rieur thermoform\u00e9 noir, \u00e9quip\u00e9e d&rsquo;un thermostat digital, porte r\u00e9versible, serrure et interrupteur g\u00e9n\u00e9ral, poign\u00e9e le long du profil de la porte, 2 \u00e9tag\u00e8res r\u00e9glables + 1 \u00e9tag\u00e8re sur la face inf\u00e9rieure et 2 pieds r\u00e9glables + 2 roulettes \u00e0 l&rsquo;arri\u00e8re.<\/p>\n","protected":false},"featured_media":3707621,"template":"","meta":[],"product_brand":[],"product_cat":[7404,7405],"product_tag":[],"class_list":{"0":"post-2958303","1":"product","2":"type-product","3":"status-publish","4":"has-post-thumbnail","6":"product_cat-abs-fr","7":"product_cat-armoires-abs-fr","8":"pa_capacite-commerciale-200-l","9":"pa_consommation-denergie-0-934-kw-24h","10":"pa_hauteur-exterieure-853-mm","11":"pa_hauteur-interieure-603-mm","12":"pa_largeur-exterieure-600-mm","13":"pa_largeur-interne-458-mm","14":"pa_niveau-sonore-52-dba","15":"pa_poids-brut-41-kg","16":"pa_poids-net-37-kg","17":"pa_profondeur-externe-625-mm","18":"pa_profondeur-interne-465-mm","19":"pa_puissance-120-w","21":"first","22":"instock","23":"product-type-simple"},"acf":[],"yoast_head":"<!-- This site is optimized with the Yoast SEO plugin v27.2 - https:\/\/yoast.com\/product\/yoast-seo-wordpress\/ -->\n<title>QR 200B - Cool Head Europe<\/title>\n<meta name=\"robots\" content=\"index, follow, max-snippet:-1, max-image-preview:large, max-video-preview:-1\" \/>\n<link rel=\"canonical\" href=\"https:\/\/www.coolheadeurope.com\/fr\/prodotto\/abs-fr\/armoires-abs-fr\/qr-200b\/\" \/>\n<meta property=\"og:locale\" content=\"fr_FR\" \/>\n<meta property=\"og:type\" content=\"article\" \/>\n<meta property=\"og:title\" content=\"QR 200B - Cool Head Europe\" \/>\n<meta property=\"og:description\" content=\"Armoire 200 litres \u00e0 porte pleine en ABS, finition noire et int\u00e9rieur thermoform\u00e9 noir, \u00e9quip\u00e9e d&#039;un thermostat digital, porte r\u00e9versible, serrure et interrupteur g\u00e9n\u00e9ral, poign\u00e9e le long du profil de la porte, 2 \u00e9tag\u00e8res r\u00e9glables + 1 \u00e9tag\u00e8re sur la face inf\u00e9rieure et 2 pieds r\u00e9glables + 2 roulettes \u00e0 l&#039;arri\u00e8re.\" \/>\n<meta property=\"og:url\" content=\"https:\/\/www.coolheadeurope.com\/fr\/prodotto\/abs-fr\/armoires-abs-fr\/qr-200b\/\" \/>\n<meta property=\"og:site_name\" content=\"Cool Head Europe\" \/>\n<meta property=\"article:modified_time\" content=\"2026-02-08T05:54:34+00:00\" \/>\n<meta property=\"og:image\" content=\"https:\/\/www.coolheadeurope.com\/wp-content\/uploads\/2026\/04\/QR-200B-CORPO_CH_LOW-16.png\" \/>\n\t<meta property=\"og:image:width\" content=\"567\" \/>\n\t<meta property=\"og:image:height\" content=\"514\" \/>\n\t<meta property=\"og:image:type\" content=\"image\/png\" \/>\n<meta name=\"twitter:card\" content=\"summary_large_image\" \/>\n<meta name=\"twitter:label1\" content=\"Dur\u00e9e de lecture estim\u00e9e\" \/>\n\t<meta name=\"twitter:data1\" content=\"1 minute\" \/>\n<!-- \/ Yoast SEO plugin. -->","yoast_head_json":{"title":"QR 200B - Cool Head Europe","robots":{"index":"index","follow":"follow","max-snippet":"max-snippet:-1","max-image-preview":"max-image-preview:large","max-video-preview":"max-video-preview:-1"},"canonical":"https:\/\/www.coolheadeurope.com\/fr\/prodotto\/abs-fr\/armoires-abs-fr\/qr-200b\/","og_locale":"fr_FR","og_type":"article","og_title":"QR 200B - Cool Head Europe","og_description":"Armoire 200 litres \u00e0 porte pleine en ABS, finition noire et int\u00e9rieur thermoform\u00e9 noir, \u00e9quip\u00e9e d'un thermostat digital, porte r\u00e9versible, serrure et interrupteur g\u00e9n\u00e9ral, poign\u00e9e le long du profil de la porte, 2 \u00e9tag\u00e8res r\u00e9glables + 1 \u00e9tag\u00e8re sur la face inf\u00e9rieure et 2 pieds r\u00e9glables + 2 roulettes \u00e0 l'arri\u00e8re.","og_url":"https:\/\/www.coolheadeurope.com\/fr\/prodotto\/abs-fr\/armoires-abs-fr\/qr-200b\/","og_site_name":"Cool Head Europe","article_modified_time":"2026-02-08T05:54:34+00:00","og_image":[{"width":567,"height":514,"url":"https:\/\/www.coolheadeurope.com\/wp-content\/uploads\/2026\/04\/QR-200B-CORPO_CH_LOW-16.png","type":"image\/png"}],"twitter_card":"summary_large_image","twitter_misc":{"Dur\u00e9e de lecture estim\u00e9e":"1 minute"},"schema":{"@context":"https:\/\/schema.org","@graph":[{"@type":"WebPage","@id":"https:\/\/www.coolheadeurope.com\/fr\/prodotto\/abs-fr\/armoires-abs-fr\/qr-200b\/","url":"https:\/\/www.coolheadeurope.com\/fr\/prodotto\/abs-fr\/armoires-abs-fr\/qr-200b\/","name":"QR 200B - Cool Head Europe","isPartOf":{"@id":"https:\/\/www.coolheadeurope.com\/#website"},"primaryImageOfPage":{"@id":"https:\/\/www.coolheadeurope.com\/fr\/prodotto\/abs-fr\/armoires-abs-fr\/qr-200b\/#primaryimage"},"image":{"@id":"https:\/\/www.coolheadeurope.com\/fr\/prodotto\/abs-fr\/armoires-abs-fr\/qr-200b\/#primaryimage"},"thumbnailUrl":"https:\/\/www.coolheadeurope.com\/wp-content\/uploads\/2026\/04\/QR-200B-CORPO_CH_LOW-16.png","datePublished":"2024-10-09T20:49:54+00:00","dateModified":"2026-02-08T05:54:34+00:00","breadcrumb":{"@id":"https:\/\/www.coolheadeurope.com\/fr\/prodotto\/abs-fr\/armoires-abs-fr\/qr-200b\/#breadcrumb"},"inLanguage":"fr-FR","potentialAction":[{"@type":"ReadAction","target":["https:\/\/www.coolheadeurope.com\/fr\/prodotto\/abs-fr\/armoires-abs-fr\/qr-200b\/"]}]},{"@type":"ImageObject","inLanguage":"fr-FR","@id":"https:\/\/www.coolheadeurope.com\/fr\/prodotto\/abs-fr\/armoires-abs-fr\/qr-200b\/#primaryimage","url":"https:\/\/www.coolheadeurope.com\/wp-content\/uploads\/2026\/04\/QR-200B-CORPO_CH_LOW-16.png","contentUrl":"https:\/\/www.coolheadeurope.com\/wp-content\/uploads\/2026\/04\/QR-200B-CORPO_CH_LOW-16.png","width":567,"height":514,"caption":"Immagine di QR 200B"},{"@type":"BreadcrumbList","@id":"https:\/\/www.coolheadeurope.com\/fr\/prodotto\/abs-fr\/armoires-abs-fr\/qr-200b\/#breadcrumb","itemListElement":[{"@type":"ListItem","position":1,"name":"Home","item":"https:\/\/www.coolheadeurope.com\/fr\/"},{"@type":"ListItem","position":2,"name":"Rechercher","item":"https:\/\/www.coolheadeurope.com\/fr\/rechercher\/"},{"@type":"ListItem","position":3,"name":"QR 200B"}]},{"@type":"WebSite","@id":"https:\/\/www.coolheadeurope.com\/#website","url":"https:\/\/www.coolheadeurope.com\/","name":"Cool Head Europe","description":"We make the world a cooler place","potentialAction":[{"@type":"SearchAction","target":{"@type":"EntryPoint","urlTemplate":"https:\/\/www.coolheadeurope.com\/?s={search_term_string}"},"query-input":{"@type":"PropertyValueSpecification","valueRequired":true,"valueName":"search_term_string"}}],"inLanguage":"fr-FR"}]}},"_links":{"self":[{"href":"https:\/\/www.coolheadeurope.com\/fr\/wp-json\/wp\/v2\/product\/2958303","targetHints":{"allow":["GET"]}}],"collection":[{"href":"https:\/\/www.coolheadeurope.com\/fr\/wp-json\/wp\/v2\/product"}],"about":[{"href":"https:\/\/www.coolheadeurope.com\/fr\/wp-json\/wp\/v2\/types\/product"}],"wp:featuredmedia":[{"embeddable":true,"href":"https:\/\/www.coolheadeurope.com\/fr\/wp-json\/wp\/v2\/media\/3707621"}],"wp:attachment":[{"href":"https:\/\/www.coolheadeurope.com\/fr\/wp-json\/wp\/v2\/media?parent=2958303"}],"wp:term":[{"taxonomy":"product_brand","embeddable":true,"href":"https:\/\/www.coolheadeurope.com\/fr\/wp-json\/wp\/v2\/product_brand?post=2958303"},{"taxonomy":"product_cat","embeddable":true,"href":"https:\/\/www.coolheadeurope.com\/fr\/wp-json\/wp\/v2\/product_cat?post=2958303"},{"taxonomy":"product_tag","embeddable":true,"href":"https:\/\/www.coolheadeurope.com\/fr\/wp-json\/wp\/v2\/product_tag?post=2958303"}],"curies":[{"name":"wp","href":"https:\/\/api.w.org\/{rel}","templated":true}]}}