{"id":2958304,"date":"2024-10-09T20:51:43","date_gmt":"2024-10-09T20:51:43","guid":{"rendered":"https:\/\/www.coolheadeurope.com\/prodotto\/non%20class\u00e9\/qrg-200b\/"},"modified":"2026-02-08T05:54:35","modified_gmt":"2026-02-08T05:54:35","slug":"qrg-200b","status":"publish","type":"product","link":"https:\/\/www.coolheadeurope.com\/fr\/prodotto\/abs-fr\/armoires-abs-fr\/qrg-200b\/","title":{"rendered":"QRG 200B"},"content":{"rendered":"<p>R\u00e9frig\u00e9rateur vertical 200 l (PORTE VITR\u00c9E)<br \/>\nFace externe en plaque laqu\u00e9e noire, face interne thermoform\u00e9e noire<br \/>\n\u00c9vaporateur \u00e0 tubulure int\u00e9gr\u00e9e avec un syst\u00e8me de refroidissement assist\u00e9 par ventilateur<br \/>\nCycle de d\u00e9givrage automatique par arr\u00eat du compresseur<br \/>\nAgent moussant : Cyclopentane (70 mm par c\u00f4t\u00e9)<br \/>\nDouble verre de s\u00e9curit\u00e9 tremp\u00e9 avec Low-e (Vitrage \u00e0 faible \u00e9missivit\u00e9)<br \/>\nThermostat num\u00e9rique<br \/>\nInterrupteur principal ind\u00e9pendant et r\u00e9tro-\u00e9clair\u00e9 (couleur blanche)<\/p>\n<p>Joint amovible et poign\u00e9e le long du profil de la porte<br \/>\nVerrouillage de la porte mont\u00e9 de s\u00e9rie<br \/>\nClayettes r\u00e9glables: 2 + 1 inf\u00e9rieure<br \/>\nPieds r\u00e9glables N\u00b0 2 + Roulettes N\u00b0 2 \u00e0 l\u2019arri\u00e8re<br \/>\nClasse \u00e9nerg\u00e9tique: B<\/p>\n","protected":false},"excerpt":{"rendered":"<p>Armoire en ABS de 200 litres avec porte en verre, finition noire et int\u00e9rieur thermoform\u00e9 noir, double verre temp\u00e9r\u00e9 avec Low-e, cadre s\u00e9rigraphi\u00e9 gris pour la porte en verre, \u00e9quip\u00e9e d&rsquo;un thermostat digital et de n.2 lampes verticales le long du profil int\u00e9rieur de la porte, serrure, interrupteur principal et s\u00e9par\u00e9, poign\u00e9e int\u00e9gr\u00e9e le long du profil de la porte, 2 \u00e9tag\u00e8res r\u00e9glables + 1 \u00e9tag\u00e8re sur le c\u00f4t\u00e9 inf\u00e9rieur, assembl\u00e9 avec 2 pieds r\u00e9glables + 2 roulettes \u00e0 l&rsquo;arri\u00e8re.<\/p>\n","protected":false},"featured_media":3707629,"template":"","meta":[],"product_brand":[],"product_cat":[7404,7405],"product_tag":[],"class_list":{"0":"post-2958304","1":"product","2":"type-product","3":"status-publish","4":"has-post-thumbnail","6":"product_cat-abs-fr","7":"product_cat-armoires-abs-fr","8":"pa_capacite-commerciale-200-l","9":"pa_consommation-denergie-1-633-kw-24h","10":"pa_hauteur-exterieure-853-mm","11":"pa_hauteur-interieure-603-mm","12":"pa_largeur-exterieure-600-mm","13":"pa_largeur-interne-458-mm","14":"pa_niveau-sonore-52-dba","15":"pa_poids-brut-49-kg","16":"pa_poids-net-45-kg","17":"pa_profondeur-externe-625-mm","18":"pa_profondeur-interne-465-mm","19":"pa_puissance-140-w","21":"first","22":"instock","23":"product-type-simple"},"acf":[],"yoast_head":"<!-- This site is optimized with the Yoast SEO plugin v27.2 - https:\/\/yoast.com\/product\/yoast-seo-wordpress\/ -->\n<title>QRG 200B - Cool Head Europe<\/title>\n<meta name=\"robots\" content=\"index, follow, max-snippet:-1, max-image-preview:large, max-video-preview:-1\" \/>\n<link rel=\"canonical\" href=\"https:\/\/www.coolheadeurope.com\/fr\/prodotto\/abs-fr\/armoires-abs-fr\/qrg-200b\/\" \/>\n<meta property=\"og:locale\" content=\"fr_FR\" \/>\n<meta property=\"og:type\" content=\"article\" \/>\n<meta property=\"og:title\" content=\"QRG 200B - Cool Head Europe\" \/>\n<meta property=\"og:description\" content=\"Armoire en ABS de 200 litres avec porte en verre, finition noire et int\u00e9rieur thermoform\u00e9 noir, double verre temp\u00e9r\u00e9 avec Low-e, cadre s\u00e9rigraphi\u00e9 gris pour la porte en verre, \u00e9quip\u00e9e d&#039;un thermostat digital et de n.2 lampes verticales le long du profil int\u00e9rieur de la porte, serrure, interrupteur principal et s\u00e9par\u00e9, poign\u00e9e int\u00e9gr\u00e9e le long du profil de la porte, 2 \u00e9tag\u00e8res r\u00e9glables + 1 \u00e9tag\u00e8re sur le c\u00f4t\u00e9 inf\u00e9rieur, assembl\u00e9 avec 2 pieds r\u00e9glables + 2 roulettes \u00e0 l&#039;arri\u00e8re.\" \/>\n<meta property=\"og:url\" content=\"https:\/\/www.coolheadeurope.com\/fr\/prodotto\/abs-fr\/armoires-abs-fr\/qrg-200b\/\" \/>\n<meta property=\"og:site_name\" content=\"Cool Head Europe\" \/>\n<meta property=\"article:modified_time\" content=\"2026-02-08T05:54:35+00:00\" \/>\n<meta property=\"og:image\" content=\"https:\/\/www.coolheadeurope.com\/wp-content\/uploads\/2026\/04\/QRG-200B-CORPO_CH_LOW-16.png\" \/>\n\t<meta property=\"og:image:width\" content=\"520\" \/>\n\t<meta property=\"og:image:height\" content=\"567\" \/>\n\t<meta property=\"og:image:type\" content=\"image\/png\" \/>\n<meta name=\"twitter:card\" content=\"summary_large_image\" \/>\n<meta name=\"twitter:label1\" content=\"Dur\u00e9e de lecture estim\u00e9e\" \/>\n\t<meta name=\"twitter:data1\" content=\"1 minute\" \/>\n<!-- \/ Yoast SEO plugin. -->","yoast_head_json":{"title":"QRG 200B - Cool Head Europe","robots":{"index":"index","follow":"follow","max-snippet":"max-snippet:-1","max-image-preview":"max-image-preview:large","max-video-preview":"max-video-preview:-1"},"canonical":"https:\/\/www.coolheadeurope.com\/fr\/prodotto\/abs-fr\/armoires-abs-fr\/qrg-200b\/","og_locale":"fr_FR","og_type":"article","og_title":"QRG 200B - Cool Head Europe","og_description":"Armoire en ABS de 200 litres avec porte en verre, finition noire et int\u00e9rieur thermoform\u00e9 noir, double verre temp\u00e9r\u00e9 avec Low-e, cadre s\u00e9rigraphi\u00e9 gris pour la porte en verre, \u00e9quip\u00e9e d'un thermostat digital et de n.2 lampes verticales le long du profil int\u00e9rieur de la porte, serrure, interrupteur principal et s\u00e9par\u00e9, poign\u00e9e int\u00e9gr\u00e9e le long du profil de la porte, 2 \u00e9tag\u00e8res r\u00e9glables + 1 \u00e9tag\u00e8re sur le c\u00f4t\u00e9 inf\u00e9rieur, assembl\u00e9 avec 2 pieds r\u00e9glables + 2 roulettes \u00e0 l'arri\u00e8re.","og_url":"https:\/\/www.coolheadeurope.com\/fr\/prodotto\/abs-fr\/armoires-abs-fr\/qrg-200b\/","og_site_name":"Cool Head Europe","article_modified_time":"2026-02-08T05:54:35+00:00","og_image":[{"width":520,"height":567,"url":"https:\/\/www.coolheadeurope.com\/wp-content\/uploads\/2026\/04\/QRG-200B-CORPO_CH_LOW-16.png","type":"image\/png"}],"twitter_card":"summary_large_image","twitter_misc":{"Dur\u00e9e de lecture estim\u00e9e":"1 minute"},"schema":{"@context":"https:\/\/schema.org","@graph":[{"@type":"WebPage","@id":"https:\/\/www.coolheadeurope.com\/fr\/prodotto\/abs-fr\/armoires-abs-fr\/qrg-200b\/","url":"https:\/\/www.coolheadeurope.com\/fr\/prodotto\/abs-fr\/armoires-abs-fr\/qrg-200b\/","name":"QRG 200B - Cool Head Europe","isPartOf":{"@id":"https:\/\/www.coolheadeurope.com\/#website"},"primaryImageOfPage":{"@id":"https:\/\/www.coolheadeurope.com\/fr\/prodotto\/abs-fr\/armoires-abs-fr\/qrg-200b\/#primaryimage"},"image":{"@id":"https:\/\/www.coolheadeurope.com\/fr\/prodotto\/abs-fr\/armoires-abs-fr\/qrg-200b\/#primaryimage"},"thumbnailUrl":"https:\/\/www.coolheadeurope.com\/wp-content\/uploads\/2026\/04\/QRG-200B-CORPO_CH_LOW-16.png","datePublished":"2024-10-09T20:51:43+00:00","dateModified":"2026-02-08T05:54:35+00:00","breadcrumb":{"@id":"https:\/\/www.coolheadeurope.com\/fr\/prodotto\/abs-fr\/armoires-abs-fr\/qrg-200b\/#breadcrumb"},"inLanguage":"fr-FR","potentialAction":[{"@type":"ReadAction","target":["https:\/\/www.coolheadeurope.com\/fr\/prodotto\/abs-fr\/armoires-abs-fr\/qrg-200b\/"]}]},{"@type":"ImageObject","inLanguage":"fr-FR","@id":"https:\/\/www.coolheadeurope.com\/fr\/prodotto\/abs-fr\/armoires-abs-fr\/qrg-200b\/#primaryimage","url":"https:\/\/www.coolheadeurope.com\/wp-content\/uploads\/2026\/04\/QRG-200B-CORPO_CH_LOW-16.png","contentUrl":"https:\/\/www.coolheadeurope.com\/wp-content\/uploads\/2026\/04\/QRG-200B-CORPO_CH_LOW-16.png","width":520,"height":567,"caption":"Immagine di QRG 200B"},{"@type":"BreadcrumbList","@id":"https:\/\/www.coolheadeurope.com\/fr\/prodotto\/abs-fr\/armoires-abs-fr\/qrg-200b\/#breadcrumb","itemListElement":[{"@type":"ListItem","position":1,"name":"Home","item":"https:\/\/www.coolheadeurope.com\/fr\/"},{"@type":"ListItem","position":2,"name":"Rechercher","item":"https:\/\/www.coolheadeurope.com\/fr\/rechercher\/"},{"@type":"ListItem","position":3,"name":"QRG 200B"}]},{"@type":"WebSite","@id":"https:\/\/www.coolheadeurope.com\/#website","url":"https:\/\/www.coolheadeurope.com\/","name":"Cool Head Europe","description":"We make the world a cooler place","potentialAction":[{"@type":"SearchAction","target":{"@type":"EntryPoint","urlTemplate":"https:\/\/www.coolheadeurope.com\/?s={search_term_string}"},"query-input":{"@type":"PropertyValueSpecification","valueRequired":true,"valueName":"search_term_string"}}],"inLanguage":"fr-FR"}]}},"_links":{"self":[{"href":"https:\/\/www.coolheadeurope.com\/fr\/wp-json\/wp\/v2\/product\/2958304","targetHints":{"allow":["GET"]}}],"collection":[{"href":"https:\/\/www.coolheadeurope.com\/fr\/wp-json\/wp\/v2\/product"}],"about":[{"href":"https:\/\/www.coolheadeurope.com\/fr\/wp-json\/wp\/v2\/types\/product"}],"wp:featuredmedia":[{"embeddable":true,"href":"https:\/\/www.coolheadeurope.com\/fr\/wp-json\/wp\/v2\/media\/3707629"}],"wp:attachment":[{"href":"https:\/\/www.coolheadeurope.com\/fr\/wp-json\/wp\/v2\/media?parent=2958304"}],"wp:term":[{"taxonomy":"product_brand","embeddable":true,"href":"https:\/\/www.coolheadeurope.com\/fr\/wp-json\/wp\/v2\/product_brand?post=2958304"},{"taxonomy":"product_cat","embeddable":true,"href":"https:\/\/www.coolheadeurope.com\/fr\/wp-json\/wp\/v2\/product_cat?post=2958304"},{"taxonomy":"product_tag","embeddable":true,"href":"https:\/\/www.coolheadeurope.com\/fr\/wp-json\/wp\/v2\/product_tag?post=2958304"}],"curies":[{"name":"wp","href":"https:\/\/api.w.org\/{rel}","templated":true}]}}