{"id":2958311,"date":"2024-10-09T21:04:23","date_gmt":"2024-10-09T21:04:23","guid":{"rendered":"https:\/\/www.coolheadeurope.com\/prodotto\/non%20class\u00e9\/qrx-400\/"},"modified":"2026-02-08T05:54:41","modified_gmt":"2026-02-08T05:54:41","slug":"qrx-400","status":"publish","type":"product","link":"https:\/\/www.coolheadeurope.com\/fr\/prodotto\/abs-fr\/armoires-abs-fr\/qrx-400\/","title":{"rendered":"QRX 400"},"content":{"rendered":"<p>R\u00e9frig\u00e9rateur vertical 400 l<br \/>\nArmoire en acier peinte en gris et porte en acier inoxydable avec int\u00e9rieur thermoform\u00e9<br \/>\n\u00c9vaporateur \u00e0 tubulure int\u00e9gr\u00e9e avec un syst\u00e8me de refroidissement assist\u00e9 par ventilateur<br \/>\nCycle de d\u00e9givrage automatique par arr\u00eat du compresseur<br \/>\nAgent moussant : Cyclopentane (60 mm par c\u00f4t\u00e9)<br \/>\nThermostat num\u00e9rique<br \/>\nJoint d&rsquo;\u00e9tanch\u00e9it\u00e9 amovible<br \/>\nPorte r\u00e9versible<br \/>\nPoign\u00e9e fix\u00e9e le long du profil\u00e9 de porte<br \/>\nVerrouillage de la porte mont\u00e9 de s\u00e9rie<br \/>\nClayettes r\u00e9glables : 4 pi\u00e8ces + 1 Clayette INF\u00c9RIEURE<br \/>\nPieds r\u00e9glables N\u00b0 2 + Roulettes N\u00b0 2 \u00e0 l\u2019arri\u00e8re<br \/>\nClasse \u00e9nerg\u00e9tique: D<\/p>\n","protected":false},"excerpt":{"rendered":"<p>Armoire r\u00e9frig\u00e9r\u00e9e en ABS de 400 litres avec ext\u00e9rieur de couleur acier et int\u00e9rieur thermoform\u00e9, \u00e9quip\u00e9e d&rsquo;un thermostat digital, d&rsquo;une porte r\u00e9versible, d&rsquo;une serrure, d&rsquo;une poign\u00e9e int\u00e9gr\u00e9e dans le profil de la porte, de 4 \u00e9tag\u00e8res r\u00e9glables et de 2 pieds r\u00e9glables + 2 roulettes arri\u00e8re.<\/p>\n","protected":false},"featured_media":3881095,"template":"","meta":[],"product_brand":[],"product_cat":[7404,7405],"product_tag":[],"class_list":{"0":"post-2958311","1":"product","2":"type-product","3":"status-publish","4":"has-post-thumbnail","6":"product_cat-abs-fr","7":"product_cat-armoires-abs-fr","8":"pa_capacite-commerciale-400-l","9":"pa_consommation-denergie-1-71-kw-24h","10":"pa_hauteur-exterieure-1890-mm","11":"pa_hauteur-interieure-1680-mm","12":"pa_largeur-exterieure-600-mm","13":"pa_largeur-interne-480-mm","14":"pa_niveau-sonore-57-dba","15":"pa_poids-brut-71-kg","16":"pa_poids-net-62-kg","17":"pa_profondeur-externe-685-mm","18":"pa_profondeur-interne-540-mm","19":"pa_puissance-200-w","21":"first","22":"instock","23":"product-type-simple"},"acf":[],"yoast_head":"<!-- This site is optimized with the Yoast SEO plugin v27.2 - https:\/\/yoast.com\/product\/yoast-seo-wordpress\/ -->\n<title>QRX 400 - Cool Head Europe<\/title>\n<meta name=\"robots\" content=\"index, follow, max-snippet:-1, max-image-preview:large, max-video-preview:-1\" \/>\n<link rel=\"canonical\" href=\"https:\/\/www.coolheadeurope.com\/prodotto\/abs\/armadi-abs\/qrx-400\/\" \/>\n<meta property=\"og:locale\" content=\"fr_FR\" \/>\n<meta property=\"og:type\" content=\"article\" \/>\n<meta property=\"og:title\" content=\"QRX 400 - Cool Head Europe\" \/>\n<meta property=\"og:description\" content=\"Armoire r\u00e9frig\u00e9r\u00e9e en ABS de 400 litres avec ext\u00e9rieur de couleur acier et int\u00e9rieur thermoform\u00e9, \u00e9quip\u00e9e d&#039;un thermostat digital, d&#039;une porte r\u00e9versible, d&#039;une serrure, d&#039;une poign\u00e9e int\u00e9gr\u00e9e dans le profil de la porte, de 4 \u00e9tag\u00e8res r\u00e9glables et de 2 pieds r\u00e9glables + 2 roulettes arri\u00e8re.\" \/>\n<meta property=\"og:url\" content=\"https:\/\/www.coolheadeurope.com\/prodotto\/abs\/armadi-abs\/qrx-400\/\" \/>\n<meta property=\"og:site_name\" content=\"Cool Head Europe\" \/>\n<meta property=\"article:modified_time\" content=\"2026-02-08T05:54:41+00:00\" \/>\n<meta property=\"og:image\" content=\"https:\/\/www.coolheadeurope.com\/wp-content\/uploads\/2026\/04\/QRX-400-CORPO_CH_LOW.png\" \/>\n\t<meta property=\"og:image:width\" content=\"287\" \/>\n\t<meta property=\"og:image:height\" content=\"567\" \/>\n\t<meta property=\"og:image:type\" content=\"image\/png\" \/>\n<meta name=\"twitter:card\" content=\"summary_large_image\" \/>\n<meta name=\"twitter:label1\" content=\"Dur\u00e9e de lecture estim\u00e9e\" \/>\n\t<meta name=\"twitter:data1\" content=\"1 minute\" \/>\n<!-- \/ Yoast SEO plugin. -->","yoast_head_json":{"title":"QRX 400 - Cool Head Europe","robots":{"index":"index","follow":"follow","max-snippet":"max-snippet:-1","max-image-preview":"max-image-preview:large","max-video-preview":"max-video-preview:-1"},"canonical":"https:\/\/www.coolheadeurope.com\/prodotto\/abs\/armadi-abs\/qrx-400\/","og_locale":"fr_FR","og_type":"article","og_title":"QRX 400 - Cool Head Europe","og_description":"Armoire r\u00e9frig\u00e9r\u00e9e en ABS de 400 litres avec ext\u00e9rieur de couleur acier et int\u00e9rieur thermoform\u00e9, \u00e9quip\u00e9e d'un thermostat digital, d'une porte r\u00e9versible, d'une serrure, d'une poign\u00e9e int\u00e9gr\u00e9e dans le profil de la porte, de 4 \u00e9tag\u00e8res r\u00e9glables et de 2 pieds r\u00e9glables + 2 roulettes arri\u00e8re.","og_url":"https:\/\/www.coolheadeurope.com\/prodotto\/abs\/armadi-abs\/qrx-400\/","og_site_name":"Cool Head Europe","article_modified_time":"2026-02-08T05:54:41+00:00","og_image":[{"width":287,"height":567,"url":"https:\/\/www.coolheadeurope.com\/wp-content\/uploads\/2026\/04\/QRX-400-CORPO_CH_LOW.png","type":"image\/png"}],"twitter_card":"summary_large_image","twitter_misc":{"Dur\u00e9e de lecture estim\u00e9e":"1 minute"},"schema":{"@context":"https:\/\/schema.org","@graph":[{"@type":"WebPage","@id":"https:\/\/www.coolheadeurope.com\/prodotto\/abs\/armadi-abs\/qrx-400\/","url":"https:\/\/www.coolheadeurope.com\/prodotto\/abs\/armadi-abs\/qrx-400\/","name":"QRX 400 - Cool Head Europe","isPartOf":{"@id":"https:\/\/www.coolheadeurope.com\/#website"},"primaryImageOfPage":{"@id":"https:\/\/www.coolheadeurope.com\/prodotto\/abs\/armadi-abs\/qrx-400\/#primaryimage"},"image":{"@id":"https:\/\/www.coolheadeurope.com\/prodotto\/abs\/armadi-abs\/qrx-400\/#primaryimage"},"thumbnailUrl":"https:\/\/www.coolheadeurope.com\/wp-content\/uploads\/2026\/04\/QRX-400-CORPO_CH_LOW.png","datePublished":"2024-10-09T21:04:23+00:00","dateModified":"2026-02-08T05:54:41+00:00","breadcrumb":{"@id":"https:\/\/www.coolheadeurope.com\/prodotto\/abs\/armadi-abs\/qrx-400\/#breadcrumb"},"inLanguage":"fr-FR","potentialAction":[{"@type":"ReadAction","target":["https:\/\/www.coolheadeurope.com\/prodotto\/abs\/armadi-abs\/qrx-400\/"]}]},{"@type":"ImageObject","inLanguage":"fr-FR","@id":"https:\/\/www.coolheadeurope.com\/prodotto\/abs\/armadi-abs\/qrx-400\/#primaryimage","url":"https:\/\/www.coolheadeurope.com\/wp-content\/uploads\/2026\/04\/QRX-400-CORPO_CH_LOW.png","contentUrl":"https:\/\/www.coolheadeurope.com\/wp-content\/uploads\/2026\/04\/QRX-400-CORPO_CH_LOW.png","width":287,"height":567,"caption":"Immagine di QRX 400"},{"@type":"BreadcrumbList","@id":"https:\/\/www.coolheadeurope.com\/prodotto\/abs\/armadi-abs\/qrx-400\/#breadcrumb","itemListElement":[{"@type":"ListItem","position":1,"name":"Home","item":"https:\/\/www.coolheadeurope.com\/fr\/"},{"@type":"ListItem","position":2,"name":"Rechercher","item":"https:\/\/www.coolheadeurope.com\/cerca\/"},{"@type":"ListItem","position":3,"name":"QRX 400"}]},{"@type":"WebSite","@id":"https:\/\/www.coolheadeurope.com\/#website","url":"https:\/\/www.coolheadeurope.com\/","name":"Cool Head Europe","description":"We make the world a cooler place","potentialAction":[{"@type":"SearchAction","target":{"@type":"EntryPoint","urlTemplate":"https:\/\/www.coolheadeurope.com\/?s={search_term_string}"},"query-input":{"@type":"PropertyValueSpecification","valueRequired":true,"valueName":"search_term_string"}}],"inLanguage":"fr-FR"}]}},"_links":{"self":[{"href":"https:\/\/www.coolheadeurope.com\/fr\/wp-json\/wp\/v2\/product\/2958311","targetHints":{"allow":["GET"]}}],"collection":[{"href":"https:\/\/www.coolheadeurope.com\/fr\/wp-json\/wp\/v2\/product"}],"about":[{"href":"https:\/\/www.coolheadeurope.com\/fr\/wp-json\/wp\/v2\/types\/product"}],"wp:featuredmedia":[{"embeddable":true,"href":"https:\/\/www.coolheadeurope.com\/fr\/wp-json\/wp\/v2\/media\/3881095"}],"wp:attachment":[{"href":"https:\/\/www.coolheadeurope.com\/fr\/wp-json\/wp\/v2\/media?parent=2958311"}],"wp:term":[{"taxonomy":"product_brand","embeddable":true,"href":"https:\/\/www.coolheadeurope.com\/fr\/wp-json\/wp\/v2\/product_brand?post=2958311"},{"taxonomy":"product_cat","embeddable":true,"href":"https:\/\/www.coolheadeurope.com\/fr\/wp-json\/wp\/v2\/product_cat?post=2958311"},{"taxonomy":"product_tag","embeddable":true,"href":"https:\/\/www.coolheadeurope.com\/fr\/wp-json\/wp\/v2\/product_tag?post=2958311"}],"curies":[{"name":"wp","href":"https:\/\/api.w.org\/{rel}","templated":true}]}}