{"id":2958317,"date":"2024-10-09T21:15:03","date_gmt":"2024-10-09T21:15:03","guid":{"rendered":"https:\/\/www.coolheadeurope.com\/prodotto\/non%20class\u00e9\/qnxg-600\/"},"modified":"2026-02-08T05:54:47","modified_gmt":"2026-02-08T05:54:47","slug":"qnxg-600","status":"publish","type":"product","link":"https:\/\/www.coolheadeurope.com\/fr\/prodotto\/abs-fr\/armoires-abs-fr\/qnxg-600\/","title":{"rendered":"QNXG 600"},"content":{"rendered":"<p>Armoire cong\u00e9lateur 600Lt. (PORTE VITR\u00c9E)<br \/>\nArmoire grise avec int\u00e9rieur thermoform\u00e9<br \/>\nRefroidissement statique: clayettes d\u2019\u00e9vaporateur fixes (Couches N\u00b0 6)<br \/>\nD\u00e9givrage manuel<br \/>\nAgent moussant : Cyclopentane (65 mm par c\u00f4t\u00e9)<br \/>\nThermostat num\u00e9rique<br \/>\nJoint d&rsquo;\u00e9tanch\u00e9it\u00e9 amovible<br \/>\nDouble verre tremp\u00e9 chauffant \u00e0 r\u00e9sistance \u00e9lectrique avec Low-e (vitrage Low-E) et gaz Argon<br \/>\nN. 2 lampes LED verticales \u00e0 l\u2018int\u00e9rieur<br \/>\nPorte avec poign\u00e9e cylindrique verticale<br \/>\nVerrouillage de la porte mont\u00e9 de s\u00e9rie<br \/>\nPieds r\u00e9glables N\u00b0 2 + Roulettes N\u00b0 2 \u00e0 l\u2019arri\u00e8re<br \/>\nClasse \u00e9nerg\u00e9tique C<\/p>\n","protected":false},"excerpt":{"rendered":"<p>Armoire cong\u00e9lateur en ABS de 600 litres avec porte en verre, finition en acier inoxydable et thermoform\u00e9e \u00e0 l&rsquo;int\u00e9rieur, \u00e9quip\u00e9e d&rsquo;un thermostat digital, d&rsquo;une porte r\u00e9versible, d&rsquo;une serrure, d&rsquo;une poign\u00e9e ext\u00e9rieure le long du profil de la porte, d&rsquo;un double lampe LED verticale \u00e0 l&rsquo;int\u00e9rieur, de 6 \u00e9tag\u00e8res fixes pour l&rsquo;\u00e9vaporateur adapt\u00e9es aux plateaux GN2\/1 et de 2 pieds r\u00e9glables + 2 roulettes \u00e0 l&rsquo;arri\u00e8re.<\/p>\n","protected":false},"featured_media":3881106,"template":"","meta":[],"product_brand":[],"product_cat":[7404,7405],"product_tag":[],"class_list":{"0":"post-2958317","1":"product","2":"type-product","3":"status-publish","4":"has-post-thumbnail","6":"product_cat-abs-fr","7":"product_cat-armoires-abs-fr","8":"pa_capacite-commerciale-600-l","9":"pa_consommation-denergie-6-63-kw-24h","10":"pa_hauteur-exterieure-1902-mm","11":"pa_hauteur-interieure-1665-mm","12":"pa_largeur-exterieure-780-mm","13":"pa_largeur-interne-650-mm","14":"pa_niveau-sonore-60-dba","15":"pa_poids-brut-122-kg","16":"pa_poids-net-110-kg","17":"pa_profondeur-externe-768-mm","18":"pa_profondeur-interne-578-mm","19":"pa_puissance-450-w","21":"first","22":"instock","23":"product-type-simple"},"acf":[],"yoast_head":"<!-- This site is optimized with the Yoast SEO plugin v27.2 - https:\/\/yoast.com\/product\/yoast-seo-wordpress\/ -->\n<title>QNXG 600 - Cool Head Europe<\/title>\n<meta name=\"robots\" content=\"index, follow, max-snippet:-1, max-image-preview:large, max-video-preview:-1\" \/>\n<link rel=\"canonical\" href=\"https:\/\/www.coolheadeurope.com\/fr\/prodotto\/abs-fr\/armoires-abs-fr\/qnxg-600\/\" \/>\n<meta property=\"og:locale\" content=\"fr_FR\" \/>\n<meta property=\"og:type\" content=\"article\" \/>\n<meta property=\"og:title\" content=\"QNXG 600 - Cool Head Europe\" \/>\n<meta property=\"og:description\" content=\"Armoire cong\u00e9lateur en ABS de 600 litres avec porte en verre, finition en acier inoxydable et thermoform\u00e9e \u00e0 l&#039;int\u00e9rieur, \u00e9quip\u00e9e d&#039;un thermostat digital, d&#039;une porte r\u00e9versible, d&#039;une serrure, d&#039;une poign\u00e9e ext\u00e9rieure le long du profil de la porte, d&#039;un double lampe LED verticale \u00e0 l&#039;int\u00e9rieur, de 6 \u00e9tag\u00e8res fixes pour l&#039;\u00e9vaporateur adapt\u00e9es aux plateaux GN2\/1 et de 2 pieds r\u00e9glables + 2 roulettes \u00e0 l&#039;arri\u00e8re.\" \/>\n<meta property=\"og:url\" content=\"https:\/\/www.coolheadeurope.com\/fr\/prodotto\/abs-fr\/armoires-abs-fr\/qnxg-600\/\" \/>\n<meta property=\"og:site_name\" content=\"Cool Head Europe\" \/>\n<meta property=\"article:modified_time\" content=\"2026-02-08T05:54:47+00:00\" \/>\n<meta property=\"og:image\" content=\"https:\/\/www.coolheadeurope.com\/wp-content\/uploads\/2026\/04\/QNXG-600-CORPO_CH_LOW-20.png\" \/>\n\t<meta property=\"og:image:width\" content=\"312\" \/>\n\t<meta property=\"og:image:height\" content=\"567\" \/>\n\t<meta property=\"og:image:type\" content=\"image\/png\" \/>\n<meta name=\"twitter:card\" content=\"summary_large_image\" \/>\n<!-- \/ Yoast SEO plugin. -->","yoast_head_json":{"title":"QNXG 600 - Cool Head Europe","robots":{"index":"index","follow":"follow","max-snippet":"max-snippet:-1","max-image-preview":"max-image-preview:large","max-video-preview":"max-video-preview:-1"},"canonical":"https:\/\/www.coolheadeurope.com\/fr\/prodotto\/abs-fr\/armoires-abs-fr\/qnxg-600\/","og_locale":"fr_FR","og_type":"article","og_title":"QNXG 600 - Cool Head Europe","og_description":"Armoire cong\u00e9lateur en ABS de 600 litres avec porte en verre, finition en acier inoxydable et thermoform\u00e9e \u00e0 l'int\u00e9rieur, \u00e9quip\u00e9e d'un thermostat digital, d'une porte r\u00e9versible, d'une serrure, d'une poign\u00e9e ext\u00e9rieure le long du profil de la porte, d'un double lampe LED verticale \u00e0 l'int\u00e9rieur, de 6 \u00e9tag\u00e8res fixes pour l'\u00e9vaporateur adapt\u00e9es aux plateaux GN2\/1 et de 2 pieds r\u00e9glables + 2 roulettes \u00e0 l'arri\u00e8re.","og_url":"https:\/\/www.coolheadeurope.com\/fr\/prodotto\/abs-fr\/armoires-abs-fr\/qnxg-600\/","og_site_name":"Cool Head Europe","article_modified_time":"2026-02-08T05:54:47+00:00","og_image":[{"width":312,"height":567,"url":"https:\/\/www.coolheadeurope.com\/wp-content\/uploads\/2026\/04\/QNXG-600-CORPO_CH_LOW-20.png","type":"image\/png"}],"twitter_card":"summary_large_image","schema":{"@context":"https:\/\/schema.org","@graph":[{"@type":"WebPage","@id":"https:\/\/www.coolheadeurope.com\/fr\/prodotto\/abs-fr\/armoires-abs-fr\/qnxg-600\/","url":"https:\/\/www.coolheadeurope.com\/fr\/prodotto\/abs-fr\/armoires-abs-fr\/qnxg-600\/","name":"QNXG 600 - Cool Head Europe","isPartOf":{"@id":"https:\/\/www.coolheadeurope.com\/#website"},"primaryImageOfPage":{"@id":"https:\/\/www.coolheadeurope.com\/fr\/prodotto\/abs-fr\/armoires-abs-fr\/qnxg-600\/#primaryimage"},"image":{"@id":"https:\/\/www.coolheadeurope.com\/fr\/prodotto\/abs-fr\/armoires-abs-fr\/qnxg-600\/#primaryimage"},"thumbnailUrl":"https:\/\/www.coolheadeurope.com\/wp-content\/uploads\/2026\/04\/QNXG-600-CORPO_CH_LOW.png","datePublished":"2024-10-09T21:15:03+00:00","dateModified":"2026-02-08T05:54:47+00:00","breadcrumb":{"@id":"https:\/\/www.coolheadeurope.com\/fr\/prodotto\/abs-fr\/armoires-abs-fr\/qnxg-600\/#breadcrumb"},"inLanguage":"fr-FR","potentialAction":[{"@type":"ReadAction","target":["https:\/\/www.coolheadeurope.com\/fr\/prodotto\/abs-fr\/armoires-abs-fr\/qnxg-600\/"]}]},{"@type":"ImageObject","inLanguage":"fr-FR","@id":"https:\/\/www.coolheadeurope.com\/fr\/prodotto\/abs-fr\/armoires-abs-fr\/qnxg-600\/#primaryimage","url":"https:\/\/www.coolheadeurope.com\/wp-content\/uploads\/2026\/04\/QNXG-600-CORPO_CH_LOW.png","contentUrl":"https:\/\/www.coolheadeurope.com\/wp-content\/uploads\/2026\/04\/QNXG-600-CORPO_CH_LOW.png","width":312,"height":567,"caption":"Immagine di QNXG 600"},{"@type":"BreadcrumbList","@id":"https:\/\/www.coolheadeurope.com\/fr\/prodotto\/abs-fr\/armoires-abs-fr\/qnxg-600\/#breadcrumb","itemListElement":[{"@type":"ListItem","position":1,"name":"Home","item":"https:\/\/www.coolheadeurope.com\/fr\/"},{"@type":"ListItem","position":2,"name":"Rechercher","item":"https:\/\/www.coolheadeurope.com\/cerca\/"},{"@type":"ListItem","position":3,"name":"QNXG 600"}]},{"@type":"WebSite","@id":"https:\/\/www.coolheadeurope.com\/#website","url":"https:\/\/www.coolheadeurope.com\/","name":"Cool Head Europe","description":"We make the world a cooler place","potentialAction":[{"@type":"SearchAction","target":{"@type":"EntryPoint","urlTemplate":"https:\/\/www.coolheadeurope.com\/?s={search_term_string}"},"query-input":{"@type":"PropertyValueSpecification","valueRequired":true,"valueName":"search_term_string"}}],"inLanguage":"fr-FR"}]}},"_links":{"self":[{"href":"https:\/\/www.coolheadeurope.com\/fr\/wp-json\/wp\/v2\/product\/2958317","targetHints":{"allow":["GET"]}}],"collection":[{"href":"https:\/\/www.coolheadeurope.com\/fr\/wp-json\/wp\/v2\/product"}],"about":[{"href":"https:\/\/www.coolheadeurope.com\/fr\/wp-json\/wp\/v2\/types\/product"}],"wp:featuredmedia":[{"embeddable":true,"href":"https:\/\/www.coolheadeurope.com\/fr\/wp-json\/wp\/v2\/media\/3881106"}],"wp:attachment":[{"href":"https:\/\/www.coolheadeurope.com\/fr\/wp-json\/wp\/v2\/media?parent=2958317"}],"wp:term":[{"taxonomy":"product_brand","embeddable":true,"href":"https:\/\/www.coolheadeurope.com\/fr\/wp-json\/wp\/v2\/product_brand?post=2958317"},{"taxonomy":"product_cat","embeddable":true,"href":"https:\/\/www.coolheadeurope.com\/fr\/wp-json\/wp\/v2\/product_cat?post=2958317"},{"taxonomy":"product_tag","embeddable":true,"href":"https:\/\/www.coolheadeurope.com\/fr\/wp-json\/wp\/v2\/product_tag?post=2958317"}],"curies":[{"name":"wp","href":"https:\/\/api.w.org\/{rel}","templated":true}]}}