{"id":2958322,"date":"2024-10-09T21:23:31","date_gmt":"2024-10-09T21:23:31","guid":{"rendered":"https:\/\/www.coolheadeurope.com\/prodotto\/non%20class\u00e9\/by-460\/"},"modified":"2026-02-08T05:54:52","modified_gmt":"2026-02-08T05:54:52","slug":"by-460","status":"publish","type":"product","link":"https:\/\/www.coolheadeurope.com\/fr\/prodotto\/abs-fr\/armoires-abs-fr\/by-460\/","title":{"rendered":"BY 460"},"content":{"rendered":"<p>R\u00e9frig\u00e9rateur vertical EURONORM &#8211; dimensions : 600 x 400 mm (CLASSE B)<br \/>\nArmoire externe blanche, thermoform\u00e9e \u00e0 l\u2019int\u00e9rieur<br \/>\n\u00c9vaporateur \u00e0 tubulure int\u00e9gr\u00e9e avec un syst\u00e8me de refroidissement assist\u00e9 par ventilateur<br \/>\nCycle de d\u00e9givrage automatique par arr\u00eat du compresseur<br \/>\nAgent moussant : Cyclopentane (65 mm par c\u00f4t\u00e9)<br \/>\nThermostat num\u00e9rique<br \/>\nLampe LED interne verticale<br \/>\nJoint d&rsquo;\u00e9tanch\u00e9it\u00e9 amovible<br \/>\nClayettes r\u00e9glables (EURONORM) 600 x 400 mm : 4 pi\u00e8ces + 1 Clayette INF\u00c9RIEURE<br \/>\nPorte \u00e0 fermeture automatique<br \/>\nSerrure mont\u00e9e de s\u00e9rie<br \/>\nPieds r\u00e9glables S\/S N\u00b0 4 &#8211; (Roulettes verrouillable en option)<br \/>\nPoign\u00e9e ext\u00e9rieure laqu\u00e9e blanche<br \/>\nClasse \u00e9nerg\u00e9tique: B<\/p>\n","protected":false},"excerpt":{"rendered":"<p>Ce r\u00e9frig\u00e9rateur professionnel blanc avec int\u00e9rieur thermoform\u00e9 a \u00e9t\u00e9 con\u00e7u pour r\u00e9pondre aux besoins de stockage des produits semi-finis et des pr\u00e9parations p\u00e2tissi\u00e8res.<br \/>\n\u00c9quip\u00e9 d&rsquo;une poign\u00e9e ext\u00e9rieure pratique en acier inoxydable, d&rsquo;une porte \u00e0 fermeture automatique, de 5 \u00e9tag\u00e8res r\u00e9glables EURONORM 600&#215;400, d&rsquo;un syst\u00e8me d&rsquo;\u00e9vaporation roll-bond avec refroidissement ventil\u00e9, ce meuble r\u00e9frig\u00e9r\u00e9 est de classe B, respectueux de l&rsquo;environnement et \u00e9conome en \u00e9nergie gr\u00e2ce au gaz r\u00e9frig\u00e9rant \u00e9cologique R600a et \u00e0 la mousse isolante de 70 mm par c\u00f4t\u00e9.<br \/>\nL&rsquo;\u00e9clairage verticale LED, la serrure standard et les pieds r\u00e9glables en hauteur font de ce r\u00e9frig\u00e9rateur professionnel un produit adapt\u00e9 \u00e0 tous les besoins et \u00e0 tous les espaces.<\/p>\n","protected":false},"featured_media":3881116,"template":"","meta":[],"product_brand":[],"product_cat":[7404,7405],"product_tag":[],"class_list":{"0":"post-2958322","1":"product","2":"type-product","3":"status-publish","4":"has-post-thumbnail","6":"product_cat-abs-fr","7":"product_cat-armoires-abs-fr","8":"pa_capacite-commerciale-400-l","9":"pa_consommation-denergie-0-99-kw-24h","10":"pa_hauteur-exterieure-1800-mm","11":"pa_hauteur-interieure-1460-mm","12":"pa_largeur-exterieure-740-mm","13":"pa_largeur-interne-610-mm","14":"pa_niveau-sonore-49-dba","15":"pa_poids-brut-117-kg","16":"pa_poids-net-91-kg","17":"pa_profondeur-externe-680-mm","18":"pa_profondeur-interne-475-mm","19":"pa_puissance-180-w","21":"first","22":"instock","23":"product-type-simple"},"acf":[],"yoast_head":"<!-- This site is optimized with the Yoast SEO plugin v27.2 - https:\/\/yoast.com\/product\/yoast-seo-wordpress\/ -->\n<title>BY 460 - Cool Head Europe<\/title>\n<meta name=\"robots\" content=\"index, follow, max-snippet:-1, max-image-preview:large, max-video-preview:-1\" \/>\n<link rel=\"canonical\" href=\"https:\/\/www.coolheadeurope.com\/prodotto\/abs\/armadi-abs\/by-460\/\" \/>\n<meta property=\"og:locale\" content=\"fr_FR\" \/>\n<meta property=\"og:type\" content=\"article\" \/>\n<meta property=\"og:title\" content=\"BY 460 - Cool Head Europe\" \/>\n<meta property=\"og:description\" content=\"Ce r\u00e9frig\u00e9rateur professionnel blanc avec int\u00e9rieur thermoform\u00e9 a \u00e9t\u00e9 con\u00e7u pour r\u00e9pondre aux besoins de stockage des produits semi-finis et des pr\u00e9parations p\u00e2tissi\u00e8res. \u00c9quip\u00e9 d&#039;une poign\u00e9e ext\u00e9rieure pratique en acier inoxydable, d&#039;une porte \u00e0 fermeture automatique, de 5 \u00e9tag\u00e8res r\u00e9glables EURONORM 600x400, d&#039;un syst\u00e8me d&#039;\u00e9vaporation roll-bond avec refroidissement ventil\u00e9, ce meuble r\u00e9frig\u00e9r\u00e9 est de classe B, respectueux de l&#039;environnement et \u00e9conome en \u00e9nergie gr\u00e2ce au gaz r\u00e9frig\u00e9rant \u00e9cologique R600a et \u00e0 la mousse isolante de 70 mm par c\u00f4t\u00e9. L&#039;\u00e9clairage verticale LED, la serrure standard et les pieds r\u00e9glables en hauteur font de ce r\u00e9frig\u00e9rateur professionnel un produit adapt\u00e9 \u00e0 tous les besoins et \u00e0 tous les espaces.\" \/>\n<meta property=\"og:url\" content=\"https:\/\/www.coolheadeurope.com\/prodotto\/abs\/armadi-abs\/by-460\/\" \/>\n<meta property=\"og:site_name\" content=\"Cool Head Europe\" \/>\n<meta property=\"article:modified_time\" content=\"2026-02-08T05:54:52+00:00\" \/>\n<meta property=\"og:image\" content=\"https:\/\/www.coolheadeurope.com\/wp-content\/uploads\/2026\/04\/BY-460-CORPO_CH_LOW.png\" \/>\n\t<meta property=\"og:image:width\" content=\"434\" \/>\n\t<meta property=\"og:image:height\" content=\"567\" \/>\n\t<meta property=\"og:image:type\" content=\"image\/png\" \/>\n<meta name=\"twitter:card\" content=\"summary_large_image\" \/>\n<meta name=\"twitter:label1\" content=\"Dur\u00e9e de lecture estim\u00e9e\" \/>\n\t<meta name=\"twitter:data1\" content=\"1 minute\" \/>\n<!-- \/ Yoast SEO plugin. -->","yoast_head_json":{"title":"BY 460 - Cool Head Europe","robots":{"index":"index","follow":"follow","max-snippet":"max-snippet:-1","max-image-preview":"max-image-preview:large","max-video-preview":"max-video-preview:-1"},"canonical":"https:\/\/www.coolheadeurope.com\/prodotto\/abs\/armadi-abs\/by-460\/","og_locale":"fr_FR","og_type":"article","og_title":"BY 460 - Cool Head Europe","og_description":"Ce r\u00e9frig\u00e9rateur professionnel blanc avec int\u00e9rieur thermoform\u00e9 a \u00e9t\u00e9 con\u00e7u pour r\u00e9pondre aux besoins de stockage des produits semi-finis et des pr\u00e9parations p\u00e2tissi\u00e8res. \u00c9quip\u00e9 d'une poign\u00e9e ext\u00e9rieure pratique en acier inoxydable, d'une porte \u00e0 fermeture automatique, de 5 \u00e9tag\u00e8res r\u00e9glables EURONORM 600x400, d'un syst\u00e8me d'\u00e9vaporation roll-bond avec refroidissement ventil\u00e9, ce meuble r\u00e9frig\u00e9r\u00e9 est de classe B, respectueux de l'environnement et \u00e9conome en \u00e9nergie gr\u00e2ce au gaz r\u00e9frig\u00e9rant \u00e9cologique R600a et \u00e0 la mousse isolante de 70 mm par c\u00f4t\u00e9. L'\u00e9clairage verticale LED, la serrure standard et les pieds r\u00e9glables en hauteur font de ce r\u00e9frig\u00e9rateur professionnel un produit adapt\u00e9 \u00e0 tous les besoins et \u00e0 tous les espaces.","og_url":"https:\/\/www.coolheadeurope.com\/prodotto\/abs\/armadi-abs\/by-460\/","og_site_name":"Cool Head Europe","article_modified_time":"2026-02-08T05:54:52+00:00","og_image":[{"width":434,"height":567,"url":"https:\/\/www.coolheadeurope.com\/wp-content\/uploads\/2026\/04\/BY-460-CORPO_CH_LOW.png","type":"image\/png"}],"twitter_card":"summary_large_image","twitter_misc":{"Dur\u00e9e de lecture estim\u00e9e":"1 minute"},"schema":{"@context":"https:\/\/schema.org","@graph":[{"@type":"WebPage","@id":"https:\/\/www.coolheadeurope.com\/prodotto\/abs\/armadi-abs\/by-460\/","url":"https:\/\/www.coolheadeurope.com\/prodotto\/abs\/armadi-abs\/by-460\/","name":"BY 460 - Cool Head Europe","isPartOf":{"@id":"https:\/\/www.coolheadeurope.com\/#website"},"primaryImageOfPage":{"@id":"https:\/\/www.coolheadeurope.com\/prodotto\/abs\/armadi-abs\/by-460\/#primaryimage"},"image":{"@id":"https:\/\/www.coolheadeurope.com\/prodotto\/abs\/armadi-abs\/by-460\/#primaryimage"},"thumbnailUrl":"https:\/\/www.coolheadeurope.com\/wp-content\/uploads\/2026\/04\/BY-460-CORPO_CH_LOW.png","datePublished":"2024-10-09T21:23:31+00:00","dateModified":"2026-02-08T05:54:52+00:00","breadcrumb":{"@id":"https:\/\/www.coolheadeurope.com\/prodotto\/abs\/armadi-abs\/by-460\/#breadcrumb"},"inLanguage":"fr-FR","potentialAction":[{"@type":"ReadAction","target":["https:\/\/www.coolheadeurope.com\/prodotto\/abs\/armadi-abs\/by-460\/"]}]},{"@type":"ImageObject","inLanguage":"fr-FR","@id":"https:\/\/www.coolheadeurope.com\/prodotto\/abs\/armadi-abs\/by-460\/#primaryimage","url":"https:\/\/www.coolheadeurope.com\/wp-content\/uploads\/2026\/04\/BY-460-CORPO_CH_LOW.png","contentUrl":"https:\/\/www.coolheadeurope.com\/wp-content\/uploads\/2026\/04\/BY-460-CORPO_CH_LOW.png","width":434,"height":567,"caption":"Immagine di BY 460"},{"@type":"BreadcrumbList","@id":"https:\/\/www.coolheadeurope.com\/prodotto\/abs\/armadi-abs\/by-460\/#breadcrumb","itemListElement":[{"@type":"ListItem","position":1,"name":"Home","item":"https:\/\/www.coolheadeurope.com\/fr\/"},{"@type":"ListItem","position":2,"name":"Rechercher","item":"https:\/\/www.coolheadeurope.com\/cerca\/"},{"@type":"ListItem","position":3,"name":"BY 460"}]},{"@type":"WebSite","@id":"https:\/\/www.coolheadeurope.com\/#website","url":"https:\/\/www.coolheadeurope.com\/","name":"Cool Head Europe","description":"We make the world a cooler place","potentialAction":[{"@type":"SearchAction","target":{"@type":"EntryPoint","urlTemplate":"https:\/\/www.coolheadeurope.com\/?s={search_term_string}"},"query-input":{"@type":"PropertyValueSpecification","valueRequired":true,"valueName":"search_term_string"}}],"inLanguage":"fr-FR"}]}},"_links":{"self":[{"href":"https:\/\/www.coolheadeurope.com\/fr\/wp-json\/wp\/v2\/product\/2958322","targetHints":{"allow":["GET"]}}],"collection":[{"href":"https:\/\/www.coolheadeurope.com\/fr\/wp-json\/wp\/v2\/product"}],"about":[{"href":"https:\/\/www.coolheadeurope.com\/fr\/wp-json\/wp\/v2\/types\/product"}],"wp:featuredmedia":[{"embeddable":true,"href":"https:\/\/www.coolheadeurope.com\/fr\/wp-json\/wp\/v2\/media\/3881116"}],"wp:attachment":[{"href":"https:\/\/www.coolheadeurope.com\/fr\/wp-json\/wp\/v2\/media?parent=2958322"}],"wp:term":[{"taxonomy":"product_brand","embeddable":true,"href":"https:\/\/www.coolheadeurope.com\/fr\/wp-json\/wp\/v2\/product_brand?post=2958322"},{"taxonomy":"product_cat","embeddable":true,"href":"https:\/\/www.coolheadeurope.com\/fr\/wp-json\/wp\/v2\/product_cat?post=2958322"},{"taxonomy":"product_tag","embeddable":true,"href":"https:\/\/www.coolheadeurope.com\/fr\/wp-json\/wp\/v2\/product_tag?post=2958322"}],"curies":[{"name":"wp","href":"https:\/\/api.w.org\/{rel}","templated":true}]}}