{"id":2958333,"date":"2024-10-09T21:42:34","date_gmt":"2024-10-09T21:42:34","guid":{"rendered":"https:\/\/www.coolheadeurope.com\/prodotto\/non%20class\u00e9\/crxg-4\/"},"modified":"2026-02-08T05:55:03","modified_gmt":"2026-02-08T05:55:03","slug":"crxg-4","status":"publish","type":"product","link":"https:\/\/www.coolheadeurope.com\/fr\/prodotto\/abs-fr\/armoires-abs-fr\/crxg-4\/","title":{"rendered":"CRXG 4"},"content":{"rendered":"<p>R\u00e9frig\u00e9rateur vertical 400 l (PORTE VITR\u00c9E)<br \/>\nArmoire externe S\/S, thermoform\u00e9e \u00e0 l\u2019int\u00e9rieur<br \/>\n\u00c9vaporateur \u00e0 tubulure int\u00e9gr\u00e9e avec un syst\u00e8me de refroidissement assist\u00e9 par ventilateur<br \/>\nCycle de d\u00e9givrage automatique par arr\u00eat du compresseur<br \/>\nAgent moussant : Cyclopentane (70 mm par c\u00f4t\u00e9)<br \/>\nThermostat num\u00e9rique et lampe LED interne<br \/>\nAlarme de temp\u00e9rature \u00e9lev\u00e9e<br \/>\nJoint d&rsquo;\u00e9tanch\u00e9it\u00e9 amovible<br \/>\nPorte: \u00e0 fermeture automatique et porte r\u00e9versible mont\u00e9e de s\u00e9rie<br \/>\nSerrure et commutateur principal mont\u00e9s de s\u00e9rie<br \/>\nClayettes r\u00e9glables: 4 pi\u00e8ces + 1 pi\u00e8ce inf\u00e9rieure<br \/>\nPieds r\u00e9glables N\u00b0 2 + Roulettes N\u00b0 2 \u00e0 l\u2019arri\u00e8re<br \/>\nPoign\u00e9e externe en acier inoxydable<br \/>\nClasse \u00e9nerg\u00e9tique: D<\/p>\n","protected":false},"excerpt":{"rendered":"<p>Ce mod\u00e8le d&rsquo;armoire en ABS de 400 litres avec porte en verre, corps, cadre et poign\u00e9e de couleur acier et int\u00e9rieur thermoform\u00e9 est la combinaison parfaite entre haute performance et co\u00fbt abordable.<br \/>\nLa CRXG 4 est \u00e9quip\u00e9e d&rsquo;un thermostat num\u00e9rique, d&rsquo;une alarme \u00ab\u00a0haute temp\u00e9rature\u00a0\u00bb, d&rsquo;une porte \u00e0 fermeture automatique et r\u00e9versible, d&rsquo;une serrure, d&rsquo;un interrupteur principal, de lampes LED, de 5 \u00e9tag\u00e8res r\u00e9glables, de 2 pieds r\u00e9glables + 2 roulettes arri\u00e8re, et convient aux plateaux GN2\/1.<br \/>\nNotre armoire r\u00e9frig\u00e9r\u00e9e est respectueuse de l&rsquo;environnement et \u00e9conome en \u00e9nergie, \u00e9quip\u00e9e d&rsquo;un gaz r\u00e9frig\u00e9rant \u00e9cologique R600a et d&rsquo;une mousse d&rsquo;isolation de 70 mm de chaque c\u00f4t\u00e9.<\/p>\n","protected":false},"featured_media":3707860,"template":"","meta":[],"product_brand":[],"product_cat":[7404,7405],"product_tag":[],"class_list":{"0":"post-2958333","1":"product","2":"type-product","3":"status-publish","4":"has-post-thumbnail","6":"product_cat-abs-fr","7":"product_cat-armoires-abs-fr","8":"pa_capacite-commerciale-400-l","9":"pa_consommation-denergie-1-932-kw-24h","10":"pa_hauteur-exterieure-1875-mm","11":"pa_hauteur-interieure-1643-mm","12":"pa_largeur-exterieure-600-mm","13":"pa_largeur-interne-460-mm","14":"pa_niveau-sonore-53-dba","15":"pa_poids-brut-107-kg","16":"pa_poids-net-96-5-kg","17":"pa_profondeur-externe-708-mm","18":"pa_profondeur-interne-467-mm","19":"pa_puissance-120-w","21":"first","22":"instock","23":"product-type-simple"},"acf":[],"yoast_head":"<!-- This site is optimized with the Yoast SEO plugin v27.2 - https:\/\/yoast.com\/product\/yoast-seo-wordpress\/ -->\n<title>CRXG 4 - Cool Head Europe<\/title>\n<meta name=\"robots\" content=\"index, follow, max-snippet:-1, max-image-preview:large, max-video-preview:-1\" \/>\n<link rel=\"canonical\" href=\"https:\/\/www.coolheadeurope.com\/fr\/prodotto\/abs-fr\/armoires-abs-fr\/crxg-4\/\" \/>\n<meta property=\"og:locale\" content=\"fr_FR\" \/>\n<meta property=\"og:type\" content=\"article\" \/>\n<meta property=\"og:title\" content=\"CRXG 4 - Cool Head Europe\" \/>\n<meta property=\"og:description\" content=\"Ce mod\u00e8le d&#039;armoire en ABS de 400 litres avec porte en verre, corps, cadre et poign\u00e9e de couleur acier et int\u00e9rieur thermoform\u00e9 est la combinaison parfaite entre haute performance et co\u00fbt abordable. La CRXG 4 est \u00e9quip\u00e9e d&#039;un thermostat num\u00e9rique, d&#039;une alarme &quot;haute temp\u00e9rature&quot;, d&#039;une porte \u00e0 fermeture automatique et r\u00e9versible, d&#039;une serrure, d&#039;un interrupteur principal, de lampes LED, de 5 \u00e9tag\u00e8res r\u00e9glables, de 2 pieds r\u00e9glables + 2 roulettes arri\u00e8re, et convient aux plateaux GN2\/1. Notre armoire r\u00e9frig\u00e9r\u00e9e est respectueuse de l&#039;environnement et \u00e9conome en \u00e9nergie, \u00e9quip\u00e9e d&#039;un gaz r\u00e9frig\u00e9rant \u00e9cologique R600a et d&#039;une mousse d&#039;isolation de 70 mm de chaque c\u00f4t\u00e9.\" \/>\n<meta property=\"og:url\" content=\"https:\/\/www.coolheadeurope.com\/fr\/prodotto\/abs-fr\/armoires-abs-fr\/crxg-4\/\" \/>\n<meta property=\"og:site_name\" content=\"Cool Head Europe\" \/>\n<meta property=\"article:modified_time\" content=\"2026-02-08T05:55:03+00:00\" \/>\n<meta property=\"og:image\" content=\"https:\/\/www.coolheadeurope.com\/wp-content\/uploads\/2026\/04\/CRXG-4-CORPO_CH_LOW-18.png\" \/>\n\t<meta property=\"og:image:width\" content=\"258\" \/>\n\t<meta property=\"og:image:height\" content=\"567\" \/>\n\t<meta property=\"og:image:type\" content=\"image\/png\" \/>\n<meta name=\"twitter:card\" content=\"summary_large_image\" \/>\n<meta name=\"twitter:label1\" content=\"Dur\u00e9e de lecture estim\u00e9e\" \/>\n\t<meta name=\"twitter:data1\" content=\"1 minute\" \/>\n<!-- \/ Yoast SEO plugin. -->","yoast_head_json":{"title":"CRXG 4 - Cool Head Europe","robots":{"index":"index","follow":"follow","max-snippet":"max-snippet:-1","max-image-preview":"max-image-preview:large","max-video-preview":"max-video-preview:-1"},"canonical":"https:\/\/www.coolheadeurope.com\/fr\/prodotto\/abs-fr\/armoires-abs-fr\/crxg-4\/","og_locale":"fr_FR","og_type":"article","og_title":"CRXG 4 - Cool Head Europe","og_description":"Ce mod\u00e8le d'armoire en ABS de 400 litres avec porte en verre, corps, cadre et poign\u00e9e de couleur acier et int\u00e9rieur thermoform\u00e9 est la combinaison parfaite entre haute performance et co\u00fbt abordable. La CRXG 4 est \u00e9quip\u00e9e d'un thermostat num\u00e9rique, d'une alarme \"haute temp\u00e9rature\", d'une porte \u00e0 fermeture automatique et r\u00e9versible, d'une serrure, d'un interrupteur principal, de lampes LED, de 5 \u00e9tag\u00e8res r\u00e9glables, de 2 pieds r\u00e9glables + 2 roulettes arri\u00e8re, et convient aux plateaux GN2\/1. Notre armoire r\u00e9frig\u00e9r\u00e9e est respectueuse de l'environnement et \u00e9conome en \u00e9nergie, \u00e9quip\u00e9e d'un gaz r\u00e9frig\u00e9rant \u00e9cologique R600a et d'une mousse d'isolation de 70 mm de chaque c\u00f4t\u00e9.","og_url":"https:\/\/www.coolheadeurope.com\/fr\/prodotto\/abs-fr\/armoires-abs-fr\/crxg-4\/","og_site_name":"Cool Head Europe","article_modified_time":"2026-02-08T05:55:03+00:00","og_image":[{"width":258,"height":567,"url":"https:\/\/www.coolheadeurope.com\/wp-content\/uploads\/2026\/04\/CRXG-4-CORPO_CH_LOW-18.png","type":"image\/png"}],"twitter_card":"summary_large_image","twitter_misc":{"Dur\u00e9e de lecture estim\u00e9e":"1 minute"},"schema":{"@context":"https:\/\/schema.org","@graph":[{"@type":"WebPage","@id":"https:\/\/www.coolheadeurope.com\/fr\/prodotto\/abs-fr\/armoires-abs-fr\/crxg-4\/","url":"https:\/\/www.coolheadeurope.com\/fr\/prodotto\/abs-fr\/armoires-abs-fr\/crxg-4\/","name":"CRXG 4 - Cool Head Europe","isPartOf":{"@id":"https:\/\/www.coolheadeurope.com\/#website"},"primaryImageOfPage":{"@id":"https:\/\/www.coolheadeurope.com\/fr\/prodotto\/abs-fr\/armoires-abs-fr\/crxg-4\/#primaryimage"},"image":{"@id":"https:\/\/www.coolheadeurope.com\/fr\/prodotto\/abs-fr\/armoires-abs-fr\/crxg-4\/#primaryimage"},"thumbnailUrl":"https:\/\/www.coolheadeurope.com\/wp-content\/uploads\/2026\/04\/CRXG-4-CORPO_CH_LOW-18.png","datePublished":"2024-10-09T21:42:34+00:00","dateModified":"2026-02-08T05:55:03+00:00","breadcrumb":{"@id":"https:\/\/www.coolheadeurope.com\/fr\/prodotto\/abs-fr\/armoires-abs-fr\/crxg-4\/#breadcrumb"},"inLanguage":"fr-FR","potentialAction":[{"@type":"ReadAction","target":["https:\/\/www.coolheadeurope.com\/fr\/prodotto\/abs-fr\/armoires-abs-fr\/crxg-4\/"]}]},{"@type":"ImageObject","inLanguage":"fr-FR","@id":"https:\/\/www.coolheadeurope.com\/fr\/prodotto\/abs-fr\/armoires-abs-fr\/crxg-4\/#primaryimage","url":"https:\/\/www.coolheadeurope.com\/wp-content\/uploads\/2026\/04\/CRXG-4-CORPO_CH_LOW-18.png","contentUrl":"https:\/\/www.coolheadeurope.com\/wp-content\/uploads\/2026\/04\/CRXG-4-CORPO_CH_LOW-18.png","width":258,"height":567,"caption":"Immagine di CRXG 4"},{"@type":"BreadcrumbList","@id":"https:\/\/www.coolheadeurope.com\/fr\/prodotto\/abs-fr\/armoires-abs-fr\/crxg-4\/#breadcrumb","itemListElement":[{"@type":"ListItem","position":1,"name":"Home","item":"https:\/\/www.coolheadeurope.com\/fr\/"},{"@type":"ListItem","position":2,"name":"Rechercher","item":"https:\/\/www.coolheadeurope.com\/fr\/rechercher\/"},{"@type":"ListItem","position":3,"name":"CRXG 4"}]},{"@type":"WebSite","@id":"https:\/\/www.coolheadeurope.com\/#website","url":"https:\/\/www.coolheadeurope.com\/","name":"Cool Head Europe","description":"We make the world a cooler place","potentialAction":[{"@type":"SearchAction","target":{"@type":"EntryPoint","urlTemplate":"https:\/\/www.coolheadeurope.com\/?s={search_term_string}"},"query-input":{"@type":"PropertyValueSpecification","valueRequired":true,"valueName":"search_term_string"}}],"inLanguage":"fr-FR"}]}},"_links":{"self":[{"href":"https:\/\/www.coolheadeurope.com\/fr\/wp-json\/wp\/v2\/product\/2958333","targetHints":{"allow":["GET"]}}],"collection":[{"href":"https:\/\/www.coolheadeurope.com\/fr\/wp-json\/wp\/v2\/product"}],"about":[{"href":"https:\/\/www.coolheadeurope.com\/fr\/wp-json\/wp\/v2\/types\/product"}],"wp:featuredmedia":[{"embeddable":true,"href":"https:\/\/www.coolheadeurope.com\/fr\/wp-json\/wp\/v2\/media\/3707860"}],"wp:attachment":[{"href":"https:\/\/www.coolheadeurope.com\/fr\/wp-json\/wp\/v2\/media?parent=2958333"}],"wp:term":[{"taxonomy":"product_brand","embeddable":true,"href":"https:\/\/www.coolheadeurope.com\/fr\/wp-json\/wp\/v2\/product_brand?post=2958333"},{"taxonomy":"product_cat","embeddable":true,"href":"https:\/\/www.coolheadeurope.com\/fr\/wp-json\/wp\/v2\/product_cat?post=2958333"},{"taxonomy":"product_tag","embeddable":true,"href":"https:\/\/www.coolheadeurope.com\/fr\/wp-json\/wp\/v2\/product_tag?post=2958333"}],"curies":[{"name":"wp","href":"https:\/\/api.w.org\/{rel}","templated":true}]}}