{"id":2958341,"date":"2024-10-09T21:56:12","date_gmt":"2024-10-09T21:56:12","guid":{"rendered":"https:\/\/www.coolheadeurope.com\/prodotto\/non%20class\u00e9\/cnxg-2\/"},"modified":"2026-02-08T06:15:29","modified_gmt":"2026-02-08T06:15:29","slug":"cnxg-2","status":"publish","type":"product","link":"https:\/\/www.coolheadeurope.com\/fr\/prodotto\/abs-fr\/armoires-abs-fr\/cnxg-2\/","title":{"rendered":"CNXG 2"},"content":{"rendered":"<p>Cong\u00e9lateur vertical 200 l (PORTE VITR\u00c9E)<br \/>\nArmoire externe S\/S, thermoform\u00e9e \u00e0 l\u2019int\u00e9rieur<br \/>\nRefroidissement statique : clayettes d\u2019\u00e9vaporateur fixes (Couches N\u00b0 3)<br \/>\nD\u00e9givrage manuel<br \/>\nAgent moussant : Cyclopentane (50 mm par c\u00f4t\u00e9)<br \/>\nThermostat num\u00e9rique<br \/>\nVerre de s\u00e9curit\u00e9 tremp\u00e9 trait\u00e9 thermiquement \u00e0 triple \u00e9paisseur<br \/>\nAlarme du d\u00e9tecteur d\u2019ouverture de porte\/Alarme de temp\u00e9rature \u00e9lev\u00e9e<br \/>\nJoint d&rsquo;\u00e9tanch\u00e9it\u00e9 amovible<br \/>\nSerrure et commutateur principal mont\u00e9s de s\u00e9rie<br \/>\nPieds r\u00e9glables N\u00b0 2 + Roulettes N\u00b0 2 \u00e0 l\u2019arri\u00e8re<br \/>\nPoign\u00e9e externe en acier inoxydable<br \/>\nClasse \u00e9nerg\u00e9tique: &#8211;<\/p>\n","protected":false},"excerpt":{"rendered":"<p>Ce mod\u00e8le de cong\u00e9lateur ABS de 200 litres, avec porte et poign\u00e9e en verre encadr\u00e9es de couleur acier, corps de couleur acier et int\u00e9rieur thermoform\u00e9, est la combinaison parfaite de haute performance, de co\u00fbt abordable et de faible consommation.<br \/>\nLe CNXG 2 est \u00e9quip\u00e9 d&rsquo;un thermostat num\u00e9rique, d&rsquo;une alarme \u00ab\u00a0porte ouverte\u00a0\u00bb et \u00ab\u00a0temp\u00e9rature \u00e9lev\u00e9e\u00a0\u00bb, d&rsquo;une serrure, d&rsquo;un interrupteur principal, de lampes LED, de 2 \u00e9tag\u00e8res fixes pour l&rsquo;\u00e9vaporateur, d&rsquo;une soupape de pression pour faciliter l&rsquo;ouverture de la porte, d&rsquo;un ventilateur d&rsquo;assistance interne et de 2 pieds r\u00e9glables + 2 roulettes \u00e0 l&rsquo;arri\u00e8re.<br \/>\nNotre cong\u00e9lateur est respectueux de l&rsquo;environnement et \u00e9conome en \u00e9nergie, \u00e9quip\u00e9 d&rsquo;un gaz r\u00e9frig\u00e9rant \u00e9cologique R600a et d&rsquo;une mousse isolante de 50 mm de chaque c\u00f4t\u00e9.<\/p>\n","protected":false},"featured_media":3935341,"template":"","meta":[],"product_brand":[],"product_cat":[7404,7405],"product_tag":[],"class_list":{"0":"post-2958341","1":"product","2":"type-product","3":"status-publish","4":"has-post-thumbnail","6":"product_cat-abs-fr","7":"product_cat-armoires-abs-fr","8":"pa_capacite-commerciale-200-l","9":"pa_consommation-denergie-2-15-kw-24h","10":"pa_hauteur-exterieure-838-mm","11":"pa_hauteur-interieure-635-mm","12":"pa_largeur-exterieure-598-mm","13":"pa_largeur-interne-493-mm","14":"pa_niveau-sonore-40-dba","15":"pa_poids-brut-54-3-kg","16":"pa_poids-net-50-kg","17":"pa_profondeur-externe-679-mm","18":"pa_profondeur-interne-478-mm","19":"pa_puissance-174-w","21":"first","22":"instock","23":"product-type-simple"},"acf":[],"yoast_head":"<!-- This site is optimized with the Yoast SEO plugin v27.2 - https:\/\/yoast.com\/product\/yoast-seo-wordpress\/ -->\n<title>CNXG 2 - Cool Head Europe<\/title>\n<meta name=\"robots\" content=\"index, follow, max-snippet:-1, max-image-preview:large, max-video-preview:-1\" \/>\n<link rel=\"canonical\" href=\"https:\/\/www.coolheadeurope.com\/prodotto\/abs\/armadi-abs\/cnxg-2\/\" \/>\n<meta property=\"og:locale\" content=\"fr_FR\" \/>\n<meta property=\"og:type\" content=\"article\" \/>\n<meta property=\"og:title\" content=\"CNXG 2 - Cool Head Europe\" \/>\n<meta property=\"og:description\" content=\"Ce mod\u00e8le de cong\u00e9lateur ABS de 200 litres, avec porte et poign\u00e9e en verre encadr\u00e9es de couleur acier, corps de couleur acier et int\u00e9rieur thermoform\u00e9, est la combinaison parfaite de haute performance, de co\u00fbt abordable et de faible consommation. Le CNXG 2 est \u00e9quip\u00e9 d&#039;un thermostat num\u00e9rique, d&#039;une alarme &quot;porte ouverte&quot; et &quot;temp\u00e9rature \u00e9lev\u00e9e&quot;, d&#039;une serrure, d&#039;un interrupteur principal, de lampes LED, de 2 \u00e9tag\u00e8res fixes pour l&#039;\u00e9vaporateur, d&#039;une soupape de pression pour faciliter l&#039;ouverture de la porte, d&#039;un ventilateur d&#039;assistance interne et de 2 pieds r\u00e9glables + 2 roulettes \u00e0 l&#039;arri\u00e8re. Notre cong\u00e9lateur est respectueux de l&#039;environnement et \u00e9conome en \u00e9nergie, \u00e9quip\u00e9 d&#039;un gaz r\u00e9frig\u00e9rant \u00e9cologique R600a et d&#039;une mousse isolante de 50 mm de chaque c\u00f4t\u00e9.\" \/>\n<meta property=\"og:url\" content=\"https:\/\/www.coolheadeurope.com\/prodotto\/abs\/armadi-abs\/cnxg-2\/\" \/>\n<meta property=\"og:site_name\" content=\"Cool Head Europe\" \/>\n<meta property=\"article:modified_time\" content=\"2026-02-08T06:15:29+00:00\" \/>\n<meta property=\"og:image\" content=\"https:\/\/www.coolheadeurope.com\/wp-content\/uploads\/2026\/04\/CNXG-2-CORPO_CH_LOW.png\" \/>\n\t<meta property=\"og:image:width\" content=\"279\" \/>\n\t<meta property=\"og:image:height\" content=\"327\" \/>\n\t<meta property=\"og:image:type\" content=\"image\/png\" \/>\n<meta name=\"twitter:card\" content=\"summary_large_image\" \/>\n<!-- \/ Yoast SEO plugin. -->","yoast_head_json":{"title":"CNXG 2 - Cool Head Europe","robots":{"index":"index","follow":"follow","max-snippet":"max-snippet:-1","max-image-preview":"max-image-preview:large","max-video-preview":"max-video-preview:-1"},"canonical":"https:\/\/www.coolheadeurope.com\/prodotto\/abs\/armadi-abs\/cnxg-2\/","og_locale":"fr_FR","og_type":"article","og_title":"CNXG 2 - Cool Head Europe","og_description":"Ce mod\u00e8le de cong\u00e9lateur ABS de 200 litres, avec porte et poign\u00e9e en verre encadr\u00e9es de couleur acier, corps de couleur acier et int\u00e9rieur thermoform\u00e9, est la combinaison parfaite de haute performance, de co\u00fbt abordable et de faible consommation. Le CNXG 2 est \u00e9quip\u00e9 d'un thermostat num\u00e9rique, d'une alarme \"porte ouverte\" et \"temp\u00e9rature \u00e9lev\u00e9e\", d'une serrure, d'un interrupteur principal, de lampes LED, de 2 \u00e9tag\u00e8res fixes pour l'\u00e9vaporateur, d'une soupape de pression pour faciliter l'ouverture de la porte, d'un ventilateur d'assistance interne et de 2 pieds r\u00e9glables + 2 roulettes \u00e0 l'arri\u00e8re. Notre cong\u00e9lateur est respectueux de l'environnement et \u00e9conome en \u00e9nergie, \u00e9quip\u00e9 d'un gaz r\u00e9frig\u00e9rant \u00e9cologique R600a et d'une mousse isolante de 50 mm de chaque c\u00f4t\u00e9.","og_url":"https:\/\/www.coolheadeurope.com\/prodotto\/abs\/armadi-abs\/cnxg-2\/","og_site_name":"Cool Head Europe","article_modified_time":"2026-02-08T06:15:29+00:00","og_image":[{"width":279,"height":327,"url":"https:\/\/www.coolheadeurope.com\/wp-content\/uploads\/2026\/04\/CNXG-2-CORPO_CH_LOW.png","type":"image\/png"}],"twitter_card":"summary_large_image","schema":{"@context":"https:\/\/schema.org","@graph":[{"@type":"WebPage","@id":"https:\/\/www.coolheadeurope.com\/prodotto\/abs\/armadi-abs\/cnxg-2\/","url":"https:\/\/www.coolheadeurope.com\/prodotto\/abs\/armadi-abs\/cnxg-2\/","name":"CNXG 2 - Cool Head Europe","isPartOf":{"@id":"https:\/\/www.coolheadeurope.com\/#website"},"primaryImageOfPage":{"@id":"https:\/\/www.coolheadeurope.com\/prodotto\/abs\/armadi-abs\/cnxg-2\/#primaryimage"},"image":{"@id":"https:\/\/www.coolheadeurope.com\/prodotto\/abs\/armadi-abs\/cnxg-2\/#primaryimage"},"thumbnailUrl":"https:\/\/www.coolheadeurope.com\/wp-content\/uploads\/2026\/05\/CNXG-2-CORPO_CH_LOW.png","datePublished":"2024-10-09T21:56:12+00:00","dateModified":"2026-02-08T06:15:29+00:00","breadcrumb":{"@id":"https:\/\/www.coolheadeurope.com\/prodotto\/abs\/armadi-abs\/cnxg-2\/#breadcrumb"},"inLanguage":"fr-FR","potentialAction":[{"@type":"ReadAction","target":["https:\/\/www.coolheadeurope.com\/prodotto\/abs\/armadi-abs\/cnxg-2\/"]}]},{"@type":"ImageObject","inLanguage":"fr-FR","@id":"https:\/\/www.coolheadeurope.com\/prodotto\/abs\/armadi-abs\/cnxg-2\/#primaryimage","url":"https:\/\/www.coolheadeurope.com\/wp-content\/uploads\/2026\/05\/CNXG-2-CORPO_CH_LOW.png","contentUrl":"https:\/\/www.coolheadeurope.com\/wp-content\/uploads\/2026\/05\/CNXG-2-CORPO_CH_LOW.png","width":279,"height":327,"caption":"Immagine di CNXG 2"},{"@type":"BreadcrumbList","@id":"https:\/\/www.coolheadeurope.com\/prodotto\/abs\/armadi-abs\/cnxg-2\/#breadcrumb","itemListElement":[{"@type":"ListItem","position":1,"name":"Home","item":"https:\/\/www.coolheadeurope.com\/fr\/"},{"@type":"ListItem","position":2,"name":"Rechercher","item":"https:\/\/www.coolheadeurope.com\/cerca\/"},{"@type":"ListItem","position":3,"name":"CNXG 2"}]},{"@type":"WebSite","@id":"https:\/\/www.coolheadeurope.com\/#website","url":"https:\/\/www.coolheadeurope.com\/","name":"Cool Head Europe","description":"We make the world a cooler place","potentialAction":[{"@type":"SearchAction","target":{"@type":"EntryPoint","urlTemplate":"https:\/\/www.coolheadeurope.com\/?s={search_term_string}"},"query-input":{"@type":"PropertyValueSpecification","valueRequired":true,"valueName":"search_term_string"}}],"inLanguage":"fr-FR"}]}},"_links":{"self":[{"href":"https:\/\/www.coolheadeurope.com\/fr\/wp-json\/wp\/v2\/product\/2958341","targetHints":{"allow":["GET"]}}],"collection":[{"href":"https:\/\/www.coolheadeurope.com\/fr\/wp-json\/wp\/v2\/product"}],"about":[{"href":"https:\/\/www.coolheadeurope.com\/fr\/wp-json\/wp\/v2\/types\/product"}],"wp:featuredmedia":[{"embeddable":true,"href":"https:\/\/www.coolheadeurope.com\/fr\/wp-json\/wp\/v2\/media\/3935341"}],"wp:attachment":[{"href":"https:\/\/www.coolheadeurope.com\/fr\/wp-json\/wp\/v2\/media?parent=2958341"}],"wp:term":[{"taxonomy":"product_brand","embeddable":true,"href":"https:\/\/www.coolheadeurope.com\/fr\/wp-json\/wp\/v2\/product_brand?post=2958341"},{"taxonomy":"product_cat","embeddable":true,"href":"https:\/\/www.coolheadeurope.com\/fr\/wp-json\/wp\/v2\/product_cat?post=2958341"},{"taxonomy":"product_tag","embeddable":true,"href":"https:\/\/www.coolheadeurope.com\/fr\/wp-json\/wp\/v2\/product_tag?post=2958341"}],"curies":[{"name":"wp","href":"https:\/\/api.w.org\/{rel}","templated":true}]}}