{"id":2958347,"date":"2024-10-09T22:06:45","date_gmt":"2024-10-09T22:06:45","guid":{"rendered":"https:\/\/www.coolheadeurope.com\/prodotto\/non%20class\u00e9\/mb-42\/"},"modified":"2026-02-08T06:15:39","modified_gmt":"2026-02-08T06:15:39","slug":"mb-42","status":"publish","type":"product","link":"https:\/\/www.coolheadeurope.com\/fr\/prodotto\/drinks-fr\/minibars-fr\/mb-42\/","title":{"rendered":"MB 42"},"content":{"rendered":"<p>Minibar par absorption 40 L<br \/>\nRefroidisseurs \u00e0 absorption avec R600a<br \/>\nFonctionnement silencieux<br \/>\nFaibles vibrations<br \/>\n\u00c0 faible entretien<br \/>\nAgent moussant: Cyclopentane (40 mm par c\u00f4t\u00e9 &#8211; Sans CFC)<br \/>\nThermostat m\u00e9canique<br \/>\nLampe LED interne<br \/>\nSerrure mont\u00e9e de s\u00e9rie<br \/>\nBalconnets contre-portes<br \/>\nJoint d&rsquo;\u00e9tanch\u00e9it\u00e9 amovible<br \/>\nClayettes r\u00e9glables: 1 pi\u00e8ce<br \/>\nPoign\u00e9e fix\u00e9e le long du profil\u00e9 de porte<br \/>\nPieds r\u00e9glables N\u00b0 4<br \/>\nClasse \u00e9nerg\u00e9tique: C<\/p>\n","protected":false},"excerpt":{"rendered":"<p>Le MB 42 est un nouveau minibar \u00e0 absorption, id\u00e9al pour les chambres d&rsquo;h\u00f4tel, avec un fonctionnement silencieux et de faibles vibrations. D&rsquo;une capacit\u00e9 de 40 litres, ce minibar est \u00e9quip\u00e9 d&rsquo;un \u00e9clairage int\u00e9rieur LED, d&rsquo;une serrure, d&rsquo;une tablette de porte r\u00e9glable et d&rsquo;une poign\u00e9e le long du profil de la porte.<\/p>\n","protected":false},"featured_media":3881190,"template":"","meta":[],"product_brand":[],"product_cat":[7412,7415],"product_tag":[],"class_list":{"0":"post-2958347","1":"product","2":"type-product","3":"status-publish","4":"has-post-thumbnail","6":"product_cat-drinks-fr","7":"product_cat-minibars-fr","8":"pa_capacite-commerciale-40-l","9":"pa_consommation-denergie-0-128-kw-24h","10":"pa_hauteur-exterieure-515-mm","11":"pa_hauteur-interieure-410-mm","12":"pa_largeur-exterieure-430-mm","13":"pa_largeur-interne-356-mm","14":"pa_niveau-sonore-26-dba","15":"pa_poids-brut-10-kg","16":"pa_poids-net-9-kg","17":"pa_profondeur-externe-424-mm","18":"pa_profondeur-interne-266-mm","19":"pa_puissance-60-w","21":"first","22":"instock","23":"product-type-simple"},"acf":[],"yoast_head":"<!-- This site is optimized with the Yoast SEO plugin v27.2 - https:\/\/yoast.com\/product\/yoast-seo-wordpress\/ -->\n<title>MB 42 - Cool Head Europe<\/title>\n<meta name=\"robots\" content=\"index, follow, max-snippet:-1, max-image-preview:large, max-video-preview:-1\" \/>\n<link rel=\"canonical\" href=\"https:\/\/www.coolheadeurope.com\/fr\/prodotto\/drinks-fr\/minibars-fr\/mb-42\/\" \/>\n<meta property=\"og:locale\" content=\"fr_FR\" \/>\n<meta property=\"og:type\" content=\"article\" \/>\n<meta property=\"og:title\" content=\"MB 42 - Cool Head Europe\" \/>\n<meta property=\"og:description\" content=\"Le MB 42 est un nouveau minibar \u00e0 absorption, id\u00e9al pour les chambres d&#039;h\u00f4tel, avec un fonctionnement silencieux et de faibles vibrations. D&#039;une capacit\u00e9 de 40 litres, ce minibar est \u00e9quip\u00e9 d&#039;un \u00e9clairage int\u00e9rieur LED, d&#039;une serrure, d&#039;une tablette de porte r\u00e9glable et d&#039;une poign\u00e9e le long du profil de la porte.\" \/>\n<meta property=\"og:url\" content=\"https:\/\/www.coolheadeurope.com\/fr\/prodotto\/drinks-fr\/minibars-fr\/mb-42\/\" \/>\n<meta property=\"og:site_name\" content=\"Cool Head Europe\" \/>\n<meta property=\"article:modified_time\" content=\"2026-02-08T06:15:39+00:00\" \/>\n<meta property=\"og:image\" content=\"https:\/\/www.coolheadeurope.com\/wp-content\/uploads\/2026\/04\/MB-42-CORPO_CH_LOW.png\" \/>\n\t<meta property=\"og:image:width\" content=\"567\" \/>\n\t<meta property=\"og:image:height\" content=\"463\" \/>\n\t<meta property=\"og:image:type\" content=\"image\/png\" \/>\n<meta name=\"twitter:card\" content=\"summary_large_image\" \/>\n<!-- \/ Yoast SEO plugin. -->","yoast_head_json":{"title":"MB 42 - Cool Head Europe","robots":{"index":"index","follow":"follow","max-snippet":"max-snippet:-1","max-image-preview":"max-image-preview:large","max-video-preview":"max-video-preview:-1"},"canonical":"https:\/\/www.coolheadeurope.com\/fr\/prodotto\/drinks-fr\/minibars-fr\/mb-42\/","og_locale":"fr_FR","og_type":"article","og_title":"MB 42 - Cool Head Europe","og_description":"Le MB 42 est un nouveau minibar \u00e0 absorption, id\u00e9al pour les chambres d'h\u00f4tel, avec un fonctionnement silencieux et de faibles vibrations. D'une capacit\u00e9 de 40 litres, ce minibar est \u00e9quip\u00e9 d'un \u00e9clairage int\u00e9rieur LED, d'une serrure, d'une tablette de porte r\u00e9glable et d'une poign\u00e9e le long du profil de la porte.","og_url":"https:\/\/www.coolheadeurope.com\/fr\/prodotto\/drinks-fr\/minibars-fr\/mb-42\/","og_site_name":"Cool Head Europe","article_modified_time":"2026-02-08T06:15:39+00:00","og_image":[{"width":567,"height":463,"url":"https:\/\/www.coolheadeurope.com\/wp-content\/uploads\/2026\/04\/MB-42-CORPO_CH_LOW.png","type":"image\/png"}],"twitter_card":"summary_large_image","schema":{"@context":"https:\/\/schema.org","@graph":[{"@type":"WebPage","@id":"https:\/\/www.coolheadeurope.com\/fr\/prodotto\/drinks-fr\/minibars-fr\/mb-42\/","url":"https:\/\/www.coolheadeurope.com\/fr\/prodotto\/drinks-fr\/minibars-fr\/mb-42\/","name":"MB 42 - Cool Head Europe","isPartOf":{"@id":"https:\/\/www.coolheadeurope.com\/#website"},"primaryImageOfPage":{"@id":"https:\/\/www.coolheadeurope.com\/fr\/prodotto\/drinks-fr\/minibars-fr\/mb-42\/#primaryimage"},"image":{"@id":"https:\/\/www.coolheadeurope.com\/fr\/prodotto\/drinks-fr\/minibars-fr\/mb-42\/#primaryimage"},"thumbnailUrl":"https:\/\/www.coolheadeurope.com\/wp-content\/uploads\/2026\/04\/MB-42-CORPO_CH_LOW.png","datePublished":"2024-10-09T22:06:45+00:00","dateModified":"2026-02-08T06:15:39+00:00","breadcrumb":{"@id":"https:\/\/www.coolheadeurope.com\/fr\/prodotto\/drinks-fr\/minibars-fr\/mb-42\/#breadcrumb"},"inLanguage":"fr-FR","potentialAction":[{"@type":"ReadAction","target":["https:\/\/www.coolheadeurope.com\/fr\/prodotto\/drinks-fr\/minibars-fr\/mb-42\/"]}]},{"@type":"ImageObject","inLanguage":"fr-FR","@id":"https:\/\/www.coolheadeurope.com\/fr\/prodotto\/drinks-fr\/minibars-fr\/mb-42\/#primaryimage","url":"https:\/\/www.coolheadeurope.com\/wp-content\/uploads\/2026\/04\/MB-42-CORPO_CH_LOW.png","contentUrl":"https:\/\/www.coolheadeurope.com\/wp-content\/uploads\/2026\/04\/MB-42-CORPO_CH_LOW.png","width":567,"height":463,"caption":"Immagine di MB 42"},{"@type":"BreadcrumbList","@id":"https:\/\/www.coolheadeurope.com\/fr\/prodotto\/drinks-fr\/minibars-fr\/mb-42\/#breadcrumb","itemListElement":[{"@type":"ListItem","position":1,"name":"Home","item":"https:\/\/www.coolheadeurope.com\/fr\/"},{"@type":"ListItem","position":2,"name":"Rechercher","item":"https:\/\/www.coolheadeurope.com\/cerca\/"},{"@type":"ListItem","position":3,"name":"MB 42"}]},{"@type":"WebSite","@id":"https:\/\/www.coolheadeurope.com\/#website","url":"https:\/\/www.coolheadeurope.com\/","name":"Cool Head Europe","description":"We make the world a cooler place","potentialAction":[{"@type":"SearchAction","target":{"@type":"EntryPoint","urlTemplate":"https:\/\/www.coolheadeurope.com\/?s={search_term_string}"},"query-input":{"@type":"PropertyValueSpecification","valueRequired":true,"valueName":"search_term_string"}}],"inLanguage":"fr-FR"}]}},"_links":{"self":[{"href":"https:\/\/www.coolheadeurope.com\/fr\/wp-json\/wp\/v2\/product\/2958347","targetHints":{"allow":["GET"]}}],"collection":[{"href":"https:\/\/www.coolheadeurope.com\/fr\/wp-json\/wp\/v2\/product"}],"about":[{"href":"https:\/\/www.coolheadeurope.com\/fr\/wp-json\/wp\/v2\/types\/product"}],"wp:featuredmedia":[{"embeddable":true,"href":"https:\/\/www.coolheadeurope.com\/fr\/wp-json\/wp\/v2\/media\/3881190"}],"wp:attachment":[{"href":"https:\/\/www.coolheadeurope.com\/fr\/wp-json\/wp\/v2\/media?parent=2958347"}],"wp:term":[{"taxonomy":"product_brand","embeddable":true,"href":"https:\/\/www.coolheadeurope.com\/fr\/wp-json\/wp\/v2\/product_brand?post=2958347"},{"taxonomy":"product_cat","embeddable":true,"href":"https:\/\/www.coolheadeurope.com\/fr\/wp-json\/wp\/v2\/product_cat?post=2958347"},{"taxonomy":"product_tag","embeddable":true,"href":"https:\/\/www.coolheadeurope.com\/fr\/wp-json\/wp\/v2\/product_tag?post=2958347"}],"curies":[{"name":"wp","href":"https:\/\/api.w.org\/{rel}","templated":true}]}}