{"id":2958350,"date":"2024-10-09T22:12:10","date_gmt":"2024-10-09T22:12:10","guid":{"rendered":"https:\/\/www.coolheadeurope.com\/prodotto\/non%20class\u00e9\/rcf-52\/"},"modified":"2026-02-08T06:15:43","modified_gmt":"2026-02-08T06:15:43","slug":"rcf-52","status":"publish","type":"product","link":"https:\/\/www.coolheadeurope.com\/fr\/prodotto\/drinks-fr\/refrigerateurs-table-top-fr\/rcf-52\/","title":{"rendered":"RCF 52"},"content":{"rendered":"<p>R\u00e9frig\u00e9rateur vertical pour boissons 52 L<br \/>\nFace externe en plaque laqu\u00e9e noire, face interne en aluminium noir<br \/>\n\u00c9vaporateur \u00e0 tubulure int\u00e9gr\u00e9e avec un syst\u00e8me de refroidissement assist\u00e9 par ventilateur<br \/>\nD\u00e9givrage manuel<br \/>\nAgent moussant : Cyclopentane (35 mm par c\u00f4t\u00e9)<br \/>\nJoint d&rsquo;\u00e9tanch\u00e9it\u00e9 amovible<br \/>\nCommutateur ind\u00e9pendant pour l&rsquo;\u00e9clairage interne<br \/>\nVerre de s\u00e9curit\u00e9 tremp\u00e9 \u00e0 double \u00e9paisseur (Incurv\u00e9)<br \/>\nPorte: \u00e0 fermeture automatique et porte r\u00e9versible mont\u00e9e de s\u00e9rie<br \/>\nClayettes r\u00e9glables (Couleur blanche): 2 pi\u00e8ces<br \/>\nPieds r\u00e9glables N\u00b0 4<br \/>\nClasse \u00e9nerg\u00e9tique: E<\/p>\n","protected":false},"excerpt":{"rendered":"<p>Le RCF 52 est con\u00e7u pour \u00eatre un r\u00e9frig\u00e9rateur de boissons fiable et polyvalent, id\u00e9al pour exposer et maintenir \u00e0 la bonne temp\u00e9rature toutes sortes de bouteilles et de canettes.<br \/>\nD&rsquo;une capacit\u00e9 de 85 litres, ce produit est \u00e9quip\u00e9 d&rsquo;une lampe LED, de 2 \u00e9tag\u00e8res r\u00e9glables, porte r\u00e9versible et \u00e0 fermeture automatique et double verre de s\u00e9curit\u00e9 tremp\u00e9 incurv\u00e9.<br \/>\nCe mod\u00e8le peut \u00e9galement \u00eatre personnalis\u00e9 avec des visuels promotionnels sur le corps.<\/p>\n","protected":false},"featured_media":3652042,"template":"","meta":[],"product_brand":[],"product_cat":[7412,7416],"product_tag":[],"class_list":{"0":"post-2958350","1":"product","2":"type-product","3":"status-publish","4":"has-post-thumbnail","6":"product_cat-drinks-fr","7":"product_cat-refrigerateurs-table-top-fr","8":"pa_capacite-commerciale-52-l","9":"pa_consommation-denergie-1-23-kw-24h","10":"pa_hauteur-exterieure-510-mm","11":"pa_hauteur-interieure-415-mm","12":"pa_largeur-exterieure-430-mm","13":"pa_largeur-interne-335-mm","14":"pa_niveau-sonore-39-dba","15":"pa_poids-brut-18-kg","16":"pa_poids-net-16-5-kg","17":"pa_profondeur-externe-500-mm","18":"pa_profondeur-interne-370-mm","19":"pa_puissance-85-w","21":"first","22":"instock","23":"product-type-simple"},"acf":[],"yoast_head":"<!-- This site is optimized with the Yoast SEO plugin v27.2 - https:\/\/yoast.com\/product\/yoast-seo-wordpress\/ -->\n<title>RCF 52 - Cool Head Europe<\/title>\n<meta name=\"robots\" content=\"index, follow, max-snippet:-1, max-image-preview:large, max-video-preview:-1\" \/>\n<link rel=\"canonical\" href=\"https:\/\/www.coolheadeurope.com\/?post_type=product&p=546224\" \/>\n<meta property=\"og:locale\" content=\"fr_FR\" \/>\n<meta property=\"og:type\" content=\"article\" \/>\n<meta property=\"og:title\" content=\"RCF 52 - Cool Head Europe\" \/>\n<meta property=\"og:description\" content=\"Le RCF 52 est con\u00e7u pour \u00eatre un r\u00e9frig\u00e9rateur de boissons fiable et polyvalent, id\u00e9al pour exposer et maintenir \u00e0 la bonne temp\u00e9rature toutes sortes de bouteilles et de canettes. D&#039;une capacit\u00e9 de 85 litres, ce produit est \u00e9quip\u00e9 d&#039;une lampe LED, de 2 \u00e9tag\u00e8res r\u00e9glables, porte r\u00e9versible et \u00e0 fermeture automatique et double verre de s\u00e9curit\u00e9 tremp\u00e9 incurv\u00e9. Ce mod\u00e8le peut \u00e9galement \u00eatre personnalis\u00e9 avec des visuels promotionnels sur le corps.\" \/>\n<meta property=\"og:url\" content=\"https:\/\/www.coolheadeurope.com\/?post_type=product&amp;p=546224\" \/>\n<meta property=\"og:site_name\" content=\"Cool Head Europe\" \/>\n<meta property=\"article:modified_time\" content=\"2026-02-08T06:15:43+00:00\" \/>\n<meta name=\"twitter:card\" content=\"summary_large_image\" \/>\n<!-- \/ Yoast SEO plugin. -->","yoast_head_json":{"title":"RCF 52 - Cool Head Europe","robots":{"index":"index","follow":"follow","max-snippet":"max-snippet:-1","max-image-preview":"max-image-preview:large","max-video-preview":"max-video-preview:-1"},"canonical":"https:\/\/www.coolheadeurope.com\/?post_type=product&p=546224","og_locale":"fr_FR","og_type":"article","og_title":"RCF 52 - Cool Head Europe","og_description":"Le RCF 52 est con\u00e7u pour \u00eatre un r\u00e9frig\u00e9rateur de boissons fiable et polyvalent, id\u00e9al pour exposer et maintenir \u00e0 la bonne temp\u00e9rature toutes sortes de bouteilles et de canettes. D'une capacit\u00e9 de 85 litres, ce produit est \u00e9quip\u00e9 d'une lampe LED, de 2 \u00e9tag\u00e8res r\u00e9glables, porte r\u00e9versible et \u00e0 fermeture automatique et double verre de s\u00e9curit\u00e9 tremp\u00e9 incurv\u00e9. Ce mod\u00e8le peut \u00e9galement \u00eatre personnalis\u00e9 avec des visuels promotionnels sur le corps.","og_url":"https:\/\/www.coolheadeurope.com\/?post_type=product&p=546224","og_site_name":"Cool Head Europe","article_modified_time":"2026-02-08T06:15:43+00:00","twitter_card":"summary_large_image","schema":{"@context":"https:\/\/schema.org","@graph":[{"@type":"WebPage","@id":"https:\/\/www.coolheadeurope.com\/?post_type=product&p=546224","url":"https:\/\/www.coolheadeurope.com\/?post_type=product&p=546224","name":"RCF 52 - Cool Head Europe","isPartOf":{"@id":"https:\/\/www.coolheadeurope.com\/#website"},"primaryImageOfPage":{"@id":"https:\/\/www.coolheadeurope.com\/?post_type=product&p=546224#primaryimage"},"image":{"@id":"https:\/\/www.coolheadeurope.com\/?post_type=product&p=546224#primaryimage"},"thumbnailUrl":"https:\/\/www.coolheadeurope.com\/wp-content\/uploads\/2026\/02\/RCF-52-CORPO_CH_LOW.png","datePublished":"2024-10-09T22:12:10+00:00","dateModified":"2026-02-08T06:15:43+00:00","breadcrumb":{"@id":"https:\/\/www.coolheadeurope.com\/?post_type=product&p=546224#breadcrumb"},"inLanguage":"fr-FR","potentialAction":[{"@type":"ReadAction","target":["https:\/\/www.coolheadeurope.com\/?post_type=product&p=546224"]}]},{"@type":"ImageObject","inLanguage":"fr-FR","@id":"https:\/\/www.coolheadeurope.com\/?post_type=product&p=546224#primaryimage","url":"https:\/\/www.coolheadeurope.com\/wp-content\/uploads\/2026\/02\/RCF-52-CORPO_CH_LOW.png","contentUrl":"https:\/\/www.coolheadeurope.com\/wp-content\/uploads\/2026\/02\/RCF-52-CORPO_CH_LOW.png","width":367,"height":393,"caption":"Immagine di RCF 52"},{"@type":"BreadcrumbList","@id":"https:\/\/www.coolheadeurope.com\/?post_type=product&p=546224#breadcrumb","itemListElement":[{"@type":"ListItem","position":1,"name":"Home","item":"https:\/\/www.coolheadeurope.com\/fr\/"},{"@type":"ListItem","position":2,"name":"Rechercher","item":"https:\/\/www.coolheadeurope.com\/cerca\/"},{"@type":"ListItem","position":3,"name":"RCF 52"}]},{"@type":"WebSite","@id":"https:\/\/www.coolheadeurope.com\/#website","url":"https:\/\/www.coolheadeurope.com\/","name":"Cool Head Europe","description":"We make the world a cooler place","potentialAction":[{"@type":"SearchAction","target":{"@type":"EntryPoint","urlTemplate":"https:\/\/www.coolheadeurope.com\/?s={search_term_string}"},"query-input":{"@type":"PropertyValueSpecification","valueRequired":true,"valueName":"search_term_string"}}],"inLanguage":"fr-FR"}]}},"_links":{"self":[{"href":"https:\/\/www.coolheadeurope.com\/fr\/wp-json\/wp\/v2\/product\/2958350","targetHints":{"allow":["GET"]}}],"collection":[{"href":"https:\/\/www.coolheadeurope.com\/fr\/wp-json\/wp\/v2\/product"}],"about":[{"href":"https:\/\/www.coolheadeurope.com\/fr\/wp-json\/wp\/v2\/types\/product"}],"wp:featuredmedia":[{"embeddable":true,"href":"https:\/\/www.coolheadeurope.com\/fr\/wp-json\/wp\/v2\/media\/3652042"}],"wp:attachment":[{"href":"https:\/\/www.coolheadeurope.com\/fr\/wp-json\/wp\/v2\/media?parent=2958350"}],"wp:term":[{"taxonomy":"product_brand","embeddable":true,"href":"https:\/\/www.coolheadeurope.com\/fr\/wp-json\/wp\/v2\/product_brand?post=2958350"},{"taxonomy":"product_cat","embeddable":true,"href":"https:\/\/www.coolheadeurope.com\/fr\/wp-json\/wp\/v2\/product_cat?post=2958350"},{"taxonomy":"product_tag","embeddable":true,"href":"https:\/\/www.coolheadeurope.com\/fr\/wp-json\/wp\/v2\/product_tag?post=2958350"}],"curies":[{"name":"wp","href":"https:\/\/api.w.org\/{rel}","templated":true}]}}