{"id":2958351,"date":"2024-10-09T22:13:53","date_gmt":"2024-10-09T22:13:53","guid":{"rendered":"https:\/\/www.coolheadeurope.com\/prodotto\/non%20class\u00e9\/rcf-60\/"},"modified":"2026-02-08T06:15:44","modified_gmt":"2026-02-08T06:15:44","slug":"rcf-60","status":"publish","type":"product","link":"https:\/\/www.coolheadeurope.com\/fr\/prodotto\/drinks-fr\/refrigerateurs-table-top-fr\/rcf-60\/","title":{"rendered":"RCF 60"},"content":{"rendered":"<p>R\u00e9frig\u00e9rateur vertical pour boissons 60 L<br \/>\nFace externe en plaque laqu\u00e9e noire, face interne en aluminium noir<br \/>\n\u00c9vaporateur \u00e0 tubulure int\u00e9gr\u00e9e avec un syst\u00e8me de refroidissement assist\u00e9 par ventilateur<br \/>\nD\u00e9givrage manuel<br \/>\nAgent moussant : Cyclopentane (40 mm par c\u00f4t\u00e9)<br \/>\nJoint d&rsquo;\u00e9tanch\u00e9it\u00e9 amovible<br \/>\nCommutateur ind\u00e9pendant pour l&rsquo;\u00e9clairage interne<br \/>\nVerre de s\u00e9curit\u00e9 tremp\u00e9 \u00e0 double \u00e9paisseur<br \/>\nPorte \u00e0 fermeture automatique<br \/>\nSerrure mont\u00e9e de s\u00e9rie<br \/>\nClayettes r\u00e9glables (Couleur noire): 3 pi\u00e8ces<br \/>\nPieds r\u00e9glables N\u00b0 4<br \/>\nClasse \u00e9nerg\u00e9tique: C<\/p>\n","protected":false},"excerpt":{"rendered":"<p>Le RCF 60 est un r\u00e9frig\u00e9rateur table top moderne, fiable et polyvalent, id\u00e9al pour exposer et maintenir \u00e0 la bonne temp\u00e9rature tous les types de bouteilles et de canettes.<br \/>\nD&rsquo;une capacit\u00e9 de 67 litres, de couleur noire et dot\u00e9 d&rsquo;une poign\u00e9e le long du profil de la porte, ce produit est \u00e9quip\u00e9 d&rsquo;une lampe LED, d&rsquo;\u00e9tag\u00e8res r\u00e9glables, d&rsquo;une porte \u00e0 fermeture automatique et d&rsquo;un double verre tremp\u00e9 de s\u00e9curit\u00e9.<br \/>\nCe mod\u00e8le peut \u00e9galement \u00eatre personnalis\u00e9 avec des visuels promotionnels sur le corps.<\/p>\n","protected":false},"featured_media":3881192,"template":"","meta":[],"product_brand":[],"product_cat":[7412,7416],"product_tag":[],"class_list":{"0":"post-2958351","1":"product","2":"type-product","3":"status-publish","4":"has-post-thumbnail","6":"product_cat-drinks-fr","7":"product_cat-refrigerateurs-table-top-fr","8":"pa_capacite-commerciale-67-l","9":"pa_consommation-denergie-0-558-kw-24h","10":"pa_hauteur-exterieure-672-mm","11":"pa_hauteur-interieure-557-mm","12":"pa_largeur-exterieure-432-mm","13":"pa_largeur-interne-356-mm","14":"pa_niveau-sonore-45-db","15":"pa_poids-brut-34-5-kg","16":"pa_poids-net-32-5-kg","17":"pa_profondeur-externe-496-mm","18":"pa_profondeur-interne-368-mm","19":"pa_puissance-80-w","21":"first","22":"instock","23":"product-type-simple"},"acf":[],"yoast_head":"<!-- This site is optimized with the Yoast SEO plugin v27.2 - https:\/\/yoast.com\/product\/yoast-seo-wordpress\/ -->\n<title>RCF 60 - Cool Head Europe<\/title>\n<meta name=\"robots\" content=\"index, follow, max-snippet:-1, max-image-preview:large, max-video-preview:-1\" \/>\n<link rel=\"canonical\" href=\"https:\/\/www.coolheadeurope.com\/prodotto\/drinks\/vetrine-da-banco-drinks\/rcf-60\/\" \/>\n<meta property=\"og:locale\" content=\"fr_FR\" \/>\n<meta property=\"og:type\" content=\"article\" \/>\n<meta property=\"og:title\" content=\"RCF 60 - Cool Head Europe\" \/>\n<meta property=\"og:description\" content=\"Le RCF 60 est un r\u00e9frig\u00e9rateur table top moderne, fiable et polyvalent, id\u00e9al pour exposer et maintenir \u00e0 la bonne temp\u00e9rature tous les types de bouteilles et de canettes. D&#039;une capacit\u00e9 de 67 litres, de couleur noire et dot\u00e9 d&#039;une poign\u00e9e le long du profil de la porte, ce produit est \u00e9quip\u00e9 d&#039;une lampe LED, d&#039;\u00e9tag\u00e8res r\u00e9glables, d&#039;une porte \u00e0 fermeture automatique et d&#039;un double verre tremp\u00e9 de s\u00e9curit\u00e9. Ce mod\u00e8le peut \u00e9galement \u00eatre personnalis\u00e9 avec des visuels promotionnels sur le corps.\" \/>\n<meta property=\"og:url\" content=\"https:\/\/www.coolheadeurope.com\/prodotto\/drinks\/vetrine-da-banco-drinks\/rcf-60\/\" \/>\n<meta property=\"og:site_name\" content=\"Cool Head Europe\" \/>\n<meta property=\"article:modified_time\" content=\"2026-02-08T06:15:44+00:00\" \/>\n<meta property=\"og:image\" content=\"https:\/\/www.coolheadeurope.com\/wp-content\/uploads\/2026\/04\/RCF-60-CORPO_CH_LOW.png\" \/>\n\t<meta property=\"og:image:width\" content=\"367\" \/>\n\t<meta property=\"og:image:height\" content=\"454\" \/>\n\t<meta property=\"og:image:type\" content=\"image\/png\" \/>\n<meta name=\"twitter:card\" content=\"summary_large_image\" \/>\n<!-- \/ Yoast SEO plugin. -->","yoast_head_json":{"title":"RCF 60 - Cool Head Europe","robots":{"index":"index","follow":"follow","max-snippet":"max-snippet:-1","max-image-preview":"max-image-preview:large","max-video-preview":"max-video-preview:-1"},"canonical":"https:\/\/www.coolheadeurope.com\/prodotto\/drinks\/vetrine-da-banco-drinks\/rcf-60\/","og_locale":"fr_FR","og_type":"article","og_title":"RCF 60 - Cool Head Europe","og_description":"Le RCF 60 est un r\u00e9frig\u00e9rateur table top moderne, fiable et polyvalent, id\u00e9al pour exposer et maintenir \u00e0 la bonne temp\u00e9rature tous les types de bouteilles et de canettes. D'une capacit\u00e9 de 67 litres, de couleur noire et dot\u00e9 d'une poign\u00e9e le long du profil de la porte, ce produit est \u00e9quip\u00e9 d'une lampe LED, d'\u00e9tag\u00e8res r\u00e9glables, d'une porte \u00e0 fermeture automatique et d'un double verre tremp\u00e9 de s\u00e9curit\u00e9. Ce mod\u00e8le peut \u00e9galement \u00eatre personnalis\u00e9 avec des visuels promotionnels sur le corps.","og_url":"https:\/\/www.coolheadeurope.com\/prodotto\/drinks\/vetrine-da-banco-drinks\/rcf-60\/","og_site_name":"Cool Head Europe","article_modified_time":"2026-02-08T06:15:44+00:00","og_image":[{"width":367,"height":454,"url":"https:\/\/www.coolheadeurope.com\/wp-content\/uploads\/2026\/04\/RCF-60-CORPO_CH_LOW.png","type":"image\/png"}],"twitter_card":"summary_large_image","schema":{"@context":"https:\/\/schema.org","@graph":[{"@type":"WebPage","@id":"https:\/\/www.coolheadeurope.com\/prodotto\/drinks\/vetrine-da-banco-drinks\/rcf-60\/","url":"https:\/\/www.coolheadeurope.com\/prodotto\/drinks\/vetrine-da-banco-drinks\/rcf-60\/","name":"RCF 60 - Cool Head Europe","isPartOf":{"@id":"https:\/\/www.coolheadeurope.com\/#website"},"primaryImageOfPage":{"@id":"https:\/\/www.coolheadeurope.com\/prodotto\/drinks\/vetrine-da-banco-drinks\/rcf-60\/#primaryimage"},"image":{"@id":"https:\/\/www.coolheadeurope.com\/prodotto\/drinks\/vetrine-da-banco-drinks\/rcf-60\/#primaryimage"},"thumbnailUrl":"https:\/\/www.coolheadeurope.com\/wp-content\/uploads\/2026\/04\/RCF-60-CORPO_CH_LOW.png","datePublished":"2024-10-09T22:13:53+00:00","dateModified":"2026-02-08T06:15:44+00:00","breadcrumb":{"@id":"https:\/\/www.coolheadeurope.com\/prodotto\/drinks\/vetrine-da-banco-drinks\/rcf-60\/#breadcrumb"},"inLanguage":"fr-FR","potentialAction":[{"@type":"ReadAction","target":["https:\/\/www.coolheadeurope.com\/prodotto\/drinks\/vetrine-da-banco-drinks\/rcf-60\/"]}]},{"@type":"ImageObject","inLanguage":"fr-FR","@id":"https:\/\/www.coolheadeurope.com\/prodotto\/drinks\/vetrine-da-banco-drinks\/rcf-60\/#primaryimage","url":"https:\/\/www.coolheadeurope.com\/wp-content\/uploads\/2026\/04\/RCF-60-CORPO_CH_LOW.png","contentUrl":"https:\/\/www.coolheadeurope.com\/wp-content\/uploads\/2026\/04\/RCF-60-CORPO_CH_LOW.png","width":367,"height":454,"caption":"Immagine di RCF 60"},{"@type":"BreadcrumbList","@id":"https:\/\/www.coolheadeurope.com\/prodotto\/drinks\/vetrine-da-banco-drinks\/rcf-60\/#breadcrumb","itemListElement":[{"@type":"ListItem","position":1,"name":"Home","item":"https:\/\/www.coolheadeurope.com\/fr\/"},{"@type":"ListItem","position":2,"name":"Rechercher","item":"https:\/\/www.coolheadeurope.com\/cerca\/"},{"@type":"ListItem","position":3,"name":"RCF 60"}]},{"@type":"WebSite","@id":"https:\/\/www.coolheadeurope.com\/#website","url":"https:\/\/www.coolheadeurope.com\/","name":"Cool Head Europe","description":"We make the world a cooler place","potentialAction":[{"@type":"SearchAction","target":{"@type":"EntryPoint","urlTemplate":"https:\/\/www.coolheadeurope.com\/?s={search_term_string}"},"query-input":{"@type":"PropertyValueSpecification","valueRequired":true,"valueName":"search_term_string"}}],"inLanguage":"fr-FR"}]}},"_links":{"self":[{"href":"https:\/\/www.coolheadeurope.com\/fr\/wp-json\/wp\/v2\/product\/2958351","targetHints":{"allow":["GET"]}}],"collection":[{"href":"https:\/\/www.coolheadeurope.com\/fr\/wp-json\/wp\/v2\/product"}],"about":[{"href":"https:\/\/www.coolheadeurope.com\/fr\/wp-json\/wp\/v2\/types\/product"}],"wp:featuredmedia":[{"embeddable":true,"href":"https:\/\/www.coolheadeurope.com\/fr\/wp-json\/wp\/v2\/media\/3881192"}],"wp:attachment":[{"href":"https:\/\/www.coolheadeurope.com\/fr\/wp-json\/wp\/v2\/media?parent=2958351"}],"wp:term":[{"taxonomy":"product_brand","embeddable":true,"href":"https:\/\/www.coolheadeurope.com\/fr\/wp-json\/wp\/v2\/product_brand?post=2958351"},{"taxonomy":"product_cat","embeddable":true,"href":"https:\/\/www.coolheadeurope.com\/fr\/wp-json\/wp\/v2\/product_cat?post=2958351"},{"taxonomy":"product_tag","embeddable":true,"href":"https:\/\/www.coolheadeurope.com\/fr\/wp-json\/wp\/v2\/product_tag?post=2958351"}],"curies":[{"name":"wp","href":"https:\/\/api.w.org\/{rel}","templated":true}]}}