{"id":2958353,"date":"2024-10-09T22:17:20","date_gmt":"2024-10-09T22:17:20","guid":{"rendered":"https:\/\/www.coolheadeurope.com\/prodotto\/non%20class\u00e9\/rcf-145\/"},"modified":"2026-02-08T06:15:45","modified_gmt":"2026-02-08T06:15:45","slug":"rcf-145","status":"publish","type":"product","link":"https:\/\/www.coolheadeurope.com\/fr\/prodotto\/drinks-fr\/vitrines-de-boissons-fr\/rcf-145\/","title":{"rendered":"RCF 145"},"content":{"rendered":"<p>R\u00e9frig\u00e9rateur vertical pour boissons 115 L<br \/>\nFace externe en plaque laqu\u00e9e blanche, face interne thermoform\u00e9e blanche<br \/>\n\u00c9vaporateur \u00e0 tubulure int\u00e9gr\u00e9e avec un syst\u00e8me de refroidissement assist\u00e9 par ventilateur<br \/>\nD\u00e9givrage manuel<br \/>\nAgent moussant : Cyclopentane (45 mm par c\u00f4t\u00e9)<br \/>\nJoint d&rsquo;\u00e9tanch\u00e9it\u00e9 amovible<br \/>\nCommutateur ind\u00e9pendant pour l&rsquo;\u00e9clairage interne<br \/>\nVerre de s\u00e9curit\u00e9 tremp\u00e9 \u00e0 double \u00e9paisseur (Incurv\u00e9)<br \/>\nThermom\u00e8tre num\u00e9rique<br \/>\nPorte r\u00e9versible<br \/>\nSerrure mont\u00e9e de s\u00e9rie<br \/>\nClayettes r\u00e9glables (Couleur blanche): 3 pi\u00e8ces<br \/>\nPieds r\u00e9glables N\u00b0 4<br \/>\nClasse \u00e9nerg\u00e9tique: C<\/p>\n","protected":false},"excerpt":{"rendered":"<p>Le RCF 145 est con\u00e7u pour \u00eatre un r\u00e9frig\u00e9rateur de boissons fiable et polyvalent, id\u00e9al pour exposer et maintenir \u00e0 la bonne temp\u00e9rature toutes sortes de bouteilles et de canettes.<br \/>\nD&rsquo;une capacit\u00e9 de 115 litres, ce produit est \u00e9quip\u00e9 d&rsquo;une lampe LED, de 3 \u00e9tag\u00e8res blanches r\u00e9glables, d&rsquo;une serrure et d&rsquo;un interrupteur ind\u00e9pendant pour l&rsquo;\u00e9clairage int\u00e9rieur.<br \/>\nCe mod\u00e8le peut \u00e9galement \u00eatre personnalis\u00e9 avec des visuels promotionnels sur le corps.<\/p>\n","protected":false},"featured_media":3881198,"template":"","meta":[],"product_brand":[],"product_cat":[7412,7417],"product_tag":[],"class_list":{"0":"post-2958353","1":"product","2":"type-product","3":"status-publish","4":"has-post-thumbnail","6":"product_cat-drinks-fr","7":"product_cat-vitrines-de-boissons-fr","8":"pa_capacite-commerciale-115-l","9":"pa_consommation-denergie-2-76-kw-24h","10":"pa_hauteur-exterieure-855-mm","11":"pa_hauteur-interieure-700-mm","12":"pa_largeur-exterieure-505-mm","13":"pa_largeur-interne-410-mm","14":"pa_niveau-sonore-47-dba","15":"pa_poids-brut-40-kg","16":"pa_poids-net-37-kg","17":"pa_profondeur-externe-590-mm","18":"pa_profondeur-interne-395-mm","19":"pa_puissance-90-w","21":"first","22":"instock","23":"product-type-simple"},"acf":[],"yoast_head":"<!-- This site is optimized with the Yoast SEO plugin v27.2 - https:\/\/yoast.com\/product\/yoast-seo-wordpress\/ -->\n<title>RCF 145 - Cool Head Europe<\/title>\n<meta name=\"robots\" content=\"index, follow, max-snippet:-1, max-image-preview:large, max-video-preview:-1\" \/>\n<link rel=\"canonical\" href=\"https:\/\/www.coolheadeurope.com\/prodotto\/drinks\/vetrine-bibite\/rcf-145\/\" \/>\n<meta property=\"og:locale\" content=\"fr_FR\" \/>\n<meta property=\"og:type\" content=\"article\" \/>\n<meta property=\"og:title\" content=\"RCF 145 - Cool Head Europe\" \/>\n<meta property=\"og:description\" content=\"Le RCF 145 est con\u00e7u pour \u00eatre un r\u00e9frig\u00e9rateur de boissons fiable et polyvalent, id\u00e9al pour exposer et maintenir \u00e0 la bonne temp\u00e9rature toutes sortes de bouteilles et de canettes. D&#039;une capacit\u00e9 de 115 litres, ce produit est \u00e9quip\u00e9 d&#039;une lampe LED, de 3 \u00e9tag\u00e8res blanches r\u00e9glables, d&#039;une serrure et d&#039;un interrupteur ind\u00e9pendant pour l&#039;\u00e9clairage int\u00e9rieur. Ce mod\u00e8le peut \u00e9galement \u00eatre personnalis\u00e9 avec des visuels promotionnels sur le corps.\" \/>\n<meta property=\"og:url\" content=\"https:\/\/www.coolheadeurope.com\/prodotto\/drinks\/vetrine-bibite\/rcf-145\/\" \/>\n<meta property=\"og:site_name\" content=\"Cool Head Europe\" \/>\n<meta property=\"article:modified_time\" content=\"2026-02-08T06:15:45+00:00\" \/>\n<meta property=\"og:image\" content=\"https:\/\/www.coolheadeurope.com\/wp-content\/uploads\/2026\/04\/RCF-145-CORPO_CH_LOW.png\" \/>\n\t<meta property=\"og:image:width\" content=\"422\" \/>\n\t<meta property=\"og:image:height\" content=\"567\" \/>\n\t<meta property=\"og:image:type\" content=\"image\/png\" \/>\n<meta name=\"twitter:card\" content=\"summary_large_image\" \/>\n<!-- \/ Yoast SEO plugin. -->","yoast_head_json":{"title":"RCF 145 - Cool Head Europe","robots":{"index":"index","follow":"follow","max-snippet":"max-snippet:-1","max-image-preview":"max-image-preview:large","max-video-preview":"max-video-preview:-1"},"canonical":"https:\/\/www.coolheadeurope.com\/prodotto\/drinks\/vetrine-bibite\/rcf-145\/","og_locale":"fr_FR","og_type":"article","og_title":"RCF 145 - Cool Head Europe","og_description":"Le RCF 145 est con\u00e7u pour \u00eatre un r\u00e9frig\u00e9rateur de boissons fiable et polyvalent, id\u00e9al pour exposer et maintenir \u00e0 la bonne temp\u00e9rature toutes sortes de bouteilles et de canettes. D'une capacit\u00e9 de 115 litres, ce produit est \u00e9quip\u00e9 d'une lampe LED, de 3 \u00e9tag\u00e8res blanches r\u00e9glables, d'une serrure et d'un interrupteur ind\u00e9pendant pour l'\u00e9clairage int\u00e9rieur. Ce mod\u00e8le peut \u00e9galement \u00eatre personnalis\u00e9 avec des visuels promotionnels sur le corps.","og_url":"https:\/\/www.coolheadeurope.com\/prodotto\/drinks\/vetrine-bibite\/rcf-145\/","og_site_name":"Cool Head Europe","article_modified_time":"2026-02-08T06:15:45+00:00","og_image":[{"width":422,"height":567,"url":"https:\/\/www.coolheadeurope.com\/wp-content\/uploads\/2026\/04\/RCF-145-CORPO_CH_LOW.png","type":"image\/png"}],"twitter_card":"summary_large_image","schema":{"@context":"https:\/\/schema.org","@graph":[{"@type":"WebPage","@id":"https:\/\/www.coolheadeurope.com\/prodotto\/drinks\/vetrine-bibite\/rcf-145\/","url":"https:\/\/www.coolheadeurope.com\/prodotto\/drinks\/vetrine-bibite\/rcf-145\/","name":"RCF 145 - Cool Head Europe","isPartOf":{"@id":"https:\/\/www.coolheadeurope.com\/#website"},"primaryImageOfPage":{"@id":"https:\/\/www.coolheadeurope.com\/prodotto\/drinks\/vetrine-bibite\/rcf-145\/#primaryimage"},"image":{"@id":"https:\/\/www.coolheadeurope.com\/prodotto\/drinks\/vetrine-bibite\/rcf-145\/#primaryimage"},"thumbnailUrl":"https:\/\/www.coolheadeurope.com\/wp-content\/uploads\/2026\/04\/RCF-145-CORPO_CH_LOW.png","datePublished":"2024-10-09T22:17:20+00:00","dateModified":"2026-02-08T06:15:45+00:00","breadcrumb":{"@id":"https:\/\/www.coolheadeurope.com\/prodotto\/drinks\/vetrine-bibite\/rcf-145\/#breadcrumb"},"inLanguage":"fr-FR","potentialAction":[{"@type":"ReadAction","target":["https:\/\/www.coolheadeurope.com\/prodotto\/drinks\/vetrine-bibite\/rcf-145\/"]}]},{"@type":"ImageObject","inLanguage":"fr-FR","@id":"https:\/\/www.coolheadeurope.com\/prodotto\/drinks\/vetrine-bibite\/rcf-145\/#primaryimage","url":"https:\/\/www.coolheadeurope.com\/wp-content\/uploads\/2026\/04\/RCF-145-CORPO_CH_LOW.png","contentUrl":"https:\/\/www.coolheadeurope.com\/wp-content\/uploads\/2026\/04\/RCF-145-CORPO_CH_LOW.png","width":422,"height":567,"caption":"Immagine di RCF 145"},{"@type":"BreadcrumbList","@id":"https:\/\/www.coolheadeurope.com\/prodotto\/drinks\/vetrine-bibite\/rcf-145\/#breadcrumb","itemListElement":[{"@type":"ListItem","position":1,"name":"Home","item":"https:\/\/www.coolheadeurope.com\/fr\/"},{"@type":"ListItem","position":2,"name":"Rechercher","item":"https:\/\/www.coolheadeurope.com\/cerca\/"},{"@type":"ListItem","position":3,"name":"RCF 145"}]},{"@type":"WebSite","@id":"https:\/\/www.coolheadeurope.com\/#website","url":"https:\/\/www.coolheadeurope.com\/","name":"Cool Head Europe","description":"We make the world a cooler place","potentialAction":[{"@type":"SearchAction","target":{"@type":"EntryPoint","urlTemplate":"https:\/\/www.coolheadeurope.com\/?s={search_term_string}"},"query-input":{"@type":"PropertyValueSpecification","valueRequired":true,"valueName":"search_term_string"}}],"inLanguage":"fr-FR"}]}},"_links":{"self":[{"href":"https:\/\/www.coolheadeurope.com\/fr\/wp-json\/wp\/v2\/product\/2958353","targetHints":{"allow":["GET"]}}],"collection":[{"href":"https:\/\/www.coolheadeurope.com\/fr\/wp-json\/wp\/v2\/product"}],"about":[{"href":"https:\/\/www.coolheadeurope.com\/fr\/wp-json\/wp\/v2\/types\/product"}],"wp:featuredmedia":[{"embeddable":true,"href":"https:\/\/www.coolheadeurope.com\/fr\/wp-json\/wp\/v2\/media\/3881198"}],"wp:attachment":[{"href":"https:\/\/www.coolheadeurope.com\/fr\/wp-json\/wp\/v2\/media?parent=2958353"}],"wp:term":[{"taxonomy":"product_brand","embeddable":true,"href":"https:\/\/www.coolheadeurope.com\/fr\/wp-json\/wp\/v2\/product_brand?post=2958353"},{"taxonomy":"product_cat","embeddable":true,"href":"https:\/\/www.coolheadeurope.com\/fr\/wp-json\/wp\/v2\/product_cat?post=2958353"},{"taxonomy":"product_tag","embeddable":true,"href":"https:\/\/www.coolheadeurope.com\/fr\/wp-json\/wp\/v2\/product_tag?post=2958353"}],"curies":[{"name":"wp","href":"https:\/\/api.w.org\/{rel}","templated":true}]}}