{"id":2958355,"date":"2024-10-09T22:20:52","date_gmt":"2024-10-09T22:20:52","guid":{"rendered":"https:\/\/www.coolheadeurope.com\/prodotto\/non%20class\u00e9\/rc-300b\/"},"modified":"2026-02-08T06:15:46","modified_gmt":"2026-02-08T06:15:46","slug":"rc-300b","status":"publish","type":"product","link":"https:\/\/www.coolheadeurope.com\/fr\/prodotto\/drinks-fr\/vitrines-de-boissons-fr\/rc-300b\/","title":{"rendered":"RC 300B"},"content":{"rendered":"<p>R\u00e9frig\u00e9rateur compact vertical 300 L<br \/>\nAcier laqu\u00e9 en noir pour la face interne et la face externe<br \/>\n\u00c9vaporateur \u00e0 tubulure int\u00e9gr\u00e9e avec un syst\u00e8me de refroidissement assist\u00e9 par ventilateur<br \/>\nD\u00e9givrage manuel<br \/>\nAgent moussant: Cyclopentane (43 mm par c\u00f4t\u00e9)<br \/>\nThermostat m\u00e9canique<br \/>\nThermom\u00e8tre analogique<br \/>\nL\u2019air circule gr\u00e2ce \u00e0 un grand ventilateur interne<br \/>\nJoint d&rsquo;\u00e9tanch\u00e9it\u00e9 amovible<br \/>\nClayettes r\u00e9glables noires: 4 pi\u00e8ces<br \/>\nPorte \u00e0 fermeture automatique<br \/>\nPoign\u00e9e fix\u00e9e le long du profil\u00e9 de porte<br \/>\nVerre de s\u00e9curit\u00e9 tremp\u00e9 \u00e0 double \u00e9paisseur<br \/>\nLampe LED interne verticale (avec commutateur ind\u00e9pendant)<br \/>\nPieds r\u00e9glables N\u00b0 2 + Roulettes N\u00b0 4 \u00e0 l\u2019arri\u00e8re<br \/>\nClasse \u00e9nerg\u00e9tique: D<\/p>\n","protected":false},"excerpt":{"rendered":"<p>Le mod\u00e8le RC 300 est con\u00e7u pour \u00eatre une armoire \u00e0 boissons r\u00e9frig\u00e9r\u00e9e fiable et polyvalente, id\u00e9ale pour pr\u00e9senter et maintenir \u00e0 la bonne temp\u00e9rature tous les types de bouteilles et de canettes.<br \/>\nD&rsquo;une capacit\u00e9 de 300 litres, de couleur noire et avec une poign\u00e9e int\u00e9gr\u00e9e dans le profil de la porte, ce produit est \u00e9quip\u00e9 d&rsquo;une lampe LED verticale avec interrupteur ind\u00e9pendant, de 4 \u00e9tag\u00e8res blanches r\u00e9glables et d&rsquo;un double verre tremp\u00e9 de s\u00e9curit\u00e9.<br \/>\nCe mod\u00e8le peut \u00e9galement \u00eatre personnalis\u00e9 avec des visuels promotionnels sur le corps.<\/p>\n","protected":false},"featured_media":3652065,"template":"","meta":[],"product_brand":[],"product_cat":[7412,7417],"product_tag":[],"class_list":{"0":"post-2958355","1":"product","2":"type-product","3":"status-publish","4":"has-post-thumbnail","6":"product_cat-drinks-fr","7":"product_cat-vitrines-de-boissons-fr","8":"pa_capacite-commerciale-300-l","9":"pa_consommation-denergie-2-61-kw-24h","10":"pa_hauteur-exterieure-1840-mm","11":"pa_hauteur-interieure-1450-mm","12":"pa_largeur-exterieure-440-mm","13":"pa_largeur-interne-370-mm","14":"pa_niveau-sonore-54-dba","15":"pa_poids-brut-90-8-kg","16":"pa_poids-net-78-kg","17":"pa_profondeur-externe-708-mm","18":"pa_profondeur-interne-515-mm","19":"pa_puissance-300-w","21":"first","22":"instock","23":"product-type-simple"},"acf":[],"yoast_head":"<!-- This site is optimized with the Yoast SEO plugin v27.2 - https:\/\/yoast.com\/product\/yoast-seo-wordpress\/ -->\n<title>RC 300B - Cool Head Europe<\/title>\n<meta name=\"robots\" content=\"index, follow, max-snippet:-1, max-image-preview:large, max-video-preview:-1\" \/>\n<link rel=\"canonical\" href=\"https:\/\/www.coolheadeurope.com\/?post_type=product&p=546332\" \/>\n<meta property=\"og:locale\" content=\"fr_FR\" \/>\n<meta property=\"og:type\" content=\"article\" \/>\n<meta property=\"og:title\" content=\"RC 300B - Cool Head Europe\" \/>\n<meta property=\"og:description\" content=\"Le mod\u00e8le RC 300 est con\u00e7u pour \u00eatre une armoire \u00e0 boissons r\u00e9frig\u00e9r\u00e9e fiable et polyvalente, id\u00e9ale pour pr\u00e9senter et maintenir \u00e0 la bonne temp\u00e9rature tous les types de bouteilles et de canettes. D&#039;une capacit\u00e9 de 300 litres, de couleur noire et avec une poign\u00e9e int\u00e9gr\u00e9e dans le profil de la porte, ce produit est \u00e9quip\u00e9 d&#039;une lampe LED verticale avec interrupteur ind\u00e9pendant, de 4 \u00e9tag\u00e8res blanches r\u00e9glables et d&#039;un double verre tremp\u00e9 de s\u00e9curit\u00e9. Ce mod\u00e8le peut \u00e9galement \u00eatre personnalis\u00e9 avec des visuels promotionnels sur le corps.\" \/>\n<meta property=\"og:url\" content=\"https:\/\/www.coolheadeurope.com\/?post_type=product&amp;p=546332\" \/>\n<meta property=\"og:site_name\" content=\"Cool Head Europe\" \/>\n<meta property=\"article:modified_time\" content=\"2026-02-08T06:15:46+00:00\" \/>\n<meta name=\"twitter:card\" content=\"summary_large_image\" \/>\n<meta name=\"twitter:label1\" content=\"Dur\u00e9e de lecture estim\u00e9e\" \/>\n\t<meta name=\"twitter:data1\" content=\"1 minute\" \/>\n<!-- \/ Yoast SEO plugin. -->","yoast_head_json":{"title":"RC 300B - Cool Head Europe","robots":{"index":"index","follow":"follow","max-snippet":"max-snippet:-1","max-image-preview":"max-image-preview:large","max-video-preview":"max-video-preview:-1"},"canonical":"https:\/\/www.coolheadeurope.com\/?post_type=product&p=546332","og_locale":"fr_FR","og_type":"article","og_title":"RC 300B - Cool Head Europe","og_description":"Le mod\u00e8le RC 300 est con\u00e7u pour \u00eatre une armoire \u00e0 boissons r\u00e9frig\u00e9r\u00e9e fiable et polyvalente, id\u00e9ale pour pr\u00e9senter et maintenir \u00e0 la bonne temp\u00e9rature tous les types de bouteilles et de canettes. D'une capacit\u00e9 de 300 litres, de couleur noire et avec une poign\u00e9e int\u00e9gr\u00e9e dans le profil de la porte, ce produit est \u00e9quip\u00e9 d'une lampe LED verticale avec interrupteur ind\u00e9pendant, de 4 \u00e9tag\u00e8res blanches r\u00e9glables et d'un double verre tremp\u00e9 de s\u00e9curit\u00e9. Ce mod\u00e8le peut \u00e9galement \u00eatre personnalis\u00e9 avec des visuels promotionnels sur le corps.","og_url":"https:\/\/www.coolheadeurope.com\/?post_type=product&p=546332","og_site_name":"Cool Head Europe","article_modified_time":"2026-02-08T06:15:46+00:00","twitter_card":"summary_large_image","twitter_misc":{"Dur\u00e9e de lecture estim\u00e9e":"1 minute"},"schema":{"@context":"https:\/\/schema.org","@graph":[{"@type":"WebPage","@id":"https:\/\/www.coolheadeurope.com\/?post_type=product&p=546332","url":"https:\/\/www.coolheadeurope.com\/?post_type=product&p=546332","name":"RC 300B - Cool Head Europe","isPartOf":{"@id":"https:\/\/www.coolheadeurope.com\/#website"},"primaryImageOfPage":{"@id":"https:\/\/www.coolheadeurope.com\/?post_type=product&p=546332#primaryimage"},"image":{"@id":"https:\/\/www.coolheadeurope.com\/?post_type=product&p=546332#primaryimage"},"thumbnailUrl":"https:\/\/www.coolheadeurope.com\/wp-content\/uploads\/2026\/02\/RC-300B-CORPO_CH_LOW.png","datePublished":"2024-10-09T22:20:52+00:00","dateModified":"2026-02-08T06:15:46+00:00","breadcrumb":{"@id":"https:\/\/www.coolheadeurope.com\/?post_type=product&p=546332#breadcrumb"},"inLanguage":"fr-FR","potentialAction":[{"@type":"ReadAction","target":["https:\/\/www.coolheadeurope.com\/?post_type=product&p=546332"]}]},{"@type":"ImageObject","inLanguage":"fr-FR","@id":"https:\/\/www.coolheadeurope.com\/?post_type=product&p=546332#primaryimage","url":"https:\/\/www.coolheadeurope.com\/wp-content\/uploads\/2026\/02\/RC-300B-CORPO_CH_LOW.png","contentUrl":"https:\/\/www.coolheadeurope.com\/wp-content\/uploads\/2026\/02\/RC-300B-CORPO_CH_LOW.png","width":193,"height":531,"caption":"Immagine di RC 300B"},{"@type":"BreadcrumbList","@id":"https:\/\/www.coolheadeurope.com\/?post_type=product&p=546332#breadcrumb","itemListElement":[{"@type":"ListItem","position":1,"name":"Home","item":"https:\/\/www.coolheadeurope.com\/fr\/"},{"@type":"ListItem","position":2,"name":"Rechercher","item":"https:\/\/www.coolheadeurope.com\/cerca\/"},{"@type":"ListItem","position":3,"name":"RC 300B"}]},{"@type":"WebSite","@id":"https:\/\/www.coolheadeurope.com\/#website","url":"https:\/\/www.coolheadeurope.com\/","name":"Cool Head Europe","description":"We make the world a cooler place","potentialAction":[{"@type":"SearchAction","target":{"@type":"EntryPoint","urlTemplate":"https:\/\/www.coolheadeurope.com\/?s={search_term_string}"},"query-input":{"@type":"PropertyValueSpecification","valueRequired":true,"valueName":"search_term_string"}}],"inLanguage":"fr-FR"}]}},"_links":{"self":[{"href":"https:\/\/www.coolheadeurope.com\/fr\/wp-json\/wp\/v2\/product\/2958355","targetHints":{"allow":["GET"]}}],"collection":[{"href":"https:\/\/www.coolheadeurope.com\/fr\/wp-json\/wp\/v2\/product"}],"about":[{"href":"https:\/\/www.coolheadeurope.com\/fr\/wp-json\/wp\/v2\/types\/product"}],"wp:featuredmedia":[{"embeddable":true,"href":"https:\/\/www.coolheadeurope.com\/fr\/wp-json\/wp\/v2\/media\/3652065"}],"wp:attachment":[{"href":"https:\/\/www.coolheadeurope.com\/fr\/wp-json\/wp\/v2\/media?parent=2958355"}],"wp:term":[{"taxonomy":"product_brand","embeddable":true,"href":"https:\/\/www.coolheadeurope.com\/fr\/wp-json\/wp\/v2\/product_brand?post=2958355"},{"taxonomy":"product_cat","embeddable":true,"href":"https:\/\/www.coolheadeurope.com\/fr\/wp-json\/wp\/v2\/product_cat?post=2958355"},{"taxonomy":"product_tag","embeddable":true,"href":"https:\/\/www.coolheadeurope.com\/fr\/wp-json\/wp\/v2\/product_tag?post=2958355"}],"curies":[{"name":"wp","href":"https:\/\/api.w.org\/{rel}","templated":true}]}}