{"id":2958357,"date":"2024-10-09T22:24:28","date_gmt":"2024-10-09T22:24:28","guid":{"rendered":"https:\/\/www.coolheadeurope.com\/prodotto\/non%20class\u00e9\/dc-105cb\/"},"modified":"2026-02-08T06:15:49","modified_gmt":"2026-02-08T06:15:49","slug":"dc-105cb","status":"publish","type":"product","link":"https:\/\/www.coolheadeurope.com\/fr\/prodotto\/drinks-fr\/vitrines-de-boissons-fr\/dc-105cb\/","title":{"rendered":"DC 105CB"},"content":{"rendered":"<p>R\u00e9frig\u00e9rateur compact vertical 105 L avec panneau publicitaire<br \/>\nAcier laqu\u00e9 en noir pour la face interne et la face externe<br \/>\nRefroidissement statique avec un syst\u00e8me de refroidissement assist\u00e9 par ventilateur<br \/>\nCycle de d\u00e9givrage automatique par arr\u00eat du compresseur<br \/>\nAgent moussant : Cyclopentane (40 mm par c\u00f4t\u00e9)<br \/>\nThermostat num\u00e9rique<br \/>\nConvoyeur pour l&rsquo;\u00e9vaporateur sur le fond int\u00e9rieur<br \/>\nVerre de s\u00e9curit\u00e9 tremp\u00e9 \u00e0 double \u00e9paisseur<br \/>\nSerrure mont\u00e9e de s\u00e9rie<br \/>\nJoint d&rsquo;\u00e9tanch\u00e9it\u00e9 amovible<br \/>\nL\u2019air circule gr\u00e2ce \u00e0 un grand ventilateur interne<br \/>\nClayettes r\u00e9glables noires: 5 pi\u00e8ces<br \/>\nLampe LED interne verticale\/Lampe LED pour le couvercle<br \/>\nCommutateurs ind\u00e9pendants pour l&rsquo;\u00e9clairage interne et le couvercle<br \/>\nPieds r\u00e9glables N\u00b0 4<br \/>\nClasse \u00e9nerg\u00e9tique: B<\/p>\n","protected":false},"excerpt":{"rendered":"<p>Le mod\u00e8le DC 105CB est con\u00e7u pour \u00eatre une vitrine r\u00e9frig\u00e9r\u00e9e fiable et polyvalente, id\u00e9ale pour exposer et maintenir tous les types de bouteilles et de canettes \u00e0 la bonne temp\u00e9rature. D&rsquo;une capacit\u00e9 de 105 litres, de couleur noire et avec une poign\u00e9e int\u00e9gr\u00e9e dans le profil de la porte, ce produit est \u00e9quip\u00e9 d&rsquo;une lampe LED verticale interne, d&rsquo;une serrure, d&rsquo;un affichage num\u00e9rique, de 5 \u00e9tag\u00e8res blanches r\u00e9glables et d&rsquo;un double verre tremp\u00e9 de s\u00e9curit\u00e9. Ce mod\u00e8le peut \u00e9galement \u00eatre personnalis\u00e9 avec des graphiques promotionnels sur le corps et sue le panneau publicitaire lumineux.<\/p>\n","protected":false},"featured_media":3881201,"template":"","meta":[],"product_brand":[],"product_cat":[7412,7417],"product_tag":[],"class_list":{"0":"post-2958357","1":"product","2":"type-product","3":"status-publish","4":"has-post-thumbnail","6":"product_cat-drinks-fr","7":"product_cat-vitrines-de-boissons-fr","8":"pa_capacite-commerciale-105-l","9":"pa_consommation-denergie-2-35-kw-24h","10":"pa_hauteur-exterieure-1880-mm","11":"pa_hauteur-interieure-1298-mm","12":"pa_largeur-exterieure-360-mm","13":"pa_largeur-interne-276-mm","14":"pa_niveau-sonore-42-dba","15":"pa_poids-brut-49-kg","16":"pa_poids-net-42-kg","17":"pa_profondeur-externe-422-mm","18":"pa_profondeur-interne-278-mm","19":"pa_puissance-150-w","21":"first","22":"instock","23":"product-type-simple"},"acf":[],"yoast_head":"<!-- This site is optimized with the Yoast SEO plugin v27.2 - https:\/\/yoast.com\/product\/yoast-seo-wordpress\/ -->\n<title>DC 105CB - Cool Head Europe<\/title>\n<meta name=\"robots\" content=\"index, follow, max-snippet:-1, max-image-preview:large, max-video-preview:-1\" \/>\n<link rel=\"canonical\" href=\"https:\/\/www.coolheadeurope.com\/prodotto\/drinks\/vetrine-bibite\/dc-105cb\/\" \/>\n<meta property=\"og:locale\" content=\"fr_FR\" \/>\n<meta property=\"og:type\" content=\"article\" \/>\n<meta property=\"og:title\" content=\"DC 105CB - Cool Head Europe\" \/>\n<meta property=\"og:description\" content=\"Le mod\u00e8le DC 105CB est con\u00e7u pour \u00eatre une vitrine r\u00e9frig\u00e9r\u00e9e fiable et polyvalente, id\u00e9ale pour exposer et maintenir tous les types de bouteilles et de canettes \u00e0 la bonne temp\u00e9rature. D&#039;une capacit\u00e9 de 105 litres, de couleur noire et avec une poign\u00e9e int\u00e9gr\u00e9e dans le profil de la porte, ce produit est \u00e9quip\u00e9 d&#039;une lampe LED verticale interne, d&#039;une serrure, d&#039;un affichage num\u00e9rique, de 5 \u00e9tag\u00e8res blanches r\u00e9glables et d&#039;un double verre tremp\u00e9 de s\u00e9curit\u00e9. Ce mod\u00e8le peut \u00e9galement \u00eatre personnalis\u00e9 avec des graphiques promotionnels sur le corps et sue le panneau publicitaire lumineux.\" \/>\n<meta property=\"og:url\" content=\"https:\/\/www.coolheadeurope.com\/prodotto\/drinks\/vetrine-bibite\/dc-105cb\/\" \/>\n<meta property=\"og:site_name\" content=\"Cool Head Europe\" \/>\n<meta property=\"article:modified_time\" content=\"2026-02-08T06:15:49+00:00\" \/>\n<meta property=\"og:image\" content=\"https:\/\/www.coolheadeurope.com\/wp-content\/uploads\/2026\/04\/DC-105CB-CORPO_CH_LOW.png\" \/>\n\t<meta property=\"og:image:width\" content=\"175\" \/>\n\t<meta property=\"og:image:height\" content=\"556\" \/>\n\t<meta property=\"og:image:type\" content=\"image\/png\" \/>\n<meta name=\"twitter:card\" content=\"summary_large_image\" \/>\n<meta name=\"twitter:label1\" content=\"Dur\u00e9e de lecture estim\u00e9e\" \/>\n\t<meta name=\"twitter:data1\" content=\"1 minute\" \/>\n<!-- \/ Yoast SEO plugin. -->","yoast_head_json":{"title":"DC 105CB - Cool Head Europe","robots":{"index":"index","follow":"follow","max-snippet":"max-snippet:-1","max-image-preview":"max-image-preview:large","max-video-preview":"max-video-preview:-1"},"canonical":"https:\/\/www.coolheadeurope.com\/prodotto\/drinks\/vetrine-bibite\/dc-105cb\/","og_locale":"fr_FR","og_type":"article","og_title":"DC 105CB - Cool Head Europe","og_description":"Le mod\u00e8le DC 105CB est con\u00e7u pour \u00eatre une vitrine r\u00e9frig\u00e9r\u00e9e fiable et polyvalente, id\u00e9ale pour exposer et maintenir tous les types de bouteilles et de canettes \u00e0 la bonne temp\u00e9rature. D'une capacit\u00e9 de 105 litres, de couleur noire et avec une poign\u00e9e int\u00e9gr\u00e9e dans le profil de la porte, ce produit est \u00e9quip\u00e9 d'une lampe LED verticale interne, d'une serrure, d'un affichage num\u00e9rique, de 5 \u00e9tag\u00e8res blanches r\u00e9glables et d'un double verre tremp\u00e9 de s\u00e9curit\u00e9. Ce mod\u00e8le peut \u00e9galement \u00eatre personnalis\u00e9 avec des graphiques promotionnels sur le corps et sue le panneau publicitaire lumineux.","og_url":"https:\/\/www.coolheadeurope.com\/prodotto\/drinks\/vetrine-bibite\/dc-105cb\/","og_site_name":"Cool Head Europe","article_modified_time":"2026-02-08T06:15:49+00:00","og_image":[{"width":175,"height":556,"url":"https:\/\/www.coolheadeurope.com\/wp-content\/uploads\/2026\/04\/DC-105CB-CORPO_CH_LOW.png","type":"image\/png"}],"twitter_card":"summary_large_image","twitter_misc":{"Dur\u00e9e de lecture estim\u00e9e":"1 minute"},"schema":{"@context":"https:\/\/schema.org","@graph":[{"@type":"WebPage","@id":"https:\/\/www.coolheadeurope.com\/prodotto\/drinks\/vetrine-bibite\/dc-105cb\/","url":"https:\/\/www.coolheadeurope.com\/prodotto\/drinks\/vetrine-bibite\/dc-105cb\/","name":"DC 105CB - Cool Head Europe","isPartOf":{"@id":"https:\/\/www.coolheadeurope.com\/#website"},"primaryImageOfPage":{"@id":"https:\/\/www.coolheadeurope.com\/prodotto\/drinks\/vetrine-bibite\/dc-105cb\/#primaryimage"},"image":{"@id":"https:\/\/www.coolheadeurope.com\/prodotto\/drinks\/vetrine-bibite\/dc-105cb\/#primaryimage"},"thumbnailUrl":"https:\/\/www.coolheadeurope.com\/wp-content\/uploads\/2026\/04\/DC-105CB-CORPO_CH_LOW.png","datePublished":"2024-10-09T22:24:28+00:00","dateModified":"2026-02-08T06:15:49+00:00","breadcrumb":{"@id":"https:\/\/www.coolheadeurope.com\/prodotto\/drinks\/vetrine-bibite\/dc-105cb\/#breadcrumb"},"inLanguage":"fr-FR","potentialAction":[{"@type":"ReadAction","target":["https:\/\/www.coolheadeurope.com\/prodotto\/drinks\/vetrine-bibite\/dc-105cb\/"]}]},{"@type":"ImageObject","inLanguage":"fr-FR","@id":"https:\/\/www.coolheadeurope.com\/prodotto\/drinks\/vetrine-bibite\/dc-105cb\/#primaryimage","url":"https:\/\/www.coolheadeurope.com\/wp-content\/uploads\/2026\/04\/DC-105CB-CORPO_CH_LOW.png","contentUrl":"https:\/\/www.coolheadeurope.com\/wp-content\/uploads\/2026\/04\/DC-105CB-CORPO_CH_LOW.png","width":175,"height":556,"caption":"Immagine di DC 105CB"},{"@type":"BreadcrumbList","@id":"https:\/\/www.coolheadeurope.com\/prodotto\/drinks\/vetrine-bibite\/dc-105cb\/#breadcrumb","itemListElement":[{"@type":"ListItem","position":1,"name":"Home","item":"https:\/\/www.coolheadeurope.com\/fr\/"},{"@type":"ListItem","position":2,"name":"Rechercher","item":"https:\/\/www.coolheadeurope.com\/cerca\/"},{"@type":"ListItem","position":3,"name":"DC 105CB"}]},{"@type":"WebSite","@id":"https:\/\/www.coolheadeurope.com\/#website","url":"https:\/\/www.coolheadeurope.com\/","name":"Cool Head Europe","description":"We make the world a cooler place","potentialAction":[{"@type":"SearchAction","target":{"@type":"EntryPoint","urlTemplate":"https:\/\/www.coolheadeurope.com\/?s={search_term_string}"},"query-input":{"@type":"PropertyValueSpecification","valueRequired":true,"valueName":"search_term_string"}}],"inLanguage":"fr-FR"}]}},"_links":{"self":[{"href":"https:\/\/www.coolheadeurope.com\/fr\/wp-json\/wp\/v2\/product\/2958357","targetHints":{"allow":["GET"]}}],"collection":[{"href":"https:\/\/www.coolheadeurope.com\/fr\/wp-json\/wp\/v2\/product"}],"about":[{"href":"https:\/\/www.coolheadeurope.com\/fr\/wp-json\/wp\/v2\/types\/product"}],"wp:featuredmedia":[{"embeddable":true,"href":"https:\/\/www.coolheadeurope.com\/fr\/wp-json\/wp\/v2\/media\/3881201"}],"wp:attachment":[{"href":"https:\/\/www.coolheadeurope.com\/fr\/wp-json\/wp\/v2\/media?parent=2958357"}],"wp:term":[{"taxonomy":"product_brand","embeddable":true,"href":"https:\/\/www.coolheadeurope.com\/fr\/wp-json\/wp\/v2\/product_brand?post=2958357"},{"taxonomy":"product_cat","embeddable":true,"href":"https:\/\/www.coolheadeurope.com\/fr\/wp-json\/wp\/v2\/product_cat?post=2958357"},{"taxonomy":"product_tag","embeddable":true,"href":"https:\/\/www.coolheadeurope.com\/fr\/wp-json\/wp\/v2\/product_tag?post=2958357"}],"curies":[{"name":"wp","href":"https:\/\/api.w.org\/{rel}","templated":true}]}}