{"id":2958361,"date":"2024-10-09T22:31:17","date_gmt":"2024-10-09T22:31:17","guid":{"rendered":"https:\/\/www.coolheadeurope.com\/prodotto\/non%20class\u00e9\/dc-388cb\/"},"modified":"2026-02-08T06:15:52","modified_gmt":"2026-02-08T06:15:52","slug":"dc-388cb","status":"publish","type":"product","link":"https:\/\/www.coolheadeurope.com\/fr\/prodotto\/drinks-fr\/vitrines-de-boissons-fr\/dc-388cb\/","title":{"rendered":"DC 388CB"},"content":{"rendered":"<p>R\u00e9frig\u00e9rateur vertical pour boissons 350 L<br \/>\nAcier laqu\u00e9 en noir pour la face interne et la face externe<br \/>\nRefroidissement statique avec un syst\u00e8me de refroidissement assist\u00e9 par ventilateur<br \/>\nD\u00e9givrage manuel<br \/>\nAgent moussant : Cyclopentane (35 mm par c\u00f4t\u00e9)<br \/>\nThermostat m\u00e9canique<br \/>\nJoint d&rsquo;\u00e9tanch\u00e9it\u00e9 amovible<br \/>\nClayettes r\u00e9glables: 5 pi\u00e8ces + 1 pi\u00e8ce inf\u00e9rieure<br \/>\nCommutateurs pour l&rsquo;\u00e9clairage interne et le couvercle<br \/>\nVerre de s\u00e9curit\u00e9 tremp\u00e9<br \/>\nSerrure mont\u00e9e de s\u00e9rie<br \/>\nLampe LED interne verticale\/Lampe LED pour le couvercle<br \/>\nPieds r\u00e9glables N\u00b0 2 + Roulettes N\u00b0 2 \u00e0 l\u2019arri\u00e8re<br \/>\nClasse \u00e9nerg\u00e9tique: D<\/p>\n","protected":false},"excerpt":{"rendered":"<p>Le DC 388CB est con\u00e7u pour \u00eatre un r\u00e9frig\u00e9rateur de boissons fiable et polyvalente, id\u00e9ale pour exposer et maintenir tous les types de bouteilles et de canettes \u00e0 la bonne temp\u00e9rature.<br \/>\nD&rsquo;une capacit\u00e9 de 350 litres, de couleur noire et avec une porte en verre \u00e0 fermeture automatique, ce produit est \u00e9quip\u00e9 de 5 \u00e9tag\u00e8res r\u00e9glables, d&rsquo;une serrure, d&rsquo;une lampe LED et d&rsquo;un verre de s\u00e9curit\u00e9 tremp\u00e9.<br \/>\nCe mod\u00e8le peut \u00e9galement \u00eatre personnalis\u00e9 avec des visuels promotionnels sur le corps et sur le panneau publicitaire lumineux.<\/p>\n","protected":false},"featured_media":3652099,"template":"","meta":[],"product_brand":[],"product_cat":[7417,7412],"product_tag":[],"class_list":{"0":"post-2958361","1":"product","2":"type-product","3":"status-publish","4":"has-post-thumbnail","6":"product_cat-vitrines-de-boissons-fr","7":"product_cat-drinks-fr","8":"pa_capacite-commerciale-350-l","9":"pa_consommation-denergie-1-82-kw-24h","10":"pa_hauteur-exterieure-1835-mm","11":"pa_hauteur-interieure-1315-mm","12":"pa_largeur-exterieure-600-mm","13":"pa_largeur-interne-505-mm","14":"pa_niveau-sonore-46-dba","15":"pa_poids-brut-66-kg","16":"pa_poids-net-56-kg","17":"pa_profondeur-externe-570-mm","18":"pa_profondeur-interne-440-mm","19":"pa_puissance-155-w","21":"first","22":"instock","23":"product-type-simple"},"acf":[],"yoast_head":"<!-- This site is optimized with the Yoast SEO plugin v27.2 - https:\/\/yoast.com\/product\/yoast-seo-wordpress\/ -->\n<title>DC 388CB - Cool Head Europe<\/title>\n<meta name=\"robots\" content=\"index, follow, max-snippet:-1, max-image-preview:large, max-video-preview:-1\" \/>\n<link rel=\"canonical\" href=\"https:\/\/www.coolheadeurope.com\/?post_type=product&p=546366\" \/>\n<meta property=\"og:locale\" content=\"fr_FR\" \/>\n<meta property=\"og:type\" content=\"article\" \/>\n<meta property=\"og:title\" content=\"DC 388CB - Cool Head Europe\" \/>\n<meta property=\"og:description\" content=\"Le DC 388CB est con\u00e7u pour \u00eatre un r\u00e9frig\u00e9rateur de boissons fiable et polyvalente, id\u00e9ale pour exposer et maintenir tous les types de bouteilles et de canettes \u00e0 la bonne temp\u00e9rature. D&#039;une capacit\u00e9 de 350 litres, de couleur noire et avec une porte en verre \u00e0 fermeture automatique, ce produit est \u00e9quip\u00e9 de 5 \u00e9tag\u00e8res r\u00e9glables, d&#039;une serrure, d&#039;une lampe LED et d&#039;un verre de s\u00e9curit\u00e9 tremp\u00e9. Ce mod\u00e8le peut \u00e9galement \u00eatre personnalis\u00e9 avec des visuels promotionnels sur le corps et sur le panneau publicitaire lumineux.\" \/>\n<meta property=\"og:url\" content=\"https:\/\/www.coolheadeurope.com\/?post_type=product&amp;p=546366\" \/>\n<meta property=\"og:site_name\" content=\"Cool Head Europe\" \/>\n<meta property=\"article:modified_time\" content=\"2026-02-08T06:15:52+00:00\" \/>\n<meta name=\"twitter:card\" content=\"summary_large_image\" \/>\n<!-- \/ Yoast SEO plugin. -->","yoast_head_json":{"title":"DC 388CB - Cool Head Europe","robots":{"index":"index","follow":"follow","max-snippet":"max-snippet:-1","max-image-preview":"max-image-preview:large","max-video-preview":"max-video-preview:-1"},"canonical":"https:\/\/www.coolheadeurope.com\/?post_type=product&p=546366","og_locale":"fr_FR","og_type":"article","og_title":"DC 388CB - Cool Head Europe","og_description":"Le DC 388CB est con\u00e7u pour \u00eatre un r\u00e9frig\u00e9rateur de boissons fiable et polyvalente, id\u00e9ale pour exposer et maintenir tous les types de bouteilles et de canettes \u00e0 la bonne temp\u00e9rature. D'une capacit\u00e9 de 350 litres, de couleur noire et avec une porte en verre \u00e0 fermeture automatique, ce produit est \u00e9quip\u00e9 de 5 \u00e9tag\u00e8res r\u00e9glables, d'une serrure, d'une lampe LED et d'un verre de s\u00e9curit\u00e9 tremp\u00e9. Ce mod\u00e8le peut \u00e9galement \u00eatre personnalis\u00e9 avec des visuels promotionnels sur le corps et sur le panneau publicitaire lumineux.","og_url":"https:\/\/www.coolheadeurope.com\/?post_type=product&p=546366","og_site_name":"Cool Head Europe","article_modified_time":"2026-02-08T06:15:52+00:00","twitter_card":"summary_large_image","schema":{"@context":"https:\/\/schema.org","@graph":[{"@type":"WebPage","@id":"https:\/\/www.coolheadeurope.com\/?post_type=product&p=546366","url":"https:\/\/www.coolheadeurope.com\/?post_type=product&p=546366","name":"DC 388CB - Cool Head Europe","isPartOf":{"@id":"https:\/\/www.coolheadeurope.com\/#website"},"primaryImageOfPage":{"@id":"https:\/\/www.coolheadeurope.com\/?post_type=product&p=546366#primaryimage"},"image":{"@id":"https:\/\/www.coolheadeurope.com\/?post_type=product&p=546366#primaryimage"},"thumbnailUrl":"https:\/\/www.coolheadeurope.com\/wp-content\/uploads\/2026\/02\/DC-388CB-CORPO_CH_LOW.png","datePublished":"2024-10-09T22:31:17+00:00","dateModified":"2026-02-08T06:15:52+00:00","breadcrumb":{"@id":"https:\/\/www.coolheadeurope.com\/?post_type=product&p=546366#breadcrumb"},"inLanguage":"fr-FR","potentialAction":[{"@type":"ReadAction","target":["https:\/\/www.coolheadeurope.com\/?post_type=product&p=546366"]}]},{"@type":"ImageObject","inLanguage":"fr-FR","@id":"https:\/\/www.coolheadeurope.com\/?post_type=product&p=546366#primaryimage","url":"https:\/\/www.coolheadeurope.com\/wp-content\/uploads\/2026\/02\/DC-388CB-CORPO_CH_LOW.png","contentUrl":"https:\/\/www.coolheadeurope.com\/wp-content\/uploads\/2026\/02\/DC-388CB-CORPO_CH_LOW.png","width":249,"height":567,"caption":"Immagine di DC 388CB"},{"@type":"BreadcrumbList","@id":"https:\/\/www.coolheadeurope.com\/?post_type=product&p=546366#breadcrumb","itemListElement":[{"@type":"ListItem","position":1,"name":"Home","item":"https:\/\/www.coolheadeurope.com\/fr\/"},{"@type":"ListItem","position":2,"name":"Rechercher","item":"https:\/\/www.coolheadeurope.com\/cerca\/"},{"@type":"ListItem","position":3,"name":"DC 388CB"}]},{"@type":"WebSite","@id":"https:\/\/www.coolheadeurope.com\/#website","url":"https:\/\/www.coolheadeurope.com\/","name":"Cool Head Europe","description":"We make the world a cooler place","potentialAction":[{"@type":"SearchAction","target":{"@type":"EntryPoint","urlTemplate":"https:\/\/www.coolheadeurope.com\/?s={search_term_string}"},"query-input":{"@type":"PropertyValueSpecification","valueRequired":true,"valueName":"search_term_string"}}],"inLanguage":"fr-FR"}]}},"_links":{"self":[{"href":"https:\/\/www.coolheadeurope.com\/fr\/wp-json\/wp\/v2\/product\/2958361","targetHints":{"allow":["GET"]}}],"collection":[{"href":"https:\/\/www.coolheadeurope.com\/fr\/wp-json\/wp\/v2\/product"}],"about":[{"href":"https:\/\/www.coolheadeurope.com\/fr\/wp-json\/wp\/v2\/types\/product"}],"wp:featuredmedia":[{"embeddable":true,"href":"https:\/\/www.coolheadeurope.com\/fr\/wp-json\/wp\/v2\/media\/3652099"}],"wp:attachment":[{"href":"https:\/\/www.coolheadeurope.com\/fr\/wp-json\/wp\/v2\/media?parent=2958361"}],"wp:term":[{"taxonomy":"product_brand","embeddable":true,"href":"https:\/\/www.coolheadeurope.com\/fr\/wp-json\/wp\/v2\/product_brand?post=2958361"},{"taxonomy":"product_cat","embeddable":true,"href":"https:\/\/www.coolheadeurope.com\/fr\/wp-json\/wp\/v2\/product_cat?post=2958361"},{"taxonomy":"product_tag","embeddable":true,"href":"https:\/\/www.coolheadeurope.com\/fr\/wp-json\/wp\/v2\/product_tag?post=2958361"}],"curies":[{"name":"wp","href":"https:\/\/api.w.org\/{rel}","templated":true}]}}